{"id":6646,"date":"2021-08-20T00:03:48","date_gmt":"2021-08-19T22:03:48","guid":{"rendered":"https:\/\/digitalhistory.unite.it\/la-iglesia-de-los-santos-apostoles-y-la-capilla-filomarino\/"},"modified":"2021-11-23T15:29:14","modified_gmt":"2021-11-23T14:29:14","slug":"la-iglesia-de-los-santos-apostoles-y-la-capilla-filomarino","status":"publish","type":"page","link":"https:\/\/digitalhistory.unite.it\/es\/territorios\/itinerarios-urbanos\/napoles-y-el-cardinal-ascanio-filomarino\/la-iglesia-de-los-santos-apostoles-y-la-capilla-filomarino\/","title":{"rendered":"La Iglesia de los Santos Ap\u00f3stoles y la capilla Filomarino"},"content":{"rendered":"<h1>La Iglesia de los Santos Ap\u00f3stoles y la capilla Filomarino <\/h1>\n<div class=\"testo\">\n<p style=\"text-align: justify\"><img loading=\"lazy\" decoding=\"async\" src=\"https:\/\/digitalhistory.unite.it\/wp-content\/uploads\/2021\/08\/chiesa_santi_apostoli_226x301.jpg\" width=\"226\" height=\"301\" alt=\"Chiesa Santi Apostoli\" align=\"left\">El lugar en el que se testimonia con mayor claridad la presencia de Ascanio Filomarino en <a href=\"\/es\/territorios\/itinerarios-urbanos\/lecce\/plaza-de-san-oronzo\/napoles\/\" title=\"N\u00e1poles\">N\u00e1poles<\/a> es sin duda la iglesia barroca de los Santos Ap\u00f3stoles. Situada en la plaza (<em>largo<\/em>) del mismo nombre, la iglesia es uno de los mejores ejemplos del estilo barroco en N\u00e1poles. Aunque sus or\u00edgenes son tradicionalmente identificados con el alto medievo, los primeros registros de la estructura datan el siglo XVI, cuando los padres <a href=\"\/es\/territorios\/itinerarios-urbanos\/lecce\/plaza-de-san-oronzo\/teatinos\/\" title=\"Teatinos\">Teatinos<\/a> se empe\u00f1aron en una importante obra de remodelaci\u00f3n. La obra fue dirigida, a partir de 1611, por importantes arquitectos, como <a href=\"#\" class=\"tooltip yellow-tooltip\">Francesco Grimaldi<span>Francesco Grimaldi (1543-1630) fue un arquitecto nacido en Lucania. Padre teatino, realiz\u00f3 obras importantes en N\u00e1poles, entre las que destacan la Iglesia de los Santos Ap\u00f3stoles, y trabaj\u00f3 tambi\u00e9n en la Capilla del Tesoro de la Catedral.<\/span><\/a>, <a href=\"#\" class=\"tooltip yellow-tooltip\">Giovanni Giacomo di Conforto<span>Giovanni Giacomo Conforto o Di Conforto (1569-1630) fue un arquitecto que proyect\u00f3 algunas de las iglesias m\u00e1s importantes de N\u00e1poles. Muchas de sus obras fueron terminadas por otros artistas, sobre todo por Cosimo Fanzago. De formaci\u00f3n tardomanierista, contribuy\u00f3 fuertemente al desarrollo del barroco napolitano. Entre sus trabajos m\u00e1s importantes, las Iglesias de Santa Mar\u00eda de la Verdad y de Santa Teresa de los Descalzos y el claustro mayor de Monteoliveto. Trabaj\u00f3 junto a Fanzago en la Cartuja de San Martino.<\/span><\/a> y <a href=\"#\" class=\"tooltip yellow-tooltip\">Bartolomeo Picchiatti<span>Bartolomeo Picchiatti (1571-1643) fue un importante arquitecto, que dej\u00f3 su impronta en muchos lugares de N\u00e1poles. Natural de Ferrara, vivi\u00f3 gran parte de su vida en N\u00e1poles, donde muri\u00f3. Entre sus disc\u00edpulos destac\u00f3 su hijo, Francesco Antonio.<\/span><\/a>. El edificio, restaurado varias veces despu\u00e9s de varios da\u00f1os, tiene una fachada sin decoraci\u00f3n, recubierta con yeso. La estructura es de cruz latina, con nave \u00fanica cubierta con b\u00f3veda de ca\u00f1\u00f3n, cuatro capillas a cada lado y un \u00e1bside semicircular. En el interior, se pueden admirar&nbsp;los frescos de <a href=\"#\" class=\"tooltip yellow-tooltip\">Giovanni Lanfranco<span>Nacido cerca de Parma, Giovanni Lanfranco (1582-1647) trabaj\u00f3 en estrecho contacto con los Carracci y con Guido Reni entre Roma y Parma, desarrollando una mirada bastante personal entre los temas cl\u00e1sicos y las ideas barrocas. Fue fundamental su estancia en N\u00e1poles (1634-1646), donde trabaj\u00f3 en importantes lugares como la Cartuja de San Martino, la Iglesia del Ges\u00f9 y la Capilla de San Gennaro en la Catedral, representando un modelo en el paso del caravaggismo a la plena estaci\u00f3n barroca napolitana.<\/span><\/a>, incluyendo el <em>Martirio de San Juan Evangelista<\/em>, y <em>Los Profetas y Patriarcas<\/em>, pero tambi\u00e9n podemos recordar las obras de otros artistas como <a href=\"#\" class=\"tooltip yellow-tooltip\">Francesco Solimena<span>Francesco Solimena, llamado el Abate Ciccio (1657-1747) fue un pintor y arquitecto, entre los principales exponentes del arte tardo barroco en Italia. Se form\u00f3 con el padre, mostrando al principio grandes similitudes con los modelos representados por Luca Giordano y Mattia Preti. Su gusto por el barroco se hizo evidente despu\u00e9s de 1680. Su obra m\u00e1s c\u00e9lebre fue, probablemente, la <em>Expulsi\u00f3n de Heliodoro del Templo<\/em> (1725). Entre sus disc\u00edpulos destacan Ferdinando Sanfelice y Domenico Antonio Vaccaro.<\/span><\/a>, <a href=\"#\" class=\"tooltip yellow-tooltip\">Dionisio Lazzari<span>Dionisio Lazzari (1617-1689) fue arquitecto y escultor barroco napolitano. Trabaj\u00f3 con gran habilidad el m\u00e1rmol.<\/span><\/a>, <a href=\"\/es\/territorios\/itinerarios-urbanos\/napoles-y-el-cardinal-ascanio-filomarino\/la-iglesia-de-los-santos-apostoles-y-la-capilla-filomarino\/paolo-de-matteis\/\" title=\"Paolo De Matteis\">Paolo De Matteis<\/a> y <a href=\"#\" class=\"tooltip yellow-tooltip\">Francesco de Mura<span>El napolitano Francesco de Mura (1696-1782) se form\u00f3 en el estudio de Francesco Solimena. La influencia de la escuela barroca napolitana del propio Solimena y de Luca Giordano fue evidente en su rica producci\u00f3n pict\u00f3rica, que a su vez influy\u00f3 en el arte napolitano durante todo el siglo XVIII.<\/span><\/a>. La sacrist\u00eda, de pleno estilo barroco, contiene el busto de <a href=\"#\" class=\"tooltip yellow-tooltip\"><em>Gennaro Filomarino<\/em><span>Ferrante Filomarino, llamado Gennaro (1591-1650), fue uno de los hermanos del cardenal Ascanio. Cl\u00e9rigo regular teatino, fue nombrado obispo de Calvi en 1642. El busto que lo representa, obra de Giuliano Finelli, se conserva en la Iglesia de los Santos Ap\u00f3stoles de N\u00e1poles.<\/span><\/a> realizado por <a href=\"#\" class=\"tooltip yellow-tooltip\">Giuliano Finelli<span>Nacido en Carrara, Giuliano Finelli (?-1653) fue un escultor muy activo sobre todo en Roma y N\u00e1poles. Colabor\u00f3 con Gian Lorenzo Bernini. Entre 1636 y 1646 realiz\u00f3 las estatuas de bronce de los Santos protectores en la Capilla del Tesoro de San Gennaro.<\/span><\/a>. La cripta, que data del siglo XVII, fue pintada por <a href=\"#\" class=\"tooltip yellow-tooltip\">Belisario Corenzio<span>Belisario Corenzio (1558-1646) fue un pintor italiano. De origen griego, decor\u00f3 con frescos y retablos las iglesias m\u00e1s importantes de N\u00e1poles, pero trabaj\u00f3 tambi\u00e9n en Cassino y en Salerno. Manierista influenciado por los pintores romanos y v\u00e9netos, en cambio no hizo suyas las innovaciones introducidas en el reino napolitano por los seguidores de Caravaggio. Muri\u00f3 tr\u00e1gicamente al caer de un andamio en la Iglesia de los Santos Severino y Sossio, donde est\u00e1 sepultado.<\/span><\/a> y guarda los restos del poeta <a href=\"\/es\/territorios\/itinerarios-urbanos\/napoles-y-el-cardinal-ascanio-filomarino\/la-iglesia-de-los-santos-apostoles-y-la-capilla-filomarino\/giambattista-marino\/\" title=\"Giambattista Marino\">Giambattista Marino<\/a>.<\/p>\n<p style=\"text-align: justify\">Se remonta al a\u00f1o 1647 la inauguraci\u00f3n y la consagraci\u00f3n de la capilla Filomarino, encargada por el arzobispo que quer\u00eda exportar a N\u00e1poles el arte y el gusto de la <a href=\"\/es\/territorios\/itinerarios-urbanos\/valladolid\/iglesia-de-san-pablo\/corte\/\" title=\"Corte\">corte<\/a> romana del Papa <a href=\"\/es\/territorios\/itinerarios-urbanos\/napoles-y-el-cardinal-ascanio-filomarino\/un-ambicioso-prelado\/urbano-viii\/\" title=\"Urbano VIII\">Urbano VIII<\/a>. Viene a confirmar esto, el majestuoso altar de la Capilla, \u00fanica obra napolitana (aunque se inici\u00f3 en Roma a partir de 1638) de <a href=\"\/es\/territorios\/itinerarios-urbanos\/napoles-y-el-cardinal-ascanio-filomarino\/la-iglesia-de-los-santos-apostoles-y-la-capilla-filomarino\/francesco-borromini\/\" title=\"Francesco Borromini\">Francesco Borromini<\/a>. En varios detalles de la obra tambi\u00e9n trabajaron grandes escultores de la \u00e9poca como <a href=\"#\" class=\"tooltip yellow-tooltip\">Fran\u00e7ois Duquesnoy<span>Nacido en Bruselas, Fran\u00e7ois Duquesnoy (1597-1643) se form\u00f3 como escultor junto a su padre, transfiri\u00e9ndose despu\u00e9s a Roma en 1618. Trabaj\u00f3 en la realizaci\u00f3n del baldaquino de Bernini en San Pedro, obteniendo mucho prestigio en poco tiempo, en todo el ambiente clasicista romano. Amigo de Nicolas Poussin, fue famoso por las grandes esculturas -que datan de los a\u00f1os Treinta- de San Andrea en San Pedro y de Santa Susana en Santa Mar\u00eda de Loreto. Son c\u00e9lebres tambi\u00e9n sus representaciones de querubines.<\/span><\/a>, <a href=\"#\" class=\"tooltip yellow-tooltip\">Andrea Bolgi<span>Natural de Carrara, Andrea Bolgi (1605-1656) se form\u00f3 en Toscana, pero se transfiri\u00f3 pronto a Roma. Entr\u00f3 en el c\u00edrculo de Bernini, con el que trabaj\u00f3 en San Pedro y cuya influencia fue evidente tambi\u00e9n en las obras que realiz\u00f3 en N\u00e1poles, despu\u00e9s de 1640. Escultor de talento, su gran maestr\u00eda radic\u00f3 sobre todo en la representaci\u00f3n de los bustos y de los retratos.<\/span><\/a>, <a href=\"#\" class=\"tooltip yellow-tooltip\">Gabriello Brunelli<span>Gabriello Brunelli (1615-1682) naci\u00f3 en Bolonia, pero vivi\u00f3 un tiempo en Roma, donde fue disc\u00edpulo de Alessandro Algardi. Regres\u00f3 pronto a Bolonia, donde dej\u00f3 testimonio de su maestr\u00eda en su ciudad natal pero tambi\u00e9n trabaj\u00f3 en otros lugares como por ejemplo en Verona, Padua, M\u00f3dena, Crema y N\u00e1poles.<\/span><\/a>, Giuliano Finelli y <a href=\"#\" class=\"tooltip yellow-tooltip\">Giulio Mencaglia<span>Giulio Mencaglia (1615\/20-1649) fue un artista nacido en Carrara pero muy activo sobre todo en N\u00e1poles en el periodo barroco.<\/span><\/a>. El mosaiquista Giovan Battista Calandra fue otro de los artistas elegidos por el arzobispo para decorar el altar.<\/p>\n<p style=\"text-align: justify\"><a href=\"\/es\/territorios\/itinerarios-urbanos\/napoles-y-el-cardinal-ascanio-filomarino\/la-basilica-del-carmen-mayor\/\" title=\"La Bas\u00edlica del Carmen Mayor\">&lt;&lt;&lt;&#8212;p\u00e1gina precedente<\/a>&nbsp;&nbsp; <a href=\"\/es\/territorios\/itinerarios-urbanos\/\" title=\"Itinerarios urbanos\">\u00cdndice&#8212;&gt;&gt;&gt;<\/a><\/p>\n<\/p><\/div>\n<p><\/p>\n","protected":false},"excerpt":{"rendered":"<p>La Iglesia de los Santos Ap\u00f3stoles y la capilla Filomarino El lugar en el que se testimonia con mayor claridad la presencia de Ascanio Filomarino en N\u00e1poles es sin duda la iglesia barroca de los Santos Ap\u00f3stoles. Situada en la plaza (largo) del mismo nombre,&hellip;<\/p>\n","protected":false},"author":1,"featured_media":0,"parent":7456,"menu_order":0,"comment_status":"closed","ping_status":"closed","template":"","meta":{"footnotes":""},"class_list":["post-6646","page","type-page","status-publish","hentry"],"_links":{"self":[{"href":"https:\/\/digitalhistory.unite.it\/es\/wp-json\/wp\/v2\/pages\/6646","targetHints":{"allow":["GET"]}}],"collection":[{"href":"https:\/\/digitalhistory.unite.it\/es\/wp-json\/wp\/v2\/pages"}],"about":[{"href":"https:\/\/digitalhistory.unite.it\/es\/wp-json\/wp\/v2\/types\/page"}],"author":[{"embeddable":true,"href":"https:\/\/digitalhistory.unite.it\/es\/wp-json\/wp\/v2\/users\/1"}],"replies":[{"embeddable":true,"href":"https:\/\/digitalhistory.unite.it\/es\/wp-json\/wp\/v2\/comments?post=6646"}],"version-history":[{"count":2,"href":"https:\/\/digitalhistory.unite.it\/es\/wp-json\/wp\/v2\/pages\/6646\/revisions"}],"predecessor-version":[{"id":12162,"href":"https:\/\/digitalhistory.unite.it\/es\/wp-json\/wp\/v2\/pages\/6646\/revisions\/12162"}],"up":[{"embeddable":true,"href":"https:\/\/digitalhistory.unite.it\/es\/wp-json\/wp\/v2\/pages\/7456"}],"wp:attachment":[{"href":"https:\/\/digitalhistory.unite.it\/es\/wp-json\/wp\/v2\/media?parent=6646"}],"curies":[{"name":"wp","href":"https:\/\/api.w.org\/{rel}","templated":true}]}}