{"id":6647,"date":"2021-08-20T00:03:49","date_gmt":"2021-08-19T22:03:49","guid":{"rendered":"https:\/\/digitalhistory.unite.it\/un-museo-centenario\/"},"modified":"2021-11-23T17:45:15","modified_gmt":"2021-11-23T16:45:15","slug":"un-museo-centenario","status":"publish","type":"page","link":"https:\/\/digitalhistory.unite.it\/es\/territorios\/itinerarios-urbanos\/museo-nacional-de-escultura-de-valladolid\/un-museo-centenario\/","title":{"rendered":"Un museo centenario"},"content":{"rendered":"<h1>Un museo centenario <\/h1>\n<div class=\"testo\">\n<p style=\"text-align: justify\"><img loading=\"lazy\" decoding=\"async\" src=\"https:\/\/digitalhistory.unite.it\/wp-content\/uploads\/2021\/08\/img_0926_252x168.jpg\" width=\"252\" height=\"168\" alt=\"Museo Nacional de Escultura\" align=\"left\">El Museo Nacional de Escultura de <a href=\"\/es\/territorios\/itinerarios-urbanos\/valladolid\/iglesia-de-san-pablo\/valladolid\/\" title=\"Valladolid\">Valladolid<\/a> es uno de los m\u00e1s antiguos museos espa\u00f1oles. Fundado en 1842 como Museo provincial de Bellas Artes e instalado en el Colegio de Santa Cruz, se form\u00f3 con los tesoros art\u00edsticos procedentes de los conventos suprimidos en 1836 por la Desamortizaci\u00f3n. En 1933, la Segunda Rep\u00fablica, para realzar la riqueza del patrimonio de la naci\u00f3n y fomentar el estudio cient\u00edfico de sus obras de arte, lo elev\u00f3 a la categor\u00eda de Museo Nacional de Escultura y traslad\u00f3 la sede al Colegio de San Gregorio. Desde entonces, su colecci\u00f3n se ha acrecentado con legados particulares, dep\u00f3sitos y compras por el Estado. En 2009, tras la rehabilitaci\u00f3n del Colegio de San Gregorio, su sede principal, y la modernizaci\u00f3n de sus equipamientos, reabri\u00f3 sus puertas al p\u00fablico.<\/p>\n<p style=\"text-align: justify\">El Museo se extiende por la calle peatonal de Cadenas de San Gregorio, en el coraz\u00f3n monumental de Valladolid, y ocupa tres edificios hist\u00f3ricos.<\/p>\n<p style=\"text-align: justify\">El primero de ellos, el Colegio de San Gregorio, es una joya de la arquitectura peninsular de finales del siglo XV. Su capilla, su patio y su portada (v\u00e9ase la imagen de la p\u00e1gina siguiente) son notorios por el refinamiento ornamental, la elegancia de sus proporciones y una curiosa iconograf\u00eda en la que se mezclan sus c\u00e9lebres hombres salvajes con emblemas del poder, al servicio de la nueva monarqu\u00eda de los <a href=\"\/es\/territorios\/itinerarios-urbanos\/valladolid\/el-museo-nacional-de-escultura\/reyes-catolicos\/\" title=\"Reyes Cat\u00f3licos\">Reyes Cat\u00f3licos<\/a>. Los valores art\u00edsticos del monumento, que constituye la primera obra de arte de la colecci\u00f3n, se ven realzados por el destino original de este edificio, la ense\u00f1anza de la Teolog\u00eda para <a href=\"\/es\/territorios\/itinerarios-urbanos\/lecce\/zimbalo\/dominicos\/\" title=\"Dominicos\">frailes dominicos<\/a>, que alcanz\u00f3 un notable influjo pol\u00edtico-religioso en la Espa\u00f1a de los Habsburgo, encontrando as\u00ed una particular afinidad con el n\u00facleo tem\u00e1tico de las colecciones de escultura que exhibe y ofreciendo un rico testimonio del pasado nacional.<\/p>\n<p style=\"text-align: justify\">Frente al Colegio, el palacio de Villena, residencia nobiliaria del siglo XVI. Es un edificio polifuncional, destinado a exposiciones temporales, actividades educativas y programas p\u00fablicos. Alberga, adem\u00e1s, una biblioteca&nbsp; especializada en escultura de m\u00e1s de 30.000 vol\u00famenes, el sal\u00f3n de actos y los talleres de restauraci\u00f3n y fotograf\u00eda. Expone un <a href=\"\/es\/territorios\/itinerarios-internacionales\/belenes\/el-belen-napolitano-del-museo-nacional-de-escultura-de-valladolid\/\" title=\"El Bel\u00e9n Napolitano del Museo Nacional de Escultura de Valladolid\"> Bel\u00e9n Napolitano del siglo XVIII<\/a>, de m\u00e1s de 600 piezas.<\/p>\n<p style=\"text-align: justify\">La tercera sede, la <a href=\"\/es\/territorios\/itinerarios-urbanos\/museo-nacional-de-escultura-de-valladolid\/un-museo-centenario\/casa-del-sol\/\" title=\"Casa del Sol\">Casa del Sol<\/a>, fue residencia del <a href=\"#\" class=\"tooltip yellow-tooltip\">Conde de Gondomar<span>Diego Sarmiento de Acu\u00f1a (1567-1626) fue un noble y diplom\u00e1tico espa\u00f1ol. Embajador en Inglaterra entre 1613 y 1622, fue una de las figuras m\u00e1s destacadas del reinado de Felipe III. Erudito y bibli\u00f3filo, ten\u00eda una de las m\u00e1s importantes bibliotecas privadas de su siglo. Adem\u00e1s, fue caballero de la Orden de Calatrava y I conde de Gondomar.<\/span><\/a><a href=\"#\" class=\"tooltip yellow-tooltip\"><\/a>, un influyente diplom\u00e1tico de la Espa\u00f1a de <a href=\"\/es\/territorios\/itinerarios-urbanos\/valladolid\/iglesia-de-san-pablo\/felipe-iii\/\" title=\"Felipe III\">Felipe III<\/a> y un erudito bibli\u00f3filo. En su iglesia (San Benito el Viejo), tras una reciente restauraci\u00f3n, se presenta la colecci\u00f3n del extinguido Museo Nacional de Reproducciones Art\u00edsticas.<\/p>\n<p style=\"text-align: justify\">Con el reciente incremento de sus colecciones y la apertura de nuevos espacios, el Museo Nacional de Escultura se consolida como un \u00abcomplejo muse\u00edstico\u00bb, dando vida a edificios de alto valor arquitect\u00f3nico y cualificando toda el \u00e1rea como uno de los espacios urbanos muse\u00edsticos m\u00e1s atractivos de Espa<span>\u00f1a.<\/span><\/p>\n<p style=\"text-align: justify\"><a href=\"\/es\/territorios\/itinerarios-urbanos\/\" title=\"Itinerarios urbanos\">&lt;&lt;&lt;&#8212;\u00cdndice<\/a><span>&nbsp; &nbsp;<\/span> <a href=\"\/es\/territorios\/itinerarios-urbanos\/museo-nacional-de-escultura-de-valladolid\/el-colegio-de-san-gregorio\/\" title=\"El Colegio de San Gregorio\">p\u00e1gina siguiente&#8212;&gt;&gt;&gt;<\/a><a href=\"\/es\/territorios\/itinerarios-urbanos\/cosimo-fanzago\/la-cartuja-de-san-martin\/\" title=\"La Cartuja de San Mart\u00edn\"><\/a><\/p>\n<\/p><\/div>\n<p><\/p>\n","protected":false},"excerpt":{"rendered":"<p>Un museo centenario El Museo Nacional de Escultura de Valladolid es uno de los m\u00e1s antiguos museos espa\u00f1oles. Fundado en 1842 como Museo provincial de Bellas Artes e instalado en el Colegio de Santa Cruz, se form\u00f3 con los tesoros art\u00edsticos procedentes de los conventos&hellip;<\/p>\n","protected":false},"author":1,"featured_media":0,"parent":7486,"menu_order":0,"comment_status":"closed","ping_status":"closed","template":"","meta":{"footnotes":""},"class_list":["post-6647","page","type-page","status-publish","hentry"],"_links":{"self":[{"href":"https:\/\/digitalhistory.unite.it\/es\/wp-json\/wp\/v2\/pages\/6647","targetHints":{"allow":["GET"]}}],"collection":[{"href":"https:\/\/digitalhistory.unite.it\/es\/wp-json\/wp\/v2\/pages"}],"about":[{"href":"https:\/\/digitalhistory.unite.it\/es\/wp-json\/wp\/v2\/types\/page"}],"author":[{"embeddable":true,"href":"https:\/\/digitalhistory.unite.it\/es\/wp-json\/wp\/v2\/users\/1"}],"replies":[{"embeddable":true,"href":"https:\/\/digitalhistory.unite.it\/es\/wp-json\/wp\/v2\/comments?post=6647"}],"version-history":[{"count":2,"href":"https:\/\/digitalhistory.unite.it\/es\/wp-json\/wp\/v2\/pages\/6647\/revisions"}],"predecessor-version":[{"id":12132,"href":"https:\/\/digitalhistory.unite.it\/es\/wp-json\/wp\/v2\/pages\/6647\/revisions\/12132"}],"up":[{"embeddable":true,"href":"https:\/\/digitalhistory.unite.it\/es\/wp-json\/wp\/v2\/pages\/7486"}],"wp:attachment":[{"href":"https:\/\/digitalhistory.unite.it\/es\/wp-json\/wp\/v2\/media?parent=6647"}],"curies":[{"name":"wp","href":"https:\/\/api.w.org\/{rel}","templated":true}]}}