{"id":6648,"date":"2021-08-20T00:03:49","date_gmt":"2021-08-19T22:03:49","guid":{"rendered":"https:\/\/digitalhistory.unite.it\/el-colegio-de-san-gregorio\/"},"modified":"2021-11-23T15:29:11","modified_gmt":"2021-11-23T14:29:11","slug":"el-colegio-de-san-gregorio","status":"publish","type":"page","link":"https:\/\/digitalhistory.unite.it\/es\/territorios\/itinerarios-urbanos\/museo-nacional-de-escultura-de-valladolid\/el-colegio-de-san-gregorio\/","title":{"rendered":"Las colecciones de escultura. El Colegio de San Gregorio y la Edad de Oro de la escultura espa\u00f1ola"},"content":{"rendered":"<h1>Las colecciones de escultura. El Colegio de San Gregorio y la Edad de Oro de la escultura espa\u00f1ola <\/h1>\n<div class=\"testo\">\n<p style=\"text-align: justify\" class=\"FormatolibreA\"><img loading=\"lazy\" decoding=\"async\" src=\"https:\/\/digitalhistory.unite.it\/wp-content\/uploads\/2021\/08\/facciata_museo__fileminimizer__227x341.jpg\" width=\"227\" height=\"341\" alt=\"Il Colegio de San Gregorio\" align=\"left\">La colecci\u00f3n presenta en esta sede su colecci\u00f3n de referencia, la de escultura policromada, que goza de una intensa personalidad, por la calidad art\u00edstica y la originalidad t\u00e9cnica de sus obras de arte; por la fuerza emocional y el patetismo que despiden en tanto que im\u00e1genes sagradas; y, finalmente, por su valor como documento de la vida espiritual, cultural y pol\u00edtica de la Espa\u00f1a de la Era Moderna. Su alto inter\u00e9s y calidad derivan del papel desempe\u00f1ado por <a href=\"\/es\/territorios\/itinerarios-urbanos\/valladolid\/iglesia-de-san-pablo\/valladolid\/\" title=\"Valladolid\">Valladolid<\/a> en la Edad Moderna como residencia intermitente de la monarqu\u00eda y capital del Reino. El ambiente cosmopolita y emprendedor foment\u00f3 el mecenazgo, atrajo a artistas y escritores e impuls\u00f3 el intercambio con los focos m\u00e1s activos del arte europeo.<\/p>\n<p style=\"text-align: justify\" class=\"FormatolibreA\">A lo largo de 20 salas se despliega el conjunto de esculturas, talladas en madera y policromadas, que pertenecen a la fase m\u00e1s rica de la historia del arte&nbsp;<span>espa\u00f1ol<\/span>, desde el siglo XV hasta el XVIII, y ofrecen un amplio repertorio: figuras aisladas, relieves, sepulcros, siller\u00edas y retablos. A ello se a\u00f1aden los artesonados de madera, que potencian el di\u00e1logo entre el edificio y las obras de arte. A ello se a\u00f1ade la Capilla del siglo XV (Sala 0) que ocupa un papel singular y destacado en el Colegio de San Gregorio.<\/p>\n<p style=\"text-align: justify\" class=\"FormatolibreA\">Por su tem\u00e1tica religiosa, las obras del Museo pertenecen a una especial categor\u00eda de objetos: son im\u00e1genes sagradas, mediadoras entre lo visible y lo invisible, investidas de una funci\u00f3n ritual y destinadas a una sociedad devota. Ubicadas en lugares de culto, formaban parte de conjuntos hoy perdidos o desmembrados. De ah\u00ed que, a veces, parezcan desproporcionadas, al estar planeadas para una visi\u00f3n a distancias inaccesibles, o resulten incompletas. El museo modifica aquel uso sagrado de las obras de arte. Su funci\u00f3n es traerlas desde los siglos del pasado hasta el presente. Y, con ello, permitir su contemplaci\u00f3n, descubrir detalles nunca vistos e iluminarlas para que gocemos de su belleza y su inter\u00e9s hist\u00f3rico.<\/p>\n<p style=\"text-align: justify\" class=\"FormatolibreA\">La pintura tiene tambi\u00e9n un lugar propio en la exposici\u00f3n permanente. Su di\u00e1logo con la escultura permite al visitante una mejor comprensi\u00f3n de la cultura art\u00edstica espa\u00f1ola. Esta presencia de lo pict\u00f3rico se plasma en la policrom\u00eda de las tallas en madera; en la pr\u00e1ctica de muchos artistas, como Berruguete o Alonso Cano, que cultivaron ambos artes; o en la cooperaci\u00f3n entre talleres de pintores y escultores en proyectos comunes.&nbsp;<\/p>\n<p style=\"text-align: justify\" class=\"FormatolibreA\"><a href=\"\/es\/territorios\/itinerarios-urbanos\/museo-nacional-de-escultura-de-valladolid\/un-museo-centenario\/\" title=\"Un museo centenario\">&lt;&lt;&lt;&#8212;p\u00e1gina precedente<\/a><span>&nbsp;&nbsp;&nbsp;<\/span> <a href=\"\/es\/territorios\/itinerarios-urbanos\/museo-nacional-de-escultura-de-valladolid\/el-cristo-yacente-de-gregorio-fernandez\/\" title=\"El Cristo yacente de Gregorio Fern\u00e1ndez\">p\u00e1gina siguiente&#8212;&gt;&gt;&gt;<\/a><a href=\"\/es\/territorios\/itinerarios-urbanos\/napoles-y-el-cardinal-ascanio-filomarino\/el-palacio-arzobispal-y-la-catedral\/\" title=\"El Palacio arzobispal y la Catedral\"><\/a><\/p>\n<\/p><\/div>\n<p><\/p>\n","protected":false},"excerpt":{"rendered":"<p>Las colecciones de escultura. El Colegio de San Gregorio y la Edad de Oro de la escultura espa\u00f1ola La colecci\u00f3n presenta en esta sede su colecci\u00f3n de referencia, la de escultura policromada, que goza de una intensa personalidad, por la calidad art\u00edstica y la originalidad&hellip;<\/p>\n","protected":false},"author":1,"featured_media":0,"parent":7486,"menu_order":0,"comment_status":"closed","ping_status":"closed","template":"","meta":{"footnotes":""},"class_list":["post-6648","page","type-page","status-publish","hentry"],"_links":{"self":[{"href":"https:\/\/digitalhistory.unite.it\/es\/wp-json\/wp\/v2\/pages\/6648","targetHints":{"allow":["GET"]}}],"collection":[{"href":"https:\/\/digitalhistory.unite.it\/es\/wp-json\/wp\/v2\/pages"}],"about":[{"href":"https:\/\/digitalhistory.unite.it\/es\/wp-json\/wp\/v2\/types\/page"}],"author":[{"embeddable":true,"href":"https:\/\/digitalhistory.unite.it\/es\/wp-json\/wp\/v2\/users\/1"}],"replies":[{"embeddable":true,"href":"https:\/\/digitalhistory.unite.it\/es\/wp-json\/wp\/v2\/comments?post=6648"}],"version-history":[{"count":2,"href":"https:\/\/digitalhistory.unite.it\/es\/wp-json\/wp\/v2\/pages\/6648\/revisions"}],"predecessor-version":[{"id":12131,"href":"https:\/\/digitalhistory.unite.it\/es\/wp-json\/wp\/v2\/pages\/6648\/revisions\/12131"}],"up":[{"embeddable":true,"href":"https:\/\/digitalhistory.unite.it\/es\/wp-json\/wp\/v2\/pages\/7486"}],"wp:attachment":[{"href":"https:\/\/digitalhistory.unite.it\/es\/wp-json\/wp\/v2\/media?parent=6648"}],"curies":[{"name":"wp","href":"https:\/\/api.w.org\/{rel}","templated":true}]}}