{"id":6650,"date":"2021-08-20T00:03:49","date_gmt":"2021-08-19T22:03:49","guid":{"rendered":"https:\/\/digitalhistory.unite.it\/la-magdalena-de-pedro-de-mena\/"},"modified":"2021-11-23T15:29:11","modified_gmt":"2021-11-23T14:29:11","slug":"la-magdalena-de-pedro-de-mena","status":"publish","type":"page","link":"https:\/\/digitalhistory.unite.it\/es\/territorios\/itinerarios-urbanos\/museo-nacional-de-escultura-de-valladolid\/la-magdalena-de-pedro-de-mena\/","title":{"rendered":"La &#8220;Magdalena&#8221; de Pedro de Mena"},"content":{"rendered":"<h1>La &#8220;Magdalena&#8221; de Pedro de Mena <\/h1>\n<div class=\"testo\">\n<p style=\"text-align: justify\"><span>D\u00f1a. Mar\u00eda Bola\u00f1os Atienza, Directora del<\/span>&nbsp;Museo Nacional de Escultura de <a href=\"\/es\/territorios\/itinerarios-urbanos\/valladolid\/iglesia-de-san-pablo\/valladolid\/\" title=\"Valladolid\">Valladolid<\/a><span>, nos ilustra una de las obras<\/span><span>&nbsp;m\u00e1s importantes que&nbsp;se exhiben de manera permanente en el&nbsp;Museo vallisoletano.<\/span><\/p>\n<p><a href=\"\/es\/territorios\/itinerarios-urbanos\/museo-nacional-de-escultura-de-valladolid\/el-cristo-yacente-de-gregorio-fernandez\/\" title=\"El Cristo yacente de Gregorio Fern\u00e1ndez\">&lt;&lt;&lt;&#8212;p\u00e1gina precedente<\/a><span>&nbsp;&nbsp;&nbsp;<\/span> <a href=\"\/es\/territorios\/itinerarios-urbanos\/museo-nacional-de-escultura-de-valladolid\/santa-teresa-de-jesus-de-gregorio-fernandez\/\" title=\"Santa Teresa de Jes\u00fas de Gregorio Fern\u00e1ndez\">p\u00e1gina siguiente&#8212;&gt;&gt;&gt;<\/a><a href=\"\/es\/territorios\/itinerarios-urbanos\/cosimo-fanzago\/la-obra-de-fanzago-fuera-de-napoles\/\" title=\"La obra de Fanzago fuera de N\u00e1poles\"><\/a><\/p>\n<\/p><\/div>\n<p><\/p>\n","protected":false},"excerpt":{"rendered":"<p>La &#8220;Magdalena&#8221; de Pedro de Mena D\u00f1a. Mar\u00eda Bola\u00f1os Atienza, Directora del&nbsp;Museo Nacional de Escultura de Valladolid, nos ilustra una de las obras&nbsp;m\u00e1s importantes que&nbsp;se exhiben de manera permanente en el&nbsp;Museo vallisoletano. &lt;&lt;&lt;&#8212;p\u00e1gina precedente&nbsp;&nbsp;&nbsp; p\u00e1gina siguiente&#8212;&gt;&gt;&gt;<\/p>\n","protected":false},"author":1,"featured_media":0,"parent":7486,"menu_order":0,"comment_status":"closed","ping_status":"closed","template":"","meta":{"footnotes":""},"class_list":["post-6650","page","type-page","status-publish","hentry"],"_links":{"self":[{"href":"https:\/\/digitalhistory.unite.it\/es\/wp-json\/wp\/v2\/pages\/6650","targetHints":{"allow":["GET"]}}],"collection":[{"href":"https:\/\/digitalhistory.unite.it\/es\/wp-json\/wp\/v2\/pages"}],"about":[{"href":"https:\/\/digitalhistory.unite.it\/es\/wp-json\/wp\/v2\/types\/page"}],"author":[{"embeddable":true,"href":"https:\/\/digitalhistory.unite.it\/es\/wp-json\/wp\/v2\/users\/1"}],"replies":[{"embeddable":true,"href":"https:\/\/digitalhistory.unite.it\/es\/wp-json\/wp\/v2\/comments?post=6650"}],"version-history":[{"count":2,"href":"https:\/\/digitalhistory.unite.it\/es\/wp-json\/wp\/v2\/pages\/6650\/revisions"}],"predecessor-version":[{"id":12129,"href":"https:\/\/digitalhistory.unite.it\/es\/wp-json\/wp\/v2\/pages\/6650\/revisions\/12129"}],"up":[{"embeddable":true,"href":"https:\/\/digitalhistory.unite.it\/es\/wp-json\/wp\/v2\/pages\/7486"}],"wp:attachment":[{"href":"https:\/\/digitalhistory.unite.it\/es\/wp-json\/wp\/v2\/media?parent=6650"}],"curies":[{"name":"wp","href":"https:\/\/api.w.org\/{rel}","templated":true}]}}