{"id":6654,"date":"2021-08-20T00:03:49","date_gmt":"2021-08-19T22:03:49","guid":{"rendered":"https:\/\/digitalhistory.unite.it\/napoles-y-las-obras-de-su-juventud\/"},"modified":"2021-11-23T15:29:10","modified_gmt":"2021-11-23T14:29:10","slug":"napoles-y-las-obras-de-su-juventud","status":"publish","type":"page","link":"https:\/\/digitalhistory.unite.it\/es\/territorios\/itinerarios-urbanos\/cosimo-fanzago\/napoles-y-las-obras-de-su-juventud\/","title":{"rendered":"N\u00e1poles y las obras de su juventud"},"content":{"rendered":"<h1>N\u00e1poles y las obras de su juventud <\/h1>\n<div class=\"testo\">\n<p style=\"text-align: justify\"><img loading=\"lazy\" decoding=\"async\" src=\"https:\/\/digitalhistory.unite.it\/wp-content\/uploads\/2021\/08\/fanzago_251x188.jpg\" width=\"251\" height=\"188\" alt=\"Fanzago\" align=\"left\">Cosimo Fanzago (foto) naci\u00f3 en 1591 en Clusone, en el bergamasco, descendiente de una familia que ten\u00eda una larga tradici\u00f3n en el campo de la escultura en bronce. Se traslad\u00f3 a <a href=\"\/es\/territorios\/itinerarios-urbanos\/lecce\/plaza-de-san-oronzo\/napoles\/\" title=\"N\u00e1poles\">N\u00e1poles<\/a> en 1608, se hizo famoso en la capital del <a href=\"\/es\/territorios\/itinerarios-urbanos\/lecce\/otros-restos\/reino-de-napoles\/\" title=\"Reino de N\u00e1poles\">virreinato espa\u00f1ol<\/a> como uno de los principales artistas de su tiempo, contribuyendo a forjar el aspecto barroco de la ciudad. En los primeros a\u00f1os de su actividad, Fanzago trabaj\u00f3 en colaboraci\u00f3n con el florentino Angelo Landi, padre de su esposa Felicia, ocup\u00e1ndose principalmente de objetos lit\u00fargicos y escultura. Sus primeras obras escult\u00f3ricas mostraban un estilo poco personal, influenciado por el manierismo toscano, predominante en la producci\u00f3n de escultura napolitana de principios del siglo XVII. Entre ellos podemos destacar los escudos de armas del <a href=\"\/es\/territorios\/itinerarios-urbanos\/cosimo-fanzago\/napoles-y-las-obras-de-su-juventud\/conde-de-lemos\/\" title=\"Conde de Lemos\">Conde de Lemos<\/a> (1615-1616) para el edificio de los Estudios, hoy conservados en el Museo de San Martino, el busto de Michele Gentile (1616-1621) en la catedral de <a href=\"\/es\/territorios\/itinerarios-urbanos\/cosimo-fanzago\/napoles-y-las-obras-de-su-juventud\/barletta\/\" title=\"Barletta\">Barletta<\/a>, el S. Ignacio del cementerio de <a href=\"\/es\/territorios\/itinerarios-urbanos\/cosimo-fanzago\/napoles-y-las-obras-de-su-juventud\/catanzaro\/\" title=\"Catanzaro\">Catanzaro<\/a> (1616), la Memoria del Cardenal O. Acquaviva de Arag\u00f3n (1617-1619) en la sacrist\u00eda de la iglesia de Pio Monte de la Piedad, y el medio busto y la estatua de San Ambrosio (1618), ambas conservadas en la capilla Borrello del Ges\u00f9 Nuevo. El busto de Girolamo Flerio, llevado a cabo en 1620 y hoy conservado en la iglesia de Santa Mar\u00eda de Constantinopla, denota una mayor personalidad del autor y pone de relieve las cualidades del artista para ahondar en cuestiones psicol\u00f3gicas. Entre 1619 y 1624 Fanzago tambi\u00e9n proporcion\u00f3 el dise\u00f1o de todos los modelos de estatuillas que decoran el ciborio en m\u00e1rmol policromado de la iglesia de S. Patricia, actualmente en el Museo de Capodimonte.<\/p>\n<p style=\"text-align: justify\"><a href=\"\/es\/territorios\/itinerarios-urbanos\/\" title=\"Itinerarios urbanos\">&lt;&lt;&lt;&#8212;\u00cdndice<\/a><span>&nbsp;&nbsp;&nbsp;<\/span> <a href=\"\/es\/territorios\/itinerarios-urbanos\/cosimo-fanzago\/la-cartuja-de-san-martin\/\" title=\"La Cartuja de San Mart\u00edn\">p\u00e1gina siguiente&#8212;&gt;&gt;&gt;<\/a><a href=\"\/es\/territorios\/itinerarios-urbanos\/napoles-y-el-cardinal-ascanio-filomarino\/el-cardenal-en-napoles-palacio-filomarino\/\" title=\"El cardenal en N\u00e1poles: Palacio Filomarino\"><\/a><\/p>\n<\/p><\/div>\n<p><\/p>\n","protected":false},"excerpt":{"rendered":"<p>N\u00e1poles y las obras de su juventud Cosimo Fanzago (foto) naci\u00f3 en 1591 en Clusone, en el bergamasco, descendiente de una familia que ten\u00eda una larga tradici\u00f3n en el campo de la escultura en bronce. Se traslad\u00f3 a N\u00e1poles en 1608, se hizo famoso en&hellip;<\/p>\n","protected":false},"author":1,"featured_media":0,"parent":7489,"menu_order":0,"comment_status":"closed","ping_status":"closed","template":"","meta":{"footnotes":""},"class_list":["post-6654","page","type-page","status-publish","hentry"],"_links":{"self":[{"href":"https:\/\/digitalhistory.unite.it\/es\/wp-json\/wp\/v2\/pages\/6654","targetHints":{"allow":["GET"]}}],"collection":[{"href":"https:\/\/digitalhistory.unite.it\/es\/wp-json\/wp\/v2\/pages"}],"about":[{"href":"https:\/\/digitalhistory.unite.it\/es\/wp-json\/wp\/v2\/types\/page"}],"author":[{"embeddable":true,"href":"https:\/\/digitalhistory.unite.it\/es\/wp-json\/wp\/v2\/users\/1"}],"replies":[{"embeddable":true,"href":"https:\/\/digitalhistory.unite.it\/es\/wp-json\/wp\/v2\/comments?post=6654"}],"version-history":[{"count":2,"href":"https:\/\/digitalhistory.unite.it\/es\/wp-json\/wp\/v2\/pages\/6654\/revisions"}],"predecessor-version":[{"id":12121,"href":"https:\/\/digitalhistory.unite.it\/es\/wp-json\/wp\/v2\/pages\/6654\/revisions\/12121"}],"up":[{"embeddable":true,"href":"https:\/\/digitalhistory.unite.it\/es\/wp-json\/wp\/v2\/pages\/7489"}],"wp:attachment":[{"href":"https:\/\/digitalhistory.unite.it\/es\/wp-json\/wp\/v2\/media?parent=6654"}],"curies":[{"name":"wp","href":"https:\/\/api.w.org\/{rel}","templated":true}]}}