{"id":6655,"date":"2021-08-20T00:03:49","date_gmt":"2021-08-19T22:03:49","guid":{"rendered":"https:\/\/digitalhistory.unite.it\/la-cartuja-de-san-martin\/"},"modified":"2021-11-23T15:29:09","modified_gmt":"2021-11-23T14:29:09","slug":"la-cartuja-de-san-martin","status":"publish","type":"page","link":"https:\/\/digitalhistory.unite.it\/es\/territorios\/itinerarios-urbanos\/cosimo-fanzago\/la-cartuja-de-san-martin\/","title":{"rendered":"La Cartuja de San Mart\u00edn"},"content":{"rendered":"<h1>La Cartuja de San Mart\u00edn <\/h1>\n<div class=\"testo\">\n<p style=\"text-align: justify\"><img loading=\"lazy\" decoding=\"async\" src=\"https:\/\/digitalhistory.unite.it\/wp-content\/uploads\/2021\/08\/certosa_di_san_martino_251x188.jpg\" width=\"251\" height=\"188\" alt=\"Certosa di San Martino\" align=\"left\">La obra del arquitecto Fanzago comenz\u00f3 en 1623 junto a <a href=\"#\" class=\"tooltip yellow-tooltip\">Giovanni Giacomo di Conforto<span>Giovanni Giacomo Conforto o Di Conforto (1569-1630) fue un arquitecto que proyect\u00f3 algunas de las iglesias m\u00e1s importantes de N\u00e1poles. Muchas de sus obras fueron terminadas por otros artistas, sobre todo por Cosimo Fanzago. De formaci\u00f3n tardomanierista, contribuy\u00f3 fuertemente al desarrollo del barroco napolitano. Entre sus trabajos m\u00e1s importantes, las Iglesias de Santa Mar\u00eda de la Verdad y de Santa Teresa de los Descalzos y el claustro mayor de Monteoliveto. Trabaj\u00f3 junto a Fanzago en la Cartuja de San Martino.<\/span><\/a> en la Cartuja de San Mart\u00edn, donde fue el director de las obras de 1627 a 1656. Por tanto, su huella es muy fuerte en uno de los mayores complejos monumental de <a href=\"\/es\/territorios\/itinerarios-urbanos\/lecce\/plaza-de-san-oronzo\/napoles\/\" title=\"N\u00e1poles\">N\u00e1poles<\/a>, una maravilla del arte, ejemplo de la arquitectura barroca. Fanzago se esforz\u00f3 especialmente para la decoraci\u00f3n del claustro grande, en el que realiz\u00f3 personalmente algunos de los bustos de los santos cartujos: el <em>Beato Nicol\u00f2 Albergati<\/em>, <em>S. Ugo<\/em> y <em>S. Bruno<\/em>, mientras que el <em>Beato Landino<\/em> y <em>S. Anselmo<\/em> fueron dise\u00f1ados por \u00e9l, pero luego realizados por sus disc\u00edpulos. En cuanto a la iglesia de la Cartuja, Fanzago dise\u00f1\u00f3 la nueva fachada, construida s\u00f3lo en parte, trabajando tambi\u00e9n en la capilla de San Bruno, en el pavimento del coro y en numerosos elementos decorativos arquitect\u00f3nicos que evidencian el genio creativo e innovador, entre los cuales est\u00e1n: las decoraciones policromadas en el interior de algunas de las capillas, las incrustaciones en el suelo de la nave, las rosetas en los contrapilares y los querubines dispuestos a la entrada de las numerosas capillas.<\/p>\n<p style=\"text-align: justify\">Por los mismos a\u00f1os en N\u00e1poles, Fanzago trabaj\u00f3 tanto en la Bas\u00edlica Santuario del Ges\u00f9 Vecchio (Jes\u00fas Antiguo), como en la iglesia del Ges\u00f9 Nuovo (Jes\u00fas Nuevo). En el Ges\u00f9 Vecchio, en particular, el artista ha dejado sus mejores obras como escultor: la referencia es al <em>David<\/em>, pero sobre todo al <em>Isa\u00edas<\/em> y al <em>Jerem\u00edas<\/em>. Las dos \u00faltimas, sin embargo, fueron realizadas posteriormente en los a\u00f1os cincuenta del Seiscientos.<\/p>\n<p style=\"text-align: justify\"><a href=\"\/es\/territorios\/itinerarios-urbanos\/cosimo-fanzago\/napoles-y-las-obras-de-su-juventud\/\" title=\"N\u00e1poles y las obras de su juventud\">&lt;&lt;&lt;&#8212;p\u00e1gina precedente<\/a><span>&nbsp;&nbsp;&nbsp;<\/span> <a href=\"\/es\/territorios\/itinerarios-urbanos\/cosimo-fanzago\/los-palacios\/\" title=\"Los Palacios\">p\u00e1gina siguiente&#8212;&gt;&gt;&gt;<\/a><a href=\"\/es\/territorios\/itinerarios-urbanos\/napoles-y-el-cardinal-ascanio-filomarino\/el-palacio-arzobispal-y-la-catedral\/\" title=\"El Palacio arzobispal y la Catedral\"><\/a><\/p>\n<\/p><\/div>\n<p><\/p>\n","protected":false},"excerpt":{"rendered":"<p>La Cartuja de San Mart\u00edn La obra del arquitecto Fanzago comenz\u00f3 en 1623 junto a Giovanni Giacomo di ConfortoGiovanni Giacomo Conforto o Di Conforto (1569-1630) fue un arquitecto que proyect\u00f3 algunas de las iglesias m\u00e1s importantes de N\u00e1poles. Muchas de sus obras fueron terminadas por&hellip;<\/p>\n","protected":false},"author":1,"featured_media":0,"parent":7489,"menu_order":0,"comment_status":"closed","ping_status":"closed","template":"","meta":{"footnotes":""},"class_list":["post-6655","page","type-page","status-publish","hentry"],"_links":{"self":[{"href":"https:\/\/digitalhistory.unite.it\/es\/wp-json\/wp\/v2\/pages\/6655","targetHints":{"allow":["GET"]}}],"collection":[{"href":"https:\/\/digitalhistory.unite.it\/es\/wp-json\/wp\/v2\/pages"}],"about":[{"href":"https:\/\/digitalhistory.unite.it\/es\/wp-json\/wp\/v2\/types\/page"}],"author":[{"embeddable":true,"href":"https:\/\/digitalhistory.unite.it\/es\/wp-json\/wp\/v2\/users\/1"}],"replies":[{"embeddable":true,"href":"https:\/\/digitalhistory.unite.it\/es\/wp-json\/wp\/v2\/comments?post=6655"}],"version-history":[{"count":2,"href":"https:\/\/digitalhistory.unite.it\/es\/wp-json\/wp\/v2\/pages\/6655\/revisions"}],"predecessor-version":[{"id":12114,"href":"https:\/\/digitalhistory.unite.it\/es\/wp-json\/wp\/v2\/pages\/6655\/revisions\/12114"}],"up":[{"embeddable":true,"href":"https:\/\/digitalhistory.unite.it\/es\/wp-json\/wp\/v2\/pages\/7489"}],"wp:attachment":[{"href":"https:\/\/digitalhistory.unite.it\/es\/wp-json\/wp\/v2\/media?parent=6655"}],"curies":[{"name":"wp","href":"https:\/\/api.w.org\/{rel}","templated":true}]}}