{"id":6656,"date":"2021-08-20T00:03:50","date_gmt":"2021-08-19T22:03:50","guid":{"rendered":"https:\/\/digitalhistory.unite.it\/los-palacios\/"},"modified":"2021-11-23T15:29:10","modified_gmt":"2021-11-23T14:29:10","slug":"los-palacios","status":"publish","type":"page","link":"https:\/\/digitalhistory.unite.it\/es\/territorios\/itinerarios-urbanos\/cosimo-fanzago\/los-palacios\/","title":{"rendered":"Los Palacios"},"content":{"rendered":"<h1>Los Palacios <\/h1>\n<div class=\"testo\">\n<p style=\"text-align: justify\"><img loading=\"lazy\" decoding=\"async\" src=\"https:\/\/digitalhistory.unite.it\/wp-content\/uploads\/2021\/08\/palazzo_zevallos_252x189.jpg\" width=\"252\" height=\"189\" alt=\"Palazzo Zevallos\" align=\"left\">Durante su carrera art\u00edstica, Fanzago trabaj\u00f3 en innumerables comisiones, en <a href=\"\/es\/territorios\/itinerarios-urbanos\/lecce\/plaza-de-san-oronzo\/napoles\/\" title=\"N\u00e1poles\">N\u00e1poles<\/a> y en otros lugares, dise\u00f1ando edificios sagrados, religiosos y civiles, y tambi\u00e9n esculturas, mobiliario urbano, decoraciones internas y altares, estas \u00faltimas caracterizadas por el fuerte uso de las incrustaciones geom\u00e9tricas y florales de m\u00e1rmol policromado. Palacio Zevallos Stigliano se encuentra en la c\u00e9ntrica V\u00eda Toledo, hoy es sede de un banco y de la hom\u00f3nima galer\u00eda del museo, y fue construido entre 1637 y 1639 bajo la direcci\u00f3n de Cosimo Fanzago. Pas\u00f3 de ser propiedad de la familia Zevallos a la de los Colonna di Stigliano. El edificio ha sufrido varios cambios a lo largo de los siglos, a pesar de ello, la mano del arquitecto que primero lo dise\u00f1\u00f3 es a\u00fan visible.<\/p>\n<p style=\"text-align: justify\"><img loading=\"lazy\" decoding=\"async\" src=\"https:\/\/digitalhistory.unite.it\/wp-content\/uploads\/2021\/08\/palazzo_carafa_251x188.jpg\" width=\"251\" height=\"188\" alt=\"Palazzo Carafa\" align=\"left\">Palacio Carafa di Maddoloni, que tambi\u00e9n se encuentra en el centro de N\u00e1poles, sufri\u00f3 una profunda fase de renovaciones y embellecimiento a partir de 1656 a instancias del <a href=\"\/es\/territorios\/itinerarios-urbanos\/cosimo-fanzago\/los-palacios\/duque-de-maddaloni\/\" title=\"Duque de Maddaloni\">Duque de Maddaloni Diomede V Carafa<\/a>. Las intervenciones proyectadas por Fanzago, que se completaron s\u00f3lo despu\u00e9s de la muerte del arquitecto, preve\u00edan, entre otras cosas, la construcci\u00f3n del p\u00f3rtico delante de la entrada y el portal, la ampliaci\u00f3n de la escalera principal y la transformaci\u00f3n de las ventanas en balcones. La estructura se encuentra actualmente en fase de restauraci\u00f3n, tanto interna como externa.<\/p>\n<p style=\"text-align: justify\">  <img loading=\"lazy\" decoding=\"async\" src=\"https:\/\/digitalhistory.unite.it\/wp-content\/uploads\/2021\/08\/palazzo_donn_anna_252x189.jpg\" width=\"252\" height=\"189\" alt=\"Palazzi\" align=\"left\">Las obras para la construcci\u00f3n del Palacio Donn&#8217;Anna, situado en Posilippo, comenzaron en 1642 por voluntad de <a href=\"#\" class=\"tooltip yellow-tooltip\">Anna Carafa<span>Anna Carafa della Stadera (1607-1644), princesa de Stigliano, era la \u00fanica hija de Antonio Carafa della Stadera, duque de Mondrag\u00f3n, y de Elena Aldobrandini, sobrina del papa Clemente VIII. Esposa del duque de Medina de las Torres, Ramiro Nu\u00f1ez de Guzm\u00e1n, virrey de N\u00e1poles de 1637 a 1644, Anna hered\u00f3 de la abuela paterna, Isabella Gonzaga, el ducado de Sabbioneta. A su muerte, en 1644, dicho ducado pas\u00f3 a Scipione Gonzaga, primer pr\u00edncipe de Sabbioneta.<\/span><\/a>, esposa del virrey <a href=\"\/es\/territorios\/itinerarios-urbanos\/napoles-y-el-cardinal-ascanio-filomarino\/el-cardenal-en-napoles-palacio-filomarino\/ramiro-nunez-de-guzman-duque-de-medina-de-las-torres\/\" title=\"Ramiro N\u00fa\u00f1ez de Guzm\u00e1n, duque de Medina de las Torres\">Ramiro N\u00fa\u00f1ez de Guzm\u00e1n, duque de Medina de las Torres<\/a>. El proyecto, que se inici\u00f3 con la demolici\u00f3n de un viejo edificio pre-existente, preve\u00eda la construcci\u00f3n de una lujosa residencia con acceso directo, adem\u00e1s de por tierra, por mar, con magn\u00edficos apartamentos y una fachada llena de nichos y grandes ventanales. La base del edificio es de toba y se apoya directamente en la roca del acantilado. La muerte de Anna Carafa, en 1645, impidi\u00f3 a Fanzago completar el trabajo, dando un aspecto rom\u00e1ntico al palacio, a medio camino entre las ruinas y el promontorio rocoso, que alimenta su encanto y belleza.<\/p>\n<p style=\"text-align: justify\"><a href=\"\/es\/territorios\/itinerarios-urbanos\/cosimo-fanzago\/la-cartuja-de-san-martin\/\" title=\"La Cartuja de San Mart\u00edn\">&lt;&lt;&lt;&#8212;p\u00e1gina precedente<\/a><span>&nbsp;&nbsp;&nbsp;<\/span> <a href=\"\/es\/territorios\/itinerarios-urbanos\/cosimo-fanzago\/las-iglesias-de-napoles-y-algunos-simbolos-de-la-ciudad\/\" title=\"Las Iglesias de N\u00e1poles y algunos s\u00edmbolos de la ciudad\">p\u00e1gina siguiente&#8212;&gt;&gt;&gt;<\/a><a href=\"\/es\/territorios\/itinerarios-urbanos\/napoles-y-el-cardinal-ascanio-filomarino\/filomarino-y-la-revuelta-de-masaniello\/\" title=\"Filomarino y la revuelta de Masaniello\"><\/a><\/p>\n<\/p><\/div>\n<p><\/p>\n","protected":false},"excerpt":{"rendered":"<p>Los Palacios Durante su carrera art\u00edstica, Fanzago trabaj\u00f3 en innumerables comisiones, en N\u00e1poles y en otros lugares, dise\u00f1ando edificios sagrados, religiosos y civiles, y tambi\u00e9n esculturas, mobiliario urbano, decoraciones internas y altares, estas \u00faltimas caracterizadas por el fuerte uso de las incrustaciones geom\u00e9tricas y florales&hellip;<\/p>\n","protected":false},"author":1,"featured_media":0,"parent":7489,"menu_order":0,"comment_status":"closed","ping_status":"closed","template":"","meta":{"footnotes":""},"class_list":["post-6656","page","type-page","status-publish","hentry"],"_links":{"self":[{"href":"https:\/\/digitalhistory.unite.it\/es\/wp-json\/wp\/v2\/pages\/6656","targetHints":{"allow":["GET"]}}],"collection":[{"href":"https:\/\/digitalhistory.unite.it\/es\/wp-json\/wp\/v2\/pages"}],"about":[{"href":"https:\/\/digitalhistory.unite.it\/es\/wp-json\/wp\/v2\/types\/page"}],"author":[{"embeddable":true,"href":"https:\/\/digitalhistory.unite.it\/es\/wp-json\/wp\/v2\/users\/1"}],"replies":[{"embeddable":true,"href":"https:\/\/digitalhistory.unite.it\/es\/wp-json\/wp\/v2\/comments?post=6656"}],"version-history":[{"count":2,"href":"https:\/\/digitalhistory.unite.it\/es\/wp-json\/wp\/v2\/pages\/6656\/revisions"}],"predecessor-version":[{"id":12119,"href":"https:\/\/digitalhistory.unite.it\/es\/wp-json\/wp\/v2\/pages\/6656\/revisions\/12119"}],"up":[{"embeddable":true,"href":"https:\/\/digitalhistory.unite.it\/es\/wp-json\/wp\/v2\/pages\/7489"}],"wp:attachment":[{"href":"https:\/\/digitalhistory.unite.it\/es\/wp-json\/wp\/v2\/media?parent=6656"}],"curies":[{"name":"wp","href":"https:\/\/api.w.org\/{rel}","templated":true}]}}