{"id":6657,"date":"2021-08-20T00:03:50","date_gmt":"2021-08-19T22:03:50","guid":{"rendered":"https:\/\/digitalhistory.unite.it\/las-iglesias-de-napoles-y-algunos-simbolos-de-la-ciudad\/"},"modified":"2021-11-23T15:29:10","modified_gmt":"2021-11-23T14:29:10","slug":"las-iglesias-de-napoles-y-algunos-simbolos-de-la-ciudad","status":"publish","type":"page","link":"https:\/\/digitalhistory.unite.it\/es\/territorios\/itinerarios-urbanos\/cosimo-fanzago\/las-iglesias-de-napoles-y-algunos-simbolos-de-la-ciudad\/","title":{"rendered":"Las Iglesias de N\u00e1poles y algunos s\u00edmbolos de la ciudad"},"content":{"rendered":"<h1>Las Iglesias de N\u00e1poles y algunos s\u00edmbolos de la ciudad <\/h1>\n<div class=\"testo\">\n<p style=\"text-align: justify\"><img loading=\"lazy\" decoding=\"async\" src=\"https:\/\/digitalhistory.unite.it\/wp-content\/uploads\/2021\/08\/santa_teresa_a_chiaia_251x188.jpg\" width=\"251\" height=\"188\" alt=\"Santa Teresa a Chiaia\" align=\"left\">Entre los edificios religiosos, son muchas las iglesias barrocas napolitanas construidas por Fanzago o renovadas y modernizadas por \u00e9l. Por ejemplo, la iglesia de San Jorge Mayor fue, en parte, reconstruida por el arquitecto natural de Clusone, despu\u00e9s incendiada en 1640, da\u00f1\u00e1ndose su estructura. Del mismo modo, la Bas\u00edlica de Santa Maria Egiziaca (Santa Mar\u00eda Egipcia) en Pizzafalcone y las iglesias de San Giuseppe (San Jos\u00e9) en Pontecorvo y Santa Maria degli Angeli alle Croci (Santa Mar\u00eda de los \u00c1ngeles en las Cruces) fueron sometidas a una renovaci\u00f3n y modernizaci\u00f3n directa, enteramente o s\u00f3lo en ciertos periodos de tiempo, por Cosimo Fanzago. La iglesia de Santa Teresa en Chiaia (foto) fue construida enteramente sobre el dise\u00f1o de Fanzago, y sigue siendo uno de los mejores ejemplos del barroco de <a href=\"\/es\/territorios\/itinerarios-urbanos\/lecce\/plaza-de-san-oronzo\/napoles\/\" title=\"N\u00e1poles\">N\u00e1poles<\/a> a pesar del terremoto de 1688, que le caus\u00f3 fuertes da\u00f1os. En muchas otras iglesias, el artista ha dejado su huella a trav\u00e9s de la construcci\u00f3n de capillas, altares y diversas obras escult\u00f3ricas, siendo un ejemplo la ya citada iglesia de Santa Mar\u00eda de Constantinopla, donde se puede admirar el busto de Girolamo Flerio y sobre todo el altar mayor.<\/p>\n<p style=\"text-align: justify\"><img loading=\"lazy\" decoding=\"async\" src=\"https:\/\/digitalhistory.unite.it\/wp-content\/uploads\/2021\/08\/guglia2_210x280.jpg\" width=\"210\" height=\"280\" alt=\"Guglia di San Gennaro\" align=\"left\">Adem\u00e1s de la construcci\u00f3n de palacios y edificios religiosos, Fanzago ha cambiado la faz de N\u00e1poles a trav\u00e9s de otras obras s\u00edmbolo de la ciudad. El pin\u00e1culo de San Genaro (foto) fue construido en 1636 como una acci\u00f3n de gracias por la protecci\u00f3n del santo sobre la poblaci\u00f3n durante la <a href=\"#\" class=\"tooltip yellow-tooltip\">erupci\u00f3n del Vesubio<span>Tras un periodo de inactividad de m\u00e1s de 100 a\u00f1os, el Vesubio comenz\u00f3 a eructar al alba del 16 de diciembre de 1631. No faltaron eventos premonitores en d\u00edas anteriores, con movimientos s\u00edsmicos y abombamiento del suelo, pero la erupci\u00f3n fue tremendamente destructiva. Tras 17 d\u00edas de actividad volc\u00e1nica, se contaron m\u00e1s de 4.000 v\u00edctimas y m\u00e1s de 40.000 evacuados. Centros habitados como Portici, Torre Annunziata, Torre del Greco y Somma Vesuviana fueron pr\u00e1cticamente destruidos.<\/span><\/a> de 1631. Sin embargo, debido a los numerosos contratiempos, el trabajo no fue terminado hasta 1660. La fuente del Sebeto, sin embargo, fue dise\u00f1ada por Cosimo Fanzago, pero en realidad construida por su hijo <a href=\"#\" class=\"tooltip yellow-tooltip\">Carlo<span>Hijo y disc\u00edpulo de Cosimo Fanzago, Carlo (1618-1678) no consigui\u00f3 nunca despejar la sombra de la gran personalidad de su padre. Le ayud\u00f3 en la realizaci\u00f3n de algunas obras, como la fuente del Sebeto, y en varias construcciones como la Cartuja de San Mart\u00edn. La obra m\u00e1s c\u00e9lebre de Carlo Fanzago fue el <em>Cristo Muerto<\/em> en el frontal del altar mayor de la Iglesia de S. Mar\u00eda de los \u00c1ngeles en las Cruces (1639-1644). Trabaj\u00f3 tambi\u00e9n en Espa\u00f1a, donde probablemente falleci\u00f3.<\/span><\/a>. Originalmente situada en V\u00eda Gusmana (hoy v\u00eda Cesario Console), la fuente fue trasladada en 1939 a su actual ubicaci\u00f3n en Largo Sermoneta.<\/p>\n<p style=\"text-align: justify\">&nbsp;<\/p>\n<p style=\"text-align: justify\">&nbsp;<\/p>\n<p style=\"text-align: justify\">&nbsp;<\/p>\n<p style=\"text-align: justify\"><a href=\"\/es\/territorios\/itinerarios-urbanos\/cosimo-fanzago\/los-palacios\/\" title=\"Los Palacios\">&lt;&lt;&lt;&#8212;p\u00e1gina precedente<\/a><span>&nbsp;&nbsp;&nbsp;<\/span> <a href=\"\/es\/territorios\/itinerarios-urbanos\/cosimo-fanzago\/fanzago-y-la-revuelta-de-masaniello\/\" title=\"Fanzago y la revuelta de Masaniello\">p\u00e1gina siguiente&#8212;&gt;&gt;&gt;<\/a><a href=\"\/es\/territorios\/itinerarios-urbanos\/napoles-y-el-cardinal-ascanio-filomarino\/el-palacio-real\/\" title=\"El Palacio Real\"><\/a><\/p>\n<\/p><\/div>\n<p><\/p>\n","protected":false},"excerpt":{"rendered":"<p>Las Iglesias de N\u00e1poles y algunos s\u00edmbolos de la ciudad Entre los edificios religiosos, son muchas las iglesias barrocas napolitanas construidas por Fanzago o renovadas y modernizadas por \u00e9l. Por ejemplo, la iglesia de San Jorge Mayor fue, en parte, reconstruida por el arquitecto natural&hellip;<\/p>\n","protected":false},"author":1,"featured_media":0,"parent":7489,"menu_order":0,"comment_status":"closed","ping_status":"closed","template":"","meta":{"footnotes":""},"class_list":["post-6657","page","type-page","status-publish","hentry"],"_links":{"self":[{"href":"https:\/\/digitalhistory.unite.it\/es\/wp-json\/wp\/v2\/pages\/6657","targetHints":{"allow":["GET"]}}],"collection":[{"href":"https:\/\/digitalhistory.unite.it\/es\/wp-json\/wp\/v2\/pages"}],"about":[{"href":"https:\/\/digitalhistory.unite.it\/es\/wp-json\/wp\/v2\/types\/page"}],"author":[{"embeddable":true,"href":"https:\/\/digitalhistory.unite.it\/es\/wp-json\/wp\/v2\/users\/1"}],"replies":[{"embeddable":true,"href":"https:\/\/digitalhistory.unite.it\/es\/wp-json\/wp\/v2\/comments?post=6657"}],"version-history":[{"count":2,"href":"https:\/\/digitalhistory.unite.it\/es\/wp-json\/wp\/v2\/pages\/6657\/revisions"}],"predecessor-version":[{"id":12118,"href":"https:\/\/digitalhistory.unite.it\/es\/wp-json\/wp\/v2\/pages\/6657\/revisions\/12118"}],"up":[{"embeddable":true,"href":"https:\/\/digitalhistory.unite.it\/es\/wp-json\/wp\/v2\/pages\/7489"}],"wp:attachment":[{"href":"https:\/\/digitalhistory.unite.it\/es\/wp-json\/wp\/v2\/media?parent=6657"}],"curies":[{"name":"wp","href":"https:\/\/api.w.org\/{rel}","templated":true}]}}