{"id":6658,"date":"2021-08-20T00:03:50","date_gmt":"2021-08-19T22:03:50","guid":{"rendered":"https:\/\/digitalhistory.unite.it\/fanzago-y-la-revuelta-de-masaniello\/"},"modified":"2021-11-23T15:29:09","modified_gmt":"2021-11-23T14:29:09","slug":"fanzago-y-la-revuelta-de-masaniello","status":"publish","type":"page","link":"https:\/\/digitalhistory.unite.it\/es\/territorios\/itinerarios-urbanos\/cosimo-fanzago\/fanzago-y-la-revuelta-de-masaniello\/","title":{"rendered":"Fanzago y la revuelta de Masaniello"},"content":{"rendered":"<h1>Fanzago y la revuelta de Masaniello <\/h1>\n<div class=\"testo\">\n<p style=\"text-align: justify\"><img loading=\"lazy\" decoding=\"async\" src=\"https:\/\/digitalhistory.unite.it\/wp-content\/uploads\/2021\/08\/napoli_-_chiesa_santa_maria_del_carmine_maggiore_226x301.jpg\" width=\"226\" height=\"301\" alt=\"chiesa del carmine\" align=\"left\">Cosimo Fanzago tambi\u00e9n fue testigo, y en cierto sentido co-protagonista, de los acontecimientos que caracterizaron la llamada revuelta de Masaniello (1647-1648). El levantamiento popular, liderado en un principio por la figura carism\u00e1tica que le dio su nombre, el pescadero <a href=\"\/es\/territorios\/itinerarios-urbanos\/napoles-y-el-cardinal-ascanio-filomarino\/el-cardenal-en-napoles-palacio-filomarino\/masaniello\/\" title=\"Masaniello\">Tommaso Aniello llamado Masaniello<\/a>, cogi\u00f3 por sorpresa al virrey <a href=\"\/es\/territorios\/itinerarios-urbanos\/napoles-y-el-cardinal-ascanio-filomarino\/filomarino-y-la-revuelta-de-masaniello\/rodrigo-ponce-de-leon-iv-duque-de-arcos\/\" title=\"Rodrigo Ponce de Le\u00f3n, IV duque de Arcos\">Rodrigo Ponce de Le\u00f3n, Duque de Arcos<\/a>. El 13 de julio 1647 los rebeldes se propusieron hacer valer los derechos apenas reconocidos de las personas y los cap\u00edtulos que hab\u00edan sido jurados por el virrey en un epitafio en la Plaza del Mercado (foto: <a href=\"\/es\/territorios\/itinerarios-urbanos\/napoles-y-el-cardinal-ascanio-filomarino\/la-basilica-del-carmen-mayor\/\" title=\"La Bas\u00edlica del Carmen Mayor\">Iglesia de Santa Mar\u00eda del Carmen Mayor<\/a>). Fue el propio virrey, a petici\u00f3n de Masaniello, quien encarg\u00f3 la obra a Fanzago. El Epitafio del mercado tendr\u00eda que ir acompa\u00f1ado de la estatua del rey de Espa\u00f1a y de <a href=\"\/es\/territorios\/itinerarios-urbanos\/lecce\/otros-restos\/reino-de-napoles\/\" title=\"Reino de N\u00e1poles\">N\u00e1poles<\/a>, <a href=\"\/es\/territorios\/itinerarios-urbanos\/valladolid\/iglesia-de-san-pablo\/felipe-iv\/\" title=\"Felipe IV\">Felipe IV<\/a>, del comitente y del cardenal <a href=\"\/es\/territorios\/itinerarios-urbanos\/napoles-y-el-cardinal-ascanio-filomarino\/\" title=\"N\u00e1poles y el cardinal Ascanio Filomarino\">Ascanio Filomarino<\/a>, otra figura clave en los primeros meses de la sublevaci\u00f3n. Sin embargo, la obra qued\u00f3 incompleta debido a la sucesi\u00f3n de hechos que oblig\u00f3 a Fanzago a huir de <a href=\"\/es\/territorios\/itinerarios-urbanos\/lecce\/plaza-de-san-oronzo\/napoles\/\" title=\"N\u00e1poles\">N\u00e1poles<\/a>, e ir a Roma, en varias ocasiones durante los a\u00f1os siguientes. Despu\u00e9s del asesinato de Masaniello y la huida del Duque de Arcos, la rebeli\u00f3n se hab\u00eda extendido a las provincias del reino, a pesar de las fracturas, cada vez m\u00e1s evidentes, en el grupo de los insurgentes. El bombardeo naval de la capital por los espa\u00f1oles provoc\u00f3 la proclamaci\u00f3n de la Rep\u00fablica (octubre 1647). En los meses siguientes, el gobierno de <a href=\"\/es\/territorios\/itinerarios-urbanos\/valladolid\/iglesia-de-san-pablo\/madrid\/\" title=\"Madrid\">Madrid<\/a> aprovech\u00f3 las divisiones del frente revolucionario y reconquist\u00f3 N\u00e1poles (abril de 1648), mientras que en el campo los barones procedieron a una dura represi\u00f3n. Durante la revuelta, varias obras de Fanzago, como en el caso del Palazzo Donn&#8217;Anna, sufrieron graves da\u00f1os. El Epitafio del mercado fue demolido en el siglo XIX.<\/p>\n<p style=\"text-align: justify\"><a href=\"\/es\/territorios\/itinerarios-urbanos\/cosimo-fanzago\/las-iglesias-de-napoles-y-algunos-simbolos-de-la-ciudad\/\" title=\"Las Iglesias de N\u00e1poles y algunos s\u00edmbolos de la ciudad\">&lt;&lt;&lt;&#8212;p\u00e1gina precedente<\/a><span>&nbsp;&nbsp;&nbsp;<\/span> <a href=\"\/es\/territorios\/itinerarios-urbanos\/cosimo-fanzago\/la-obra-de-fanzago-fuera-de-napoles\/\" title=\"La obra de Fanzago fuera de N\u00e1poles\">p\u00e1gina siguiente&#8212;&gt;&gt;&gt;<\/a><a href=\"\/es\/territorios\/itinerarios-urbanos\/napoles-y-el-cardinal-ascanio-filomarino\/la-iglesia-de-los-santos-apostoles-y-la-capilla-filomarino\/\" title=\"La Iglesia de los Santos Ap\u00f3stoles y la capilla Filomarino\"><\/a><\/p>\n<\/p><\/div>\n<p><\/p>\n","protected":false},"excerpt":{"rendered":"<p>Fanzago y la revuelta de Masaniello Cosimo Fanzago tambi\u00e9n fue testigo, y en cierto sentido co-protagonista, de los acontecimientos que caracterizaron la llamada revuelta de Masaniello (1647-1648). El levantamiento popular, liderado en un principio por la figura carism\u00e1tica que le dio su nombre, el pescadero&hellip;<\/p>\n","protected":false},"author":1,"featured_media":0,"parent":7489,"menu_order":0,"comment_status":"closed","ping_status":"closed","template":"","meta":{"footnotes":""},"class_list":["post-6658","page","type-page","status-publish","hentry"],"_links":{"self":[{"href":"https:\/\/digitalhistory.unite.it\/es\/wp-json\/wp\/v2\/pages\/6658","targetHints":{"allow":["GET"]}}],"collection":[{"href":"https:\/\/digitalhistory.unite.it\/es\/wp-json\/wp\/v2\/pages"}],"about":[{"href":"https:\/\/digitalhistory.unite.it\/es\/wp-json\/wp\/v2\/types\/page"}],"author":[{"embeddable":true,"href":"https:\/\/digitalhistory.unite.it\/es\/wp-json\/wp\/v2\/users\/1"}],"replies":[{"embeddable":true,"href":"https:\/\/digitalhistory.unite.it\/es\/wp-json\/wp\/v2\/comments?post=6658"}],"version-history":[{"count":2,"href":"https:\/\/digitalhistory.unite.it\/es\/wp-json\/wp\/v2\/pages\/6658\/revisions"}],"predecessor-version":[{"id":12111,"href":"https:\/\/digitalhistory.unite.it\/es\/wp-json\/wp\/v2\/pages\/6658\/revisions\/12111"}],"up":[{"embeddable":true,"href":"https:\/\/digitalhistory.unite.it\/es\/wp-json\/wp\/v2\/pages\/7489"}],"wp:attachment":[{"href":"https:\/\/digitalhistory.unite.it\/es\/wp-json\/wp\/v2\/media?parent=6658"}],"curies":[{"name":"wp","href":"https:\/\/api.w.org\/{rel}","templated":true}]}}