{"id":6659,"date":"2021-08-20T00:03:50","date_gmt":"2021-08-19T22:03:50","guid":{"rendered":"https:\/\/digitalhistory.unite.it\/la-obra-de-fanzago-fuera-de-napoles\/"},"modified":"2021-11-23T15:29:09","modified_gmt":"2021-11-23T14:29:09","slug":"la-obra-de-fanzago-fuera-de-napoles","status":"publish","type":"page","link":"https:\/\/digitalhistory.unite.it\/es\/territorios\/itinerarios-urbanos\/cosimo-fanzago\/la-obra-de-fanzago-fuera-de-napoles\/","title":{"rendered":"La obra de Fanzago fuera de N\u00e1poles"},"content":{"rendered":"<h1>La obra de Fanzago fuera de N\u00e1poles <\/h1>\n<div class=\"testo\">\n<p style=\"text-align: justify\"><img loading=\"lazy\" decoding=\"async\" src=\"https:\/\/digitalhistory.unite.it\/wp-content\/uploads\/2021\/08\/monte_cassino_opactwo_1_250x188.jpg\" width=\"250\" height=\"188\" alt=\"Montecassino\" align=\"left\">Aunque Fanzago hab\u00eda residido durante una gran parte de su vida en <a href=\"\/es\/territorios\/itinerarios-urbanos\/lecce\/plaza-de-san-oronzo\/napoles\/\" title=\"N\u00e1poles\">N\u00e1poles<\/a>, a donde regres\u00f3 despu\u00e9s de la revuelta de <a href=\"\/es\/territorios\/itinerarios-urbanos\/napoles-y-el-cardinal-ascanio-filomarino\/el-cardenal-en-napoles-palacio-filomarino\/masaniello\/\" title=\"Masaniello\">Masaniello<\/a> y donde muri\u00f3 en 1678, dej\u00f3 su huella art\u00edstica incluso fuera de los l\u00edmites de la capital partenopea. En <a href=\"\/es\/territorios\/itinerarios-urbanos\/cosimo-fanzago\/la-obra-de-fanzago-fuera-de-napoles\/andria\/\" title=\"Andria\">Andria<\/a>, por ejemplo, dise\u00f1\u00f3 la segunda iglesia, llamada &#8220;Superior&#8221;, que se va a a\u00f1adir a la anterior iglesia, llamada de &#8220;La Crucifixi\u00f3n&#8221;, la Bas\u00edlica de la Virgen de los Milagros. Entre 1626 y 1631 vivi\u00f3 y trabaj\u00f3 en varias ocasiones en la abad\u00eda de Montecassino (foto), m\u00e1s tarde se traslad\u00f3 al norte para realizar una serie de trabajos, incluyendo el altar mayor de la iglesia de San Nicol\u00e1s en el Lido de Venecia y el proyecto para la iglesia de Santa \u00c1gata de los Teatinos en B\u00e9rgamo. Su presencia se atestigua, adem\u00e1s, en el Abruzzo, en la iglesia de Jes\u00fas y Mar\u00eda en Pescocostanzo, e incluso fuera de los confines de la pen\u00ednsula italiana. En 1636, el entonces virrey de N\u00e1poles, <a href=\"\/es\/territorios\/itinerarios-urbanos\/cosimo-fanzago\/la-obra-de-fanzago-fuera-de-napoles\/conde-de-monterrey\/\" title=\"Conde de Monterrey\">Manuel de Z\u00fa\u00f1iga y Fonseca, Conde de Monterrey<\/a>, le encarg\u00f3 el dise\u00f1o de la reja y el p\u00falpito de la iglesia de los agustinos en <a href=\"\/es\/territorios\/itinerarios-urbanos\/valladolid\/universidad\/salamanca\/\" title=\"Salamanca\">Salamanca<\/a>. El convento, situado en frente del palacio de Monterrey, respond\u00eda a la necesidad de dar alojamiento a la hija del virrey, In\u00e9s Francisca de la Visitaci\u00f3n, que fue la primera priora del convento. El proyecto de la iglesia, que fue concebido como un lugar de entierro para el conde y su familia, hab\u00eda estado confiado, tres a\u00f1os antes, a <a href=\"#\" class=\"tooltip yellow-tooltip\">Bartolomeo Picchiatti<span>Bartolomeo Picchiatti (1571-1643) se traslad\u00f3 a N\u00e1poles desde Ferrara, su tierra natal, en 1593, trabajando inicialmente con el arquitecto Domenico Fontana. Entre sus obras, es preciso destacar el Palacio Monte de los Pobres Vergonzosos y la Iglesia de San Jorge de los Genoveses. En los \u00faltimos a\u00f1os fue ayudado por su hijo Francesco Antonio, por ejemplo en el dise\u00f1o de la Bas\u00edlica de San Agostino alla Zecca.<\/span><\/a>. Fanzago prest\u00f3 su obra a la iglesia en 1636, realizando tambi\u00e9n el dise\u00f1o de la puerta de entrada. La estructura interior s\u00f3lo se complet\u00f3 en 1687.<\/p>\n<p style=\"text-align: justify\"><a href=\"\/es\/territorios\/itinerarios-urbanos\/cosimo-fanzago\/fanzago-y-la-revuelta-de-masaniello\/\" title=\"Fanzago y la revuelta de Masaniello\">&lt;&lt;&lt;&#8212;p\u00e1gina precedente<\/a><span>&nbsp;&nbsp;&nbsp;<\/span> <a href=\"\/es\/territorios\/itinerarios-urbanos\/\" title=\"Itinerarios urbanos\">\u00cdndice&#8212;&gt;&gt;&gt;<\/a><a href=\"\/es\/territorios\/itinerarios-urbanos\/\" title=\"Itinerarios urbanos\"><\/a><\/p>\n<\/p><\/div>\n<p><\/p>\n","protected":false},"excerpt":{"rendered":"<p>La obra de Fanzago fuera de N\u00e1poles Aunque Fanzago hab\u00eda residido durante una gran parte de su vida en N\u00e1poles, a donde regres\u00f3 despu\u00e9s de la revuelta de Masaniello y donde muri\u00f3 en 1678, dej\u00f3 su huella art\u00edstica incluso fuera de los l\u00edmites de la&hellip;<\/p>\n","protected":false},"author":1,"featured_media":0,"parent":7489,"menu_order":0,"comment_status":"closed","ping_status":"closed","template":"","meta":{"footnotes":""},"class_list":["post-6659","page","type-page","status-publish","hentry"],"_links":{"self":[{"href":"https:\/\/digitalhistory.unite.it\/es\/wp-json\/wp\/v2\/pages\/6659","targetHints":{"allow":["GET"]}}],"collection":[{"href":"https:\/\/digitalhistory.unite.it\/es\/wp-json\/wp\/v2\/pages"}],"about":[{"href":"https:\/\/digitalhistory.unite.it\/es\/wp-json\/wp\/v2\/types\/page"}],"author":[{"embeddable":true,"href":"https:\/\/digitalhistory.unite.it\/es\/wp-json\/wp\/v2\/users\/1"}],"replies":[{"embeddable":true,"href":"https:\/\/digitalhistory.unite.it\/es\/wp-json\/wp\/v2\/comments?post=6659"}],"version-history":[{"count":2,"href":"https:\/\/digitalhistory.unite.it\/es\/wp-json\/wp\/v2\/pages\/6659\/revisions"}],"predecessor-version":[{"id":12115,"href":"https:\/\/digitalhistory.unite.it\/es\/wp-json\/wp\/v2\/pages\/6659\/revisions\/12115"}],"up":[{"embeddable":true,"href":"https:\/\/digitalhistory.unite.it\/es\/wp-json\/wp\/v2\/pages\/7489"}],"wp:attachment":[{"href":"https:\/\/digitalhistory.unite.it\/es\/wp-json\/wp\/v2\/media?parent=6659"}],"curies":[{"name":"wp","href":"https:\/\/api.w.org\/{rel}","templated":true}]}}