{"id":6661,"date":"2021-08-20T00:03:51","date_gmt":"2021-08-19T22:03:51","guid":{"rendered":"https:\/\/digitalhistory.unite.it\/descripcion-de-el-bosque-de-bejar\/"},"modified":"2021-11-23T15:29:15","modified_gmt":"2021-11-23T14:29:15","slug":"descripcion-de-el-bosque-de-bejar","status":"publish","type":"page","link":"https:\/\/digitalhistory.unite.it\/es\/territorios\/itinerarios-urbanos\/un-jardin-espanol-a-la-italiana\/descripcion-de-el-bosque-de-bejar\/","title":{"rendered":"Descripci\u00f3n de &#8220;El Bosque&#8221; de B\u00e9jar: importaci\u00f3n de un modelo italiano"},"content":{"rendered":"<h1>Descripci\u00f3n de &#8220;El Bosque&#8221; de B\u00e9jar: importaci\u00f3n de un modelo italiano <\/h1>\n<div class=\"testo\">\n<p style=\"text-align: justify\"><em><img loading=\"lazy\" decoding=\"async\" src=\"https:\/\/digitalhistory.unite.it\/wp-content\/uploads\/2021\/08\/imagen_3_249x166.jpg\" alt=\"Imagen 3\" width=\"249\" height=\"166\" align=\"left\" \/>El Bosque<\/em> situado en la poblaci\u00f3n de <a title=\"B\u00e9jar\" href=\"\/es\/territorios\/itinerarios-urbanos\/un-jardin-espanol-a-la-italiana\/descripcion-de-el-bosque-de-bejar\/bejar\/\">B\u00e9jar<\/a> (<a title=\"Salamanca\" href=\"\/es\/territorios\/itinerarios-urbanos\/valladolid\/universidad\/salamanca\">Salamanca<\/a>) tiene su origen en el a\u00f1o 1567, cuando el IV <a title=\"Duques de B\u00e9jar\" href=\"\/es\/territorios\/itinerarios-urbanos\/un-jardin-espanol-a-la-italiana\/la-nobleza-hispana-y-los-jardines\/duques-de-bejar\/\">duque de B\u00e9jar<\/a>, <a title=\"Francisco de Z\u00fa\u00f1iga y Sotomayor\" href=\"\/es\/territorios\/itinerarios-urbanos\/un-jardin-espanol-a-la-italiana\/descripcion-de-el-bosque-de-bejar\/francisco-de-zuniga-y-sotomayor\/\">don Francisco de Z\u00fa\u00f1iga y Sotomayor<\/a> mand\u00f3 construir una villa de recreo para su familia. El sitio era una antigua posesi\u00f3n que <a class=\"tooltip yellow-tooltip\" href=\"#\">los Z\u00fa\u00f1igaEl linaje nobiliario del apellido Z\u00fa\u00f1iga es originario de los reyes de Navarra. Los Z\u00fa\u00f1iga estuvieron al servicio de la corona hispana como embajadores, arzobispos, consejeros, militares, etc. Por su parte, los monarcas les investieron como Grandes de Espa\u00f1a. Ostentaron, entre otros t\u00edtulos, el ducado de B\u00e9jar y el condado de Miranda.<\/a> manten\u00edan como coto de caza y pesca desde la Edad Media. Al igual que las villa de recreo a la italiana, <em>El Bosque<\/em> de B\u00e9jar se caracteriza por estar situado en un lugar de campo aunque no muy separado del n\u00facleo urbano; se compone de edificios y jardines con formas geom\u00e9tricas dispuestos en terrazas (comunicadas por escaleras, siguiendo un orden de simetr\u00eda). Asimismo, el terreno es mucho m\u00e1s que un palacio y un jard\u00edn; a esto se le a\u00f1aden huertas, terrenos agr\u00edcolas y amplios espacios con prados y bosques, sin olvidar la perspectiva de unas bellas vistas. De esta forma, la disposici\u00f3n de <em>El Bosque<\/em> respond\u00eda plenamente al modelo de villa italiana, tomando como ejemplo la desaparecida villa napolitana de <a class=\"tooltip yellow-tooltip\" href=\"#\">PoggiorealeEra una villa a la afueras del recinto amurallado de la ciudad de N\u00e1poles, hoy completamente desaparecida. Alfonso II la mand\u00f3 construir en el \u00faltimo tercio del siglo XV, siguiendo el modelo de las villas florentinas, y gozando de gran esplendor durante su reinado. No obstante, a partir de 1494, con el abandono de la villa por parte de Alfonso II tras la invasi\u00f3n francesa, este lugar se vendi\u00f3 en varias ocasiones a diversos propietarios y se fue abandonando poco a poco hasta no quedar rastro de la que fue una de las villas cortesanas m\u00e1s ricas de N\u00e1poles.<\/a>, creada por <a class=\"tooltip yellow-tooltip\" href=\"#\">Alfonso II de N\u00e1polesDe la dinast\u00eda aragonesa, el rey Alfonso II (1448-1495) tan s\u00f3lo gobern\u00f3 dos a\u00f1os el reino de N\u00e1poles (1494-1495) debido a la invasi\u00f3n francesa por parte de Carlos VIII de Francia. A\u00f1os antes, hab\u00eda proyectado durante el reinado de su padre Fernando I, la creaci\u00f3n de una gran villa de recreo para la familia real en la localidad de Poggioreale, donde destacaba el amplio jard\u00edn y las abundantes fuentes.<\/a> en el siglo XV a las afueras de la ciudad, o la villa de Poggio en Caiano, creada por <a class=\"tooltip yellow-tooltip\" href=\"#\">Lorenzo de M\u00e9diciLorenzo de M\u00e9dici (1449-1492), apodado &#8220;El Magn\u00edfico&#8221;, gobern\u00f3 la Rep\u00fablica de Florencia en pleno Renacimiento, adem\u00e1s de su influencia sobre la banca y las artes. Reconocido mecenas favoreci\u00f3 la actividad de Botticelli, Miguel \u00c1ngel Buonarroti y un buen n\u00famero de reconocidos artistas. En cuesti\u00f3n de pol\u00edtica estuvo en constante disputa por mantenerse en el poder frente a otras importantes familias nobles de Florencia como los Pazzi.<\/a> a partir de 1485. Parece clara la importaci\u00f3n del modelo de villa italiana a trav\u00e9s del parentesco que relacionaba la familia de los Z\u00fa\u00f1iga con los <a class=\"tooltip yellow-tooltip\" href=\"#\">M\u00e9diciLa familia de los M\u00e9dici gobern\u00f3, por excelencia, Florencia, primero en calidad de Se\u00f1ores y luego como Duques, aunque tambi\u00e9n diversos miembros llegaron a ser elegidos Pont\u00edfices. Su influencia y poder -vinculado a la banca- les convirti\u00f3 en una de las principales familias aristocr\u00e1ticas italianas. A su apellido va unido la grandeza del Renacimiento florentino que se extendi\u00f3 a toda Italia, y sirvi\u00f3 como modelo en toda Europa.<\/a> por medio del <a title=\"Reino de N\u00e1poles\" href=\"\/es\/territorios\/itinerarios-urbanos\/lecce\/otros-restos\/reino-de-napoles\/\">virrey de N\u00e1poles<\/a>, <a class=\"tooltip yellow-tooltip\" href=\"#\">don Pedro de Toledo y Z\u00fa\u00f1igaPedro \u00c1lvarez de Toledo y Z\u00fa\u00f1iga (1484-1553) fue un importante cortesano que destac\u00f3 como militar y gobernador durante los reinados de Fernando el Cat\u00f3lico y sobre todo, del nieto de \u00e9ste, Carlos V. Fue nombrado virrey de N\u00e1poles en 1532, cargo que ejerci\u00f3 hasta 1553. El largo gobierno de N\u00e1poles le permiti\u00f3 acometer numerosas reformas en dicha ciudad.<\/a>, y de su hija <a class=\"tooltip yellow-tooltip\" href=\"#\">Leonor de ToledoLeonor \u00c1lvarez de Toledo y Pimentel (1519-1562), hija del virrey de N\u00e1poles don Pedro \u00c1lvarez de Toledo y Z\u00fa\u00f1iga, contrajo matrimonio con Cosme I de M\u00e9dici, Gran Duque de Toscana. Esta uni\u00f3n sirvi\u00f3 para reforzar los lazos entre el emperador Carlos V y el Gran Duque, pues Leonor pertenec\u00eda a una de los linajes m\u00e1s poderosos de Espa\u00f1a. En la corte medicea, Leonor fue una gran coleccionista de arte que le llev\u00f3 a rodearse de importantes artistas del renacimiento italiano.<\/a> quien se cas\u00f3 con <a class=\"tooltip yellow-tooltip\" href=\"#\">Cosme I de M\u00e9diciCosme I de M\u00e9dici (1519-1574), fue duque de Florencia y el primer Gran Duque de Toscana de 1537 a 1574. Cas\u00f3 con do\u00f1a Leonor \u00c1lvarez de Toledo y Pimentel con la que tuvo un total de once hijos. Durante el gobierno de Cosme I, los M\u00e9dici aumentaron la gran colecci\u00f3n de arte que hoy se puede contemplar en la galer\u00eda de los Uffizi. Tanto \u00e9l como su mujer ordenaron la construcci\u00f3n de los jardines de Boboli, que se convirtieron en paradigma de jard\u00edn a la italiana.<\/a> y fue la creadora del jard\u00edn de Boboli en Florencia. Otros nobles, como los <a title=\"Duques de Alba\" href=\"\/es\/territorios\/itinerarios-urbanos\/un-jardin-espanol-a-la-italiana\/descripcion-de-el-bosque-de-bejar\/duques-de-alba\/\">duques de Alba<\/a> o los <a title=\"Duques de Osuna\" href=\"\/es\/territorios\/itinerarios-urbanos\/un-jardin-espanol-a-la-italiana\/descripcion-de-el-bosque-de-bejar\/duques-de-osuna\/\">duques de Osuna<\/a>, que fueron virreyes de <a title=\"N\u00e1poles\" href=\"\/es\/territorios\/itinerarios-urbanos\/lecce\/plaza-de-san-oronzo\/napoles\/\">N\u00e1poles<\/a>, exportaron el modelo cl\u00e1sico de jard\u00edn. Y es que la <a title=\"Corte\" href=\"\/es\/territorios\/itinerarios-urbanos\/valladolid\/iglesia-de-san-pablo\/corte\/\">corte<\/a> de N\u00e1poles en los siglos XVI y XVII por su gran florecimiento cultural, se convirti\u00f3 en una de las principales v\u00edas de penetraci\u00f3n del pensamiento y el modelo art\u00edstico italiano a Espa\u00f1a. <em>El Bosque<\/em> de los duques de B\u00e9jar es el ejemplo m\u00e1s completo y mejor conservado en Espa\u00f1a de jard\u00edn a la italiana.<\/p>\n<p style=\"text-align: justify\"><em><img loading=\"lazy\" decoding=\"async\" src=\"https:\/\/digitalhistory.unite.it\/wp-content\/uploads\/2021\/08\/imagen_4_186x280.jpg\" alt=\"Imagen 4\" width=\"186\" height=\"280\" align=\"left\" \/>El Bosque<\/em> se estructura en varios niveles: la primera terraza del sistema estaba dedicada, en su d\u00eda, a una huerta ornamental. Hoy conserva alg\u00fan que otro \u00e1rbol frutal, pero el terreno cultivado desapareci\u00f3. La segunda terraza era el jard\u00edn geom\u00e9trico de setos recortados, bastante cambiado por el redise\u00f1o que se realiz\u00f3 hacia 1869-1871 siguiendo modelos rom\u00e1nticos, aunque conserva algunos elementos geom\u00e9tricos del primitivo jard\u00edn (imagen 1). El siguiente nivel es el del estanque, tercera terraza del sistema, en el que se concentran los elementos representativos de la villa dispuestos alrededor de la l\u00e1mina de agua: el palacete de recreo de los Duques de B\u00e9jar, la Fuente de la S\u00e1bana que conserva sus elementos barrocos, la plazuela o rotonda y la Fuente de los Ocho Ca\u00f1os (imagen 2). Flanqueando por el sur de esta larga y diversa sucesi\u00f3n de terrazas escalonadas, aparece la mata de \u00e1rboles, en su mayor\u00eda casta\u00f1os, que forma el bosque que da nombre a la villa. M\u00e1s arriba, el espect\u00e1culo de la naturaleza, con vistas sobre el paisaje entre el piedemonte arbolado y las cimas nevadas de la sierra, donde nacen las aguas que dan vida a este jard\u00edn.<\/p>\n<p style=\"text-align: justify\"><a title=\"La nobleza hispana y los jardines\" href=\"\/es\/territorios\/itinerarios-urbanos\/un-jardin-espanol-a-la-italiana\/la-nobleza-hispana-y-los-jardines\/\">&lt;&lt;&lt;&#8212;p\u00e1gina precedente<\/a>\u00a0\u00a0 <a title=\"Estanques y fuentes en &quot;El Bosque&quot; de B\u00e9jar\" href=\"\/es\/territorios\/itinerarios-urbanos\/un-jardin-espanol-a-la-italiana\/estanques-y-fuentes-en-el-bosque-de-bejar\/\">p\u00e1gina siguiente&#8212;&gt;&gt;&gt;<\/a><\/p>\n<\/div>\n","protected":false},"excerpt":{"rendered":"<p>Descripci\u00f3n de &#8220;El Bosque&#8221; de B\u00e9jar: importaci\u00f3n de un modelo italiano El Bosque situado en la poblaci\u00f3n de B\u00e9jar (Salamanca) tiene su origen en el a\u00f1o 1567, cuando el IV duque de B\u00e9jar, don Francisco de Z\u00fa\u00f1iga y Sotomayor mand\u00f3 construir una villa de recreo&hellip;<\/p>\n","protected":false},"author":1,"featured_media":0,"parent":7497,"menu_order":0,"comment_status":"closed","ping_status":"closed","template":"","meta":{"footnotes":""},"class_list":["post-6661","page","type-page","status-publish","hentry"],"_links":{"self":[{"href":"https:\/\/digitalhistory.unite.it\/es\/wp-json\/wp\/v2\/pages\/6661","targetHints":{"allow":["GET"]}}],"collection":[{"href":"https:\/\/digitalhistory.unite.it\/es\/wp-json\/wp\/v2\/pages"}],"about":[{"href":"https:\/\/digitalhistory.unite.it\/es\/wp-json\/wp\/v2\/types\/page"}],"author":[{"embeddable":true,"href":"https:\/\/digitalhistory.unite.it\/es\/wp-json\/wp\/v2\/users\/1"}],"replies":[{"embeddable":true,"href":"https:\/\/digitalhistory.unite.it\/es\/wp-json\/wp\/v2\/comments?post=6661"}],"version-history":[{"count":3,"href":"https:\/\/digitalhistory.unite.it\/es\/wp-json\/wp\/v2\/pages\/6661\/revisions"}],"predecessor-version":[{"id":12172,"href":"https:\/\/digitalhistory.unite.it\/es\/wp-json\/wp\/v2\/pages\/6661\/revisions\/12172"}],"up":[{"embeddable":true,"href":"https:\/\/digitalhistory.unite.it\/es\/wp-json\/wp\/v2\/pages\/7497"}],"wp:attachment":[{"href":"https:\/\/digitalhistory.unite.it\/es\/wp-json\/wp\/v2\/media?parent=6661"}],"curies":[{"name":"wp","href":"https:\/\/api.w.org\/{rel}","templated":true}]}}