{"id":6662,"date":"2021-08-20T00:03:51","date_gmt":"2021-08-19T22:03:51","guid":{"rendered":"https:\/\/digitalhistory.unite.it\/estanques-y-fuentes-en-el-bosque-de-bejar\/"},"modified":"2021-11-23T15:29:15","modified_gmt":"2021-11-23T14:29:15","slug":"estanques-y-fuentes-en-el-bosque-de-bejar","status":"publish","type":"page","link":"https:\/\/digitalhistory.unite.it\/es\/territorios\/itinerarios-urbanos\/un-jardin-espanol-a-la-italiana\/estanques-y-fuentes-en-el-bosque-de-bejar\/","title":{"rendered":"Estanques y fuentes en &#8220;El Bosque&#8221; de B\u00e9jar: el uso del agua en una villa cortesana"},"content":{"rendered":"<h1>Estanques y fuentes en &#8220;El Bosque&#8221; de B\u00e9jar: el uso del agua en una villa cortesana <\/h1>\n<div class=\"testo\">\n<p style=\"text-align: justify\"><img loading=\"lazy\" decoding=\"async\" src=\"https:\/\/digitalhistory.unite.it\/wp-content\/uploads\/2021\/08\/imagen_6_220x330.jpg\" width=\"220\" height=\"330\" alt=\"Imagen 6\" align=\"left\">Una de las distracciones de la vida <a href=\"\/es\/territorios\/itinerarios-urbanos\/valladolid\/iglesia-de-san-pablo\/corte\/\" title=\"Corte\">cortesana<\/a> de los <a href=\"\/es\/territorios\/itinerarios-urbanos\/un-jardin-espanol-a-la-italiana\/la-nobleza-hispana-y-los-jardines\/duques-de-bejar\/\" title=\"Duques de B\u00e9jar\">duques de B\u00e9jar<\/a> en <em>El Bosque<\/em> era la relacionada con la utilizaci\u00f3n del agua. El resultado fue un conjunto de calles, acequias, fuentes y un estanque que proporcionaron frescor en los d\u00edas de verano, mantuvieron la vida animal y sobre todo vegetal, adem\u00e1s de servir para presentar el dominio del mecenas a trav\u00e9s de todos los escudos de la familia esculpidos en los muros del estanque y de las fuentes. El estanque de <em>El Bosque<\/em> de <a href=\"\/es\/territorios\/itinerarios-urbanos\/un-jardin-espanol-a-la-italiana\/descripcion-de-el-bosque-de-bejar\/bejar\/\" title=\"B\u00e9jar\">B\u00e9jar<\/a> se convirti\u00f3 en un elemento fundamental del jard\u00edn, presid\u00eda la terraza principal de la villa y ocupaba una superficie cuadrangular de 4.322 m<sup>2<\/sup>, era, sin duda, una gran obra de ingenier\u00eda, con canales para reconducir el agua del r\u00edo y presas para retenerlo. Pero adem\u00e1s, las aguas paradas del estanque proporcionaban tranquilidad, y serv\u00edan para dar amplitud de perspectiva al convertirse en un gran espejo del palacio que se reflejaba en sus aguas (imagen 1). En la superficie, rodeando un templete neomorisco del siglo XIX, estar\u00edan, como hoy se pueden contemplar, diversas especies de aves y, en su interior, gran cantidad de animales acu\u00e1ticos. <a href=\"#\" class=\"tooltip yellow-tooltip\">Pedro Juan de Lastanosa<span>C\u00e9lebre matem\u00e1tico e ingeniero de la segunda mitad del siglo XVI, que estuvo al servicio de Felipe II. Dise\u00f1\u00f3 importantes obras de ingenier\u00eda como el Canal Imperial de Arag\u00f3n o las obras del Alc\u00e1zar de Madrid, palacio de los monarcas Habsburgo. Asimismo escribi\u00f3 diversos tratados sobre matem\u00e1ticas y obras de ingenier\u00eda.<\/span><\/a>, ingeniero de m\u00e1quinas hidr\u00e1ulicas de <a href=\"\/es\/territorios\/itinerarios-urbanos\/valladolid\/iglesia-de-san-pablo\/felipe-ii\/\" title=\"Felipe II\">Felipe II<\/a> en su libro <em>Los veinti\u00fan libros de los ingenios y de las m\u00e1quinas<\/em>, explicaba el inter\u00e9s de la nobleza por construir estanques como si fueran aut\u00e9nticos viveros de peces cuyo entretenimiento era echarles de comer para ver la competici\u00f3n entre los peces por coger la raci\u00f3n. Otros juegos l\u00fadicos en el estanque de <em>El Bosque<\/em> eran la navegaci\u00f3n de recreo, la pesca con ca\u00f1a o la recreaci\u00f3n de batallas navales a trav\u00e9s de las <a href=\"#\" class=\"tooltip yellow-tooltip\">naumaquias<span>Teatralizaci\u00f3n de las batallas navales en lagos, estanques o piscinas, que tiene su origen en \u00e9poca romana.<\/span><\/a> (aunque esta \u00faltima actividad crea un fuerte debate entre los estudiosos de B\u00e9jar por la escasa fiabilidad de los documentos en referencia a ellas).<\/p>\n<p style=\"text-align: justify\"><img loading=\"lazy\" decoding=\"async\" src=\"https:\/\/digitalhistory.unite.it\/wp-content\/uploads\/2021\/08\/imagen_7_220x331.jpg\" width=\"220\" height=\"331\" alt=\"Imagen 7\" align=\"left\">En <em>El Bosque<\/em> existen dos importantes fuentes, la primera es la Fuente de los Ocho Ca\u00f1os, de finales del siglo XVI, que se sit\u00faa junto al estanque y en frente del Palacio de los Duques. Es una fuente compuesta de un pilar octogonal y una taza que recoge el agua con ocho figuras de animales mitol\u00f3gicos como tritones, faunos, etc. Al fondo de esta fuente se puede divisar los escudos de los Z\u00fa\u00f1iga y Sotomayor (imagen 2). Siguiendo m\u00e1s al norte, junto al Palacio, se encuentra la Fuente de la S\u00e1bana, erigida a principios del siglo XVIII de gusto Barroco. Su nombre proviene de la fineza del agua recordando el movimiento de una s\u00e1bana que ca\u00eda bajo su arco. En la parte m\u00e1s alta de esta fuente, a modo de coronaci\u00f3n barroca, se dispone el escudo de los Z\u00fa\u00f1iga y Sotomayor.<\/p>\n<p style=\"text-align: justify\">Por \u00faltimo, al lado de la Fuente de la S\u00e1bana, es preciso destacar un \u00e1rbol legendario, el tejo de <em>El Bosque<\/em>, el \u00e1rbol m\u00e1s antiguo de esta villa de recreo, que se calcula podr\u00eda haberse plantado en los or\u00edgenes del jard\u00edn. Existen otros \u00e1rboles, un conjunto de sequoias, que aunque no son tan antiguas como el tejo, son impresionantes por su gran altura y tama\u00f1o.<\/p>\n<p style=\"text-align: justify\"><a href=\"\/es\/territorios\/itinerarios-urbanos\/un-jardin-espanol-a-la-italiana\/descripcion-de-el-bosque-de-bejar\/\" title=\"Descripci\u00f3n de &quot;El Bosque&quot; de B\u00e9jar\">&lt;&lt;&lt;&#8212;p\u00e1gina precedente<\/a>&nbsp;&nbsp; <a href=\"\/es\/territorios\/itinerarios-urbanos\/un-jardin-espanol-a-la-italiana\/el-poder-de-los-duques-de-bejar\/\" title=\"El poder de los Duques de B\u00e9jar\">p\u00e1gina siguiente&#8212;&gt;&gt;&gt;<\/a><\/p>\n<\/p><\/div>\n<p><\/p>\n","protected":false},"excerpt":{"rendered":"<p>Estanques y fuentes en &#8220;El Bosque&#8221; de B\u00e9jar: el uso del agua en una villa cortesana Una de las distracciones de la vida cortesana de los duques de B\u00e9jar en El Bosque era la relacionada con la utilizaci\u00f3n del agua. El resultado fue un conjunto&hellip;<\/p>\n","protected":false},"author":1,"featured_media":0,"parent":7497,"menu_order":0,"comment_status":"closed","ping_status":"closed","template":"","meta":{"footnotes":""},"class_list":["post-6662","page","type-page","status-publish","hentry"],"_links":{"self":[{"href":"https:\/\/digitalhistory.unite.it\/es\/wp-json\/wp\/v2\/pages\/6662","targetHints":{"allow":["GET"]}}],"collection":[{"href":"https:\/\/digitalhistory.unite.it\/es\/wp-json\/wp\/v2\/pages"}],"about":[{"href":"https:\/\/digitalhistory.unite.it\/es\/wp-json\/wp\/v2\/types\/page"}],"author":[{"embeddable":true,"href":"https:\/\/digitalhistory.unite.it\/es\/wp-json\/wp\/v2\/users\/1"}],"replies":[{"embeddable":true,"href":"https:\/\/digitalhistory.unite.it\/es\/wp-json\/wp\/v2\/comments?post=6662"}],"version-history":[{"count":2,"href":"https:\/\/digitalhistory.unite.it\/es\/wp-json\/wp\/v2\/pages\/6662\/revisions"}],"predecessor-version":[{"id":12179,"href":"https:\/\/digitalhistory.unite.it\/es\/wp-json\/wp\/v2\/pages\/6662\/revisions\/12179"}],"up":[{"embeddable":true,"href":"https:\/\/digitalhistory.unite.it\/es\/wp-json\/wp\/v2\/pages\/7497"}],"wp:attachment":[{"href":"https:\/\/digitalhistory.unite.it\/es\/wp-json\/wp\/v2\/media?parent=6662"}],"curies":[{"name":"wp","href":"https:\/\/api.w.org\/{rel}","templated":true}]}}