{"id":6663,"date":"2021-08-20T00:03:51","date_gmt":"2021-08-19T22:03:51","guid":{"rendered":"https:\/\/digitalhistory.unite.it\/el-poder-de-los-duques-de-bejar\/"},"modified":"2021-11-23T15:29:15","modified_gmt":"2021-11-23T14:29:15","slug":"el-poder-de-los-duques-de-bejar","status":"publish","type":"page","link":"https:\/\/digitalhistory.unite.it\/es\/territorios\/itinerarios-urbanos\/un-jardin-espanol-a-la-italiana\/el-poder-de-los-duques-de-bejar\/","title":{"rendered":"El poder de los duques de B\u00e9jar en sus viviendas: su fortaleza y su palacio de recreo"},"content":{"rendered":"<h1>El poder de los duques de B\u00e9jar en sus viviendas: su fortaleza y su palacio de recreo <\/h1>\n<div class=\"testo\">\n<p style=\"text-align: justify\"><img loading=\"lazy\" decoding=\"async\" src=\"https:\/\/digitalhistory.unite.it\/wp-content\/uploads\/2021\/08\/imagen_9_250x167.jpg\" width=\"250\" height=\"167\" alt=\"Imagen 9\" align=\"left\">La residencia habitual de los <a href=\"\/es\/territorios\/itinerarios-urbanos\/un-jardin-espanol-a-la-italiana\/la-nobleza-hispana-y-los-jardines\/duques-de-bejar\/\" title=\"Duques de B\u00e9jar\">duques de B\u00e9jar<\/a> era el&nbsp; castillo o fortaleza de <a href=\"\/es\/territorios\/itinerarios-urbanos\/un-jardin-espanol-a-la-italiana\/descripcion-de-el-bosque-de-bejar\/bejar\/\" title=\"B\u00e9jar\">B\u00e9jar<\/a> que aparece como parte del sistema defensivo de la Villa entre los siglos XII y XIII (imagen 1). Dicha fortaleza se situaba en un lado del municipio de B\u00e9jar, si bien era la parte m\u00e1s alta situada en un lugar estrat\u00e9gico desde donde poder controlar todo el territorio. En su forma es muy medieval pero tiene a\u00f1adidos renacentistas y barrocos. Actualmente es un colegio, lo que ha alterado el car\u00e1cter palaciego del edificio. Despu\u00e9s de haber pertenecido a varios se\u00f1ores vinculados a la realeza, en 1396 pas\u00f3 a formar parte de las posesiones del noble navarro <a href=\"#\" class=\"tooltip yellow-tooltip\">Diego L\u00f3pez de Est\u00fa\u00f1iga<span>Diego L\u00f3pez de Est\u00fa\u00f1iga (1350-1417) fue un noble navarro que se convirti\u00f3 en uno de los miembros m\u00e1s destacados de la Casa de los Z\u00fa\u00f1iga. Gracias a su cercan\u00eda con los reyes de Castilla consigui\u00f3 ser justicia mayor y alguacil mayor de este reino, y regente durante la minor\u00eda de edad de los monarcas Enrique III y Juan II. Se convirti\u00f3 en se\u00f1or de B\u00e9jar en el a\u00f1o 1396 cuando cambi\u00f3 esta villa por la villa de Fr\u00edas con el favor de Enrique III.<\/span><\/a> (1396-1417), fundador de la Casa de B\u00e9jar.<\/p>\n<p style=\"text-align: justify\"><img loading=\"lazy\" decoding=\"async\" src=\"https:\/\/digitalhistory.unite.it\/wp-content\/uploads\/2021\/08\/imagen_10_249x166.jpg\" width=\"249\" height=\"166\" alt=\"Imagen 10\" align=\"left\">Poco a poco la fortaleza se fue adaptando a la estructura de un nuevo palacio por orden de los diferentes duques de B\u00e9jar, perdiendo parte de su sistema defensivo, creando paredes al estilo de los palacios italianos (imagen 2), y creando espacios exteriores dedicados a jardines y huertas. Las reformas renacentistas y barrocas se deben al duque <a href=\"\/es\/territorios\/itinerarios-urbanos\/un-jardin-espanol-a-la-italiana\/descripcion-de-el-bosque-de-bejar\/francisco-de-zuniga-y-sotomayor\/\" title=\"Francisco de Z\u00fa\u00f1iga y Sotomayor\">Francisco de Z\u00fa\u00f1iga y Sotomayor<\/a> (1523-1591), a quien se le atribuye la creaci\u00f3n de <em>El Bosque<\/em>. Cre\u00f3 el patio porticado del interior, con fuente en hornacina que recuerda a los jardines italianos y abri\u00f3 una logia de tres arcos en la fachada norte. La fachada sigue en l\u00ednea recta y conectaba visualmente con la villa de recreo de los duques <em>El Bosque<\/em>, situado a varios kil\u00f3metros de distancia. Durante el barroco, los duques, seguidos por todo el cortejo ducal atravesar\u00edan esta larga calle en sus carros y con su guardia personal hasta llegar a <em>El Bosque<\/em>.<\/p>\n<p style=\"text-align: justify\"><img loading=\"lazy\" decoding=\"async\" src=\"https:\/\/digitalhistory.unite.it\/wp-content\/uploads\/2021\/08\/imagen_11_251x167.jpg\" width=\"251\" height=\"167\" alt=\"Imagen 11\" align=\"left\">Una vez en la villa de recreo de <em>El Bosque<\/em> nos encontramos con una serie de edificios que mostraban el poder de los duques: el palacio en la terraza principal frente al estanco, que se trata de un edificio de dos pisos que recuerda a los palacios italianos y en cada ventana aparece el escudo de la familia. Junto al palacio, de una sola planta, se encontraban las caballerizas (imagen 3). Detr\u00e1s del palacio, la capilla ducal, en donde destacaba la imagen barroca del <em>Cristo de la Expiraci\u00f3n<\/em> del siglo XVII. Por \u00faltimo, separada del palacio, la casa del bosquero, donde viv\u00edan los encargados de cuidar de la residencia y jard\u00edn de <em>El Bosque<\/em>.<\/p>\n<p style=\"text-align: justify\"><a href=\"\/es\/territorios\/itinerarios-urbanos\/un-jardin-espanol-a-la-italiana\/estanques-y-fuentes-en-el-bosque-de-bejar\/\" title=\"Estanques y fuentes en &quot;El Bosque&quot; de B\u00e9jar\">&lt;&lt;&lt;&#8212;p\u00e1gina precedente<\/a>&nbsp;&nbsp; <a href=\"\/es\/territorios\/itinerarios-urbanos\/un-jardin-espanol-a-la-italiana\/el-bosque-de-bejar\/\" title=\"El Bosque de B\u00e9jar\">p\u00e1gina siguiente&#8212;&gt;&gt;&gt;<\/a><\/p>\n<\/p><\/div>\n<p><\/p>\n","protected":false},"excerpt":{"rendered":"<p>El poder de los duques de B\u00e9jar en sus viviendas: su fortaleza y su palacio de recreo La residencia habitual de los duques de B\u00e9jar era el&nbsp; castillo o fortaleza de B\u00e9jar que aparece como parte del sistema defensivo de la Villa entre los siglos&hellip;<\/p>\n","protected":false},"author":1,"featured_media":0,"parent":7497,"menu_order":0,"comment_status":"closed","ping_status":"closed","template":"","meta":{"footnotes":""},"class_list":["post-6663","page","type-page","status-publish","hentry"],"_links":{"self":[{"href":"https:\/\/digitalhistory.unite.it\/es\/wp-json\/wp\/v2\/pages\/6663","targetHints":{"allow":["GET"]}}],"collection":[{"href":"https:\/\/digitalhistory.unite.it\/es\/wp-json\/wp\/v2\/pages"}],"about":[{"href":"https:\/\/digitalhistory.unite.it\/es\/wp-json\/wp\/v2\/types\/page"}],"author":[{"embeddable":true,"href":"https:\/\/digitalhistory.unite.it\/es\/wp-json\/wp\/v2\/users\/1"}],"replies":[{"embeddable":true,"href":"https:\/\/digitalhistory.unite.it\/es\/wp-json\/wp\/v2\/comments?post=6663"}],"version-history":[{"count":2,"href":"https:\/\/digitalhistory.unite.it\/es\/wp-json\/wp\/v2\/pages\/6663\/revisions"}],"predecessor-version":[{"id":12178,"href":"https:\/\/digitalhistory.unite.it\/es\/wp-json\/wp\/v2\/pages\/6663\/revisions\/12178"}],"up":[{"embeddable":true,"href":"https:\/\/digitalhistory.unite.it\/es\/wp-json\/wp\/v2\/pages\/7497"}],"wp:attachment":[{"href":"https:\/\/digitalhistory.unite.it\/es\/wp-json\/wp\/v2\/media?parent=6663"}],"curies":[{"name":"wp","href":"https:\/\/api.w.org\/{rel}","templated":true}]}}