{"id":6664,"date":"2021-08-20T00:03:51","date_gmt":"2021-08-19T22:03:51","guid":{"rendered":"https:\/\/digitalhistory.unite.it\/el-bosque-de-bejar\/"},"modified":"2021-11-23T15:29:15","modified_gmt":"2021-11-23T14:29:15","slug":"el-bosque-de-bejar","status":"publish","type":"page","link":"https:\/\/digitalhistory.unite.it\/es\/territorios\/itinerarios-urbanos\/un-jardin-espanol-a-la-italiana\/el-bosque-de-bejar\/","title":{"rendered":"El Bosque de B\u00e9jar: \u00bfvilla de recreo o lugar de explotaci\u00f3n econ\u00f3mica?"},"content":{"rendered":"<h1>El Bosque de B\u00e9jar: \u00bfvilla de recreo o lugar de explotaci\u00f3n econ\u00f3mica? <\/h1>\n<div class=\"testo\">\n<p style=\"text-align: justify\"><em><img loading=\"lazy\" decoding=\"async\" src=\"https:\/\/digitalhistory.unite.it\/wp-content\/uploads\/2021\/08\/imagen_12_279x186.jpg\" width=\"279\" height=\"186\" alt=\"Imagen 12\" align=\"left\">El Bosque<\/em>, adem\u00e1s de ser la segunda residencia de los <a href=\"\/es\/territorios\/itinerarios-urbanos\/un-jardin-espanol-a-la-italiana\/la-nobleza-hispana-y-los-jardines\/duques-de-bejar\/\" title=\"Duques de B\u00e9jar\">duques de B\u00e9jar<\/a> y su jard\u00edn de descanso, permiti\u00f3 a los duques controlar econ\u00f3micamente las propiedades de alrededor y los boques y montes colindantes. En \u00e9poca barroca se documenta todo un conjunto de pleitos entre los duques y la poblaci\u00f3n de <a href=\"\/es\/territorios\/itinerarios-urbanos\/un-jardin-espanol-a-la-italiana\/descripcion-de-el-bosque-de-bejar\/bejar\/\" title=\"B\u00e9jar\">B\u00e9jar<\/a> por el control de los recursos naturales. Los reyes no ten\u00edan en B\u00e9jar capacidad fiscal, estando en poder de los duques desde \u00e9poca medieval, lo que les convert\u00eda en due\u00f1os y se\u00f1ores de todo el territorio de B\u00e9jar, incluida su poblaci\u00f3n. Cuando a finales del siglo XVI decidieron levantar la villa de recreo, que todav\u00eda hoy se puede contemplar, la valla que levantaron en el lugar penetr\u00f3 en la zona boscosa, donde el duque iba a cazar y lleg\u00f3 a crear un criadero de gamos y ciervos, obligando a la poblaci\u00f3n de B\u00e9jar a llevar alimento a dichos animales. Asimismo, los duques de B\u00e9jar prohib\u00edan la entrada a cualquier persona a esta zona boscosa, impidiendo el avituallamiento de madera para la poblaci\u00f3n de B\u00e9jar que proporcionaba este lugar que antes era de beneficio com\u00fan. A lo que se a\u00f1adi\u00f3 las diversas intervenciones de los duques de B\u00e9jar, durante el siglo XVII, en el curso natural del arroyo denominado Garganta del Oso, para reconducir el cauce de sus aguas para mantener su villa de <em>El Bosque<\/em>, y as\u00ed poder llenar su estanque, hacer funcionar sus fuentes y regar los \u00e1rboles y jardines, lo que dej\u00f3 al pueblo de B\u00e9jar con escasa cantidad de agua. El pleito por el territorio y el agua entre el pueblo de B\u00e9jar y los duques se alarg\u00f3 durante a\u00f1os, fallando en favor de los duques en virtud de los antiguos privilegios medievales. Esta misma regal\u00eda medieval de la que gozaban los duques sirvi\u00f3 para que consiguieran el dominio absoluto sobre la nieve -y sus rentas- de la <a href=\"#\" class=\"tooltip yellow-tooltip\">Sierra de B\u00e9jar<span>La Sierra de B\u00e9jar es un sistema monta\u00f1oso que se extiende en la provincia de Salamanca en Castilla y Le\u00f3n. Est\u00e1 ligada a la villa de B\u00e9jar que es el centro urbano principal de esta zona. Es una sierra muy arbolada, con una gran variedad de casta\u00f1os. De esta sierra desciende el R\u00edo Cuerpo del Hombre, afluente del Tajo.<\/span><\/a>, y para prohibir la pesca de truchas en el arroyo. Esta apropiaci\u00f3n de la naturaleza colindante era una pr\u00e1ctica bastante com\u00fan en las villas de recreo; baste recordar el ejemplo la villa napolitana de <a href=\"#\" class=\"tooltip yellow-tooltip\">Poggioreale<span>Era una villa a la afueras del recinto amurallado de la ciudad de N\u00e1poles, hoy completamente desaparecida. Alfonso II la mand\u00f3 construir en el \u00faltimo tercio del siglo XV, siguiendo el modelo de las villas florentinas, y gozando de gran esplendor durante su reinado. No obstante, a partir de 1494, con el abandono de la villa por parte de Alfonso II tras la invasi\u00f3n francesa, este lugar se vendi\u00f3 en varias ocasiones a diversos propietarios y se fue abandonando poco a poco hasta no quedar rastro de la que fue una de las villas cortesanas m\u00e1s ricas de N\u00e1poles.<\/span><\/a>, con <a href=\"#\" class=\"tooltip yellow-tooltip\">Alfonso II de N\u00e1poles<span>De la dinast\u00eda aragonesa, el rey Alfonso II (1448-1495) tan s\u00f3lo gobern\u00f3 dos a\u00f1os el reino de N\u00e1poles (1494-1495) debido a la invasi\u00f3n francesa por parte de Carlos VIII de Francia. A\u00f1os antes, hab\u00eda proyectado durante el reinado de su padre Fernando I, la creaci\u00f3n de una gran villa de recreo para la familia real en la localidad de Poggioreale, donde destacaba el amplio jard\u00edn y las abundantes fuentes.<\/span><\/a> obligando a reconducir las aguas y extendiendo sus posesiones en forma de jardines y parques hasta llegar al mar.&nbsp;&nbsp;<\/p>\n<p style=\"text-align: justify\">De esta manera, la villa de recreo de los duques de B\u00e9jar se convert\u00eda en algo m\u00e1s que un lugar de descanso, mucho m\u00e1s complejo, con connotaciones de poder y de control sobre los recursos naturales. Y es que la abrupta zona, en medio de Sierras monta\u00f1osas, no permit\u00eda el cultivo, pero s\u00ed una explotaci\u00f3n forestal de los montes de casta\u00f1o. Otro recurso m\u00e1s rentable era el aprovechamiento pecuario, de manera que, durante el siglo XVII, los duques mantuvieron extensas propiedades que antes eran de uso comunal, para criar un gran n\u00famero de reses de ganado y comenzar as\u00ed la industria del textil, que tanta fama ha acompa\u00f1ado a la ciudad de B\u00e9jar durante siglos. No es de extra\u00f1ar, por tanto, que el palacio de esta villa no se erija en disposici\u00f3n lateral con respecto al eje de la zona urbana y de la fortaleza-residencia de los duques, sino que se posicione de frente al bosque y a la sierra nevada, para un mejor control de estos recursos naturales.<\/p>\n<p style=\"text-align: justify\">Es preciso comprender la importancia de esta villa de recreo a la italiana, que no s\u00f3lo sirvi\u00f3 para el ocio de los <a href=\"#\" class=\"tooltip yellow-tooltip\">Z\u00fa\u00f1iga<span>El linaje nobiliario del apellido Z\u00fa\u00f1iga es originario de los reyes de Navarra. Los Z\u00fa\u00f1iga estuvieron al servicio de la corona hispana como embajadores, arzobispos, consejeros, militares, etc. Por su parte, los monarcas les investieron como Grandes de Espa\u00f1a. Ostentaron, entre otros t\u00edtulos, el ducado de B\u00e9jar y el condado de Miranda.<\/span><\/a>, sino tambi\u00e9n para mantener su poder\u00edo a trav\u00e9s de toda una explotaci\u00f3n econ\u00f3mica de sus propiedades.<\/p>\n<p style=\"text-align: justify\"><a href=\"\/es\/territorios\/itinerarios-urbanos\/un-jardin-espanol-a-la-italiana\/el-poder-de-los-duques-de-bejar\/\" title=\"El poder de los Duques de B\u00e9jar\">&lt;&lt;&lt;&#8212;p\u00e1gina precedente<\/a>&nbsp;&nbsp; <a href=\"\/es\/territorios\/itinerarios-urbanos\/\" title=\"Itinerarios urbanos\">\u00cdndice&#8212;&gt;&gt;&gt;<\/a><\/p>\n<\/p><\/div>\n<p><\/p>\n","protected":false},"excerpt":{"rendered":"<p>El Bosque de B\u00e9jar: \u00bfvilla de recreo o lugar de explotaci\u00f3n econ\u00f3mica? El Bosque, adem\u00e1s de ser la segunda residencia de los duques de B\u00e9jar y su jard\u00edn de descanso, permiti\u00f3 a los duques controlar econ\u00f3micamente las propiedades de alrededor y los boques y montes&hellip;<\/p>\n","protected":false},"author":1,"featured_media":0,"parent":7497,"menu_order":0,"comment_status":"closed","ping_status":"closed","template":"","meta":{"footnotes":""},"class_list":["post-6664","page","type-page","status-publish","hentry"],"_links":{"self":[{"href":"https:\/\/digitalhistory.unite.it\/es\/wp-json\/wp\/v2\/pages\/6664","targetHints":{"allow":["GET"]}}],"collection":[{"href":"https:\/\/digitalhistory.unite.it\/es\/wp-json\/wp\/v2\/pages"}],"about":[{"href":"https:\/\/digitalhistory.unite.it\/es\/wp-json\/wp\/v2\/types\/page"}],"author":[{"embeddable":true,"href":"https:\/\/digitalhistory.unite.it\/es\/wp-json\/wp\/v2\/users\/1"}],"replies":[{"embeddable":true,"href":"https:\/\/digitalhistory.unite.it\/es\/wp-json\/wp\/v2\/comments?post=6664"}],"version-history":[{"count":2,"href":"https:\/\/digitalhistory.unite.it\/es\/wp-json\/wp\/v2\/pages\/6664\/revisions"}],"predecessor-version":[{"id":12177,"href":"https:\/\/digitalhistory.unite.it\/es\/wp-json\/wp\/v2\/pages\/6664\/revisions\/12177"}],"up":[{"embeddable":true,"href":"https:\/\/digitalhistory.unite.it\/es\/wp-json\/wp\/v2\/pages\/7497"}],"wp:attachment":[{"href":"https:\/\/digitalhistory.unite.it\/es\/wp-json\/wp\/v2\/media?parent=6664"}],"curies":[{"name":"wp","href":"https:\/\/api.w.org\/{rel}","templated":true}]}}