{"id":6665,"date":"2021-08-20T00:03:51","date_gmt":"2021-08-19T22:03:51","guid":{"rendered":"https:\/\/digitalhistory.unite.it\/iglesia-de-san-pablo\/"},"modified":"2021-11-23T15:29:17","modified_gmt":"2021-11-23T14:29:17","slug":"iglesia-de-san-pablo","status":"publish","type":"page","link":"https:\/\/digitalhistory.unite.it\/es\/territorios\/itinerarios-urbanos\/valladolid\/iglesia-de-san-pablo\/","title":{"rendered":"La iglesia de San Pablo y la historia de Valladolid en \u00c9poca Moderna"},"content":{"rendered":"<h1>La iglesia de San Pablo y la historia de Valladolid en \u00c9poca Moderna <\/h1>\n<div class=\"testo\">\n<p style=\"text-align: justify\"><img loading=\"lazy\" decoding=\"async\" src=\"https:\/\/digitalhistory.unite.it\/wp-content\/uploads\/2021\/08\/img_0936_227x341.jpg\" width=\"227\" height=\"341\" alt=\"Iglesia de San Pablo\" align=\"left\">La historia de la ciudad de <a href=\"\/es\/territorios\/itinerarios-urbanos\/valladolid\/iglesia-de-san-pablo\/valladolid\/\" title=\"Valladolid\">Valladolid<\/a> conoci\u00f3 su per\u00edodo m\u00e1s pr\u00f3spero durante la Edad Moderna. En el siglo XVI, Valladolid se adhiri\u00f3 a la rebeli\u00f3n de los comuneros (1520-1521) contra <a href=\"\/es\/territorios\/itinerarios-urbanos\/lecce\/otros-restos\/carlos-v-de-habsburgo\/\" title=\"Carlos V de Habsburgo\">Carlos V<\/a>, pero el posterior perd\u00f3n del soberano la convirti\u00f3 en una de las capitales de su vasto imperio. Uni\u00f3 su nombre a la ciudad el rey <a href=\"\/es\/territorios\/itinerarios-urbanos\/valladolid\/iglesia-de-san-pablo\/felipe-ii\/\" title=\"Felipe II\">Felipe II<\/a>, quien naci\u00f3 en Valladolid en 1527, y celebr\u00f3 all\u00ed su primer matrimonio con <a href=\"#\" class=\"tooltip yellow-tooltip\">Mar\u00eda Manuela de Portugal<span>Mar\u00eda Manuela de Avis (1527-1545) fue la primera de las cuatro mujeres de Felipe II de Habsburgo. Hija de Juan III de Portugal y de una de las hermanas de Carlos V, Caterina de Habsburgo, Mar\u00eda Manuela era prima del entonces heredero al trono de Espa\u00f1a. Del matrimonio naci\u00f3 un solo hijo, Carlos. La reina muri\u00f3 por complicaciones durante el parto, con tan s\u00f3lo 18 a\u00f1os.<\/span><\/a>. La decisi\u00f3n tomada por el mismo Felipe II en 1559 de establecer la <a href=\"\/es\/territorios\/itinerarios-urbanos\/valladolid\/iglesia-de-san-pablo\/corte\/\" title=\"Corte\">corte<\/a> en <a href=\"\/es\/territorios\/itinerarios-urbanos\/valladolid\/iglesia-de-san-pablo\/madrid\/\" title=\"Madrid\">Madrid<\/a> caus\u00f3 graves da\u00f1os a la econom\u00eda de Valladolid, pero el monarca no se olvid\u00f3 de su ciudad natal, cuando un gran incendio la destruy\u00f3 en 1561. La intervenci\u00f3n directa del rey facilit\u00f3 la reconstrucci\u00f3n de la ciudad, cuyo mejor s\u00edmbolo lo represent\u00f3 la Plaza Mayor. Valladolid vivir\u00eda un nuevo, pero breve, apogeo a principios del siglo XVII, cuando el rey <a href=\"\/es\/territorios\/itinerarios-urbanos\/valladolid\/iglesia-de-san-pablo\/felipe-iii\/\" title=\"Felipe III\">Felipe III<\/a> y su valido, el <a href=\"\/es\/territorios\/itinerarios-urbanos\/valladolid\/iglesia-de-san-pablo\/duque-de-lerma\/\" title=\"Duque de Lerma\">duque de Lerma<\/a>, decidieron trasladar all\u00ed la corte. En los cinco a\u00f1os de residencia de los monarcas (1601-1606), Valladolid alcanz\u00f3 el culmen en su historia, enriqueciendo su patrimonio art\u00edstico. En el Barroco, la ciudad experiment\u00f3 una crisis econ\u00f3mica y demogr\u00e1fica muy seria (como en toda Castilla), pero tambi\u00e9n vivi\u00f3 un per\u00edodo de riqueza cultural y art\u00edstica de la que hoy, por desgracia, quedan pocos restos, debido a una obra nefasta de renovaci\u00f3n urban\u00edstica llevada a cabo entre los siglos XIX y XX.<\/p>\n<p style=\"text-align: justify\">La Iglesia de San Pablo (en la foto) puede ser tomada como un s\u00edmbolo de la historia de Valladolid en la \u00e9poca medieval y moderna, con los cambios experimentados durante el per\u00edodo barroco. Se encuentra ubicada en la Plaza de San Pablo, cerca de otros lugares de inter\u00e9s hist\u00f3rico, como el Palacio Real y el Palacio de Pimentel (lugar de nacimiento de Felipe II), el Colegio de San Gregorio y el actual Museo Nacional de Escultura. El convento <a href=\"\/es\/territorios\/itinerarios-urbanos\/lecce\/zimbalo\/dominicos\/\" title=\"Dominicos\">dominico<\/a> de San Pablo fue fundado en 1276 por la reina <a href=\"#\" class=\"tooltip yellow-tooltip\">Violante de Arag\u00f3n<span>Yolanda o Violante de Hungr\u00eda (1215-1251) era hija del rey de Hungr\u00eda Andr\u00e9s II y de la princesa de Constantinopla Yolanda de Courtenay. En 1235 se cas\u00f3 con el rey de Arag\u00f3n Jaime I (1208-1276), llegando a ser reina consorte de sus vastos territorios: reina de Arag\u00f3n, Valencia y Mallorca, condesa de Barcelona, se\u00f1ora de Montpellier y de otros feudos en Occitania. Entre los hijos de la pareja, es preciso recordar a Pedro III el Grande (1239-1285) rey de Arag\u00f3n y de Valencia, y Jaime II de Mallorca (1243-1311) rey de Mallorca y se\u00f1or de los feudos occitanos heredados del padre.<\/span><\/a>, pero la construcci\u00f3n de la iglesia se prolong\u00f3 durante muchos a\u00f1os, incluidos los a\u00f1adidos y renovaciones de los siglos XV-XVI. En 1518 las Cortes se reunieron ah\u00ed para proclamar como nuevo soberano a Carlos V y en ella fueron bautizados primero Felipe II y luego su nieto <a href=\"\/es\/territorios\/itinerarios-urbanos\/valladolid\/iglesia-de-san-pablo\/felipe-iv\/\" title=\"Felipe IV\">Felipe IV<\/a>. A principios del siglo XVII, bajo el patrocinio del duque de Lerma, la fachada se ampli\u00f3, las dos torres fueron construidas, el interior se enriqueci\u00f3 con numerosas obras de arte y la estructura sufri\u00f3 algunos cambios importantes. La insignia de los Sandoval se encuentra en la fachada, en particular en la parte superior, y el mismo duque de Lerma fue enterrado en la Capilla Mayor, junto con su esposa. Del v\u00e1lido y su esposa tambi\u00e9n se conservan dos grandes esculturas funerarias de bronce, ahora bajo la custodia del Museo Nacional de Escultura. Dentro de la iglesia se pueden admirar algunas obras de <a href=\"\/es\/territorios\/itinerarios-urbanos\/valladolid\/iglesia-de-san-pablo\/gregorio-fernandez\/\" title=\"Gregorio Fern\u00e1ndez\">Gregorio Fern\u00e1ndez<\/a>, el principal escultor castellano de \u00e9poca barroca, entre las que se encuentra un <em><a href=\"\/es\/territorios\/itinerarios-urbanos\/museo-nacional-de-escultura-de-valladolid\/el-cristo-yacente-de-gregorio-fernandez\/\" title=\"El Cristo yacente de Gregorio Fern\u00e1ndez\">Cristo yacente<\/a><\/em>. Profanada por las tropas de Napole\u00f3n y da\u00f1ada en siglos posteriores por la acci\u00f3n del hombre y por el fuego, la iglesia ha sido restaurada varias veces, mientras que el convento adyacente fue demolido en el siglo XIX.<\/p>\n<p style=\"text-align: justify\"><a href=\"\/es\/territorios\/itinerarios-urbanos\/\" title=\"Itinerarios urbanos\">&lt;&lt;&lt;&#8212;\u00cdndice<\/a>&nbsp;&nbsp; <a href=\"\/es\/territorios\/itinerarios-urbanos\/valladolid\/el-museo-nacional-de-escultura\/\" title=\"El Museo Nacional de Escultura\">p\u00e1gina siguiente&#8212;&gt;&gt;&gt;<\/a><\/p>\n<\/p><\/div>\n<p><\/p>\n","protected":false},"excerpt":{"rendered":"<p>La iglesia de San Pablo y la historia de Valladolid en \u00c9poca Moderna La historia de la ciudad de Valladolid conoci\u00f3 su per\u00edodo m\u00e1s pr\u00f3spero durante la Edad Moderna. En el siglo XVI, Valladolid se adhiri\u00f3 a la rebeli\u00f3n de los comuneros (1520-1521) contra Carlos&hellip;<\/p>\n","protected":false},"author":1,"featured_media":0,"parent":7504,"menu_order":0,"comment_status":"closed","ping_status":"closed","template":"","meta":{"footnotes":""},"class_list":["post-6665","page","type-page","status-publish","hentry"],"_links":{"self":[{"href":"https:\/\/digitalhistory.unite.it\/es\/wp-json\/wp\/v2\/pages\/6665","targetHints":{"allow":["GET"]}}],"collection":[{"href":"https:\/\/digitalhistory.unite.it\/es\/wp-json\/wp\/v2\/pages"}],"about":[{"href":"https:\/\/digitalhistory.unite.it\/es\/wp-json\/wp\/v2\/types\/page"}],"author":[{"embeddable":true,"href":"https:\/\/digitalhistory.unite.it\/es\/wp-json\/wp\/v2\/users\/1"}],"replies":[{"embeddable":true,"href":"https:\/\/digitalhistory.unite.it\/es\/wp-json\/wp\/v2\/comments?post=6665"}],"version-history":[{"count":2,"href":"https:\/\/digitalhistory.unite.it\/es\/wp-json\/wp\/v2\/pages\/6665\/revisions"}],"predecessor-version":[{"id":12190,"href":"https:\/\/digitalhistory.unite.it\/es\/wp-json\/wp\/v2\/pages\/6665\/revisions\/12190"}],"up":[{"embeddable":true,"href":"https:\/\/digitalhistory.unite.it\/es\/wp-json\/wp\/v2\/pages\/7504"}],"wp:attachment":[{"href":"https:\/\/digitalhistory.unite.it\/es\/wp-json\/wp\/v2\/media?parent=6665"}],"curies":[{"name":"wp","href":"https:\/\/api.w.org\/{rel}","templated":true}]}}