{"id":6666,"date":"2021-08-20T00:03:51","date_gmt":"2021-08-19T22:03:51","guid":{"rendered":"https:\/\/digitalhistory.unite.it\/el-museo-nacional-de-escultura\/"},"modified":"2021-11-23T15:29:16","modified_gmt":"2021-11-23T14:29:16","slug":"el-museo-nacional-de-escultura","status":"publish","type":"page","link":"https:\/\/digitalhistory.unite.it\/es\/territorios\/itinerarios-urbanos\/valladolid\/el-museo-nacional-de-escultura\/","title":{"rendered":"El Museo Nacional de Escultura"},"content":{"rendered":"<h1>El Museo Nacional de Escultura <\/h1>\n<div class=\"testo\">\n<p style=\"text-align: justify\"><img loading=\"lazy\" decoding=\"async\" src=\"https:\/\/digitalhistory.unite.it\/wp-content\/uploads\/2021\/08\/img_0926_252x168.jpg\" width=\"252\" height=\"168\" alt=\"Museo Nacional de Escultura\" align=\"left\">A pocos pasos de la Iglesia de San Pablo, la colecci\u00f3n del Museo Nacional de Escultura conserva maravillosos ejemplares de esculturas que van desde la Alta Edad Media hasta el siglo XIX. Fundado en 1842 como Museo Provincial de Bellas Artes, ha ido incrementando progresivamente su colecci\u00f3n, imponi\u00e9ndose hoy d\u00eda como uno de los museos m\u00e1s importantes de Europa en su g\u00e9nero. La sede principal se encuentra en el Colegio de San Gregorio, obra maestra de la arquitectura del siglo XV, construido por iniciativa de Alonso de Burgos, obispo de <a href=\"#\" class=\"tooltip yellow-tooltip\">Palencia<span>Perteneciente a la actual Comunidad Aut\u00f3noma de Castilla y Le\u00f3n, Palencia vivi\u00f3 su periodo de mayor esplendor en \u00e9poca medieval. Sede episcopal bajo los Visigodos, la ciudad fue sede de la universidad espa\u00f1ola m\u00e1s antigua, aprobada por el Papa Honorio III en 1221 pero desaparecida pocos decenios m\u00e1s tarde. En \u00e9poca Moderna sigui\u00f3 el destino de Castilla: centro del imperio de Carlos V y de la monarqu\u00eda de Felipe II, sin embargo, conoci\u00f3 una dura crisis en el transcurso del siglo XVII.<\/span><\/a> y confesor de los <a href=\"\/es\/territorios\/itinerarios-urbanos\/valladolid\/el-museo-nacional-de-escultura\/reyes-catolicos\/\" title=\"Reyes Cat\u00f3licos\">Reyes Cat\u00f3licos<\/a>. En los \u00faltimos a\u00f1os, el museo se ha ampliado a otros edificios como el Palacio de Villena, la <a href=\"\/es\/territorios\/itinerarios-urbanos\/museo-nacional-de-escultura-de-valladolid\/un-museo-centenario\/casa-del-sol\/\" title=\"Casa del Sol\">Casa del Sol<\/a>&nbsp;o Palacio del Conde de Gondomar y la Iglesia de San Benito el Viejo.<\/p>\n<p style=\"text-align: justify\">Entre las obras conservadas, un buen n\u00famero se remonta al barroco y se debe a la producci\u00f3n de los grandes maestros de la escultura de la \u00e9poca. De <a href=\"\/es\/territorios\/itinerarios-urbanos\/valladolid\/iglesia-de-san-pablo\/gregorio-fernandez\/\" title=\"Gregorio Fern\u00e1ndez\">Gregorio Fern\u00e1ndez<\/a>, por ejemplo, aparecen como aut\u00e9nticas obras maestras <em>Santa Teresa<\/em>, <em>El Bautismo de Cristo<\/em>, <em>Santo Tom\u00e1s de Aquino<\/em>, y una de las versiones, quiz\u00e1s la mejor, del <em><a href=\"\/es\/territorios\/itinerarios-urbanos\/museo-nacional-de-escultura-de-valladolid\/el-cristo-yacente-de-gregorio-fernandez\/\" title=\"El Cristo yacente de Gregorio Fern\u00e1ndez\">Cristo yacente<\/a><\/em> realizada por el maestro gallego. Muy popular es tambi\u00e9n la <em>Magdalena penitente<\/em> de <a href=\"#\" class=\"tooltip yellow-tooltip\">Pedro de Mena<span>Pedro de Mena y Medrano (1628-1668) fue uno de los principales exponentes de la escultura barroca espa\u00f1ola. Naci\u00f3 en Granada, se dedic\u00f3 principalmente a las obras de car\u00e1cter religioso, trabajando sobre todo en la ciudad de M\u00e1laga, donde muri\u00f3. En el Museo Nacional de Escultura de Valladolid se conserva su c\u00e9lebre <em>Magdalena Penitente<\/em>. Dignos de destacar son tambi\u00e9n los ejemplares de <em>Ecce Homo<\/em>, de <em>Dolorosas<\/em>&nbsp;y la&nbsp;imagen de San Francisco de As\u00eds conservada en la catedral de Toledo.<\/span><\/a>, y tambi\u00e9n son excelentes el <em>Ecce Homo<\/em> del mismo artista, el <em>San Jer\u00f3nimo penitente<\/em> y el <em>San Juan Bautista<\/em> de Alonso Cano, el <em>San Juan Evangelista<\/em> de <a href=\"#\" class=\"tooltip yellow-tooltip\">Juan Mart\u00ednez Monta\u00f1\u00e9s<span>Juan Mart\u00ednez Monta\u00f1\u00e9s (1568-1649) fue un escultor nacido en Alcal\u00e1 la Real (Ja\u00e9n). Formado en Granada con Pablo de Rojas, complet\u00f3 su educaci\u00f3n en Sevilla, donde permaneci\u00f3 el resto de su vida, imponi\u00e9ndose como el m\u00e1ximo representante de la escuela sevillana de escultura de su generaci\u00f3n. Particularmente h\u00e1bil con el trabajo de la madera, las obras de Mart\u00ednez Monta\u00f1\u00e9s son casi exclusivamente de car\u00e1cter religioso. De \u00e9l existe un retrato pintado por Vel\u00e1zquez, hoy conservado en el Museo del Prado.<\/span><\/a>. De realizaci\u00f3n del siglo XVIII son, entre otras, las obras de <a href=\"#\" class=\"tooltip yellow-tooltip\">Juan Alonso de Villabrille y Ron<span>De la vida de Juan Alonso de Villabrille y Ron, nacido en 1663 en una localidad de Asturias y fallecido despu\u00e9s de 1732, se tiene poca informaci\u00f3n. Su obra m\u00e1s importante y la \u00fanica firmada con su nombre es la <em>Cabeza de San Pablo<\/em>, realizada en 1707 y custodiada en el Museo Nacional de Escultura de Valladolid.<\/span><\/a> (<em>Cabeza de San Pablo<\/em>), de <a href=\"#\" class=\"tooltip yellow-tooltip\">Pedro de Sierra<span>Pedro de Sierra (1702-1760) fue uno de los escultores y arquitectos m\u00e1s importantes del periodo tardo-barroco del arte espa\u00f1ol. Naci\u00f3 en Medina de Rioseco, y era hijo del escultor Tom\u00e1s de Sierra. Trabaj\u00f3 toda su vida en Valladolid, donde todav\u00eda se conserva la mayor parte de su obra.<\/span><\/a> (<em>Inmaculada<\/em>), de <a href=\"#\" class=\"tooltip yellow-tooltip\">Francisco Salzillo<span>Francisco Salzillo y Alcaraz (1707-1783) fue uno de los principales escultores espa\u00f1oles del siglo XVIII. Su producci\u00f3n, siempre de argumento religioso, se vincula al arte barroco pero presenta algunos elementos que anticipan el rococ\u00f3 y el neoclasicismo. Naci\u00f3, vivi\u00f3 y muri\u00f3 en la ciudad de Murcia, donde hoy se puede visitar el museo dedicado a su obra que de \u00e9l toma su nombre: el Museo Salzillo.<\/span><\/a> (<em>San Francisco<\/em>) y de <a href=\"#\" class=\"tooltip yellow-tooltip\">Luis Salvador Carmona<span>Luis Salvador Carmona (1708-1767) pertenec\u00eda a una gran familia de artistas espa\u00f1oles y fue tambi\u00e9n \u00e9l un importante escultor en la Espa\u00f1a del siglo XVIII. Heredero de la escuela de arquitectura de Valladolid, se dedic\u00f3 sobre todo a las obras de argumento religioso, y fue tambi\u00e9n muy reconocido en la corte de Madrid. Exponente del arte barroco, su obra presenta influencia del neoclasicismo.<\/span><\/a> (<em>Cristo Crucificado<\/em>, <em>Santa Mar\u00eda Egipciaca<\/em>). Su origen se remonta a la \u00e9poca barroca como algunos de los Pasos que desfilan en la <a href=\"\/es\/temas\/fiestas-y-rituales\/la-semana-santa-de-valladolid\/\" title=\"La Semana Santa de Valladolid\">procesi\u00f3n de Semana Santa<\/a> de <a href=\"\/es\/territorios\/itinerarios-urbanos\/valladolid\/iglesia-de-san-pablo\/valladolid\/\" title=\"Valladolid\">Valladolid<\/a> y que durante el a\u00f1o se conservan en el museo: entre ellos, recordamos el <em>Camino del Calvario<\/em> de Gregorio Fern\u00e1ndez y <em>La elevaci\u00f3n dela Cruz<\/em> de Francisco del Rinc\u00f3n. En el Palacio de Villena tambi\u00e9n se conserva un espl\u00e9ndido ejemplar de <a href=\"\/es\/territorios\/itinerarios-internacionales\/belenes\/el-belen-napolitano-del-museo-nacional-de-escultura-de-valladolid\/\" title=\"El Bel\u00e9n Napolitano del Museo Nacional de Escultura de Valladolid\"> Bel\u00e9n napolitano<\/a>, que tambi\u00e9n se remonta a la \u00e9poca del Barroco.<\/p>\n<p style=\"text-align: justify\"><a href=\"\/es\/territorios\/itinerarios-urbanos\/valladolid\/iglesia-de-san-pablo\/\" title=\"Iglesia de San Pablo\">&lt;&lt;&lt;&#8212;p\u00e1gina precedente<\/a>&nbsp;&nbsp; <a href=\"\/es\/territorios\/itinerarios-urbanos\/valladolid\/universidad\/\" title=\"Universidad\">p\u00e1gina siguiente&#8212;&gt;&gt;&gt;<\/a><\/p>\n<\/p><\/div>\n<p><\/p>\n","protected":false},"excerpt":{"rendered":"<p>El Museo Nacional de Escultura A pocos pasos de la Iglesia de San Pablo, la colecci\u00f3n del Museo Nacional de Escultura conserva maravillosos ejemplares de esculturas que van desde la Alta Edad Media hasta el siglo XIX. Fundado en 1842 como Museo Provincial de Bellas&hellip;<\/p>\n","protected":false},"author":1,"featured_media":0,"parent":7504,"menu_order":0,"comment_status":"closed","ping_status":"closed","template":"","meta":{"footnotes":""},"class_list":["post-6666","page","type-page","status-publish","hentry"],"_links":{"self":[{"href":"https:\/\/digitalhistory.unite.it\/es\/wp-json\/wp\/v2\/pages\/6666","targetHints":{"allow":["GET"]}}],"collection":[{"href":"https:\/\/digitalhistory.unite.it\/es\/wp-json\/wp\/v2\/pages"}],"about":[{"href":"https:\/\/digitalhistory.unite.it\/es\/wp-json\/wp\/v2\/types\/page"}],"author":[{"embeddable":true,"href":"https:\/\/digitalhistory.unite.it\/es\/wp-json\/wp\/v2\/users\/1"}],"replies":[{"embeddable":true,"href":"https:\/\/digitalhistory.unite.it\/es\/wp-json\/wp\/v2\/comments?post=6666"}],"version-history":[{"count":2,"href":"https:\/\/digitalhistory.unite.it\/es\/wp-json\/wp\/v2\/pages\/6666\/revisions"}],"predecessor-version":[{"id":12184,"href":"https:\/\/digitalhistory.unite.it\/es\/wp-json\/wp\/v2\/pages\/6666\/revisions\/12184"}],"up":[{"embeddable":true,"href":"https:\/\/digitalhistory.unite.it\/es\/wp-json\/wp\/v2\/pages\/7504"}],"wp:attachment":[{"href":"https:\/\/digitalhistory.unite.it\/es\/wp-json\/wp\/v2\/media?parent=6666"}],"curies":[{"name":"wp","href":"https:\/\/api.w.org\/{rel}","templated":true}]}}