{"id":6667,"date":"2021-08-20T00:03:51","date_gmt":"2021-08-19T22:03:51","guid":{"rendered":"https:\/\/digitalhistory.unite.it\/universidad\/"},"modified":"2021-11-23T15:29:17","modified_gmt":"2021-11-23T14:29:17","slug":"universidad","status":"publish","type":"page","link":"https:\/\/digitalhistory.unite.it\/es\/territorios\/itinerarios-urbanos\/valladolid\/universidad\/","title":{"rendered":"La Universidad"},"content":{"rendered":"<h1>La Universidad <\/h1>\n<div class=\"testo\">\n<p style=\"text-align: justify\"><img loading=\"lazy\" decoding=\"async\" src=\"https:\/\/digitalhistory.unite.it\/wp-content\/uploads\/2021\/08\/img_0908_250x166.jpg\" width=\"250\" height=\"166\" alt=\"Universit\u00e0\" align=\"left\">La Universidad de <a href=\"\/es\/territorios\/itinerarios-urbanos\/valladolid\/iglesia-de-san-pablo\/valladolid\/\" title=\"Valladolid\">Valladolid<\/a> es una de las m\u00e1s antiguas de la Pen\u00ednsula Ib\u00e9rica. S\u00f3lo unas cuantas hip\u00f3tesis pueden sugerir su origen, ya que se cree que surgi\u00f3 del transferirse a esta ciudad el Estudio General de <a href=\"#\" class=\"tooltip yellow-tooltip\">Palencia<span>Perteneciente a la actual Comunidad Aut\u00f3noma de Castilla y Le\u00f3n, Palencia vivi\u00f3 su periodo de mayor esplendor en \u00e9poca medieval. Sede episcopal bajo los Visigodos, la ciudad fue sede de la universidad espa\u00f1ola m\u00e1s antigua, aprobada por el Papa Honorio III en 1221 pero desaparecida pocos decenios m\u00e1s tarde. En \u00e9poca Moderna sigui\u00f3 el destino de Castilla: centro del imperio de Carlos V y de la monarqu\u00eda de Felipe II, sin embargo, conoci\u00f3 una dura crisis en el transcurso del siglo XVII.<\/span><\/a>, considerada la primera universidad en la historia de Espa\u00f1a, pero tambi\u00e9n se defiende que fue fundada directamente en Valladolid bajo el impulso de los reyes castellanos y del Consejo de la Ciudad. Ciertamente, la Universidad ya estaba activa en el \u00faltimo cuarto del siglo XIII, gozando de la protecci\u00f3n real y, a continuaci\u00f3n, incluso de la del Papa. Con el paso de los siglos, el ateneo vallisoletano creci\u00f3 en importancia y riqueza, gracias a las rentas econ\u00f3micas garantizadas por los reyes de Castilla. En el siglo XVI la Universidad de Valladolid fue declarada, junto con las de <a href=\"\/es\/territorios\/itinerarios-urbanos\/valladolid\/universidad\/salamanca\/\" title=\"Salamanca\">Salamanca<\/a> y <a href=\"\/es\/territorios\/itinerarios-urbanos\/valladolid\/universidad\/alcala-de-henares\/\" title=\"Alcal\u00e1 de Henares\">Alcal\u00e1<\/a>, una de las tres Universidades Mayores del reino, forja del personal burocr\u00e1tico, administrativo y judicial que condujo el destino de la monarqu\u00eda de los Habsburgo. Creci\u00f3 en este sentido la importancia de la Facultad de Derecho, pero tambi\u00e9n la de la Facultad de&nbsp;medicina. Durante los siglos XVII y XVIII, la crisis general que afect\u00f3 a Castilla afect\u00f3 tambi\u00e9n al mundo de la cultura y de la educaci\u00f3n superior, con una marcada reducci\u00f3n de escritos, as\u00ed como del nivel intelectual y de los recursos econ\u00f3micos de la Universidad.<\/p>\n<p style=\"text-align: justify\"><img loading=\"lazy\" decoding=\"async\" src=\"https:\/\/digitalhistory.unite.it\/wp-content\/uploads\/2021\/08\/img_0909_219x329.jpg\" width=\"219\" height=\"329\" alt=\"Universit\u00e02\" align=\"left\">A este largo per\u00edodo de crisis se remonta uno de los mejores testimonios del barroco en Valladolid. La fachada del edificio hist\u00f3rico de la Universidad, actual Facultad de Derecho, fue construida entre 1716 y 1718 bajo la direcci\u00f3n de los Padres <a href=\"\/es\/territorios\/itinerarios-urbanos\/lecce\/cino\/carmelitas\/\" title=\"Carmelitas\">Carmelitas<\/a> Descalzos del convento local y de acuerdo con el plan presentado por Fray Pedro de la Visitaci\u00f3n. Es la \u00fanica parte que sobrevivi\u00f3 del antiguo edificio, demolido a principios del siglo XX. Hab\u00eda sido construida tanto para satisfacer la creciente demanda de espacio por parte de la Universidad, como para situarla en uno de los lugares m\u00e1s importantes y significativos de la ciudad (Plaza de Santa Mar\u00eda, hoy Plaza de la Universidad). Las numerosas estatuas y ornamentos escult\u00f3ricos son obra de los <a href=\"#\" class=\"tooltip yellow-tooltip\">Tom\u00e9<span>Antonio, Narciso y Diego Tom\u00e9 fueron exponentes de una familia de escultores castellanos, conocidos sobre todo por haber realizado la fachada de la Universidad de Valladolid. El m\u00e1s importante de los tres fue Narciso (1690-1742), que trabaj\u00f3 junto a Churriguera y fue maestro mayor de la catedral de Toledo, en la que trabaj\u00f3 junto a sus hijos en los \u00faltimos a\u00f1os de su vida.<\/span><\/a>, Antonio y sus hijos Narciso y Diego. En el cuerpo central, dividido por cuatro columnas gigantes, est\u00e1n representadas las disciplinas que se impart\u00edan en el Estudio vallisoletano: Teolog\u00eda en el centro, rodeada de la Ret\u00f3rica, de la Geometr\u00eda, del Derecho Civil y del Can\u00f3nico; en la parte superior, sobre las cuatro columnas, se puede observar la Astrolog\u00eda, la&nbsp;Medicina, la&nbsp;Filosof\u00eda&nbsp;y la&nbsp;Historia, mientras que por encima de ellas domina la personificaci\u00f3n de la Sabidur\u00eda, con la intenci\u00f3n de aplastar la ignorancia. En la barandilla, cuatro estatuas recuerdan a los soberanos que hicieron m\u00e1s esfuerzos por la Universidad de Valladolid: <a href=\"#\" class=\"tooltip yellow-tooltip\">Alfonso VIII<span>Alfonso VIII de Castilla (1155-1214) fue rey de Castilla desde los tres a\u00f1os hasta su muerte. Es recordado sobre todo por la gran victoria en la batalla de las Navas de Tolosa (16 de julio de 1212) contra las tropas musulmanas, decisiva en el proceso de reconquista de la pen\u00ednsula ib\u00e9rica.<\/span><\/a>, <a href=\"#\" class=\"tooltip yellow-tooltip\">Juan I<span>Juan I de Castilla (1358-1390) fue rey de Castilla desde 1379 hasta su muerte. Hijo de Enrique II de Castilla, naci\u00f3 en Arag\u00f3n durante el exilio de su padre, que a la \u00e9poca no era todav\u00eda rey.<\/span><\/a>, <a href=\"#\" class=\"tooltip yellow-tooltip\">Enrique III<span>Enrique III de Castilla (1379-1406), llamado el Doliente, fue rey de Castilla desde la muerte de su padre Juan I, en 1390, hasta el a\u00f1o 1406. Le sucedi\u00f3 su hijo, Juan II de Castilla.<\/span><\/a> y <a href=\"\/es\/territorios\/itinerarios-urbanos\/valladolid\/iglesia-de-san-pablo\/felipe-ii\/\" title=\"Felipe II\">Felipe II<\/a>. El s\u00edmbolo del Estudio se coloca en el centro, por encima de la estatua de la teolog\u00eda, mientras que el amplio atrio, definido por dieciocho columnas decoradas con otros tantos leones que apoyan el escudo real, refuerza a\u00fan m\u00e1s el grandioso aspecto de toda la fachada.<\/p>\n<p style=\"text-align: justify\"><a href=\"\/es\/territorios\/itinerarios-urbanos\/valladolid\/el-museo-nacional-de-escultura\/\" title=\"El Museo Nacional de Escultura\">&lt;&lt;&lt;&#8212;p\u00e1gina precedente<\/a>&nbsp;&nbsp; <a href=\"\/es\/territorios\/itinerarios-urbanos\/valladolid\/catedral\/\" title=\"Catedral\">p\u00e1gina siguiente&#8212;&gt;&gt;&gt;<\/a><\/p>\n<\/p><\/div>\n<p><\/p>\n","protected":false},"excerpt":{"rendered":"<p>La Universidad La Universidad de Valladolid es una de las m\u00e1s antiguas de la Pen\u00ednsula Ib\u00e9rica. S\u00f3lo unas cuantas hip\u00f3tesis pueden sugerir su origen, ya que se cree que surgi\u00f3 del transferirse a esta ciudad el Estudio General de PalenciaPerteneciente a la actual Comunidad Aut\u00f3noma&hellip;<\/p>\n","protected":false},"author":1,"featured_media":0,"parent":7504,"menu_order":0,"comment_status":"closed","ping_status":"closed","template":"","meta":{"footnotes":""},"class_list":["post-6667","page","type-page","status-publish","hentry"],"_links":{"self":[{"href":"https:\/\/digitalhistory.unite.it\/es\/wp-json\/wp\/v2\/pages\/6667","targetHints":{"allow":["GET"]}}],"collection":[{"href":"https:\/\/digitalhistory.unite.it\/es\/wp-json\/wp\/v2\/pages"}],"about":[{"href":"https:\/\/digitalhistory.unite.it\/es\/wp-json\/wp\/v2\/types\/page"}],"author":[{"embeddable":true,"href":"https:\/\/digitalhistory.unite.it\/es\/wp-json\/wp\/v2\/users\/1"}],"replies":[{"embeddable":true,"href":"https:\/\/digitalhistory.unite.it\/es\/wp-json\/wp\/v2\/comments?post=6667"}],"version-history":[{"count":2,"href":"https:\/\/digitalhistory.unite.it\/es\/wp-json\/wp\/v2\/pages\/6667\/revisions"}],"predecessor-version":[{"id":12192,"href":"https:\/\/digitalhistory.unite.it\/es\/wp-json\/wp\/v2\/pages\/6667\/revisions\/12192"}],"up":[{"embeddable":true,"href":"https:\/\/digitalhistory.unite.it\/es\/wp-json\/wp\/v2\/pages\/7504"}],"wp:attachment":[{"href":"https:\/\/digitalhistory.unite.it\/es\/wp-json\/wp\/v2\/media?parent=6667"}],"curies":[{"name":"wp","href":"https:\/\/api.w.org\/{rel}","templated":true}]}}