{"id":6669,"date":"2021-08-20T00:03:51","date_gmt":"2021-08-19T22:03:51","guid":{"rendered":"https:\/\/digitalhistory.unite.it\/iglesia-de-la-pasion\/"},"modified":"2021-11-23T15:29:16","modified_gmt":"2021-11-23T14:29:16","slug":"iglesia-de-la-pasion","status":"publish","type":"page","link":"https:\/\/digitalhistory.unite.it\/es\/territorios\/itinerarios-urbanos\/valladolid\/iglesia-de-la-pasion\/","title":{"rendered":"Iglesia de la Pasi\u00f3n, Iglesia de San Juan de Letr\u00e1n, Convento de los Agustinos Filipinos"},"content":{"rendered":"<h1>Iglesia de la Pasi\u00f3n, Iglesia de San Juan de Letr\u00e1n, Convento de los Agustinos Filipinos <\/h1>\n<div class=\"testo\">\n<p style=\"text-align: justify\"><img loading=\"lazy\" decoding=\"async\" src=\"https:\/\/digitalhistory.unite.it\/wp-content\/uploads\/2021\/08\/img_0882_93x140.jpg\" width=\"93\" height=\"140\" alt=\"Iglesia de la Pasion\" align=\"left\">Las huellas del gusto y del arte barroco tambi\u00e9n se pueden identificar en las fachadas de algunos edificios religiosos importantes de la ciudad. A pocos metros de la Plaza Mayor, la Iglesia de la Cofrad\u00eda Penitencial de la Sagrada Pasi\u00f3n de Cristo, m\u00e1s conocida simplemente como Iglesia de la Pasi\u00f3n, fue construida a finales del siglo XVI. La Cofrad\u00eda, compuesta en buena parte por artistas, escultores y pintores decidi\u00f3 mejorar el aspecto de la iglesia durante el siglo XVII, confiando a Felipe Berrojo de la Isla la decoraci\u00f3n interior y ordenando la construcci\u00f3n de una nueva fachada en piedra, en pleno estilo barroco, que se concluy\u00f3 en 1672.<\/p>\n<p style=\"text-align: justify\">&nbsp;<\/p>\n<p style=\"text-align: justify\"><img loading=\"lazy\" decoding=\"async\" src=\"https:\/\/digitalhistory.unite.it\/wp-content\/uploads\/2021\/08\/img_0941_120x180.jpg\" width=\"120\" height=\"180\" alt=\"San Juan de Letran\" align=\"left\">Tambi\u00e9n la Iglesia de San Juan de Letr\u00e1n es famosa por su fachada barroca. La construcci\u00f3n de la iglesia comenz\u00f3 en 1675, pero se prolong\u00f3 durante las d\u00e9cadas posteriores. La fachada principal, que mira al Parque del Campo Grande, fue construida alrededor de 1730, de acuerdo con el proyecto de Mat\u00edas Machuca, uno de los m\u00e1ximos exponentes del barroco vallisoletano. La alternancia de superficies c\u00f3ncavas y convexas da gran movilidad a la totalidad, que se divide en dos cuerpos laterales, cil\u00edndricos, y un cuerpo central. Este \u00faltimo se distribuye en dos plantas, en el centro de las cuales domina el portal del piso inferior, y el escudo real de Espa\u00f1a (homenaje al patrocinio real de la iglesia) en su parte superior. En la planta superior, un peque\u00f1o templete alberga la estatua de San Juan Bautista, flanqueada por las representaciones de la Fe y la Caridad vestidas de mujer.<\/p>\n<p style=\"text-align: justify\"><img loading=\"lazy\" decoding=\"async\" src=\"https:\/\/digitalhistory.unite.it\/wp-content\/uploads\/2021\/08\/img_0947_219x146.jpg\" width=\"219\" height=\"146\" alt=\"Agustinos Filipinos\" align=\"left\">Junto a Iglesia de San Juan de Letr\u00e1n se puede, finalmente, disfrutar del Convento de los Agustinos Filipinos, construido a partir de 1759 sobre un proyecto del famoso arquitecto <a href=\"#\" class=\"tooltip yellow-tooltip\">Ventura Rodr\u00edguez<span>Buenaventura Rodr\u00edguez Tiz\u00f3n, m\u00e1s conocido como Ventura Rodr\u00edguez (1717-1785) fue considerado como el \u00faltimo arquitecto barroco espa\u00f1ol, incluso si su producci\u00f3n presentaba ya elementos t\u00edpicos del neoclasicismo. Entre sus obras, destacan el interior del Monasterio de la Encarnaci\u00f3n, el exterior del Palacio de Liria y el dise\u00f1o de la fuente de Cibeles en Madrid, la fachada del convento de los Agustinos Filipinos en Valladolid y la Santa Capilla de la Bas\u00edlica de Nuestra Se\u00f1ora del Pilar en Zaragoza.<\/span><\/a>. La estructura naci\u00f3 como un seminario en el que se formaban los padres <a href=\"\/es\/territorios\/itinerarios-urbanos\/valladolid\/iglesia-de-la-pasion\/agustinos\/\" title=\"Agustinos\">agustinos<\/a> que se enviar\u00edan como misioneros a Filipinas, de acuerdo con un plan aprobado por el Papa <a href=\"\/es\/territorios\/itinerarios-urbanos\/valladolid\/iglesia-de-la-pasion\/clemente-xii\/\" title=\"Clemente XII\">Clemente XII<\/a> y puesto bajo el patrocinio del rey <a href=\"\/es\/territorios\/itinerarios-urbanos\/valladolid\/iglesia-de-la-pasion\/felipe-v\/\" title=\"Felipe V\">Felipe V<\/a>. La estructura y el aspecto del edificio son t\u00edpicos del arte de Ventura Rodr\u00edguez, a medio camino entre el barroco y el neoclasicismo, aunque la construcci\u00f3n del convento se termin\u00f3 despu\u00e9s de 171 a\u00f1os de que el trabajo se iniciara, en 1930. En el interior, se conservan pinturas y esculturas realizadas entre los siglos XVI y XX. El edificio tambi\u00e9n alberga el Museo Oriental, el m\u00e1s importante de Espa\u00f1a en su categor\u00eda.<\/p>\n<p style=\"text-align: justify\"><a href=\"\/es\/territorios\/itinerarios-urbanos\/valladolid\/catedral\/\" title=\"Catedral\">&lt;&lt;&lt;&#8212;p\u00e1gina precedente<\/a>&nbsp;&nbsp; <a href=\"\/es\/territorios\/itinerarios-urbanos\/\" title=\"Itinerarios urbanos\">\u00cdndice&#8212;&gt;&gt;&gt;<\/a><\/p>\n<\/p><\/div>\n<p><\/p>\n","protected":false},"excerpt":{"rendered":"<p>Iglesia de la Pasi\u00f3n, Iglesia de San Juan de Letr\u00e1n, Convento de los Agustinos Filipinos Las huellas del gusto y del arte barroco tambi\u00e9n se pueden identificar en las fachadas de algunos edificios religiosos importantes de la ciudad. A pocos metros de la Plaza Mayor,&hellip;<\/p>\n","protected":false},"author":1,"featured_media":0,"parent":7504,"menu_order":0,"comment_status":"closed","ping_status":"closed","template":"","meta":{"footnotes":""},"class_list":["post-6669","page","type-page","status-publish","hentry"],"_links":{"self":[{"href":"https:\/\/digitalhistory.unite.it\/es\/wp-json\/wp\/v2\/pages\/6669","targetHints":{"allow":["GET"]}}],"collection":[{"href":"https:\/\/digitalhistory.unite.it\/es\/wp-json\/wp\/v2\/pages"}],"about":[{"href":"https:\/\/digitalhistory.unite.it\/es\/wp-json\/wp\/v2\/types\/page"}],"author":[{"embeddable":true,"href":"https:\/\/digitalhistory.unite.it\/es\/wp-json\/wp\/v2\/users\/1"}],"replies":[{"embeddable":true,"href":"https:\/\/digitalhistory.unite.it\/es\/wp-json\/wp\/v2\/comments?post=6669"}],"version-history":[{"count":2,"href":"https:\/\/digitalhistory.unite.it\/es\/wp-json\/wp\/v2\/pages\/6669\/revisions"}],"predecessor-version":[{"id":12185,"href":"https:\/\/digitalhistory.unite.it\/es\/wp-json\/wp\/v2\/pages\/6669\/revisions\/12185"}],"up":[{"embeddable":true,"href":"https:\/\/digitalhistory.unite.it\/es\/wp-json\/wp\/v2\/pages\/7504"}],"wp:attachment":[{"href":"https:\/\/digitalhistory.unite.it\/es\/wp-json\/wp\/v2\/media?parent=6669"}],"curies":[{"name":"wp","href":"https:\/\/api.w.org\/{rel}","templated":true}]}}