{"id":6670,"date":"2021-08-20T00:03:51","date_gmt":"2021-08-19T22:03:51","guid":{"rendered":"https:\/\/digitalhistory.unite.it\/una-novela-barroca\/"},"modified":"2021-11-23T15:29:03","modified_gmt":"2021-11-23T14:29:03","slug":"una-novela-barroca","status":"publish","type":"page","link":"https:\/\/digitalhistory.unite.it\/es\/territorios\/itinerarios-regionales\/quijote\/una-novela-barroca\/","title":{"rendered":"Una novela barroca que marc\u00f3 la historia de Espa\u00f1a"},"content":{"rendered":"<h1>Una novela barroca que marc\u00f3 la historia de Espa\u00f1a <\/h1>\n<div class=\"testo\">\n<p style=\"text-align: justify\"><img loading=\"lazy\" decoding=\"async\" src=\"https:\/\/digitalhistory.unite.it\/wp-content\/uploads\/2021\/08\/imagen_1_249x374.jpg\" width=\"249\" height=\"374\" alt=\"Imagen 1\" align=\"left\">El siguiente itinerario permite comprender mejor la importancia de la literatura barroca en la cultura, el paisaje, el arte y las costumbres de una regi\u00f3n hist\u00f3rica como es <a href=\"\/es\/territorios\/itinerarios-regionales\/quijote\/una-novela-barroca\/la-mancha\/\" title=\"La Mancha\">La Mancha<\/a>. Siguiendo la lectura de diversos episodios de la obra cumbre de la literatura espa\u00f1ola, el <em>Ingenioso Hidalgo Don Quijote de la Mancha<\/em>, se ha podido reconstruir este itinerario comprobando los vestigios barrocos y quijotescos que quedan en los pueblos y ciudades manchegas que aparecen en la novela <a href=\"\/es\/territorios\/itinerarios-urbanos\/alcala\/alcala-de-henares\/cervantes\/\" title=\"Cervantes\">cervantina<\/a>.<\/p>\n<p style=\"text-align: justify\">Es preciso aclarar que la novela moderna naci\u00f3 en la literatura espa\u00f1ola del siglo XVII, siendo <a href=\"\/es\/territorios\/itinerarios-regionales\/quijote\/una-novela-barroca\/don-quijote-de-la-mancha\/\" title=\"Don Quijote de la Mancha\"><em>Don Quijote de la Mancha<\/em><\/a>, publicada en el a\u00f1o 1605, paradigma de este nuevo g\u00e9nero literario. Difer\u00eda de otros g\u00e9neros narrativos conocidos hasta ese momento, como eran la <a href=\"#\" class=\"tooltip yellow-tooltip\">epopeya<span>Era un poema narrado de larga extensi\u00f3n, de elevado estilo, acci\u00f3n grande y p\u00fablica, protagonizada por personajes heroicos, y en el cual interven\u00eda lo sobrenatural o maravilloso. Las epopeyas m\u00e1s conocidas son la Il\u00edada o la Odisea de Homero.<\/span><\/a> grecorromana o la <a href=\"#\" class=\"tooltip yellow-tooltip\">cr\u00f3nica<span>Era una Historia o conjunto de sucesos de un mismo tema ordenados en el tiempo.<\/span><\/a> medieval, porque en la novela los personajes eran gente com\u00fan y como tales evolucionaban, al contrario de lo que ocurr\u00eda con los h\u00e9roes. Adem\u00e1s la novela desarrollaba una acci\u00f3n compleja que serv\u00eda de hilo conductor, pero tambi\u00e9n se narraban otras historias, m\u00e1s o menos extensas, de la vida de los personajes, que la distanciaba de la antigua cr\u00f3nica mucho m\u00e1s est\u00e1tica y formal. Por \u00faltimo, y seguramente lo m\u00e1s importante, en la novela, el ambiente y las situaciones eran reales, de manera que el lector se pod\u00eda identificar con los personajes o conocer los lugares descritos. De esta manera <em>El Quijote<\/em> se convert\u00eda en toda una revoluci\u00f3n para su \u00e9poca y en paradigma de novela moderna para el mundo.<\/p>\n<p style=\"text-align: justify\">Por otra parte, la lectura de <em>El Quijote<\/em> es mucho m\u00e1s que literatura, es un reflejo de la sociedad del Barroco espa\u00f1ol. Nuestro personaje es un hidalgo que quiere ser un caballero medieval en \u00c9poca Moderna, concretamente el siglo XVII, en el que los valores de la \u00e9lite tales como ser guerrero, valiente o caballero hab\u00edan desaparecido, siendo la <a href=\"#\" class=\"tooltip yellow-tooltip\">etiqueta<span>Se consideraba etiqueta a todo el ceremonial de los estilos, a los usos y a las costumbres que se deb\u00eda guardar en las Casas Reales y en actos p\u00fablicos solemnes.<\/span><\/a> cortesana, las letras, la nobleza o el <a href=\"#\" class=\"tooltip yellow-tooltip\">linaje<span>Se trata de la ascendencia o descendencia de cualquier familia, ahora bien, en \u00c9poca Moderna se hab\u00eda impuesto la <em>limpieza de sangre<\/em>, que era un interrogatorio sobre la ascendencia de la persona, de manera que era obligatorio no tener antepasados moros, jud\u00edos, herejes ni penitenciados para formar parte de la nobleza o para entrar en instituciones como las \u00d3rdenes militares o las \u00d3rdenes religiosas.<\/span><\/a> lo que mov\u00eda el inter\u00e9s de la alta sociedad, y por eso <em>Don Quijote<\/em> es un extra\u00f1o de su \u00e9poca que choca continuamente con el mundo que le rodea. Con este itinerario, pretendemos, por tanto, dar un lugar a esta novela inigualable, que forma parte del imaginario cultural y de la sociedad hispana del barroco.<\/p>\n<p style=\"text-align: justify\"><a href=\"\/es\/territorios\/itinerarios-regionales\/\" title=\"Itinerarios regionales\">&lt;&lt;&lt;&#8212;\u00cdndice<\/a>&nbsp;&nbsp; <a href=\"\/es\/territorios\/itinerarios-regionales\/quijote\/el-toboso-de-dulcinea\/\" title=\"El Toboso de Dulcinea\">p\u00e1gina siguiente&#8212;&gt;&gt;&gt;<\/a><\/p>\n<\/p><\/div>\n<p><\/p>\n","protected":false},"excerpt":{"rendered":"<p>Una novela barroca que marc\u00f3 la historia de Espa\u00f1a El siguiente itinerario permite comprender mejor la importancia de la literatura barroca en la cultura, el paisaje, el arte y las costumbres de una regi\u00f3n hist\u00f3rica como es La Mancha. Siguiendo la lectura de diversos episodios&hellip;<\/p>\n","protected":false},"author":1,"featured_media":0,"parent":7511,"menu_order":0,"comment_status":"closed","ping_status":"closed","template":"","meta":{"footnotes":""},"class_list":["post-6670","page","type-page","status-publish","hentry"],"_links":{"self":[{"href":"https:\/\/digitalhistory.unite.it\/es\/wp-json\/wp\/v2\/pages\/6670","targetHints":{"allow":["GET"]}}],"collection":[{"href":"https:\/\/digitalhistory.unite.it\/es\/wp-json\/wp\/v2\/pages"}],"about":[{"href":"https:\/\/digitalhistory.unite.it\/es\/wp-json\/wp\/v2\/types\/page"}],"author":[{"embeddable":true,"href":"https:\/\/digitalhistory.unite.it\/es\/wp-json\/wp\/v2\/users\/1"}],"replies":[{"embeddable":true,"href":"https:\/\/digitalhistory.unite.it\/es\/wp-json\/wp\/v2\/comments?post=6670"}],"version-history":[{"count":2,"href":"https:\/\/digitalhistory.unite.it\/es\/wp-json\/wp\/v2\/pages\/6670\/revisions"}],"predecessor-version":[{"id":12045,"href":"https:\/\/digitalhistory.unite.it\/es\/wp-json\/wp\/v2\/pages\/6670\/revisions\/12045"}],"up":[{"embeddable":true,"href":"https:\/\/digitalhistory.unite.it\/es\/wp-json\/wp\/v2\/pages\/7511"}],"wp:attachment":[{"href":"https:\/\/digitalhistory.unite.it\/es\/wp-json\/wp\/v2\/media?parent=6670"}],"curies":[{"name":"wp","href":"https:\/\/api.w.org\/{rel}","templated":true}]}}