{"id":6671,"date":"2021-08-20T00:03:51","date_gmt":"2021-08-19T22:03:51","guid":{"rendered":"https:\/\/digitalhistory.unite.it\/el-toboso-de-dulcinea\/"},"modified":"2021-11-23T15:29:03","modified_gmt":"2021-11-23T14:29:03","slug":"el-toboso-de-dulcinea","status":"publish","type":"page","link":"https:\/\/digitalhistory.unite.it\/es\/territorios\/itinerarios-regionales\/quijote\/el-toboso-de-dulcinea\/","title":{"rendered":"Tras las huellas de una doncella: El Toboso de Dulcinea"},"content":{"rendered":"<h1>Tras las huellas de una doncella: El Toboso de Dulcinea <\/h1>\n<div class=\"testo\">\n<p style=\"text-align: justify\">Don Quijote dijo a su escudero: &#8220;As\u00ed que, Sancho, por lo que yo quiero a Dulcinea del Toboso, tanto vale como la m\u00e1s alta princesa de la tierra&#8221;. (<em>Don Quijote de la Mancha<\/em>, parte I, cap\u00edtulo XXV).<\/p>\n<p style=\"text-align: justify\"><img loading=\"lazy\" decoding=\"async\" src=\"https:\/\/digitalhistory.unite.it\/wp-content\/uploads\/2021\/08\/imagen_3_250x198.jpg\" width=\"250\" height=\"198\" alt=\"Imagen 3\" align=\"left\"><a href=\"#\" class=\"tooltip yellow-tooltip\">El Toboso<span>Es un municipio que pertenece a la provincia de Toledo en la comunidad de Castilla La Mancha. Los \u00fanicos hallazgos arqueol\u00f3gicos de la zona datan de la \u00e9poca de los \u00edberos. Los documentos escritos m\u00e1s antiguos que se refieren a este pueblo son del siglo XIV. Un siglo m\u00e1s tarde, el Toboso pasaba a manos de la Orden de Santiago. Cervantes populariz\u00f3 este municipio, que hoy recibe visitas por el inter\u00e9s de conocer el lugar de la dama de la que Don Quijote se enamor\u00f3.<\/span><\/a> es un pueblo de <a href=\"\/es\/territorios\/itinerarios-regionales\/quijote\/una-novela-barroca\/la-mancha\/\" title=\"La Mancha\">la Mancha<\/a> que no podr\u00eda entenderse sin leer la obra cumbre de <a href=\"\/es\/territorios\/itinerarios-urbanos\/alcala\/alcala-de-henares\/cervantes\/\" title=\"Cervantes\">Miguel de Cervantes<\/a>, <a href=\"\/es\/territorios\/itinerarios-regionales\/quijote\/una-novela-barroca\/don-quijote-de-la-mancha\/\" title=\"Don Quijote de la Mancha\"><em>Don Quijote de la Mancha<\/em><\/a>. Su fama va unida al personaje de <a href=\"#\" class=\"tooltip yellow-tooltip\">Dulcinea del Toboso<span>Es el personaje femenino del que se enamora Don Quijote de la Mancha en la c\u00e9lebre obra cervantina. Ella vive con sus padres Lorenzo Corchuelo y Aldonza Nogales en la villa del Toboso, localidad de la Mancha, y su descripci\u00f3n es la de una joven de gran belleza que labra los campos, pero en la imaginaci\u00f3n del hidalgo don Quijote, enamorado de su figura, es una dama de ilustre linaje.<\/span><\/a>, dama de la que anda enamorado el delirante caballero. Los vestigios m\u00e1s antiguos que se conocen de este municipio son de la cultura ib\u00e9rica, siendo despu\u00e9s, en \u00e9poca medieval, tras la <a href=\"\/es\/territorios\/itinerarios-regionales\/quijote\/el-toboso-de-dulcinea\/reconquista\/\" title=\"Reconquista\">Reconquista<\/a>, una villa que formaba parte del territorio repoblado por la <a href=\"\/es\/territorios\/itinerarios-regionales\/quijote\/el-toboso-de-dulcinea\/orden-de-santiago\/\" title=\"Orden de Santiago\">Orden militar de Santiago<\/a>. Ya en \u00e9poca Moderna, siglos XVI y XVII, conoci\u00f3 su aumento poblacional y se edificaron buena parte de los edificios civiles y religiosos barrocos que todav\u00eda hoy conserva el Toboso. Con todo, la huella quijotesca o cervantina acompa\u00f1a las calles de este municipio, en el que las estatuas actuales de Dulcinea y Don Quijote en la Plaza Mayor se mezclan con antiguas calles y las casas t\u00edpicas manchegas de mamposter\u00eda, tapial y el blanqueado de sus paredes (imagen 1). Algunas fuentes apuntan que Cervantes eligi\u00f3 el Toboso como patria de Dulcinea porque all\u00ed viv\u00eda do\u00f1a Ana de Zarco de Morales, mujer con la que pudo tener una relaci\u00f3n amorosa Cervantes. De hecho, hoy se puede visitar la casa de Dulcinea, que es una casa t\u00edpica donde supuestamente vivi\u00f3 do\u00f1a Ana, amada de Cervantes, convertida en museo que alberga mobiliario y objetos de \u00e9poca barroca t\u00edpicos de una villa manchega.<\/p>\n<p style=\"text-align: justify\"><img loading=\"lazy\" decoding=\"async\" src=\"https:\/\/digitalhistory.unite.it\/wp-content\/uploads\/2021\/08\/imagen_4_212x255.jpg\" width=\"212\" height=\"255\" alt=\"Imagen 4\" align=\"left\">Entre los edificios religiosos que conservan su pasado barroco, y que adem\u00e1s aparecen citados en el cap\u00edtulo IX de <em>El Quijote<\/em>, es preciso destacar la Iglesia de San Antonio Abad, que es la iglesia principal del pueblo. Relataba Cervantes acerca de este edificio: &#8220;Don Quijote dio con el bulto que hac\u00eda la sombra, y vio una gran torre, y luego conoci\u00f3 que el tal edificio no era alc\u00e1zar, sino iglesia principal del pueblo&#8221;. Se inici\u00f3 su construcci\u00f3n en el a\u00f1o 1525, sobre la planta de una iglesia m\u00e1s antigua. Su apariencia exterior de dimensiones monumentales, tal y como la describ\u00eda Cervantes, es de <a href=\"#\" class=\"tooltip yellow-tooltip\">estilo g\u00f3tico isabelino<span>Es un estilo arquitect\u00f3nico y decorativo t\u00edpico de la \u00e9poca de los Reyes Cat\u00f3licos (1474-1516), que toma elementos que recuerdan tanto al final del G\u00f3tico como al principio del Renacimiento. Es, por tanto, un estilo de transici\u00f3n en el tiempo, al que, en ocasiones, le acompa\u00f1a alg\u00fan detalle en la decoraci\u00f3n tomada del arte isl\u00e1mico. El edificio m\u00e1s representativo del G\u00f3tico isabelino es el Monasterio de San Juan de los Reyes en Toledo (Castilla La Mancha).<\/span><\/a>, aunque la portada principal, que se encuentra bajo un arco de medio punto con pilastras, data de principios del siglo XVII. Junto a la portada se encuentra la torre cuadrada levantada en el siglo XVI con tres cuerpos de mamposter\u00eda y siller\u00eda. Coronan la torre una balaustrada decorada con bolas (imagen 2). En su interior, nos encontramos con tres naves cubiertas por b\u00f3vedas de crucer\u00eda que se sustentan sobre grandes columnas cil\u00edndricas. Las capillas laterales, dedicadas a la Virgen, y la sacrist\u00eda, se realizaron a principios del siglo XVII.<\/p>\n<p style=\"text-align: justify\"><a href=\"\/es\/territorios\/itinerarios-regionales\/quijote\/una-novela-barroca\/\" title=\"Una novela barroca\">&lt;&lt;&lt;&#8212;p\u00e1gina precedente<\/a>&nbsp;&nbsp; <a href=\"\/es\/territorios\/itinerarios-regionales\/quijote\/los-molinos-de-viento\/\" title=\"Los molinos de viento\">p\u00e1gina siguiente&#8212;&gt;&gt;&gt;<\/a><\/p>\n<\/div>\n","protected":false},"excerpt":{"rendered":"<p>Tras las huellas de una doncella: El Toboso de Dulcinea Don Quijote dijo a su escudero: &#8220;As\u00ed que, Sancho, por lo que yo quiero a Dulcinea del Toboso, tanto vale como la m\u00e1s alta princesa de la tierra&#8221;. (Don Quijote de la Mancha, parte I,&hellip;<\/p>\n","protected":false},"author":1,"featured_media":0,"parent":7511,"menu_order":0,"comment_status":"closed","ping_status":"closed","template":"","meta":{"footnotes":""},"class_list":["post-6671","page","type-page","status-publish","hentry"],"_links":{"self":[{"href":"https:\/\/digitalhistory.unite.it\/es\/wp-json\/wp\/v2\/pages\/6671","targetHints":{"allow":["GET"]}}],"collection":[{"href":"https:\/\/digitalhistory.unite.it\/es\/wp-json\/wp\/v2\/pages"}],"about":[{"href":"https:\/\/digitalhistory.unite.it\/es\/wp-json\/wp\/v2\/types\/page"}],"author":[{"embeddable":true,"href":"https:\/\/digitalhistory.unite.it\/es\/wp-json\/wp\/v2\/users\/1"}],"replies":[{"embeddable":true,"href":"https:\/\/digitalhistory.unite.it\/es\/wp-json\/wp\/v2\/comments?post=6671"}],"version-history":[{"count":2,"href":"https:\/\/digitalhistory.unite.it\/es\/wp-json\/wp\/v2\/pages\/6671\/revisions"}],"predecessor-version":[{"id":12042,"href":"https:\/\/digitalhistory.unite.it\/es\/wp-json\/wp\/v2\/pages\/6671\/revisions\/12042"}],"up":[{"embeddable":true,"href":"https:\/\/digitalhistory.unite.it\/es\/wp-json\/wp\/v2\/pages\/7511"}],"wp:attachment":[{"href":"https:\/\/digitalhistory.unite.it\/es\/wp-json\/wp\/v2\/media?parent=6671"}],"curies":[{"name":"wp","href":"https:\/\/api.w.org\/{rel}","templated":true}]}}