{"id":6673,"date":"2021-08-20T00:03:51","date_gmt":"2021-08-19T22:03:51","guid":{"rendered":"https:\/\/digitalhistory.unite.it\/cervantes-en-alcazar-de-san-juan\/"},"modified":"2021-11-23T15:29:02","modified_gmt":"2021-11-23T14:29:02","slug":"cervantes-en-alcazar-de-san-juan","status":"publish","type":"page","link":"https:\/\/digitalhistory.unite.it\/es\/territorios\/itinerarios-regionales\/quijote\/cervantes-en-alcazar-de-san-juan\/","title":{"rendered":"Cervantes en Alc\u00e1zar de San Juan: una pol\u00e9mica de \u00e9poca barroca"},"content":{"rendered":"<h1>Cervantes en Alc\u00e1zar de San Juan: una pol\u00e9mica de \u00e9poca barroca <\/h1>\n<div class=\"testo\">\n<p style=\"text-align: justify\"><img loading=\"lazy\" decoding=\"async\" src=\"https:\/\/digitalhistory.unite.it\/wp-content\/uploads\/2021\/08\/imagen_6_251x172.jpg\" width=\"251\" height=\"172\" alt=\"Imagen 6\" align=\"left\">A la ciudad de <a href=\"\/es\/territorios\/itinerarios-regionales\/quijote\/los-molinos-de-viento\/alcazar-de-san-juan\/\" title=\"Alc\u00e1zar de San Juan\">Alc\u00e1zar de San Juan<\/a> (Ciudad Real) le rodea toda una pol\u00e9mica que arrastra desde \u00c9poca Moderna. No hab\u00eda duda de que el c\u00e9lebre autor de <a href=\"\/es\/territorios\/itinerarios-regionales\/quijote\/una-novela-barroca\/don-quijote-de-la-mancha\/\" title=\"Don Quijote de la Mancha\"><em>El Quijote<\/em><\/a>, <a href=\"\/es\/territorios\/itinerarios-urbanos\/alcala\/alcala-de-henares\/cervantes\/\" title=\"Cervantes\">Cervantes<\/a>, hab\u00eda nacido en <a href=\"\/es\/territorios\/itinerarios-urbanos\/valladolid\/universidad\/alcala-de-henares\/\" title=\"Alcal\u00e1 de Henares\">Alcal\u00e1 de Henares<\/a>, hasta que en 1748 apareci\u00f3 en la <a href=\"\/es\/territorios\/itinerarios-regionales\/quijote\/cervantes-en-alcazar-de-san-juan\/iglesia-santa-maria-la-mayor\/\" title=\"Iglesia Santa Mar\u00eda la Mayor\">Iglesia de Santa Mar\u00eda la Mayor de Alc\u00e1zar de San Juan<\/a> una partida de bautismo con el nombre y apellidos de Miguel de Cervantes Saavedra. Los defensores del origen alcazare\u00f1o de Cervantes se basaban en el conocimiento del municipio de Alc\u00e1zar de San Juan por parte del escritor, sin embargo, tras a\u00f1os de pol\u00e9mica se confirm\u00f3 que el Miguel de Cervantes alcazare\u00f1o no pod\u00eda ser el autor del <em>Quijote<\/em> por la fecha de nacimiento, el 9 de noviembre de 1558, pues habr\u00eda sido unos 11 a\u00f1os m\u00e1s joven (Cervantes naci\u00f3 en 1547) y los hechos de la vida del autor no coincidir\u00edan en fechas. As\u00ed, por ejemplo, en la <a href=\"#\" class=\"tooltip yellow-tooltip\">Batalla de Lepanto<span>Fue una batalla naval que tuvo lugar el 7 de octubre de 1571 y que enfrent\u00f3 a la Liga Santa (Monarqu\u00eda Hispana, Ducado de Saboya, el Papado, y las Rep\u00fablicas de Venecia y G\u00e9nova) contra el Imperio Otomano, con la victoria cristiana. Su importancia radicaba en el freno que supuso para la expansi\u00f3n otomana en Occidente.<\/span><\/a>, el Cervantes alcazare\u00f1o habr\u00eda sido demasiado joven. Todav\u00eda hoy existen f\u00e9rreos defensores de que Alc\u00e1zar de San Juan fue la patria chica de Cervantes, y las plazas, museos y monumentos de esta ciudad manchega recuerdan que la huella del <em>Quijote<\/em> est\u00e1 en la base de la cultura, el turismo (imagen 1 de la Plaza de Espa\u00f1a con Quijote y Sancho), la gastronom\u00eda y el paisaje de esta ciudad.<\/p>\n<p style=\"text-align: justify\"><img loading=\"lazy\" decoding=\"async\" src=\"https:\/\/digitalhistory.unite.it\/wp-content\/uploads\/2021\/08\/imagen_7_250x167.jpg\" width=\"250\" height=\"167\" alt=\"Imagen 7\" align=\"left\">En este sentido, es preciso destacar el Museo del Hidalgo, inaugurado en 2011, cuyo edificio es un palacio del siglo XVI restaurado, de dos plantas y con un patio central (imagen 2), que recrea los ambientes y artilugios de la vida <a href=\"\/es\/territorios\/itinerarios-regionales\/quijote\/una-novela-barroca\/la-mancha\/\" title=\"La Mancha\">manchega<\/a> de \u00e9poca quijotesca o barroca (el trabajo de los molinos, la importancia de la agricultura, las cocinas manchegas, los muebles barrocos, etc.).&nbsp;<\/p>\n<p style=\"text-align: justify\">Por \u00faltimo, es preciso destacar de esta localidad el Cerro de San Ant\u00f3n donde se sit\u00faan los molinos de viento, hoy restaurados, que recuerdan el episodio delirante de <em>Don Quijote<\/em> luchando contra sus enemigos los Gigantes, que no eran otros que los molinos de viento manchegos. En \u00e9poca barroca llegaron a existir hasta 20 molinos en este cerro alcazare\u00f1o, de ellos, s\u00f3lo se conservan 4. Este cerro se conoce como el &#8220;Mirador de La Mancha&#8221; porque desde su altura permite apreciar el paisaje manchego de colores amarillos y verdes dibujados por los campos de trigo y cebada, que poco, o nada, ha variado desde la \u00e9poca quijotesca hasta nuestros d\u00edas.<\/p>\n<p style=\"text-align: justify\"><a href=\"\/es\/territorios\/itinerarios-regionales\/quijote\/los-molinos-de-viento\/\" title=\"Los molinos de viento\">&lt;&lt;&lt;&#8212;p\u00e1gina precedente<\/a>&nbsp;&nbsp; <a href=\"\/es\/territorios\/itinerarios-regionales\/quijote\/fiestas-de-madridejos\/\" title=\"Fiestas de Madridejos\">p\u00e1gina siguiente&#8212;&gt;&gt;&gt;<\/a><\/p>\n<\/p><\/div>\n<p><\/p>\n","protected":false},"excerpt":{"rendered":"<p>Cervantes en Alc\u00e1zar de San Juan: una pol\u00e9mica de \u00e9poca barroca A la ciudad de Alc\u00e1zar de San Juan (Ciudad Real) le rodea toda una pol\u00e9mica que arrastra desde \u00c9poca Moderna. No hab\u00eda duda de que el c\u00e9lebre autor de El Quijote, Cervantes, hab\u00eda nacido&hellip;<\/p>\n","protected":false},"author":1,"featured_media":0,"parent":7511,"menu_order":0,"comment_status":"closed","ping_status":"closed","template":"","meta":{"footnotes":""},"class_list":["post-6673","page","type-page","status-publish","hentry"],"_links":{"self":[{"href":"https:\/\/digitalhistory.unite.it\/es\/wp-json\/wp\/v2\/pages\/6673","targetHints":{"allow":["GET"]}}],"collection":[{"href":"https:\/\/digitalhistory.unite.it\/es\/wp-json\/wp\/v2\/pages"}],"about":[{"href":"https:\/\/digitalhistory.unite.it\/es\/wp-json\/wp\/v2\/types\/page"}],"author":[{"embeddable":true,"href":"https:\/\/digitalhistory.unite.it\/es\/wp-json\/wp\/v2\/users\/1"}],"replies":[{"embeddable":true,"href":"https:\/\/digitalhistory.unite.it\/es\/wp-json\/wp\/v2\/comments?post=6673"}],"version-history":[{"count":2,"href":"https:\/\/digitalhistory.unite.it\/es\/wp-json\/wp\/v2\/pages\/6673\/revisions"}],"predecessor-version":[{"id":12035,"href":"https:\/\/digitalhistory.unite.it\/es\/wp-json\/wp\/v2\/pages\/6673\/revisions\/12035"}],"up":[{"embeddable":true,"href":"https:\/\/digitalhistory.unite.it\/es\/wp-json\/wp\/v2\/pages\/7511"}],"wp:attachment":[{"href":"https:\/\/digitalhistory.unite.it\/es\/wp-json\/wp\/v2\/media?parent=6673"}],"curies":[{"name":"wp","href":"https:\/\/api.w.org\/{rel}","templated":true}]}}