{"id":6674,"date":"2021-08-20T00:03:51","date_gmt":"2021-08-19T22:03:51","guid":{"rendered":"https:\/\/digitalhistory.unite.it\/fiestas-de-madridejos\/"},"modified":"2021-11-23T15:29:02","modified_gmt":"2021-11-23T14:29:02","slug":"fiestas-de-madridejos","status":"publish","type":"page","link":"https:\/\/digitalhistory.unite.it\/es\/territorios\/itinerarios-regionales\/quijote\/fiestas-de-madridejos\/","title":{"rendered":"Regreso a la \u00e9poca barroca de Don Quijote: las fiestas de Madridejos (Castilla La Mancha)"},"content":{"rendered":"<h1>Regreso a la \u00e9poca barroca de Don Quijote: las fiestas de Madridejos (Castilla La Mancha) <\/h1>\n<div class=\"testo\">\n<p style=\"text-align: justify\">&#8220;En un lugar de la Mancha, de cuyo nombre no quiero acordarme, no ha mucho tiempo que viv\u00eda un hidalgo de los de lanza en astillero, adarga antigua, roc\u00edn flaco y galgo corredor&#8221; (<em>Don Quijote de la Mancha<\/em>, parte I, cap. I).<\/p>\n<p style=\"text-align: justify\">Las delirantes aventuras del <a href=\"\/es\/territorios\/itinerarios-regionales\/quijote\/una-novela-barroca\/don-quijote-de-la-mancha\/\" title=\"Don Quijote de la Mancha\"><em>Ingenioso Hidalgo Don Quijote de la Mancha<\/em><\/a> sirven de tel\u00f3n de fondo para celebrar las fiestas locales de algunos pueblos de <a href=\"\/es\/territorios\/itinerarios-regionales\/quijote\/una-novela-barroca\/la-mancha\/\" title=\"La Mancha\">la Mancha<\/a> tales como <a href=\"\/es\/territorios\/itinerarios-regionales\/quijote\/los-molinos-de-viento\/madridejos\/\" title=\"Madridejos\">Madridejos<\/a>, el Toboso o <a href=\"\/es\/territorios\/itinerarios-regionales\/quijote\/los-molinos-de-viento\/alcazar-de-san-juan\/\" title=\"Alc\u00e1zar de San Juan\">Alc\u00e1zar de San Juan<\/a>. Se trata de lugares que guardan alg\u00fan v\u00ednculo con la novela quijotesca, bien por ser el lugar de nacimiento de alguno de los personajes como Dulcinea con el Toboso, bien porque el municipio conserva gigantes molinos restaurados, iguales a los que se enfrentaba don Quijote en la novela, como es el caso de Madridejos.<\/p>\n<p style=\"text-align: justify\">En Madridejos, las fiestas quijotescas, en su IX edici\u00f3n, han durado un total de tres d\u00edas (28-30 junio 2013), durante los cuales se han realizado numerosas actividades como la representaci\u00f3n de fragmentos de <em>El Quijote<\/em> u otras obras del teatro barroco espa\u00f1ol. Asimismo, a modo de mercado barroco, como se observa en el video, cada a\u00f1o, los vecinos de esta localidad representan las diferentes labores o gremios, con vestimenta y utensilios de \u00e9poca moderna (carpinteros, herreros, taberneros, ceramistas, etc.). De vez en cuando, recorren los puestos del mercado, personajes salidos del <em>Quijote<\/em> como Sancho Panza, <a href=\"#\" class=\"tooltip yellow-tooltip\">Dulcinea<span>Es el personaje femenino del que se enamora Don Quijote de la Mancha en la c\u00e9lebre obra cervantina. Ella vive con sus padres Lorenzo Corchuelo y Aldonza Nogales en la villa del Toboso, localidad de la Mancha, y su descripci\u00f3n es la de una joven de gran belleza que labra los campos, pero en la imaginaci\u00f3n del hidalgo don Quijote, enamorado de su figura, es una dama de ilustre linaje.<\/span><\/a>, molineros de la \u00e9poca, mercaderes, etc. Una de las actividades m\u00e1s representativas de la \u00e9poca de <em>El Quijote<\/em> era la pr\u00e1ctica del &#8220;encaje de bolillos&#8221;, que es una t\u00e9cnica de tejido por la que se decora una tela entrecruzando hilos hasta dar forma a flores u otros ornamentos, ayud\u00e1ndose de unos contrapesos cil\u00edndricos de madera que se denominan bolillos. Es una tarea lenta, laboriosa y complicada. Todav\u00eda hoy se discute el origen de esta pr\u00e1ctica del mediterr\u00e1neo antiguo, lo que s\u00ed se puede afirmar es que en los siglos XVI y XVII se populariz\u00f3 en La Mancha, hasta que la llegada del siglo XVIII, con sus innovaciones textiles y su nueva maquinaria, rest\u00f3 protagonismo a esta labor de artesan\u00eda femenina. Tambi\u00e9n los bailes son parte importante de estas fiestas, siendo la &#8220;jota castellano manchega&#8221; la protagonista indiscutible de la celebraci\u00f3n. Su baile, compuesto de saltos peque\u00f1os coordinados en pareja, suele acompa\u00f1ar a una m\u00fasica compuesta por una letra que ridiculiza las historias de amor con gran sentido de humor, como se puede comprobar en el video.<\/p>\n<p style=\"text-align: justify\"><a href=\"\/es\/territorios\/itinerarios-regionales\/quijote\/cervantes-en-alcazar-de-san-juan\/\" title=\"Cervantes en Alc\u00e1zar de San Juan\">&lt;&lt;&lt;&#8212;p\u00e1gina precedente<\/a>&nbsp;&nbsp; <a href=\"\/es\/territorios\/itinerarios-regionales\/\" title=\"Itinerarios regionales\">\u00cdndice&#8212;&gt;&gt;&gt;<\/a><\/p>\n<\/p><\/div>\n<p><\/p>\n","protected":false},"excerpt":{"rendered":"<p>Regreso a la \u00e9poca barroca de Don Quijote: las fiestas de Madridejos (Castilla La Mancha) &#8220;En un lugar de la Mancha, de cuyo nombre no quiero acordarme, no ha mucho tiempo que viv\u00eda un hidalgo de los de lanza en astillero, adarga antigua, roc\u00edn flaco&hellip;<\/p>\n","protected":false},"author":1,"featured_media":0,"parent":7511,"menu_order":0,"comment_status":"closed","ping_status":"closed","template":"","meta":{"footnotes":""},"class_list":["post-6674","page","type-page","status-publish","hentry"],"_links":{"self":[{"href":"https:\/\/digitalhistory.unite.it\/es\/wp-json\/wp\/v2\/pages\/6674","targetHints":{"allow":["GET"]}}],"collection":[{"href":"https:\/\/digitalhistory.unite.it\/es\/wp-json\/wp\/v2\/pages"}],"about":[{"href":"https:\/\/digitalhistory.unite.it\/es\/wp-json\/wp\/v2\/types\/page"}],"author":[{"embeddable":true,"href":"https:\/\/digitalhistory.unite.it\/es\/wp-json\/wp\/v2\/users\/1"}],"replies":[{"embeddable":true,"href":"https:\/\/digitalhistory.unite.it\/es\/wp-json\/wp\/v2\/comments?post=6674"}],"version-history":[{"count":2,"href":"https:\/\/digitalhistory.unite.it\/es\/wp-json\/wp\/v2\/pages\/6674\/revisions"}],"predecessor-version":[{"id":12041,"href":"https:\/\/digitalhistory.unite.it\/es\/wp-json\/wp\/v2\/pages\/6674\/revisions\/12041"}],"up":[{"embeddable":true,"href":"https:\/\/digitalhistory.unite.it\/es\/wp-json\/wp\/v2\/pages\/7511"}],"wp:attachment":[{"href":"https:\/\/digitalhistory.unite.it\/es\/wp-json\/wp\/v2\/media?parent=6674"}],"curies":[{"name":"wp","href":"https:\/\/api.w.org\/{rel}","templated":true}]}}