{"id":6675,"date":"2021-08-20T00:03:51","date_gmt":"2021-08-19T22:03:51","guid":{"rendered":"https:\/\/digitalhistory.unite.it\/denia\/"},"modified":"2021-11-23T17:45:12","modified_gmt":"2021-11-23T16:45:12","slug":"denia","status":"publish","type":"page","link":"https:\/\/digitalhistory.unite.it\/es\/territorios\/itinerarios-regionales\/duque-de-lerma\/denia\/","title":{"rendered":"Denia y el ascenso de su marqu\u00e9s"},"content":{"rendered":"<h1>Denia y el ascenso de su marqu\u00e9s <\/h1>\n<div class=\"testo\">\n<p style=\"text-align: justify\"><img loading=\"lazy\" decoding=\"async\" src=\"https:\/\/digitalhistory.unite.it\/wp-content\/uploads\/2021\/08\/duca_di_lerma_251x201.jpg\" width=\"251\" height=\"201\" alt=\"Duca di Lerma\" align=\"left\">Francisco G\u00f3mez de Sandoval y Rojas naci\u00f3 en <a href=\"#\" class=\"tooltip yellow-tooltip\">Tordesillas<span>Tordesillas es una ciudad situada en la actual provincia de Castilla y Le\u00f3n, en la provincia de Valladolid. Fue conocida por el Tratado de Tordesillas (1494) entre la Corona de Castilla y Portugal, que dividi\u00f3 el mundo extra-europeo entre las dos grandes potencias coloniales de la \u00e9poca. En el castillo de Tordesillas fue recluida Juana la Loca (1479-1555), soberana de Castilla y madre de Carlos V.<\/span><\/a> en 1553, siendo heredero de una de las familias nobiliarias m\u00e1s antiguas y prestigiosas de la Pen\u00ednsula Ib\u00e9rica. Sin embargo, a ra\u00edz de las luchas din\u00e1sticas que hab\u00edan dividido el reino de Castilla en el siglo XV, los Sandoval hab\u00edan perdido la mayor parte de sus posesiones, conservando s\u00f3lo las propiedades de la <a href=\"\/es\/territorios\/itinerarios-regionales\/duque-de-lerma\/denia\/reino-de-aragon\/\" title=\"Reino de Arag\u00f3n\">Corona de Arag\u00f3n<\/a>. En <a href=\"\/es\/territorios\/itinerarios-regionales\/duque-de-lerma\/denia\/denia\/\" title=\"Denia\">Denia<\/a>, en el <a href=\"\/es\/territorios\/itinerarios-regionales\/duque-de-lerma\/denia\/reino-de-valencia\/\" title=\"Reino de Valencia\">reino de Valencia<\/a>, se incorpor\u00f3 a la familia el t\u00edtulo principal, el marquesado, pero la recuperaci\u00f3n de los t\u00edtulos y del patrimonio perdido en el siglo anterior constituy\u00f3 un objetivo constante de la conducta pol\u00edtica de don Francisco, V marqu\u00e9s de Denia. Ser <a href=\"#\" class=\"tooltip yellow-tooltip\">Grande de Espa\u00f1a<span>La Grandeza de Espa\u00f1a constituye el m\u00e1ximo honor reservado a la nobleza espa\u00f1ola. Ven\u00eda concedida por el rey, generalmente junto a un t\u00edtulo nobiliario, y pod\u00eda ser hereditaria y vitalicia. Su antiguo origen la sit\u00faa en el periodo de la monarqu\u00eda visigoda. Carlos V concedi\u00f3 tal dignidad, unida a varios derechos y prerrogativas, a los miembros de la aristocracia castellana que le fueron fieles durante la revuelta de los comuneros (1520-1521).<\/span><\/a> le dio la posibilidad de tener acceso a las estancias privadas del monarca y su familia, y as\u00ed fue c\u00f3mo el marqu\u00e9s fue capaz de acercarse y ganarse, en poco tiempo, la confianza y el afecto del heredero al trono, el futuro <a href=\"\/es\/territorios\/itinerarios-urbanos\/valladolid\/iglesia-de-san-pablo\/felipe-iii\/\" title=\"Felipe III\">Felipe III<\/a>. La estrecha relaci\u00f3n con el pr\u00edncipe, reforzada por la continua cercan\u00eda y el compartir pasiones, h\u00e1bitos, y alg\u00fan que otro vicio, levant\u00f3 el recelo del anciano rey, <a href=\"\/es\/territorios\/itinerarios-urbanos\/valladolid\/iglesia-de-san-pablo\/felipe-ii\/\" title=\"Felipe II\">Felipe II<\/a>, y los hombres que le rodeaban en sus \u00faltimos a\u00f1os de reinado. Con el objetivo de alejarlo de su joven e inexperto heredero, el rey nombr\u00f3 al marqu\u00e9s de Denia como virrey de <a href=\"\/es\/territorios\/itinerarios-internacionales\/los-genoveses-entre-italia-y-espana-en-epoca-barroca\/los-genoveses-en-el-puerto-de-cadiz-siglo-xvii\/valencia\/\" title=\"Valencia\">Valencia<\/a>, en 1595. En los dos a\u00f1os siguientes, el nuevo virrey pudo estar cerca de sus posesiones valencianas, fortaleciendo su delicada situaci\u00f3n financiera y preocup\u00e1ndose, al mismo tiempo, de mantener una estrecha relaci\u00f3n con el pr\u00edncipe, mediante los parientes y aliados que permanec\u00edan en la <a href=\"\/es\/territorios\/itinerarios-urbanos\/valladolid\/iglesia-de-san-pablo\/corte\/\" title=\"Corte\">corte<\/a>. De regreso a <a href=\"\/es\/territorios\/itinerarios-urbanos\/valladolid\/iglesia-de-san-pablo\/madrid\/\" title=\"Madrid\">Madrid<\/a>, en 1597, por supuestas razones de salud, Denia se impuso definitivamente como favorito del futuro rey. El nombramiento de caballerizo mayor, junto al cargo cortesano de primer acompa\u00f1ante del pr\u00edncipe en sus salidas a caballo, le afianz\u00f3 pol\u00edticamente. El 13 de septiembre de 1598, el d\u00eda de la muerte de Felipe II, marc\u00f3 el inicio de una nueva etapa en la historia de la Monarqu\u00eda espa\u00f1ola.<\/p>\n<p style=\"text-align: justify\"><a href=\"\/es\/territorios\/itinerarios-regionales\/\" title=\"Itinerarios regionales\">&lt;&lt;&lt;&#8212;\u00cdndice<\/a><span>&nbsp;&nbsp;&nbsp;<\/span> <a href=\"\/es\/territorios\/itinerarios-regionales\/duque-de-lerma\/lerma\/\" title=\"Lerma\">p\u00e1gina siguiente&#8212;&gt;&gt;&gt;<\/a><a href=\"\/es\/territorios\/itinerarios-regionales\/plazas-mayores\/la-reconstruccion-de-la-plaza-mayor-de-valladolid\/\" title=\"La reconstrucci\u00f3n de la Plaza Mayor de Valladolid\"><\/a><\/p>\n<\/p><\/div>\n<p><\/p>\n","protected":false},"excerpt":{"rendered":"<p>Denia y el ascenso de su marqu\u00e9s Francisco G\u00f3mez de Sandoval y Rojas naci\u00f3 en TordesillasTordesillas es una ciudad situada en la actual provincia de Castilla y Le\u00f3n, en la provincia de Valladolid. Fue conocida por el Tratado de Tordesillas (1494) entre la Corona de&hellip;<\/p>\n","protected":false},"author":1,"featured_media":0,"parent":7520,"menu_order":0,"comment_status":"closed","ping_status":"closed","template":"","meta":{"footnotes":""},"class_list":["post-6675","page","type-page","status-publish","hentry"],"_links":{"self":[{"href":"https:\/\/digitalhistory.unite.it\/es\/wp-json\/wp\/v2\/pages\/6675","targetHints":{"allow":["GET"]}}],"collection":[{"href":"https:\/\/digitalhistory.unite.it\/es\/wp-json\/wp\/v2\/pages"}],"about":[{"href":"https:\/\/digitalhistory.unite.it\/es\/wp-json\/wp\/v2\/types\/page"}],"author":[{"embeddable":true,"href":"https:\/\/digitalhistory.unite.it\/es\/wp-json\/wp\/v2\/users\/1"}],"replies":[{"embeddable":true,"href":"https:\/\/digitalhistory.unite.it\/es\/wp-json\/wp\/v2\/comments?post=6675"}],"version-history":[{"count":2,"href":"https:\/\/digitalhistory.unite.it\/es\/wp-json\/wp\/v2\/pages\/6675\/revisions"}],"predecessor-version":[{"id":12018,"href":"https:\/\/digitalhistory.unite.it\/es\/wp-json\/wp\/v2\/pages\/6675\/revisions\/12018"}],"up":[{"embeddable":true,"href":"https:\/\/digitalhistory.unite.it\/es\/wp-json\/wp\/v2\/pages\/7520"}],"wp:attachment":[{"href":"https:\/\/digitalhistory.unite.it\/es\/wp-json\/wp\/v2\/media?parent=6675"}],"curies":[{"name":"wp","href":"https:\/\/api.w.org\/{rel}","templated":true}]}}