{"id":6676,"date":"2021-08-20T00:03:52","date_gmt":"2021-08-19T22:03:52","guid":{"rendered":"https:\/\/digitalhistory.unite.it\/lerma\/"},"modified":"2021-11-23T17:45:12","modified_gmt":"2021-11-23T16:45:12","slug":"lerma","status":"publish","type":"page","link":"https:\/\/digitalhistory.unite.it\/es\/territorios\/itinerarios-regionales\/duque-de-lerma\/lerma\/","title":{"rendered":"Lerma y el inicio del valimiento"},"content":{"rendered":"<h1>Lerma y el inicio del valimiento <\/h1>\n<div class=\"testo\">\n<p style=\"text-align: justify\"><img loading=\"lazy\" decoding=\"async\" src=\"https:\/\/digitalhistory.unite.it\/wp-content\/uploads\/2021\/08\/palacio_ducal_lerma__fileminimizer__278x185.jpg\" width=\"278\" height=\"185\" alt=\"Palazzo ducale\" align=\"left\">El reinado de <a href=\"\/es\/territorios\/itinerarios-urbanos\/valladolid\/iglesia-de-san-pablo\/felipe-iii\/\" title=\"Felipe III\">Felipe III<\/a> se mostr\u00f3 pronto muy diferente al de su predecesor. El marqu\u00e9s de <a href=\"\/es\/territorios\/itinerarios-regionales\/duque-de-lerma\/denia\/denia\/\" title=\"Denia\">Denia<\/a>, confirmado como Caballerizo mayor del rey, tambi\u00e9n asumi\u00f3 el cargo de Camarero mayor, que le dio la oportunidad de asistir al rey en todo momento y a sus actividades del d\u00eda. A partir de 1599, tambi\u00e9n se le concedi\u00f3 el t\u00edtulo nobiliario con el que fue universalmente conocido, el de duque de <a href=\"\/es\/territorios\/itinerarios-regionales\/duque-de-lerma\/lerma\/lerma\/\" title=\"Lerma\">Lerma<\/a>, relacionado con una de las pocas posesiones castellanas que el clan Sandoval hab\u00eda mantenido despu\u00e9s del rev\u00e9s del siglo XV. Pero, sobre todo, con el comienzo del reinado de Felipe III se inaugur\u00f3 un nuevo modelo de gobierno de la Monarqu\u00eda espa\u00f1ola, basado no en la autoridad del soberano, sino en el poder de su favorito. El valido, como fueron definidos Lerma y sus sucesores en el mismo papel, se convirti\u00f3 en el foco real de la maquinaria del gobierno y el \u00fanico distribuidor indiscutible de la gracia regia. Un rey joven y todav\u00eda poco interesado en los asuntos de gobierno hab\u00edan hecho que delegara en su favorito gran parte de su poder, sobre todo para hablar y actuar en nombre del leg\u00edtimo soberano y de firmar en su lugar los documentos de Estado. De este modo, Lerma se impuso como el \u00fanico intermediario entre el rey y el farragoso <a href=\"\/es\/territorios\/itinerarios-regionales\/duque-de-lerma\/lerma\/sistema-de-consejos\/\" title=\"Sistema de Consejos\">sistema de Consejos<\/a>, los consejos encargados de apoyar al monarca en la actividad de gobierno y pronto privados de poder real por parte del favorito a trav\u00e9s de la creaci\u00f3n de comisiones <em>ad hoc<\/em>, <a href=\"\/es\/territorios\/itinerarios-regionales\/duque-de-lerma\/lerma\/las-juntas\/\" title=\"Las Juntas\">las juntas<\/a>. Colocando familiares u hombres leales a \u00e9l tanto en los Consejos como en las juntas, Lerma se asegur\u00f3 el control del gobierno de la Monarqu\u00eda y tom\u00f3 sobre s\u00ed todas las decisiones m\u00e1s importantes de la pol\u00edtica econ\u00f3mica, militar e interna. La distribuci\u00f3n de honores y mercedes entre sus amigos y aliados, con exclusi\u00f3n de cualquier oponente potencial, constituye una herramienta fundamental para la construcci\u00f3n de un gobierno en manos de &#8220;una \u00fanica facci\u00f3n&#8221;, en la que todas las posibilidades de ascenso social y pol\u00edtico se les negaron a los que no eran aliados del valido o dependientes de su poder. (foto: el palacio ducal de Lerma).<\/p>\n<p style=\"text-align: justify\"><a href=\"\/es\/territorios\/itinerarios-regionales\/duque-de-lerma\/denia\/\" title=\"Denia\">&lt;&lt;&lt;&#8212;p\u00e1gina precedente<\/a><span>&nbsp;&nbsp;&nbsp;<\/span> <a href=\"\/es\/territorios\/itinerarios-regionales\/duque-de-lerma\/valladolid\/\" title=\"Valladolid\">p\u00e1gina siguiente&#8212;&gt;&gt;&gt;<\/a><a href=\"\/es\/territorios\/itinerarios-regionales\/plazas-mayores\/la-plaza-mayor-de-madrid\/\" title=\"La Plaza Mayor de Madrid\"><\/a><\/p>\n<\/p><\/div>\n<p><\/p>\n","protected":false},"excerpt":{"rendered":"<p>Lerma y el inicio del valimiento El reinado de Felipe III se mostr\u00f3 pronto muy diferente al de su predecesor. El marqu\u00e9s de Denia, confirmado como Caballerizo mayor del rey, tambi\u00e9n asumi\u00f3 el cargo de Camarero mayor, que le dio la oportunidad de asistir al&hellip;<\/p>\n","protected":false},"author":1,"featured_media":0,"parent":7520,"menu_order":0,"comment_status":"closed","ping_status":"closed","template":"","meta":{"footnotes":""},"class_list":["post-6676","page","type-page","status-publish","hentry"],"_links":{"self":[{"href":"https:\/\/digitalhistory.unite.it\/es\/wp-json\/wp\/v2\/pages\/6676","targetHints":{"allow":["GET"]}}],"collection":[{"href":"https:\/\/digitalhistory.unite.it\/es\/wp-json\/wp\/v2\/pages"}],"about":[{"href":"https:\/\/digitalhistory.unite.it\/es\/wp-json\/wp\/v2\/types\/page"}],"author":[{"embeddable":true,"href":"https:\/\/digitalhistory.unite.it\/es\/wp-json\/wp\/v2\/users\/1"}],"replies":[{"embeddable":true,"href":"https:\/\/digitalhistory.unite.it\/es\/wp-json\/wp\/v2\/comments?post=6676"}],"version-history":[{"count":2,"href":"https:\/\/digitalhistory.unite.it\/es\/wp-json\/wp\/v2\/pages\/6676\/revisions"}],"predecessor-version":[{"id":12026,"href":"https:\/\/digitalhistory.unite.it\/es\/wp-json\/wp\/v2\/pages\/6676\/revisions\/12026"}],"up":[{"embeddable":true,"href":"https:\/\/digitalhistory.unite.it\/es\/wp-json\/wp\/v2\/pages\/7520"}],"wp:attachment":[{"href":"https:\/\/digitalhistory.unite.it\/es\/wp-json\/wp\/v2\/media?parent=6676"}],"curies":[{"name":"wp","href":"https:\/\/api.w.org\/{rel}","templated":true}]}}