{"id":6677,"date":"2021-08-20T00:03:52","date_gmt":"2021-08-19T22:03:52","guid":{"rendered":"https:\/\/digitalhistory.unite.it\/valladolid\/"},"modified":"2021-11-23T17:45:12","modified_gmt":"2021-11-23T16:45:12","slug":"valladolid","status":"publish","type":"page","link":"https:\/\/digitalhistory.unite.it\/es\/territorios\/itinerarios-regionales\/duque-de-lerma\/valladolid\/","title":{"rendered":"Valladolid y el traslado de la corte"},"content":{"rendered":"<h1>Valladolid y el traslado de la corte <\/h1>\n<div class=\"testo\">\n<p style=\"text-align: justify\"><img loading=\"lazy\" decoding=\"async\" src=\"https:\/\/digitalhistory.unite.it\/wp-content\/uploads\/2021\/08\/img_0936_226x340.jpg\" width=\"226\" height=\"340\" alt=\"Iglesia de San Pablo\" align=\"left\">Una de las manifestaciones del poder del duque de Lerma fue el desplazamiento de la <a href=\"\/es\/territorios\/itinerarios-urbanos\/valladolid\/iglesia-de-san-pablo\/corte\/\" title=\"Corte\">corte<\/a>, por \u00e9l deseado, de <a href=\"\/es\/territorios\/itinerarios-urbanos\/valladolid\/iglesia-de-san-pablo\/madrid\/\" title=\"Madrid\">Madrid<\/a> a <a href=\"\/es\/territorios\/itinerarios-urbanos\/valladolid\/iglesia-de-san-pablo\/valladolid\/\" title=\"Valladolid\">Valladolid<\/a>. La ciudad elegida por <a href=\"\/es\/territorios\/itinerarios-urbanos\/valladolid\/iglesia-de-san-pablo\/felipe-ii\/\" title=\"Felipe II\">Felipe II<\/a> como la sede permanente de la Corte, a saber, Madrid, sufr\u00eda desde hac\u00eda tiempo algunos problemas, sobre todo de superpoblaci\u00f3n y creciente caos urbano. Sin embargo, la decisi\u00f3n de trasladar la corte a otra ciudad como era Valladolid -que resultaba problem\u00e1tica por ser demasiado peque\u00f1a y mal equipada para acoger una corte real-, se debi\u00f3 principalmente a la voluntad del favorito del rey. Valladolid, de hecho, estaba muy cerca de las posesiones castellanas del duque, incluida la propia <a href=\"\/es\/territorios\/itinerarios-regionales\/duque-de-lerma\/lerma\/lerma\/\" title=\"Lerma\">Lerma<\/a>, y en la ciudad del Pisuerga el valido pod\u00eda contar con una amplia red de contactos. Natural de Valladolid era, por ejemplo, <a href=\"\/es\/territorios\/itinerarios-regionales\/duque-de-lerma\/valladolid\/rodrigo-calderon\/\" title=\"Rodrigo Calder\u00f3n\">Rodrigo Calder\u00f3n<\/a>, uno de los m\u00e1s cercanos y leales clientes del duque. En los a\u00f1os de alejamiento de Madrid (1601-1606), Lerma fue capaz de aislar a\u00fan m\u00e1s el rey de la corte, controlando los accesos al palacio y tambi\u00e9n limitando el contacto entre los reyes y los miembros de la familia real que se hab\u00edan mostrado m\u00e1s hostiles al gobierno del valido, entre ellos, la <a href=\"#\" class=\"tooltip yellow-tooltip\">emperatriz Mar\u00eda de Austria<span>Mar\u00eda de Austria (1528-1603), hija mayor de Carlos V e Isabel de Portugal, se cas\u00f3 con su primo Maximiliano II emperador. Cuando en 1574 falleci\u00f3 su marido, la emperatriz volvi\u00f3 a Madrid junto a una de sus hijas, Margarita. En Madrid, ambas mujeres entraron en las Descalzas Reales, fundaci\u00f3n de su hermana Juana. Desde el convento, siempre mantuvo correspondencia con sus hijos, los emperadores Rodolfo II y Mat\u00edas I, actuando como nexo de uni\u00f3n entre el Imperio y la Monarqu\u00eda Hispana.<\/span><\/a> y la misma esposa del rey, <a href=\"\/es\/territorios\/itinerarios-regionales\/monasterios\/el-monasterio-de-las-descalzas-reales\/margarita-de-austria\/\" title=\"Margarita de Austria\">Margarita de Austria<\/a>. Antes de que la corte regresara a Madrid en 1606, Lerma exhibi\u00f3 al m\u00e1ximo el nuevo estilo de grandeza que caracterizaba la vida p\u00fablica en tiempos de <a href=\"\/es\/territorios\/itinerarios-urbanos\/valladolid\/iglesia-de-san-pablo\/felipe-iii\/\" title=\"Felipe III\">Felipe III<\/a>, respecto a los a\u00f1os de austeridad mon\u00e1stica que se vivieron durante los \u00faltimos a\u00f1os del reinado de Felipe II. Las dos ocasiones principales de celebraci\u00f3n y espectacularidad barroca en la que Lerma desempe\u00f1\u00f3 el papel de aut\u00e9ntico protagonista de la vida cortesana fueron llevadas a escena, como en un teatro, en 1605: el bautismo del pr\u00edncipe, el futuro <a href=\"\/es\/territorios\/itinerarios-urbanos\/valladolid\/iglesia-de-san-pablo\/felipe-iv\/\" title=\"Felipe IV\">Felipe IV<\/a>, y la visita del conde de Nottingham, que lleg\u00f3 para ratificar el <a href=\"#\" class=\"tooltip yellow-tooltip\">tratado de paz<span>Como cierre de una larga guerra iniciada en 1585 entre la Inglaterra de Isabel I (1533-1603) y la Espa\u00f1a de Felipe II (1527-1598), se lleg\u00f3 a un acuerdo por medio de un tratado de paz el 28 de agosto de 1604. El tratado fue deseado por los dos monarcas que en ese momento estaban en el trono: Jacobo I (1566-1625) en Londres y Felipe III (1578-1621) en Madrid.<\/span><\/a> firmado entre la Monarqu\u00eda espa\u00f1ola y la Corona de Inglaterra, el a\u00f1o anterior. (foto: la Iglesia de San Pablo de Valladolid).&nbsp;<\/p>\n<p style=\"text-align: justify\"><a href=\"\/es\/territorios\/itinerarios-regionales\/duque-de-lerma\/lerma\/\" title=\"Lerma\">&lt;&lt;&lt;&#8212;p\u00e1gina precedente<\/a><span>&nbsp;&nbsp;<\/span> &nbsp;<a href=\"\/es\/territorios\/itinerarios-regionales\/duque-de-lerma\/ventosilla\/\" title=\"Ventosilla\">p\u00e1gina siguiente&#8212;&gt;&gt;&gt;<\/a>&nbsp;<\/p>\n<\/p><\/div>\n<p><\/p>\n","protected":false},"excerpt":{"rendered":"<p>Valladolid y el traslado de la corte Una de las manifestaciones del poder del duque de Lerma fue el desplazamiento de la corte, por \u00e9l deseado, de Madrid a Valladolid. La ciudad elegida por Felipe II como la sede permanente de la Corte, a saber,&hellip;<\/p>\n","protected":false},"author":1,"featured_media":0,"parent":7520,"menu_order":0,"comment_status":"closed","ping_status":"closed","template":"","meta":{"footnotes":""},"class_list":["post-6677","page","type-page","status-publish","hentry"],"_links":{"self":[{"href":"https:\/\/digitalhistory.unite.it\/es\/wp-json\/wp\/v2\/pages\/6677","targetHints":{"allow":["GET"]}}],"collection":[{"href":"https:\/\/digitalhistory.unite.it\/es\/wp-json\/wp\/v2\/pages"}],"about":[{"href":"https:\/\/digitalhistory.unite.it\/es\/wp-json\/wp\/v2\/types\/page"}],"author":[{"embeddable":true,"href":"https:\/\/digitalhistory.unite.it\/es\/wp-json\/wp\/v2\/users\/1"}],"replies":[{"embeddable":true,"href":"https:\/\/digitalhistory.unite.it\/es\/wp-json\/wp\/v2\/comments?post=6677"}],"version-history":[{"count":2,"href":"https:\/\/digitalhistory.unite.it\/es\/wp-json\/wp\/v2\/pages\/6677\/revisions"}],"predecessor-version":[{"id":12031,"href":"https:\/\/digitalhistory.unite.it\/es\/wp-json\/wp\/v2\/pages\/6677\/revisions\/12031"}],"up":[{"embeddable":true,"href":"https:\/\/digitalhistory.unite.it\/es\/wp-json\/wp\/v2\/pages\/7520"}],"wp:attachment":[{"href":"https:\/\/digitalhistory.unite.it\/es\/wp-json\/wp\/v2\/media?parent=6677"}],"curies":[{"name":"wp","href":"https:\/\/api.w.org\/{rel}","templated":true}]}}