{"id":6678,"date":"2021-08-20T00:03:52","date_gmt":"2021-08-19T22:03:52","guid":{"rendered":"https:\/\/digitalhistory.unite.it\/ventosilla\/"},"modified":"2021-11-23T17:45:13","modified_gmt":"2021-11-23T16:45:13","slug":"ventosilla","status":"publish","type":"page","link":"https:\/\/digitalhistory.unite.it\/es\/territorios\/itinerarios-regionales\/duque-de-lerma\/ventosilla\/","title":{"rendered":"Ventosilla, la plaza de san Pablo y la Casa de la Ribera"},"content":{"rendered":"<h1>Ventosilla, la plaza de san Pablo y la Casa de la Ribera <\/h1>\n<div class=\"testo\">\n<p style=\"text-align: justify\"><img loading=\"lazy\" decoding=\"async\" src=\"https:\/\/digitalhistory.unite.it\/wp-content\/uploads\/2021\/08\/colegiata_de_san_pedro_fachada__fileminimizer__226x339.jpg\" width=\"226\" height=\"339\" alt=\"Colegiata de San Pedro facciata\" align=\"left\">Las salidas a caballo, y, en particular, las batidas de caza fueron el pasatiempo favorito de <a href=\"\/es\/territorios\/itinerarios-urbanos\/valladolid\/iglesia-de-san-pablo\/felipe-iii\/\" title=\"Felipe III\">Felipe III<\/a>. Su habilidad innata y su gran resistencia f\u00edsica le hicieron, seg\u00fan la opini\u00f3n un\u00e1nime de los testigos de la \u00e9poca, un gran caballero. El duque de Lerma, en su oficio de caballerizo mayor, estaba siempre al lado del rey en dichas ocasiones y fue capaz de sacar el m\u00e1ximo provecho de la pasi\u00f3n del rey para fortalecer su v\u00ednculo con \u00e9l y alejar a los posibles rivales a su favor. Indicativo de esta estrategia fue lo ocurrido durante las batidas de caza de <a href=\"#\" class=\"tooltip yellow-tooltip\">Ventosilla<span>Ventosilla es una localidad situada en la Comunidad Aut\u00f3noma de Castilla y Le\u00f3n, en la provincia de Burgos. Resto del periodo m\u00e1s ilustre de su pasado, que vivi\u00f3 durante el reinado de Felipe III, fue la Posada de Ventosilla, un palacio de estilo herreriano mandado construir por el monarca y su favorito, el duque de Lerma.<\/span><\/a>, no muy lejos de <a href=\"\/es\/territorios\/itinerarios-urbanos\/valladolid\/iglesia-de-san-pablo\/valladolid\/\" title=\"Valladolid\">Valladolid<\/a>. Lerma reconvirti\u00f3 el territorio recientemente adquirido en una zona donde plant\u00f3 un bosque e import\u00f3 animales, a fin de garantizar a Felipe III un lugar seguro y lejos de las miradas indiscretas en la que dedicarse a su principal pasi\u00f3n. Adem\u00e1s del extenso lugar de caza, Lerma procur\u00f3 a su se\u00f1or que tuviera un palacio en el que residiese en Valladolid, a la vez que se garantizaba una buena ganancia econ\u00f3mica: el palacio perteneci\u00f3 al Conde de Benavente, que se encuentra en el lado occidental de la plaza de San Pablo, fue comprado y restaurado por cuenta del propio duque y luego lo vendi\u00f3 al rey por una suma cercana a los 200.000 ducados, lo que equival\u00eda a casi el doble del importe de los gastos empleados por el valido en los meses anteriores. A poca distancia de la Plaza de San Pablo, Lerma tambi\u00e9n adquiri\u00f3 la Casa de la Ribera, una gran finca a orillas del r\u00edo Pisuerga. Constituy\u00f3 no s\u00f3lo un lugar m\u00e1s seguro para garantizar el entretenimiento de s\u00ed mismo y del soberano, sino tambi\u00e9n un escenario para mostrar sus habilidades como perfecto organizador de fiestas y ceremonias barrocas. Torneos, juegos de ca\u00f1as y corridas de toros se sol\u00edan llevar a cabo en la finca, mientras que los magn\u00edficos jardines, adornados con estatuas y fuentes, reflejaban de la mejor manera el gusto, t\u00edpicamente barroco, de la <a href=\"\/es\/territorios\/itinerarios-urbanos\/valladolid\/iglesia-de-san-pablo\/corte\/\" title=\"Corte\">corte<\/a> y del duque de Lerma. (foto: fachada de la Colegiata de San Pedro, Lerma)<\/p>\n<p style=\"text-align: justify\"><a href=\"\/es\/territorios\/itinerarios-regionales\/duque-de-lerma\/valladolid\/\" title=\"Valladolid\">&lt;&lt;&lt;&#8212;p\u00e1gina precedente<\/a><span>&nbsp;&nbsp;&nbsp;<\/span> <a href=\"\/es\/territorios\/itinerarios-regionales\/duque-de-lerma\/toledo-valladolid-y-madrid\/\" title=\"Toledo, Valladolid y Madrid\">p\u00e1gina siguiente&#8212;&gt;&gt;&gt;<\/a><a href=\"\/es\/territorios\/itinerarios-regionales\/plazas-mayores\/la-plaza-mayor-de-madrid\/\" title=\"La Plaza Mayor de Madrid\"><\/a>&nbsp;<\/p>\n<\/p><\/div>\n<p><\/p>\n","protected":false},"excerpt":{"rendered":"<p>Ventosilla, la plaza de san Pablo y la Casa de la Ribera Las salidas a caballo, y, en particular, las batidas de caza fueron el pasatiempo favorito de Felipe III. Su habilidad innata y su gran resistencia f\u00edsica le hicieron, seg\u00fan la opini\u00f3n un\u00e1nime de&hellip;<\/p>\n","protected":false},"author":1,"featured_media":0,"parent":7520,"menu_order":0,"comment_status":"closed","ping_status":"closed","template":"","meta":{"footnotes":""},"class_list":["post-6678","page","type-page","status-publish","hentry"],"_links":{"self":[{"href":"https:\/\/digitalhistory.unite.it\/es\/wp-json\/wp\/v2\/pages\/6678","targetHints":{"allow":["GET"]}}],"collection":[{"href":"https:\/\/digitalhistory.unite.it\/es\/wp-json\/wp\/v2\/pages"}],"about":[{"href":"https:\/\/digitalhistory.unite.it\/es\/wp-json\/wp\/v2\/types\/page"}],"author":[{"embeddable":true,"href":"https:\/\/digitalhistory.unite.it\/es\/wp-json\/wp\/v2\/users\/1"}],"replies":[{"embeddable":true,"href":"https:\/\/digitalhistory.unite.it\/es\/wp-json\/wp\/v2\/comments?post=6678"}],"version-history":[{"count":2,"href":"https:\/\/digitalhistory.unite.it\/es\/wp-json\/wp\/v2\/pages\/6678\/revisions"}],"predecessor-version":[{"id":12033,"href":"https:\/\/digitalhistory.unite.it\/es\/wp-json\/wp\/v2\/pages\/6678\/revisions\/12033"}],"up":[{"embeddable":true,"href":"https:\/\/digitalhistory.unite.it\/es\/wp-json\/wp\/v2\/pages\/7520"}],"wp:attachment":[{"href":"https:\/\/digitalhistory.unite.it\/es\/wp-json\/wp\/v2\/media?parent=6678"}],"curies":[{"name":"wp","href":"https:\/\/api.w.org\/{rel}","templated":true}]}}