{"id":6679,"date":"2021-08-20T00:03:52","date_gmt":"2021-08-19T22:03:52","guid":{"rendered":"https:\/\/digitalhistory.unite.it\/toledo-valladolid-y-madrid\/"},"modified":"2021-11-23T15:29:01","modified_gmt":"2021-11-23T14:29:01","slug":"toledo-valladolid-y-madrid","status":"publish","type":"page","link":"https:\/\/digitalhistory.unite.it\/es\/territorios\/itinerarios-regionales\/duque-de-lerma\/toledo-valladolid-y-madrid\/","title":{"rendered":"Mecenas y coleccionista: Toledo, Valladolid y Madrid"},"content":{"rendered":"<h1>Mecenas y coleccionista: Toledo, Valladolid y Madrid <\/h1>\n<div class=\"testo\">\n<p style=\"text-align: justify\"><img loading=\"lazy\" decoding=\"async\" src=\"https:\/\/digitalhistory.unite.it\/wp-content\/uploads\/2021\/08\/museo_del_prado_madrid_250x170.jpg\" width=\"250\" height=\"170\" alt=\"Museo del Prado\" align=\"left\">Incluso m\u00e1s que su rey, el duque de Lerma fue el mayor mecenas de artistas y literatos de su tiempo, as\u00ed como el primero de los grandes coleccionistas de arte. <a href=\"#\" class=\"tooltip yellow-tooltip\">Lope de Vega<span>F\u00e9lix Lope de Vega y Carpio (1562-1635) fue uno de los principales dramaturgos y poetas del Siglo de Oro espa\u00f1ol, s\u00edmbolo del teatro barroco espa\u00f1ol junto a Tirso de Molina y a Calder\u00f3n de la Barca. Es uno de los escritores m\u00e1s reconocidos de la literatura a nivel mundial. Se le atribuyen sonetos, noveles, poemas y numerosas comedias, entre las que destacan <em>Fuenteovejuna<\/em>, <em>La dama boba<\/em>, <em>Santiago el verde<\/em>, <em>El caballero de Olmedo<\/em>, <em>El castigo sin venganza<\/em> y muchas otras.<\/span><\/a>, uno de los principales escritores del Siglo de Oro espa\u00f1ol, goz\u00f3 del favor y protecci\u00f3n del poderoso valido, as\u00ed como autores menos conocidos como <a href=\"#\" class=\"tooltip yellow-tooltip\">Prudencio de Sandoval<span>Prudencio de Sandoval (1553-1620) fue cronista oficial de la corte de Felipe III. Padre benedictino licenciado en teolog\u00eda, fue tambi\u00e9n obispo de Tuy y de Pamplona. Su obra m\u00e1s importante fue la <em>Historia de la vida y hechos del emperador Carlos V<\/em> (1604-1606).<\/span><\/a> y Diego Matute de Pe\u00f1afiel, a quienes se les encarg\u00f3 ensalzar la actuaci\u00f3n del clan Sandoval y demostrar sus presuntos or\u00edgenes reales o incluso b\u00edblicos. Constructor incansable, el duque compr\u00f3 y remodel\u00f3 edificios, no s\u00f3lo en <a href=\"\/es\/territorios\/itinerarios-urbanos\/valladolid\/iglesia-de-san-pablo\/madrid\/\" title=\"Madrid\">Madrid<\/a> y <a href=\"\/es\/territorios\/itinerarios-urbanos\/valladolid\/iglesia-de-san-pablo\/valladolid\/\" title=\"Valladolid\">Valladolid<\/a>, sino tambi\u00e9n en su ducado de <a href=\"\/es\/territorios\/itinerarios-regionales\/duque-de-lerma\/lerma\/lerma\/\" title=\"Lerma\">Lerma<\/a>. Durante las obras de reconstrucci\u00f3n de la iglesia de San Pablo en Valladolid, tambi\u00e9n orden\u00f3 construir cuatro estatuas funerarias de alabastro representando a s\u00ed mismo, a la duquesa su mujer y a los arzobispos, sus familiares, <a href=\"#\" class=\"tooltip yellow-tooltip\">Crist\u00f3bal de Rojas<span>Crist\u00f3bal de Rojas Sandoval (1502-1580) fue un religioso con una importante carrera eclesi\u00e1stica, que le llev\u00f3 a ser, posteriormente, obispo de Oviedo, Badajoz, C\u00f3rdoba y Sevilla.<\/span><\/a> y <a href=\"#\" class=\"tooltip yellow-tooltip\">Bernardo de Sandoval<span>Bernardo de Sandoval y Rojas (1546-1619) fue obispo de Ciudad Rodrigo, Pamplona y Ja\u00e9n, y lleg\u00f3 a ser, gracias al favor de su sobrino el duque de Lerma, cardenal, arzobispo de Toledo y Primado de Espa\u00f1a en 1599. Despu\u00e9s, fue miembro del Consejo de Estado y, a partir de 1608, Inquisidor General. Fue tambi\u00e9n un gran mecenas y protector de literatos, como Miguel de Cervantes, Francisco de Quevedo y Luis de G\u00f3ngora. En Alcal\u00e1 de Henares fund\u00f3 el convento cisterciense de San Bernardo, en 1613.<\/span><\/a>. Gran amante del arte, el duque de Lerma recopil\u00f3 entre 1599 y 1611, una colecci\u00f3n que constaba aproximadamente de 1.500 pinturas, en consonancia con las grandes colecciones de <a href=\"\/es\/territorios\/itinerarios-urbanos\/valladolid\/iglesia-de-san-pablo\/felipe-ii\/\" title=\"Felipe II\">Felipe II<\/a> en El Escorial y en el <a href=\"\/es\/territorios\/itinerarios-regionales\/monasterios\/conventos-femeninos-en-epoca-barroca\/alcazar\/\" title=\"Alc\u00e1zar\">Alc\u00e1zar<\/a> de Madrid. Admirador de las obras de <a href=\"\/es\/territorios\/itinerarios-regionales\/duque-de-lerma\/toledo-valladolid-y-madrid\/tiziano\/\" title=\"Tiziano\">Tiziano<\/a> y el Bosco, tambi\u00e9n era due\u00f1o de piezas originales, entre otras, de Miguel \u00c1ngel, <a href=\"\/es\/territorios\/itinerarios-regionales\/duque-de-lerma\/toledo-valladolid-y-madrid\/rafael\/\" title=\"Rafael\">Rafael<\/a>, Leonardo y Mantegna. Con dos artistas en particular, tuvo una relaci\u00f3n personal muy fruct\u00edfera, y de ellos fue representado en sus dos retratos m\u00e1s famosos. <a href=\"\/es\/territorios\/itinerarios-regionales\/monasterios\/el-monasterio-de-las-descalzas-reales\/juan-pantoja-de-la-cruz\/\" title=\"Juan Pantoja de la Cruz\">Juan Pantoja de la Cruz<\/a>, vallisoletano y coet\u00e1neo de Lerma, represent\u00f3 al valido de <a href=\"\/es\/territorios\/itinerarios-urbanos\/valladolid\/iglesia-de-san-pablo\/felipe-iii\/\" title=\"Felipe III\">Felipe III<\/a> en 1602, usando como modelo el retrato de Felipe II de Tiziano. El propio Pantoja de la Cruz represent\u00f3 a Felipe III, exactamente en la misma posici\u00f3n y con los mismos atributos de poder en 1606: observando los dos retratos, hoy conservados en el Museo de Tavera de Toledo, uno al lado del otro, est\u00e1 claro que la intenci\u00f3n era la de retratar a Lerma como aut\u00e9ntico doble, alter ego del soberano. Del artista flamenco <a href=\"\/es\/territorios\/itinerarios-regionales\/monasterios\/el-monasterio-de-las-descalzas-reales\/pedro-pablo-rubens\/\" title=\"Pedro Pablo Rubens\">Pedro Pablo Rubens<\/a> quien lleg\u00f3 a Madrid en 1603 como embajador extraordinario del duque de Mantua, es el otro famoso retrato ecuestre, ahora en el Museo del Prado de Madrid (foto). Otorg\u00e1ndole un honor hasta ahora reservado s\u00f3lo a los miembros de la familia real, Rubens pint\u00f3 a Lerma montado en su caballo blanco, celebrando de esta manera el reciente nombramiento del valido como capit\u00e1n general de la caballer\u00eda.<\/p>\n<p style=\"text-align: justify\"><a href=\"\/es\/territorios\/itinerarios-regionales\/duque-de-lerma\/ventosilla\/\" title=\"Ventosilla\">&lt;&lt;&lt;&#8212;p\u00e1gina precedente<\/a><span>&nbsp;&nbsp;&nbsp;<\/span> <a href=\"\/es\/territorios\/itinerarios-regionales\/duque-de-lerma\/la-plaza-mayor-de-madrid\/\" title=\"La Plaza Mayor de Madrid\">p\u00e1gina siguiente&#8212;&gt;&gt;&gt;<\/a><a href=\"\/es\/territorios\/itinerarios-regionales\/plazas-mayores\/la-plaza-mayor-de-madrid\/\" title=\"La Plaza Mayor de Madrid\"><\/a>&nbsp;<\/p>\n<\/p><\/div>\n<p><\/p>\n","protected":false},"excerpt":{"rendered":"<p>Mecenas y coleccionista: Toledo, Valladolid y Madrid Incluso m\u00e1s que su rey, el duque de Lerma fue el mayor mecenas de artistas y literatos de su tiempo, as\u00ed como el primero de los grandes coleccionistas de arte. Lope de VegaF\u00e9lix Lope de Vega y Carpio&hellip;<\/p>\n","protected":false},"author":1,"featured_media":0,"parent":7520,"menu_order":0,"comment_status":"closed","ping_status":"closed","template":"","meta":{"footnotes":""},"class_list":["post-6679","page","type-page","status-publish","hentry"],"_links":{"self":[{"href":"https:\/\/digitalhistory.unite.it\/es\/wp-json\/wp\/v2\/pages\/6679","targetHints":{"allow":["GET"]}}],"collection":[{"href":"https:\/\/digitalhistory.unite.it\/es\/wp-json\/wp\/v2\/pages"}],"about":[{"href":"https:\/\/digitalhistory.unite.it\/es\/wp-json\/wp\/v2\/types\/page"}],"author":[{"embeddable":true,"href":"https:\/\/digitalhistory.unite.it\/es\/wp-json\/wp\/v2\/users\/1"}],"replies":[{"embeddable":true,"href":"https:\/\/digitalhistory.unite.it\/es\/wp-json\/wp\/v2\/comments?post=6679"}],"version-history":[{"count":2,"href":"https:\/\/digitalhistory.unite.it\/es\/wp-json\/wp\/v2\/pages\/6679\/revisions"}],"predecessor-version":[{"id":12030,"href":"https:\/\/digitalhistory.unite.it\/es\/wp-json\/wp\/v2\/pages\/6679\/revisions\/12030"}],"up":[{"embeddable":true,"href":"https:\/\/digitalhistory.unite.it\/es\/wp-json\/wp\/v2\/pages\/7520"}],"wp:attachment":[{"href":"https:\/\/digitalhistory.unite.it\/es\/wp-json\/wp\/v2\/media?parent=6679"}],"curies":[{"name":"wp","href":"https:\/\/api.w.org\/{rel}","templated":true}]}}