{"id":6680,"date":"2021-08-20T00:03:52","date_gmt":"2021-08-19T22:03:52","guid":{"rendered":"https:\/\/digitalhistory.unite.it\/la-plaza-mayor-de-madrid\/"},"modified":"2021-11-23T15:29:01","modified_gmt":"2021-11-23T14:29:01","slug":"la-plaza-mayor-de-madrid","status":"publish","type":"page","link":"https:\/\/digitalhistory.unite.it\/es\/territorios\/itinerarios-regionales\/duque-de-lerma\/la-plaza-mayor-de-madrid\/","title":{"rendered":"La Plaza Mayor de Madrid y el final del duque de Lerma"},"content":{"rendered":"<h1>La Plaza Mayor de Madrid y el final del duque de Lerma <\/h1>\n<div class=\"testo\">\n<p style=\"text-align: justify\"><img loading=\"lazy\" decoding=\"async\" src=\"https:\/\/digitalhistory.unite.it\/wp-content\/uploads\/2021\/08\/img_0957_250x166.jpg\" width=\"250\" height=\"166\" alt=\"Plaza Mayor di Madrid 2\" align=\"left\">El declive del poder de Lerma fue lento y gradual, en ocasiones acelerado por episodios contingentes o situaciones repentinas. Un elemento fundamental de esta decadencia fue la desintegraci\u00f3n progresiva de la facci\u00f3n sobre la que el duque hab\u00eda construido su sistema de poder. Adem\u00e1s de la muerte, por razones de edad, de aliados valiosos, como el <a href=\"#\" class=\"tooltip yellow-tooltip\">conde de Miranda<span>Juan de Z\u00fa\u00f1iga Avellaneda y Baz\u00e1n (1541-1608), duque de Pe\u00f1aranda y conde de Miranda, fue virrey de Catalu\u00f1a y de N\u00e1poles, presidente del Consejo de Italia y miembro del Consejo de Estado durante el reinado de Felipe II. Con Felipe III asumi\u00f3 la presidencia del Consejo de Castilla, continuando como miembro del Consejo de Estado. Era tambi\u00e9n caballero de la Orden de Santiago y consuegro de Lerma: su heredero hab\u00eda esposado a una de las tres hijas del valido de Felipe III.<\/span><\/a> o <a href=\"#\" class=\"tooltip yellow-tooltip\">don Juan de Idi\u00e1quez<span>Juan de Idi\u00e1quez (1540-1614) fue un estimado hombre de Estado espa\u00f1ol entre los siglos XVI y XVII. Embajador en G\u00e9nova y Venecia, fue uno de los consejeros m\u00e1s escuchados por Felipe II en los \u00faltimos a\u00f1os de su gobierno. Cuando Felipe III hered\u00f3 el trono (1598), Idi\u00e1quez fue uno de los pocos hombres de confianza del difunto rey que mantuvo una posici\u00f3n de poder. Confirmado en el Consejo de Estado, fue tambi\u00e9n elegido presidente del Consejo de \u00d3rdenes.<\/span><\/a>, el final sin gloria de algunas hechuras (criaturas) del valido contribuy\u00f3, en gran medida, al debilitamiento de su poder. Los procesos de corrupci\u00f3n y enriquecimiento il\u00edcito y las condenas subsiguientes contra los secretarios <a href=\"\/es\/territorios\/itinerarios-regionales\/duque-de-lerma\/la-plaza-mayor-de-madrid\/alonso-ramirez-de-prado\/\" title=\"Alonso Ram\u00edrez de Prado\">Alonso Ram\u00edrez de Prado<\/a> y <a href=\"\/es\/territorios\/itinerarios-regionales\/duque-de-lerma\/la-plaza-mayor-de-madrid\/pedro-franqueza\/\" title=\"Pedro Franqueza\">Pedro Franqueza<\/a> constituyeron un primer paso contra el gobierno de Lerma. La exclusi\u00f3n gradual de la actividad de gobierno del principal protegido del valido, <a href=\"\/es\/territorios\/itinerarios-regionales\/duque-de-lerma\/valladolid\/rodrigo-calderon\/\" title=\"Rodrigo Calder\u00f3n\">Rodrigo Calder\u00f3n<\/a>, literalmente rodeado de acusaciones contra su conducta y su arrogancia por parte de muchos arist\u00f3cratas y cortesanos, puso en dificultad a Lerma. La falta de sustitutos que estuvieran a la altura agudiz\u00f3 la crisis generada por el surgimiento de una oposici\u00f3n interna a la propia facci\u00f3n ministerial, encabezada por el hijo mayor de Lerma, el <a href=\"\/es\/territorios\/itinerarios-regionales\/duque-de-lerma\/la-plaza-mayor-de-madrid\/uceda\/\" title=\"Uceda\">duque de Uceda<\/a>, y el confesor del rey, fray <a href=\"\/es\/territorios\/itinerarios-regionales\/duque-de-lerma\/la-plaza-mayor-de-madrid\/aliaga\/\" title=\"Aliaga\">Luis de Aliaga<\/a>. En la segunda parte del reinado de <a href=\"\/es\/territorios\/itinerarios-urbanos\/valladolid\/iglesia-de-san-pablo\/felipe-iii\/\" title=\"Felipe III\">Felipe III<\/a>, Lerma vio c\u00f3mo se esfumaba su monopolio en la distribuci\u00f3n de los cargos y mercedes en la <a href=\"\/es\/territorios\/itinerarios-urbanos\/valladolid\/iglesia-de-san-pablo\/corte\/\" title=\"Corte\">corte<\/a>, mientras que algunos de los aspectos fundamentales de sus decisiones pol\u00edticas se pusieron en duda. La continua crisis econ\u00f3mica puso en duda la gesti\u00f3n de la hacienda real dirigida por el valido y sus hombres, mientras que el estallido de la <a href=\"\/es\/territorios\/itinerarios-regionales\/duque-de-lerma\/la-plaza-mayor-de-madrid\/la-guerra-de-los-treinta-anos\/\" title=\"La Guerra de los Treinta A\u00f1os\">Guerra de los Treinta A\u00f1os<\/a> favoreci\u00f3 la venganza de los consejeros que siempre se hab\u00edan opuesto a una pol\u00edtica exterior pacifista y negociadora llevada a cabo por Lerma. Cuando por fin sali\u00f3 de la corte el 4 de octubre de 1618, el duque fue, sin embargo, capaz de obtener el capelo cardenalicio que persegu\u00eda, no por casualidad, desde hac\u00eda a\u00f1os. Aunque sometido, despu\u00e9s de la muerte de Felipe III (1621), a un proceso por el alcance y los motivos de las mercedes que acumul\u00f3, el cardenal-duque mor\u00eda en libertad el 17 de mayo de 1625. Muy distinta suerte tuvieron sus familiares m\u00e1s estrechos y criados, de todos ellos, Rodrigo Calder\u00f3n, ejecutado el 21 de octubre de 1621 en la <a href=\"\/es\/territorios\/itinerarios-regionales\/plazas-mayores\/la-plaza-mayor-de-madrid\/\" title=\"La Plaza Mayor de Madrid\">Plaza Mayor<\/a> de <a href=\"\/es\/territorios\/itinerarios-urbanos\/valladolid\/iglesia-de-san-pablo\/madrid\/\" title=\"Madrid\">Madrid<\/a>&nbsp;(foto), esa misma que Felipe III hab\u00eda construido. La muerte y el espect\u00e1culo, dos temas propios de la cultura barroca, se unieron en un acto simb\u00f3lico que puso fin al sistema de poder creado por el Duque de Lerma.<\/p>\n<p style=\"text-align: justify\"><a href=\"\/es\/territorios\/itinerarios-regionales\/duque-de-lerma\/toledo-valladolid-y-madrid\/\" title=\"Toledo, Valladolid y Madrid\">&lt;&lt;&lt;&#8212;p\u00e1gina precedente<\/a><span>&nbsp;&nbsp;&nbsp;<\/span> <a href=\"\/es\/territorios\/itinerarios-regionales\/duque-de-lerma\/fiestas-barrocas-de-lerma\/\" title=\"Fiestas barrocas de Lerma\">p\u00e1gina siguiente&#8212;&gt;&gt;&gt;<\/a>&nbsp;<\/p>\n<\/p><\/div>\n<p><\/p>\n","protected":false},"excerpt":{"rendered":"<p>La Plaza Mayor de Madrid y el final del duque de Lerma El declive del poder de Lerma fue lento y gradual, en ocasiones acelerado por episodios contingentes o situaciones repentinas. Un elemento fundamental de esta decadencia fue la desintegraci\u00f3n progresiva de la facci\u00f3n sobre&hellip;<\/p>\n","protected":false},"author":1,"featured_media":0,"parent":7520,"menu_order":0,"comment_status":"closed","ping_status":"closed","template":"","meta":{"footnotes":""},"class_list":["post-6680","page","type-page","status-publish","hentry"],"_links":{"self":[{"href":"https:\/\/digitalhistory.unite.it\/es\/wp-json\/wp\/v2\/pages\/6680","targetHints":{"allow":["GET"]}}],"collection":[{"href":"https:\/\/digitalhistory.unite.it\/es\/wp-json\/wp\/v2\/pages"}],"about":[{"href":"https:\/\/digitalhistory.unite.it\/es\/wp-json\/wp\/v2\/types\/page"}],"author":[{"embeddable":true,"href":"https:\/\/digitalhistory.unite.it\/es\/wp-json\/wp\/v2\/users\/1"}],"replies":[{"embeddable":true,"href":"https:\/\/digitalhistory.unite.it\/es\/wp-json\/wp\/v2\/comments?post=6680"}],"version-history":[{"count":2,"href":"https:\/\/digitalhistory.unite.it\/es\/wp-json\/wp\/v2\/pages\/6680\/revisions"}],"predecessor-version":[{"id":12020,"href":"https:\/\/digitalhistory.unite.it\/es\/wp-json\/wp\/v2\/pages\/6680\/revisions\/12020"}],"up":[{"embeddable":true,"href":"https:\/\/digitalhistory.unite.it\/es\/wp-json\/wp\/v2\/pages\/7520"}],"wp:attachment":[{"href":"https:\/\/digitalhistory.unite.it\/es\/wp-json\/wp\/v2\/media?parent=6680"}],"curies":[{"name":"wp","href":"https:\/\/api.w.org\/{rel}","templated":true}]}}