{"id":6682,"date":"2021-08-20T00:03:52","date_gmt":"2021-08-19T22:03:52","guid":{"rendered":"https:\/\/digitalhistory.unite.it\/conventos-femeninos-enepoca-barroca\/"},"modified":"2021-11-23T15:29:03","modified_gmt":"2021-11-23T14:29:03","slug":"conventos-femeninos-enepoca-barroca","status":"publish","type":"page","link":"https:\/\/digitalhistory.unite.it\/es\/territorios\/itinerarios-regionales\/monasterios\/conventos-femeninos-enepoca-barroca\/","title":{"rendered":"Centros de poder y espiritualidad: los conventos femeninos en \u00e9poca barroca"},"content":{"rendered":"<h1>Centros de poder y espiritualidad: los conventos femeninos en \u00e9poca barroca <\/h1>\n<div class=\"testo\">\n<p style=\"text-align: justify\"><img loading=\"lazy\" decoding=\"async\" src=\"https:\/\/digitalhistory.unite.it\/wp-content\/uploads\/2021\/08\/img_0975_251x167.jpg\" width=\"251\" height=\"167\" alt=\"Monastero iniziale\" align=\"left\">El siguiente itinerario trata de dar a conocer un conjunto de conventos femeninos fundados en \u00e9poca barroca que tienen una peculiaridad: fueron fundados por mujeres del entorno cortesano, ya fueran reinas, princesas, nobles o damas. La mayor\u00eda de estos edificios de piedad se levantaron cerca de importantes espacios de poder como era los alrededores del <a href=\"\/es\/territorios\/itinerarios-regionales\/monasterios\/conventos-femeninos-en-epoca-barroca\/alcazar\/\" title=\"Alc\u00e1zar\">Alc\u00e1zar<\/a> <a href=\"\/es\/territorios\/itinerarios-urbanos\/valladolid\/iglesia-de-san-pablo\/madrid\/\" title=\"Madrid\">madrile\u00f1o<\/a> o la <a href=\"#\" class=\"tooltip yellow-tooltip\">Chanciller\u00eda Real<span>Fue el principal aparato judicial que ten\u00eda jurisdicci\u00f3n sobre Castilla. Creado en el siglo XIV como fruto de una reforma judicial del reino, dur\u00f3 hasta el siglo XIX, cuando fue suprimido. Su funci\u00f3n principal era la de dar cabida y tratar de solucionar todos los pleitos del reino de Castilla, adem\u00e1s de validar los documentos oficiales con el sello real, sin necesidad de que pasara por manos del rey. Perdi\u00f3 protagonismo en el siglo XVI cuando se cre\u00f3 la Chanciller\u00eda de Granada.<\/span><\/a> de <a href=\"\/es\/territorios\/itinerarios-urbanos\/valladolid\/iglesia-de-san-pablo\/valladolid\/\" title=\"Valladolid\">Valladolid<\/a>. Hoy son peque\u00f1as joyas del barroco hispano, de gran valor art\u00edstico, que resultan fundamentales para comprender el d\u00eda a d\u00eda de una reina o de una dama espa\u00f1ola que profes\u00f3 en estos conventos durante el siglo XVII. Estas mujeres se mov\u00edan, la mayor parte del tiempo, en un plano espiritual; mientras un buen rey o un noble se dedicaban al gobierno y a cuestiones terrenales, la reina y sus damas deb\u00edan mirar por las cuestiones divinas; mostrarse devotas, visitar los conventos, rezar por el pueblo, etc. Con la intenci\u00f3n de acercar a la <a href=\"\/es\/territorios\/itinerarios-urbanos\/valladolid\/iglesia-de-san-pablo\/corte\/\" title=\"Corte\">corte<\/a> hispana la espiritualidad que ellas practicaban, estas mujeres de condici\u00f3n elevada fundaron conventos donde acabaron profesando un buen n\u00famero de mujeres de la corte, e incluso, de la familia real. El poder que estas mujeres ejercieron a trav\u00e9s de estos conventos queda reflejado en las discretas reuniones, alejadas de Palacio, que manten\u00edan en estas fundaciones con embajadores, representantes pontificios, ministros del rey, etc. Las sobrias fachadas de los conventos, de estilo barroco, incitan a pensar que por dentro eran espacios de clausura de gran austeridad y pobreza, sin embargo, son aut\u00e9nticos palacios en miniatura, bien decorados, con valiosos frescos en techumbres y paredes, colecciones \u00fanicas de retratos, tapices, orfebrer\u00eda, etc.<\/p>\n<p style=\"text-align: justify\"><a href=\"\/es\/territorios\/itinerarios-regionales\/\" title=\"Itinerarios regionales\">&lt;&lt;&lt;&#8212;\u00cdndice<\/a><span>&nbsp;&nbsp;&nbsp;<\/span> <a href=\"\/es\/territorios\/itinerarios-regionales\/monasterios\/el-monasterio-de-las-descalzas-reales\/\" title=\"El Monasterio de las Descalzas Reales\">p\u00e1gina siguiente&#8212;&gt;&gt;&gt;<\/a><a href=\"\/es\/territorios\/itinerarios-regionales\/plazas-mayores\/la-reconstruccion-de-la-plaza-mayor-de-valladolid\/\" title=\"La reconstrucci\u00f3n de la Plaza Mayor de Valladolid\"><\/a><\/p>\n<\/p><\/div>\n<p><\/p>\n","protected":false},"excerpt":{"rendered":"<p>Centros de poder y espiritualidad: los conventos femeninos en \u00e9poca barroca El siguiente itinerario trata de dar a conocer un conjunto de conventos femeninos fundados en \u00e9poca barroca que tienen una peculiaridad: fueron fundados por mujeres del entorno cortesano, ya fueran reinas, princesas, nobles o&hellip;<\/p>\n","protected":false},"author":1,"featured_media":0,"parent":7540,"menu_order":0,"comment_status":"closed","ping_status":"closed","template":"","meta":{"footnotes":""},"class_list":["post-6682","page","type-page","status-publish","hentry"],"_links":{"self":[{"href":"https:\/\/digitalhistory.unite.it\/es\/wp-json\/wp\/v2\/pages\/6682","targetHints":{"allow":["GET"]}}],"collection":[{"href":"https:\/\/digitalhistory.unite.it\/es\/wp-json\/wp\/v2\/pages"}],"about":[{"href":"https:\/\/digitalhistory.unite.it\/es\/wp-json\/wp\/v2\/types\/page"}],"author":[{"embeddable":true,"href":"https:\/\/digitalhistory.unite.it\/es\/wp-json\/wp\/v2\/users\/1"}],"replies":[{"embeddable":true,"href":"https:\/\/digitalhistory.unite.it\/es\/wp-json\/wp\/v2\/comments?post=6682"}],"version-history":[{"count":2,"href":"https:\/\/digitalhistory.unite.it\/es\/wp-json\/wp\/v2\/pages\/6682\/revisions"}],"predecessor-version":[{"id":12049,"href":"https:\/\/digitalhistory.unite.it\/es\/wp-json\/wp\/v2\/pages\/6682\/revisions\/12049"}],"up":[{"embeddable":true,"href":"https:\/\/digitalhistory.unite.it\/es\/wp-json\/wp\/v2\/pages\/7540"}],"wp:attachment":[{"href":"https:\/\/digitalhistory.unite.it\/es\/wp-json\/wp\/v2\/media?parent=6682"}],"curies":[{"name":"wp","href":"https:\/\/api.w.org\/{rel}","templated":true}]}}