{"id":6683,"date":"2021-08-20T00:03:52","date_gmt":"2021-08-19T22:03:52","guid":{"rendered":"https:\/\/digitalhistory.unite.it\/el-monasterio-de-las-descalzas-reales\/"},"modified":"2021-11-23T15:29:04","modified_gmt":"2021-11-23T14:29:04","slug":"el-monasterio-de-las-descalzas-reales","status":"publish","type":"page","link":"https:\/\/digitalhistory.unite.it\/es\/territorios\/itinerarios-regionales\/monasterios\/el-monasterio-de-las-descalzas-reales\/","title":{"rendered":"Una fundaci\u00f3n de la princesa Juana: El Monasterio de las Descalzas Reales"},"content":{"rendered":"<h1>Una fundaci\u00f3n de la princesa Juana: El Monasterio de las Descalzas Reales <\/h1>\n<div class=\"testo\">\n<p style=\"text-align: justify\"><img loading=\"lazy\" decoding=\"async\" src=\"https:\/\/digitalhistory.unite.it\/wp-content\/uploads\/2021\/08\/imagen_1__fileminimizer__250x167.jpg\" width=\"250\" height=\"167\" alt=\"Monastero 1\" align=\"left\">Las Descalzas Reales es el monasterio m\u00e1s antiguo de este itinerario, y es actualmente el m\u00e1s conocido y visitado de <a href=\"\/es\/territorios\/itinerarios-urbanos\/valladolid\/iglesia-de-san-pablo\/madrid\/\" title=\"Madrid\">Madrid<\/a>. Cercano al <a href=\"\/es\/territorios\/itinerarios-regionales\/monasterios\/conventos-femeninos-en-epoca-barroca\/alcazar\/\" title=\"Alc\u00e1zar\">Alc\u00e1zar<\/a>, era un antiguo palacio del siglo XV que fue transformado en monasterio para la oraci\u00f3n y el recogimiento por la princesa <a href=\"#\" class=\"tooltip yellow-tooltip\">Juana de Austria<span>Naci\u00f3 en 1535, hija menor de Carlos V. Qued\u00f3 viuda del pr\u00edncipe Juan de Portugal, regresando as\u00ed a Castilla y dejando a su hijo Sebasti\u00e1n I en Portugal. En Valladolid ejerci\u00f3 de regente de los reinos hispanos cuando su hermano, Felipe II, se march\u00f3 a Inglaterra y Pa\u00edses Bajos. Una vez liberada de los asuntos de gobierno, se concentr\u00f3 en la fundaci\u00f3n de las Descalzas Reales por iniciativa de su confesor, el jesuita Francisco de Borja. Desde su fundaci\u00f3n vivi\u00f3 all\u00ed hasta su muerte, en 1573.<\/span><\/a>, hija de <a href=\"\/es\/territorios\/itinerarios-urbanos\/lecce\/otros-restos\/carlos-v-de-habsburgo\/\" title=\"Carlos V de Habsburgo\">Carlos V<\/a>, en 1557. Precisamente, en este antiguo Palacio, hab\u00eda nacido la propia princesa Juana. En 1559 llegaba la comunidad de <a href=\"#\" class=\"tooltip yellow-tooltip\">Franciscas Descalzas<span>Es una comunidad de religiosas que sigue las reglas de la reforma de Santa Coleta, de origen franc\u00e9s, en el siglo XV. El primer convento de esta rama que se funda en Espa\u00f1a fue el convento de Gand\u00eda bajo el patrocinio de la familia de los Borja, duques de Gand\u00eda. La mayor\u00eda de las mujeres de esta familia nobiliaria profesaron en este convento, del que luego fueron reclamadas para dar origen a la fundaci\u00f3n del convento de las Descalzas Reales de Madrid.<\/span><\/a> de Gand\u00eda para dar comienzo al nuevo monasterio real. Se convierte en un importante centro de poder a finales del siglo XVI y durante todo el siglo XVII, cuando la <a href=\"#\" class=\"tooltip yellow-tooltip\">emperatriz Mar\u00eda de Austria<span>Mar\u00eda de Austria (1528-1603), hija mayor de Carlos V e Isabel de Portugal, se cas\u00f3 con su primo Maximiliano II emperador. Cuando en 1574 falleci\u00f3 su marido, la emperatriz volvi\u00f3 a Madrid junto a una de sus hijas, Margarita. En Madrid, ambas mujeres entraron en las Descalzas Reales, fundaci\u00f3n de su hermana Juana. Desde el convento, siempre mantuvo correspondencia con sus hijos, los emperadores Rodolfo II y Mat\u00edas I, actuando como nexo de uni\u00f3n entre el Imperio y la Monarqu\u00eda Hispana.<\/span><\/a> y su hija, <a href=\"#\" class=\"tooltip yellow-tooltip\">sor Margarita de la Cruz<span>Fue la hija de los emperadores Maximiliano II y Mar\u00eda de Austria. Con 18 a\u00f1os acompa\u00f1\u00f3 a su madre viuda a Madrid, residiendo en las Descalzas Reales. All\u00ed profes\u00f3 como francisca descalza en 1585. Hubo varios intentos por parte de los Pont\u00edfices para nombrarla priora del convento, pero ella siempre se neg\u00f3 a serlo. Mantuvo contacto con sus hermanos en el Imperio y con diversos pont\u00edfices y destacados cardenales. Tuvo mucha influencia sobre la vida religiosa de Felipe IV. Falleci\u00f3 en 1633.<\/span><\/a>, profesaron en el convento, donde vivieron el resto de su vida. A principios del siglo XVII, la reina <a href=\"\/es\/territorios\/itinerarios-regionales\/monasterios\/el-monasterio-de-las-descalzas-reales\/margarita-de-austria\/\" title=\"Margarita de Austria\">Margarita de Austria<\/a> y sus hijos, pasaban la mayor parte del tiempo en este convento con su t\u00eda (la Emperatriz) y su prima. Aunque era un convento de clausura, por la categor\u00eda de las mujeres que profesaban en este monasterio, ten\u00edan libertad, por parte de los Pont\u00edfices, para recibir visitas.<\/p>\n<p style=\"text-align: justify\">Art\u00edsticamente, lo m\u00e1s impresionante de las Descalzas Reales es su escalera principal decorada en pleno barroco. Todas las paredes de la escalera y los techos est\u00e1n cubiertos por pinturas murales que simulan un claustro y jardines con estatuas. Ocupa un lugar destacado el balc\u00f3n real, una pintura mural donde aparece retratada la familia de <a href=\"\/es\/territorios\/itinerarios-urbanos\/valladolid\/iglesia-de-san-pablo\/felipe-iv\/\" title=\"Felipe IV\">Felipe IV<\/a> asom\u00e1ndose a un balc\u00f3n. Se trata de una obra de <a href=\"\/es\/territorios\/itinerarios-regionales\/monasterios\/el-monasterio-de-las-descalzas-reales\/antonio-de-pereda-y-salgado\/\" title=\"Antonio de Pereda y Salgado\">Antonio de Pereda<\/a> que data de mediados del siglo XVII. Tambi\u00e9n el claustro alto resulta un lugar de gran valor por sus siete capillas con altares, im\u00e1genes y orfebrer\u00eda devocional del barroco. Los suelos del convento mantienen su estructura original con <a href=\"#\" class=\"tooltip yellow-tooltip\">azulejos de Talavera de la Reina<span>Se trata de la cer\u00e1mica que se fabrica en la ciudad de Talavera de la Reina (Toledo). Se compone de barro sacado del r\u00edo Tajo que se decora con diferentes esmaltes. Desde \u00e9poca de Felipe II la esmaltada en color blanco y azul se incorpor\u00f3 en las paredes de muchos conventos y palacios &#8211; incluso El Escorial &#8211; y en numerosos objetos ornamentales como jarrones y vajillas. Es la cer\u00e1mica m\u00e1s c\u00e9lebre en Espa\u00f1a y su ciudad basa buena parte de su econom\u00eda en la venta de este material.<\/span><\/a> del siglo XVII. Existen dos salas que merecen una menci\u00f3n especial: por una parte el <em>Sal\u00f3n de Tapices<\/em>, con la serie de tapices flamencos &#8220;El Triunfo de la Eucarist\u00eda&#8221; regalada por la infanta <a href=\"\/es\/territorios\/itinerarios-regionales\/monasterios\/el-monasterio-de-las-descalzas-reales\/isabel-clara-eugenia\/\" title=\"Isabel Clara Eugenia\">Isabel Clara Eugenia<\/a> a las monjas, cuyo dise\u00f1o fue obra de <a href=\"\/es\/territorios\/itinerarios-regionales\/monasterios\/el-monasterio-de-las-descalzas-reales\/pedro-pablo-rubens\/\" title=\"Pedro Pablo Rubens\">Pedro Pablo Rubens<\/a>. Y el <em>Sal\u00f3n de Reyes<\/em> que guarda una de las mejores colecciones de retratos de la familia real de <a href=\"\/es\/territorios\/itinerarios-urbanos\/valladolid\/iglesia-de-san-pablo\/felipe-ii\/\" title=\"Felipe II\">Felipe II<\/a>, <a href=\"\/es\/territorios\/itinerarios-urbanos\/valladolid\/iglesia-de-san-pablo\/felipe-iii\/\" title=\"Felipe III\">Felipe III<\/a> y <a href=\"\/es\/territorios\/itinerarios-urbanos\/valladolid\/iglesia-de-san-pablo\/felipe-iv\/\" title=\"Felipe IV\">Felipe IV<\/a> pintados por <a href=\"\/es\/territorios\/itinerarios-regionales\/monasterios\/el-monasterio-de-las-descalzas-reales\/juan-pantoja-de-la-cruz\/\" title=\"Juan Pantoja de la Cruz\">Juan Pantoja de la Cruz<\/a>, <a href=\"\/es\/territorios\/itinerarios-regionales\/monasterios\/el-monasterio-de-las-descalzas-reales\/claudio-coello\/\" title=\"Claudio Coello\">Claudio Coello<\/a> y Rubens, entre otros.<\/p>\n<p style=\"text-align: justify\"><a href=\"\/es\/territorios\/itinerarios-regionales\/monasterios\/conventos-femeninos-en-epoca-barroca\/\" title=\"Conventos femeninos en \u00e9poca barroca\">&lt;&lt;&lt;&#8212;p\u00e1gina precedente<\/a><span>&nbsp;&nbsp;&nbsp;<\/span> <a href=\"\/es\/territorios\/itinerarios-regionales\/monasterios\/el-convento-de-las-descalzas-reales-de-valladolid\/\" title=\"El convento de las Descalzas Reales de Valladolid\">p\u00e1gina siguiente&#8212;&gt;&gt;&gt;<\/a><a href=\"\/es\/territorios\/itinerarios-regionales\/plazas-mayores\/la-plaza-mayor-de-madrid\/\" title=\"La Plaza Mayor de Madrid\"><\/a><\/p>\n<\/p><\/div>\n<p><\/p>\n","protected":false},"excerpt":{"rendered":"<p>Una fundaci\u00f3n de la princesa Juana: El Monasterio de las Descalzas Reales Las Descalzas Reales es el monasterio m\u00e1s antiguo de este itinerario, y es actualmente el m\u00e1s conocido y visitado de Madrid. Cercano al Alc\u00e1zar, era un antiguo palacio del siglo XV que fue&hellip;<\/p>\n","protected":false},"author":1,"featured_media":0,"parent":7540,"menu_order":0,"comment_status":"closed","ping_status":"closed","template":"","meta":{"footnotes":""},"class_list":["post-6683","page","type-page","status-publish","hentry"],"_links":{"self":[{"href":"https:\/\/digitalhistory.unite.it\/es\/wp-json\/wp\/v2\/pages\/6683","targetHints":{"allow":["GET"]}}],"collection":[{"href":"https:\/\/digitalhistory.unite.it\/es\/wp-json\/wp\/v2\/pages"}],"about":[{"href":"https:\/\/digitalhistory.unite.it\/es\/wp-json\/wp\/v2\/types\/page"}],"author":[{"embeddable":true,"href":"https:\/\/digitalhistory.unite.it\/es\/wp-json\/wp\/v2\/users\/1"}],"replies":[{"embeddable":true,"href":"https:\/\/digitalhistory.unite.it\/es\/wp-json\/wp\/v2\/comments?post=6683"}],"version-history":[{"count":2,"href":"https:\/\/digitalhistory.unite.it\/es\/wp-json\/wp\/v2\/pages\/6683\/revisions"}],"predecessor-version":[{"id":12055,"href":"https:\/\/digitalhistory.unite.it\/es\/wp-json\/wp\/v2\/pages\/6683\/revisions\/12055"}],"up":[{"embeddable":true,"href":"https:\/\/digitalhistory.unite.it\/es\/wp-json\/wp\/v2\/pages\/7540"}],"wp:attachment":[{"href":"https:\/\/digitalhistory.unite.it\/es\/wp-json\/wp\/v2\/media?parent=6683"}],"curies":[{"name":"wp","href":"https:\/\/api.w.org\/{rel}","templated":true}]}}