{"id":6684,"date":"2021-08-20T00:03:52","date_gmt":"2021-08-19T22:03:52","guid":{"rendered":"https:\/\/digitalhistory.unite.it\/el-convento-de-las-descalzas-reales-de-valladolid\/"},"modified":"2021-11-23T15:29:04","modified_gmt":"2021-11-23T14:29:04","slug":"el-convento-de-las-descalzas-reales-de-valladolid","status":"publish","type":"page","link":"https:\/\/digitalhistory.unite.it\/es\/territorios\/itinerarios-regionales\/monasterios\/el-convento-de-las-descalzas-reales-de-valladolid\/","title":{"rendered":"La corte vallisoletana y el convento de las Descalzas Reales de Valladolid"},"content":{"rendered":"<h1>La corte vallisoletana y el convento de las Descalzas Reales de Valladolid <\/h1>\n<div class=\"testo\">\n<p style=\"text-align: justify\"><img loading=\"lazy\" decoding=\"async\" src=\"https:\/\/digitalhistory.unite.it\/wp-content\/uploads\/2021\/08\/imagen_3__fileminimizer__226x339.jpg\" width=\"226\" height=\"339\" alt=\"Monastero 2\" align=\"left\">Cuando la corte de <a href=\"\/es\/territorios\/itinerarios-urbanos\/valladolid\/iglesia-de-san-pablo\/felipe-iii\/\" title=\"Felipe III\">Felipe III<\/a> se traslad\u00f3 a <a href=\"\/es\/territorios\/itinerarios-urbanos\/valladolid\/iglesia-de-san-pablo\/valladolid\/\" title=\"Valladolid\">Valladolid<\/a> (1600-1606) por deseo expreso del <a href=\"\/es\/territorios\/itinerarios-urbanos\/valladolid\/iglesia-de-san-pablo\/duque-de-lerma\/\" title=\"Duque de Lerma\">duque de Lerma<\/a>, la reina <a href=\"\/es\/territorios\/itinerarios-regionales\/monasterios\/el-monasterio-de-las-descalzas-reales\/margarita-de-austria\/\" title=\"Margarita de Austria\">Margarita de Austria<\/a> no dud\u00f3 en fundar un convento similar al de las Descalzas Reales que dej\u00f3 en <a href=\"\/es\/territorios\/itinerarios-urbanos\/valladolid\/iglesia-de-san-pablo\/madrid\/\" title=\"Madrid\">Madrid<\/a>, conocido con el mismo nombre. Las obras de las Descalzas de Valladolid no finalizaron hasta 1615, por lo que la reina no vio terminada su construcci\u00f3n por su fallecimiento en 1611. En sus constituciones se se\u00f1alaba que el n\u00famero de religiosas, de la orden de las <a href=\"#\" class=\"tooltip yellow-tooltip\">Franciscas Descalzas<span>Es una comunidad de religiosas que sigue las reglas de la reforma de Santa Coleta, de origen franc\u00e9s, en el siglo XV. El primer convento de esta rama que se funda en Espa\u00f1a fue el convento de Gand\u00eda bajo el patrocinio de la familia de los Borja, duques de Gand\u00eda. La mayor\u00eda de las mujeres de esta familia nobiliaria profesaron en este convento, del que luego fueron reclamadas para dar origen a la fundaci\u00f3n del convento de las Descalzas Reales de Madrid.<\/span><\/a>, quedaba fijado en treinta tres, al igual que el de Madrid, y las novicias que deseaban profesar en el convento s\u00f3lo pod\u00edan formar parte de la congregaci\u00f3n si ten\u00edan la aprobaci\u00f3n de los reyes. De esta manera, los monarcas aparec\u00edan como los protectores de estos conventos y sus escudos no faltaban en el interior ni en la fachada de los mismos.<\/p>\n<p style=\"text-align: justify\">El complejo monumental se compon\u00eda de Iglesia, dos claustros, capillas y huerta. Exteriormente las paredes del convento son de mamposter\u00eda y tapial, como la mayor\u00eda de los conventos de este momento. En este caso, era una antigua casa nobiliaria que se adapt\u00f3 a la vida monacal, lo que oblig\u00f3 a eliminar los balcones, colocando en su lugar ventanales con celos\u00edas para la clausura. Es preciso destacar la Iglesia de las Descalzas de Valladolid, que fue dise\u00f1ada por <a href=\"#\" class=\"tooltip yellow-tooltip\">Francisco de la Mora<span>Francisco de la Mora (1553-1610) fue uno de los arquitectos m\u00e1s reconocidos del siglo XVI espa\u00f1ol. Trabaj\u00f3 con Juan de Herrera en el Monasterio de El Escorial. En Madrid realiz\u00f3 el primer trazado de la Plaza Mayor, y reform\u00f3 parte del exterior del Alc\u00e1zar Real, por lo que fue nombrado Maestro Mayor de las obras reales y de la Villa de Madrid. Su obra cumbre fue el Palacio Ducal de Lerma. Poco antes de fallecer se le hab\u00eda encargado el dise\u00f1o de las Descalzas Reales de Valladolid.<\/span><\/a>, arquitecto de Felipe III, no obstante, la ejecuci\u00f3n de las obras las realiz\u00f3 <a href=\"#\" class=\"tooltip yellow-tooltip\">Diego de Praves<span>Diego de Praves (1556-1620) fue un importante arquitecto espa\u00f1ol de la \u00c9poca moderna. Fue maestro mayor de la Catedral de Valladolid, adem\u00e1s de trabajar en numerosos monumentos significativos de la ciudad, como la Iglesia de Vera Cruz y el convento de las Descalzas Reales.<\/span><\/a>. La iglesia, al hacer esquina, permite que exista una portada lateral. La fachada es toda de ladrillo y tiene forma plana-rectangular. En la parte superior se exhiben a cada lado los escudos reales que indican el patronazgo de los monarcas, rematado por un front\u00f3n con ojo de buey. En el cuerpo central destaca una hornacina, en la que se coloc\u00f3 una Virgen con \u00c1ngeles en honor a la Asunci\u00f3n, que es obra de <a href=\"\/es\/territorios\/itinerarios-urbanos\/valladolid\/iglesia-de-san-pablo\/gregorio-fernandez\/\" title=\"Gregorio Fern\u00e1ndez\">Gregorio Fern\u00e1ndez<\/a>. Encima de la hornacina se coloc\u00f3 un peque\u00f1o front\u00f3n con tres bolas sobre pedestales. En el tejado sobresale un peque\u00f1o campanario con tres campanas. El interior de la Iglesia es de una nave \u00fanica, con crucero muy saliente y la cabecera plana. Destaca la c\u00fapula del crucero, sin linterna, que deja ver al exterior un cimborrio de forma cuadrada. El retablo mayor contiene esculturas religiosas de Gregorio Fern\u00e1ndez, y pinturas de <a href=\"#\" class=\"tooltip yellow-tooltip\">Santiago Mor\u00e1n<span>Santiago Mor\u00e1n (1571-1626) fue un pintor de c\u00e1mara de Felipe III, de la escuela de Juan Pantoja de la Cruz. Realiz\u00f3 diversos retratos de la familia real, siendo el m\u00e1s conocido el de la infanta Margarita Francisca. Asimismo, realiz\u00f3 importantes encargos de los monarcas como el retablo mayor del convento de las Descalzas Reales de Valladolid.<\/span><\/a>. Tambi\u00e9n se conserva el p\u00falpito barroco, de hierro con dosel de madera. El claustro es otro espacio que se conserva de \u00e9poca de Felipe III. Est\u00e1 compuesto de dos plantas cuadradas, con arcos de media punta a cada lado y un pavimento totalmente geom\u00e9trico en cuyo centro se sit\u00faa un pozo.<\/p>\n<p style=\"text-align: justify\">Cuando la corte regres\u00f3 a Madrid, las Descalzas de Valladolid quedaron bajo el cuidado y protecci\u00f3n de la <a href=\"#\" class=\"tooltip yellow-tooltip\">Chanciller\u00eda Real<span>Fue el principal aparato judicial que ten\u00eda jurisdicci\u00f3n sobre Castilla. Creado en el siglo XIV como fruto de una reforma judicial del reino, dur\u00f3 hasta el siglo XIX, cuando fue suprimido. Su funci\u00f3n principal era la de dar cabida y tratar de solucionar todos los pleitos del reino de Castilla, adem\u00e1s de validar los documentos oficiales con el sello real, sin necesidad de que pasara por manos del rey. Perdi\u00f3 protagonismo en el siglo XVI cuando se cre\u00f3 la Chanciller\u00eda de Granada.<\/span><\/a> de Valladolid, que se encontraba en frente del convento, y muchos de los ministros superiores de justicia quisieron que sus hijas profesaran en este convento, de forma que fue, de nuevo, otro centro de espiritualidad, pero tambi\u00e9n de poder.&nbsp;<\/p>\n<p style=\"text-align: justify\"><a href=\"\/es\/territorios\/itinerarios-regionales\/monasterios\/el-monasterio-de-las-descalzas-reales\/\" title=\"El Monasterio de las Descalzas Reales\">&lt;&lt;&lt;&#8212;p\u00e1gina precedente<\/a><span>&nbsp;&nbsp;&nbsp;<\/span> <a href=\"\/es\/territorios\/itinerarios-regionales\/monasterios\/el-monasterio-de-la-encarnacion\/\" title=\"El Monasterio de la Encarnaci\u00f3n\">p\u00e1gina siguiente&#8212;&gt;&gt;&gt;<\/a><a href=\"\/es\/territorios\/itinerarios-regionales\/plazas-mayores\/la-plaza-mayor-de-madrid\/\" title=\"La Plaza Mayor de Madrid\"><\/a><\/p>\n<\/p><\/div>\n<p><\/p>\n","protected":false},"excerpt":{"rendered":"<p>La corte vallisoletana y el convento de las Descalzas Reales de Valladolid Cuando la corte de Felipe III se traslad\u00f3 a Valladolid (1600-1606) por deseo expreso del duque de Lerma, la reina Margarita de Austria no dud\u00f3 en fundar un convento similar al de las&hellip;<\/p>\n","protected":false},"author":1,"featured_media":0,"parent":7540,"menu_order":0,"comment_status":"closed","ping_status":"closed","template":"","meta":{"footnotes":""},"class_list":["post-6684","page","type-page","status-publish","hentry"],"_links":{"self":[{"href":"https:\/\/digitalhistory.unite.it\/es\/wp-json\/wp\/v2\/pages\/6684","targetHints":{"allow":["GET"]}}],"collection":[{"href":"https:\/\/digitalhistory.unite.it\/es\/wp-json\/wp\/v2\/pages"}],"about":[{"href":"https:\/\/digitalhistory.unite.it\/es\/wp-json\/wp\/v2\/types\/page"}],"author":[{"embeddable":true,"href":"https:\/\/digitalhistory.unite.it\/es\/wp-json\/wp\/v2\/users\/1"}],"replies":[{"embeddable":true,"href":"https:\/\/digitalhistory.unite.it\/es\/wp-json\/wp\/v2\/comments?post=6684"}],"version-history":[{"count":2,"href":"https:\/\/digitalhistory.unite.it\/es\/wp-json\/wp\/v2\/pages\/6684\/revisions"}],"predecessor-version":[{"id":12054,"href":"https:\/\/digitalhistory.unite.it\/es\/wp-json\/wp\/v2\/pages\/6684\/revisions\/12054"}],"up":[{"embeddable":true,"href":"https:\/\/digitalhistory.unite.it\/es\/wp-json\/wp\/v2\/pages\/7540"}],"wp:attachment":[{"href":"https:\/\/digitalhistory.unite.it\/es\/wp-json\/wp\/v2\/media?parent=6684"}],"curies":[{"name":"wp","href":"https:\/\/api.w.org\/{rel}","templated":true}]}}