{"id":6685,"date":"2021-08-20T00:03:52","date_gmt":"2021-08-19T22:03:52","guid":{"rendered":"https:\/\/digitalhistory.unite.it\/el-monasterio-de-la-encarnacion\/"},"modified":"2021-11-23T15:29:03","modified_gmt":"2021-11-23T14:29:03","slug":"el-monasterio-de-la-encarnacion","status":"publish","type":"page","link":"https:\/\/digitalhistory.unite.it\/es\/territorios\/itinerarios-regionales\/monasterios\/el-monasterio-de-la-encarnacion\/","title":{"rendered":"El proyecto de la reina Margarita de Austria: El Monasterio de la Encarnaci\u00f3n"},"content":{"rendered":"<h1>El proyecto de la reina Margarita de Austria: El Monasterio de la Encarnaci\u00f3n <\/h1>\n<div class=\"testo\">\n<p style=\"text-align: justify\"><img loading=\"lazy\" decoding=\"async\" src=\"https:\/\/digitalhistory.unite.it\/wp-content\/uploads\/2021\/08\/imagen_4__fileminimizer__250x167.jpg\" width=\"250\" height=\"167\" alt=\"Monastero 3\" align=\"left\">A escasos metros del <a href=\"\/es\/territorios\/itinerarios-regionales\/monasterios\/conventos-femeninos-en-epoca-barroca\/alcazar\/\" title=\"Alc\u00e1zar\">Alc\u00e1zar<\/a> y comunicado con \u00e9l por un pasadizo subterr\u00e1neo, se encontraba el Real Monasterio de la Encarnaci\u00f3n de <a href=\"\/es\/territorios\/itinerarios-regionales\/monasterios\/el-monasterio-de-la-encarnacion\/agustinas-recoletas\/\" title=\"Agustinas recoletas\">Agustinas recoletas<\/a> fundado por la reina <a href=\"\/es\/territorios\/itinerarios-regionales\/monasterios\/el-monasterio-de-las-descalzas-reales\/margarita-de-austria\/\" title=\"Margarita de Austria\">Margarita de Austria<\/a>. La intenci\u00f3n de la reina al fundar un convento tan pr\u00f3ximo al palacio fue la de acercar a los criados, y tambi\u00e9n a los cortesanos, la espiritualidad recoleta que ella practicaba. No obstante, de nuevo Margarita no pudo ver terminado el convento en 1616 por su prematura muerte en octubre de 1611. Lo que no cabe duda es que, con esta fundaci\u00f3n, dej\u00f3 asentada la espiritualidad de la <a href=\"\/es\/territorios\/itinerarios-urbanos\/valladolid\/iglesia-de-san-pablo\/corte\/\" title=\"Corte\">corte<\/a> durante la segunda mitad del reinado de <a href=\"\/es\/territorios\/itinerarios-urbanos\/valladolid\/iglesia-de-san-pablo\/felipe-iii\/\" title=\"Felipe III\">Felipe III<\/a> y todo el reinado de su hijo, <a href=\"\/es\/territorios\/itinerarios-urbanos\/valladolid\/iglesia-de-san-pablo\/felipe-iv\/\" title=\"Felipe IV\">Felipe IV<\/a>, pues se convirti\u00f3 en el lugar m\u00e1s importante para las mujeres de la corte, ya fueran de la realeza o de la nobleza, cuyas familias participaban de esa misma espiritualidad.<\/p>\n<p style=\"text-align: justify\">El proyecto de fundaci\u00f3n de la Encarnaci\u00f3n se gest\u00f3 durante los a\u00f1os en que la corte se traslad\u00f3 a <a href=\"\/es\/territorios\/itinerarios-urbanos\/valladolid\/iglesia-de-san-pablo\/valladolid\/\" title=\"Valladolid\">Valladolid<\/a> (1601-1606), donde la reina tuvo ocasi\u00f3n de conocer la espiritualidad recoleta a trav\u00e9s de la madre <a href=\"#\" class=\"tooltip yellow-tooltip\">Mariana de San Jos\u00e9<span>Esta religiosa agustina naci\u00f3 en Alba de Tormes y conoci\u00f3 a Santa Teresa de Jes\u00fas cuando Mariana todav\u00eda era una ni\u00f1a. Mariana de San Jos\u00e9, antes de fundar por orden de la reina el convento de la Encarnaci\u00f3n en Madrid, hab\u00eda fundado otros conventos de agustinas recoletas como los de \u00c9ibar (1603), Medina del Campo (1604), Valladolid (1606) y Palencia (1610).<\/span><\/a>, primera priora del monasterio de la Encarnaci\u00f3n. El dise\u00f1o del edificio fue obra del arquitecto real <a href=\"#\" class=\"tooltip yellow-tooltip\">Juan G\u00f3mez de Mora<span>Juan G\u00f3mez de Mora (1586-1648) fue la figura m\u00e1s importante de la arquitectura espa\u00f1ola de la primera mitad del siglo XVII, punto de encuentro entre el arte renacentista y clasicista y el naciente gusto barroco. Sobrino de Francisco de Mora, fue nombrado en 1610 maestro mayor de obras del Alc\u00e1zar madrile\u00f1o. Su obra m\u00e1s importan fue, sin duda, la Plaza Mayor de Madrid, pero a su genio se debe tambi\u00e9n la C\u00e1rcel de Corte y la Casa de la Villa en Madrid y un colegio jesu\u00edtico, la Clerec\u00eda de Salamanca.<\/span><\/a>. El complejo monacal forma un gran rect\u00e1ngulo en cuyo centro se situaba la Iglesia. El convento es de mamposter\u00eda de pedernal con verdugadas de ladrillo mientras que la fachada es de piedra, en la que se dispone un p\u00f3rtico de tres arcos con los escudos de los monarcas fundadores. Al igual que las Descalzas Reales, las estancias est\u00e1n decoradas con <a href=\"#\" class=\"tooltip yellow-tooltip\">azulejos de Talavera de la Reina<span>Se trata de la cer\u00e1mica que se fabrica en la ciudad de Talavera de la Reina (Toledo). Se compone de barro sacado del r\u00edo Tajo que se decora con diferentes esmaltes. Desde \u00e9poca de Felipe II la esmaltada en color blanco y azul se incorpor\u00f3 en las paredes de muchos conventos y palacios &#8211; incluso El Escorial &#8211; y en numerosos objetos ornamentales como jarrones y vajillas. Es la cer\u00e1mica m\u00e1s c\u00e9lebre en Espa\u00f1a y su ciudad basa buena parte de su econom\u00eda en la venta de este material.<\/span><\/a>. Existen dos salas dedicadas a la pintura en el Monasterio: una es la <em>Sala de pintura<\/em> y la otra es el <em>Sal\u00f3n de Reyes<\/em> en las que se conservan retratos de la familia real. Otra estancia a destacar es la <em>Sala de esculturas<\/em> que guarda una serie de <em>Cristos<\/em> de <a href=\"\/es\/territorios\/itinerarios-urbanos\/valladolid\/iglesia-de-san-pablo\/gregorio-fernandez\/\" title=\"Gregorio Fern\u00e1ndez\">Gregorio Fern\u00e1ndez<\/a>. Por \u00faltimo, es preciso destacar el relicario de la Encarnaci\u00f3n, construido por deseo expreso de los Austrias, con espl\u00e9ndidas vitrinas de madera que custodian una de las colecciones de relicarios m\u00e1s importantes de Espa\u00f1a, con reliquias y relicarios llegados de toda Europa durante el siglo XVII.<\/p>\n<p style=\"text-align: justify\"><a href=\"\/es\/territorios\/itinerarios-regionales\/monasterios\/el-convento-de-las-descalzas-reales-de-valladolid\/\" title=\"El convento de las Descalzas Reales de Valladolid\">&lt;&lt;&lt;&#8212;p\u00e1gina precedente<\/a><span>&nbsp;&nbsp;&nbsp;<\/span> <a href=\"\/es\/territorios\/itinerarios-regionales\/monasterios\/la-fundacion-de-los-duques-de-olivares-en-loeches\/\" title=\"La fundaci\u00f3n de los Duques de Olivares en Loeches\">p\u00e1gina siguiente&#8212;&gt;&gt;&gt;<\/a><a href=\"\/es\/territorios\/itinerarios-regionales\/plazas-mayores\/la-plaza-mayor-de-madrid\/\" title=\"La Plaza Mayor de Madrid\"><\/a><\/p>\n<\/p><\/div>\n<p><\/p>\n","protected":false},"excerpt":{"rendered":"<p>El proyecto de la reina Margarita de Austria: El Monasterio de la Encarnaci\u00f3n A escasos metros del Alc\u00e1zar y comunicado con \u00e9l por un pasadizo subterr\u00e1neo, se encontraba el Real Monasterio de la Encarnaci\u00f3n de Agustinas recoletas fundado por la reina Margarita de Austria. La&hellip;<\/p>\n","protected":false},"author":1,"featured_media":0,"parent":7540,"menu_order":0,"comment_status":"closed","ping_status":"closed","template":"","meta":{"footnotes":""},"class_list":["post-6685","page","type-page","status-publish","hentry"],"_links":{"self":[{"href":"https:\/\/digitalhistory.unite.it\/es\/wp-json\/wp\/v2\/pages\/6685","targetHints":{"allow":["GET"]}}],"collection":[{"href":"https:\/\/digitalhistory.unite.it\/es\/wp-json\/wp\/v2\/pages"}],"about":[{"href":"https:\/\/digitalhistory.unite.it\/es\/wp-json\/wp\/v2\/types\/page"}],"author":[{"embeddable":true,"href":"https:\/\/digitalhistory.unite.it\/es\/wp-json\/wp\/v2\/users\/1"}],"replies":[{"embeddable":true,"href":"https:\/\/digitalhistory.unite.it\/es\/wp-json\/wp\/v2\/comments?post=6685"}],"version-history":[{"count":2,"href":"https:\/\/digitalhistory.unite.it\/es\/wp-json\/wp\/v2\/pages\/6685\/revisions"}],"predecessor-version":[{"id":12051,"href":"https:\/\/digitalhistory.unite.it\/es\/wp-json\/wp\/v2\/pages\/6685\/revisions\/12051"}],"up":[{"embeddable":true,"href":"https:\/\/digitalhistory.unite.it\/es\/wp-json\/wp\/v2\/pages\/7540"}],"wp:attachment":[{"href":"https:\/\/digitalhistory.unite.it\/es\/wp-json\/wp\/v2\/media?parent=6685"}],"curies":[{"name":"wp","href":"https:\/\/api.w.org\/{rel}","templated":true}]}}