{"id":6686,"date":"2021-08-20T00:03:52","date_gmt":"2021-08-19T22:03:52","guid":{"rendered":"https:\/\/digitalhistory.unite.it\/la-fundacion-de-los-duques-de-olivares-en-loeches\/"},"modified":"2021-11-23T15:29:04","modified_gmt":"2021-11-23T14:29:04","slug":"la-fundacion-de-los-duques-de-olivares-en-loeches","status":"publish","type":"page","link":"https:\/\/digitalhistory.unite.it\/es\/territorios\/itinerarios-regionales\/monasterios\/la-fundacion-de-los-duques-de-olivares-en-loeches\/","title":{"rendered":"Imitando a la realeza: la fundaci\u00f3n de los Duques de Olivares en Loeches"},"content":{"rendered":"<h1>Imitando a la realeza: la fundaci\u00f3n de los Duques de Olivares en Loeches <\/h1>\n<div class=\"testo\">\n<p style=\"text-align: justify\"><img loading=\"lazy\" decoding=\"async\" src=\"https:\/\/digitalhistory.unite.it\/wp-content\/uploads\/2021\/08\/imagen_5__fileminimizer__250x167.jpg\" width=\"250\" height=\"167\" alt=\"Monastero 4\" align=\"left\">Al noreste de <a href=\"\/es\/territorios\/itinerarios-urbanos\/valladolid\/iglesia-de-san-pablo\/madrid\/\" title=\"Madrid\">Madrid<\/a>, en <a href=\"#\" class=\"tooltip yellow-tooltip\">Loeches<span>Es un peque\u00f1o pueblo situado al este de la Comunidad de Madrid, cercano a la ciudad de Alcal\u00e1 de Henares, de la que ha dependido a lo largo de su historia. El origen de este lugar se encuentra en la Reconquista, cuando repobladores vascos se asentaron all\u00ed fundando Loeches. En 1633 el Conde Duque de Olivares lo compr\u00f3 y fund\u00f3 all\u00ed su palacio y un convento. Alejado de la corte en 1643, Olivares se march\u00f3 a Loeches durante unos a\u00f1os.<\/span><\/a>, se encuentra el Monasterio de la Inmaculada Concepci\u00f3n. Fue fundado por el valido de <a href=\"\/es\/territorios\/itinerarios-urbanos\/valladolid\/iglesia-de-san-pablo\/felipe-iv\/\" title=\"Felipe IV\">Felipe IV<\/a>, <a href=\"\/es\/territorios\/itinerarios-regionales\/monasterios\/la-fundacion-de-los-duques-de-olivares-en-loeches\/conde-duque-de-olivares\/\" title=\"Conde Duque de Olivares\">don Gaspar de Guzm\u00e1n y Pimentel, I conde-duque de Olivares<\/a>, y su esposa <a href=\"#\" class=\"tooltip yellow-tooltip\">do\u00f1a In\u00e9s de Z\u00fa\u00f1iga y Velasco<span>Do\u00f1a In\u00e9s de Z\u00fa\u00f1iga y Velasco (1584-1647), del noble linaje de los Z\u00fa\u00f1iga, se cas\u00f3 con su primo, el Conde-Duque de Olivares, valido de Felipe IV, en 1607. Do\u00f1a In\u00e9s se convirti\u00f3 en una de las damas m\u00e1s importantes de la corte hispana, desempe\u00f1ando el oficio de camarera mayor de la reina Isabel de Borb\u00f3n, primera esposa del monarca, y tambi\u00e9n fue aya del pr\u00edncipe Baltasar Carlos.<\/span><\/a>, en el a\u00f1o 1640. En Loeches, Olivares quiso afianzar su patrimonio edificando un palacio y un convento de <a href=\"#\" class=\"tooltip yellow-tooltip\">Dominicas Recoletas<span>La recolecci\u00f3n en la orden femenina de los Dominicos no fue de las m\u00e1s extendidas por los reinos hispanos. Se extendieron en el siglo XVII pero son poqu\u00edsimas las fundaciones de esta rama femenina destacando el convento de Corpus Christi en C\u00f3rdoba y el convento de Loeches en Madrid.<\/span><\/a>, que era visitado diariamente por la condesa. A Loeches se marcharon Olivares y su esposa en 1643, cuando \u00e9ste perdi\u00f3 su poder y fue alejado de la <a href=\"\/es\/territorios\/itinerarios-urbanos\/valladolid\/iglesia-de-san-pablo\/corte\/\" title=\"Corte\">Corte<\/a> acusado de una mala gesti\u00f3n de los recursos de una Monarqu\u00eda en decadencia, que no pod\u00eda hacer frente a los elevados costes de las batallas y las continuas quiebras econ\u00f3micas. El edificio, de estilo barroco, fue dise\u00f1ado por <a href=\"#\" class=\"tooltip yellow-tooltip\">Alonso Carbonel<span>Alonso Carbonel (1583-1660) destac\u00f3 como escultor y ensamblador espa\u00f1ol. Una de sus obras principales fue el retablo mayor de la Iglesia de la Magdalena de Getafe. Vinculado a la protecci\u00f3n del Conde Duque de Olivares, fue nombrado en 1627 aparejador de las obras reales, en 1630 aparejador mayor, en 1632 maestro mayor de las obras del Palacio del Buen Retiro. Realiz\u00f3 las trazas del Monasterio de la Concepci\u00f3n de Loeches, donde se retir\u00f3 el valido tras su ca\u00edda en desgracia en 1643.<\/span><\/a>. La fachada principal es de granito y lo m\u00e1s caracter\u00edstico es que es pr\u00e1cticamente id\u00e9ntica a la fachada del Monasterio de la Encarnaci\u00f3n, en un intento por imitar al convento m\u00e1s importante durante los reinados de <a href=\"\/es\/territorios\/itinerarios-urbanos\/valladolid\/iglesia-de-san-pablo\/felipe-iii\/\" title=\"Felipe III\">Felipe III<\/a> y Felipe IV. Las fachadas laterales del convento se componen de sillares y mamposter\u00eda de caliza con un p\u00f3rtico de tres arcos en el plano inferior, una hornacina en el centro y dos escudos en la parte superior de la fachada. El tejado es de pizarra con un chapitel, elemento constructivo muy caracter\u00edstico de los edificios de los Austrias, que adem\u00e1s incorpora una gran c\u00fapula del mismo material. Es un complejo monacal que constaba del propio convento, la Iglesia, un pante\u00f3n familiar, y unas huertas. La Iglesia es de estilo barroco, r\u00e9plica de la Encarnaci\u00f3n, con una sola nave cubierta por b\u00f3veda de ca\u00f1\u00f3n y la c\u00fapula sobe pechinas en el crucero. La parte exterior del monasterio es de ladrillo visto, con cubiertas de teja cer\u00e1mica.<\/p>\n<p style=\"text-align: justify\">Actualmente este monasterio es patronazgo de la <a href=\"\/es\/territorios\/itinerarios-urbanos\/un-jardin-espanol-a-la-italiana\/descripcion-de-el-bosque-de-bejar\/duques-de-alba\/\" title=\"Duques de Alba\">Casa de Alba<\/a>, actuales Condes-Duques de Olivares. Uno de los lugares m\u00e1s particulares del edificio es la construcci\u00f3n del pante\u00f3n de los Duques de Alba, que si bien se realiz\u00f3 a principios del siglo XX, conserva los cuerpos de los I Condes-Duques de Olivares &#8211; se trasladaron all\u00ed sus sepulturas &#8211; y de destacados miembros de la familia Alba.<\/p>\n<p style=\"text-align: justify\">Tanto el convento como la Iglesia albergaban importantes joyas art\u00edsticas del Barroco, no obstante, los diferentes saqueos desde \u00e9poca napole\u00f3nica, hicieron que la mayor\u00eda de los cuadros, mobiliario y objetos de orfebrer\u00eda de gran valor fueran saqueados y se encuentren repartidos por diferentes museos espa\u00f1oles y europeos.<\/p>\n<p style=\"text-align: justify\"><a href=\"\/es\/territorios\/itinerarios-regionales\/monasterios\/el-monasterio-de-la-encarnacion\/\" title=\"El Monasterio de la Encarnaci\u00f3n\">&lt;&lt;&lt;&#8212;p\u00e1gina precedente<\/a><span>&nbsp;&nbsp;&nbsp;<\/span> <a href=\"\/es\/territorios\/itinerarios-regionales\/\" title=\"Itinerarios regionales\">\u00cdndice&#8212;&gt;&gt;&gt;<\/a><a href=\"\/es\/territorios\/itinerarios-regionales\/\" title=\"Itinerarios regionales\"><\/a><\/p>\n<\/p><\/div>\n<p><\/p>\n","protected":false},"excerpt":{"rendered":"<p>Imitando a la realeza: la fundaci\u00f3n de los Duques de Olivares en Loeches Al noreste de Madrid, en LoechesEs un peque\u00f1o pueblo situado al este de la Comunidad de Madrid, cercano a la ciudad de Alcal\u00e1 de Henares, de la que ha dependido a lo&hellip;<\/p>\n","protected":false},"author":1,"featured_media":0,"parent":7540,"menu_order":0,"comment_status":"closed","ping_status":"closed","template":"","meta":{"footnotes":""},"class_list":["post-6686","page","type-page","status-publish","hentry"],"_links":{"self":[{"href":"https:\/\/digitalhistory.unite.it\/es\/wp-json\/wp\/v2\/pages\/6686","targetHints":{"allow":["GET"]}}],"collection":[{"href":"https:\/\/digitalhistory.unite.it\/es\/wp-json\/wp\/v2\/pages"}],"about":[{"href":"https:\/\/digitalhistory.unite.it\/es\/wp-json\/wp\/v2\/types\/page"}],"author":[{"embeddable":true,"href":"https:\/\/digitalhistory.unite.it\/es\/wp-json\/wp\/v2\/users\/1"}],"replies":[{"embeddable":true,"href":"https:\/\/digitalhistory.unite.it\/es\/wp-json\/wp\/v2\/comments?post=6686"}],"version-history":[{"count":2,"href":"https:\/\/digitalhistory.unite.it\/es\/wp-json\/wp\/v2\/pages\/6686\/revisions"}],"predecessor-version":[{"id":12053,"href":"https:\/\/digitalhistory.unite.it\/es\/wp-json\/wp\/v2\/pages\/6686\/revisions\/12053"}],"up":[{"embeddable":true,"href":"https:\/\/digitalhistory.unite.it\/es\/wp-json\/wp\/v2\/pages\/7540"}],"wp:attachment":[{"href":"https:\/\/digitalhistory.unite.it\/es\/wp-json\/wp\/v2\/media?parent=6686"}],"curies":[{"name":"wp","href":"https:\/\/api.w.org\/{rel}","templated":true}]}}