{"id":6687,"date":"2021-08-20T00:03:52","date_gmt":"2021-08-19T22:03:52","guid":{"rendered":"https:\/\/digitalhistory.unite.it\/el-origen-y-las-funciones-de-las-plazas-mayores\/"},"modified":"2021-11-23T15:29:05","modified_gmt":"2021-11-23T14:29:05","slug":"el-origen-y-las-funciones-de-las-plazas-mayores","status":"publish","type":"page","link":"https:\/\/digitalhistory.unite.it\/es\/territorios\/itinerarios-regionales\/plazas-mayores\/el-origen-y-las-funciones-de-las-plazas-mayores\/","title":{"rendered":"El origen y las funciones de las Plazas Mayores"},"content":{"rendered":"<h1>El origen y las funciones de las Plazas Mayores <\/h1>\n<div class=\"testo\">\n<p style=\"text-align: justify\"><img loading=\"lazy\" decoding=\"async\" src=\"https:\/\/digitalhistory.unite.it\/wp-content\/uploads\/2021\/08\/img_0962_252x168.jpg\" width=\"252\" height=\"168\" alt=\"Plaza mayor generico\" align=\"left\">La plaza como lugar de reuni\u00f3n, celebraci\u00f3n de ceremonias religiosas y civiles, y como centro de la vida social de una ciudad responde a una idea presente en la civilizaci\u00f3n occidental desde la antig\u00fcedad, cuyos primeros ejemplos hist\u00f3ricos se encuentran en el \u00e1gora griega y en el foro romano. En el contexto espec\u00edfico de la Pen\u00ednsula Ib\u00e9rica, las plazas no son un factor relevante en las ciudades construidas o remodeladas durante la dominaci\u00f3n \u00e1rabe, ya que, por el contrario, las ciudades se desarrollaron como una intrincada red de calles, callejones y esquinas. En la baja Edad Media, las plazas eran donde, por lo general, ten\u00eda lugar el mercado de la ciudad, y por ello, no se situaban en el centro de la trama urbana y, a menudo, eran situadas fuera de las murallas de la ciudad. En 1480, una ordenanza de los <a href=\"\/es\/territorios\/itinerarios-urbanos\/valladolid\/el-museo-nacional-de-escultura\/reyes-catolicos\/\" title=\"Reyes Cat\u00f3licos\">Reyes Cat\u00f3licos<\/a> incluy\u00f3, por primera vez, la construcci\u00f3n en cada ciudad de una &#8220;plaza mayor&#8221; donde se desarrollaba el mercado y donde tambi\u00e9n se encontraba el gobierno de la ciudad, esto era, la sede del ayuntamiento. Convertidas, por tanto, en sede del poder civil, en los siglos siguientes las plazas mayores surgieron como espacios especialmente dise\u00f1ados para cumplir funciones espec\u00edficas y se incluyeron en los proyectos urban\u00edsticos creados por arquitectos o maestros de obras. Sin abandonar su importante papel en la vida econ\u00f3mica y pol\u00edtica de la ciudad, la plaza mayor tambi\u00e9n se convirti\u00f3, en \u00e9poca moderna, en el teatro donde se representaban las ceremonias festivas y religiosas, como las corridas de toros, los <a href=\"\/es\/territorios\/itinerarios-regionales\/plazas-mayores\/el-origen-y-las-funciones-de-las-plazas-mayores\/autos-de-fe\/\" title=\"Autos de fe\">autos de fe<\/a> organizados por el <a href=\"\/es\/territorios\/itinerarios-urbanos\/alcala\/alcala-de-henares\/inquisicion-espanola\/\" title=\"Inquisici\u00f3n espa\u00f1ola\">Tribunal de la Inquisici\u00f3n<\/a> y las ejecuciones p\u00fablicas. Para dar cabida a tales eventos, la plaza mayor tambi\u00e9n debi\u00f3 cambiar progresivamente su apariencia y asumir nuevas caracter\u00edsticas hasta parecerse a un teatro al aire libre: la creaci\u00f3n de p\u00f3rticos abiertos, la mayor altura de los edificios, la inclusi\u00f3n de los balcones, las formas m\u00e1s amplias y regulares, la&nbsp;progresiva cubierta de las v\u00edas de acceso con el fin de obtener un espacio cerrado y continuo. Las <em>Ordenanzas de Descubrimiento y Poblaci\u00f3n<\/em> promulgadas por <a href=\"\/es\/territorios\/itinerarios-urbanos\/valladolid\/iglesia-de-san-pablo\/felipe-ii\/\" title=\"Felipe II\">Felipe II<\/a> en 1573 establecieron la imposici\u00f3n de la plaza mayor tambi\u00e9n en las ciudades de las colonias americanas. Adem\u00e1s del edificio municipal, la plaza mayor de Am\u00e9rica tambi\u00e9n deb\u00eda albergar a la iglesia principal, imponente, adem\u00e1s de por su gran tama\u00f1o, por ser un lugar primordial para la ciudad.<\/p>\n<p style=\"text-align: justify\"><a href=\"\/es\/territorios\/itinerarios-regionales\/\" title=\"Itinerarios regionales\">&lt;&lt;&lt;&#8212;\u00cdndice<\/a>&nbsp;&nbsp; <a href=\"\/es\/territorios\/itinerarios-regionales\/plazas-mayores\/la-reconstruccion-de-la-plaza-mayor-de-valladolid\/\" title=\"La reconstrucci\u00f3n de la Plaza Mayor de Valladolid\">p\u00e1gina siguiente&#8212;&gt;&gt;&gt;<\/a><\/p>\n<\/p><\/div>\n<p><\/p>\n","protected":false},"excerpt":{"rendered":"<p>El origen y las funciones de las Plazas Mayores La plaza como lugar de reuni\u00f3n, celebraci\u00f3n de ceremonias religiosas y civiles, y como centro de la vida social de una ciudad responde a una idea presente en la civilizaci\u00f3n occidental desde la antig\u00fcedad, cuyos primeros&hellip;<\/p>\n","protected":false},"author":1,"featured_media":0,"parent":7546,"menu_order":0,"comment_status":"closed","ping_status":"closed","template":"","meta":{"footnotes":""},"class_list":["post-6687","page","type-page","status-publish","hentry"],"_links":{"self":[{"href":"https:\/\/digitalhistory.unite.it\/es\/wp-json\/wp\/v2\/pages\/6687","targetHints":{"allow":["GET"]}}],"collection":[{"href":"https:\/\/digitalhistory.unite.it\/es\/wp-json\/wp\/v2\/pages"}],"about":[{"href":"https:\/\/digitalhistory.unite.it\/es\/wp-json\/wp\/v2\/types\/page"}],"author":[{"embeddable":true,"href":"https:\/\/digitalhistory.unite.it\/es\/wp-json\/wp\/v2\/users\/1"}],"replies":[{"embeddable":true,"href":"https:\/\/digitalhistory.unite.it\/es\/wp-json\/wp\/v2\/comments?post=6687"}],"version-history":[{"count":2,"href":"https:\/\/digitalhistory.unite.it\/es\/wp-json\/wp\/v2\/pages\/6687\/revisions"}],"predecessor-version":[{"id":12066,"href":"https:\/\/digitalhistory.unite.it\/es\/wp-json\/wp\/v2\/pages\/6687\/revisions\/12066"}],"up":[{"embeddable":true,"href":"https:\/\/digitalhistory.unite.it\/es\/wp-json\/wp\/v2\/pages\/7546"}],"wp:attachment":[{"href":"https:\/\/digitalhistory.unite.it\/es\/wp-json\/wp\/v2\/media?parent=6687"}],"curies":[{"name":"wp","href":"https:\/\/api.w.org\/{rel}","templated":true}]}}