{"id":6688,"date":"2021-08-20T00:03:52","date_gmt":"2021-08-19T22:03:52","guid":{"rendered":"https:\/\/digitalhistory.unite.it\/la-reconstruccion-de-la-plaza-mayor-de-valladolid\/"},"modified":"2021-11-23T15:29:05","modified_gmt":"2021-11-23T14:29:05","slug":"la-reconstruccion-de-la-plaza-mayor-de-valladolid","status":"publish","type":"page","link":"https:\/\/digitalhistory.unite.it\/es\/territorios\/itinerarios-regionales\/plazas-mayores\/la-reconstruccion-de-la-plaza-mayor-de-valladolid\/","title":{"rendered":"La reconstrucci\u00f3n de la Plaza Mayor de Valladolid"},"content":{"rendered":"<h1>La reconstrucci\u00f3n de la Plaza Mayor de Valladolid <\/h1>\n<div class=\"testo\">\n<p style=\"text-align: justify\"><img loading=\"lazy\" decoding=\"async\" src=\"https:\/\/digitalhistory.unite.it\/wp-content\/uploads\/2021\/08\/img_0879_251x167.jpg\" width=\"251\" height=\"167\" alt=\"Plaza Mayor Valladolid\" align=\"left\">En la Edad Media, el espacio donde hoy se encuentra la Plaza Mayor de <a href=\"\/es\/territorios\/itinerarios-urbanos\/valladolid\/iglesia-de-san-pablo\/valladolid\/\" title=\"Valladolid\">Valladolid<\/a> estaba fuera de la muralla y serv\u00eda como lugar de encuentro para los agricultores y comerciantes y para la recogida de sus productos. De la \u00e9poca del dominio del conde Pedro Ans\u00farez (segunda mitad del siglo XI) data la construcci\u00f3n de la Plaza de Santa Mar\u00eda, eje central de una ciudad en expansi\u00f3n. En \u00e9sta se encontraban las Iglesias de Santa Mar\u00eda la Mayor y de Santa Mar\u00eda la Antigua, as\u00ed como el edificio del gobierno municipal. La actual Plaza Mayor (que comenz\u00f3 a ser llamada de esta manera a principios del siglo XVI) se estableci\u00f3 en la fase final de la Edad Media, como la plaza del mercado. En ella dominaba el Convento de San Francisco (demolido en el siglo XIX) y a partir de 1499 tambi\u00e9n fue la sede, bajo la orden determinada de los <a href=\"\/es\/territorios\/itinerarios-urbanos\/valladolid\/el-museo-nacional-de-escultura\/reyes-catolicos\/\" title=\"Reyes Cat\u00f3licos\">Reyes Cat\u00f3licos<\/a>, del ayuntamiento. En 1561, del 21 al 23 de septiembre un gran incendio destruy\u00f3 gran parte de la ciudad, incluida la Plaza Mayor. El proyecto de reconstrucci\u00f3n de la plaza y de todo el centro hist\u00f3rico de la ciudad se confi\u00f3 a <a href=\"#\" class=\"tooltip yellow-tooltip\">Francisco de Salamanca<span>Francisco de Salamanca (c.a. 1514-1573) desempe\u00f1\u00f3 el cargo de trazador mayor bajo Felipe II. Su obra m\u00e1s importante fue, sin duda, la reconstrucci\u00f3n de la Plaza Mayor de Valladolid y de las calles adyacentes tras el gran incendio de 1561. Si bien no naci\u00f3 en Valladolid, transcurri\u00f3 gran parte de su vida en esta ciudad castellana, trabajando muy a menudo con su hijo Juan de Salamanca.<\/span><\/a> y fue financiado gracias a la intervenci\u00f3n decisiva del rey <a href=\"\/es\/territorios\/itinerarios-urbanos\/valladolid\/iglesia-de-san-pablo\/felipe-ii\/\" title=\"Felipe II\">Felipe II<\/a>, natural de Valladolid. El resultado fue una plaza que cambi\u00f3 para siempre el modelo urbano de la ciudad castellana, ejerciendo una influencia duradera en todas las plazas mayores que se han construido en las d\u00e9cadas y siglos posteriores. Por primera vez, fue concebida como el centro de la ciudad, de la que emerg\u00eda una red de caminos rectil\u00edneos. Fue tambi\u00e9n la primera plaza mayor de forma regular, cerrada y dotada de p\u00f3rticos, ideal para la celebraci\u00f3n de actos p\u00fablicos, tanto religiosos como civiles. De planta rectangular, la plaza cuenta con p\u00f3rticos sobre columnas o pilares de granito. Las v\u00edas de acceso no est\u00e1n cubiertas. Los edificios que la rodean tienen balcones en todas las plantas, pero el aspecto original de la plaza, de inspiraci\u00f3n vitruviana, inclu\u00eda s\u00f3lo el primer piso de los edificios, con alf\u00e9izares en las ventanas del segundo piso y simples ventanas en el tercero. En el lugar donde se situaba el antiguo Convento de San Francisco est\u00e1 hoy el teatro Zorrilla, mientras que el antiguo ayuntamiento, construido en el siglo XVI, fue sustituido por el actual a finales del siglo XIX. A principios del siglo XX se remonta el monumento del conde Pedro Ans\u00farez.<\/p>\n<p style=\"text-align: justify\"><a href=\"\/es\/territorios\/itinerarios-regionales\/plazas-mayores\/el-origen-y-las-funciones-de-las-plazas-mayores\/\" title=\"El origen y las funciones de las Plazas Mayores\">&lt;&lt;&lt;&#8212;p\u00e1gina precedente<\/a>&nbsp;&nbsp; <a href=\"\/es\/territorios\/itinerarios-regionales\/plazas-mayores\/la-plaza-mayor-de-madrid\/\" title=\"La Plaza Mayor de Madrid\">p\u00e1gina siguiente&#8212;&gt;&gt;&gt;<\/a><\/p>\n<\/p><\/div>\n<p><\/p>\n","protected":false},"excerpt":{"rendered":"<p>La reconstrucci\u00f3n de la Plaza Mayor de Valladolid En la Edad Media, el espacio donde hoy se encuentra la Plaza Mayor de Valladolid estaba fuera de la muralla y serv\u00eda como lugar de encuentro para los agricultores y comerciantes y para la recogida de sus&hellip;<\/p>\n","protected":false},"author":1,"featured_media":0,"parent":7546,"menu_order":0,"comment_status":"closed","ping_status":"closed","template":"","meta":{"footnotes":""},"class_list":["post-6688","page","type-page","status-publish","hentry"],"_links":{"self":[{"href":"https:\/\/digitalhistory.unite.it\/es\/wp-json\/wp\/v2\/pages\/6688","targetHints":{"allow":["GET"]}}],"collection":[{"href":"https:\/\/digitalhistory.unite.it\/es\/wp-json\/wp\/v2\/pages"}],"about":[{"href":"https:\/\/digitalhistory.unite.it\/es\/wp-json\/wp\/v2\/types\/page"}],"author":[{"embeddable":true,"href":"https:\/\/digitalhistory.unite.it\/es\/wp-json\/wp\/v2\/users\/1"}],"replies":[{"embeddable":true,"href":"https:\/\/digitalhistory.unite.it\/es\/wp-json\/wp\/v2\/comments?post=6688"}],"version-history":[{"count":2,"href":"https:\/\/digitalhistory.unite.it\/es\/wp-json\/wp\/v2\/pages\/6688\/revisions"}],"predecessor-version":[{"id":12072,"href":"https:\/\/digitalhistory.unite.it\/es\/wp-json\/wp\/v2\/pages\/6688\/revisions\/12072"}],"up":[{"embeddable":true,"href":"https:\/\/digitalhistory.unite.it\/es\/wp-json\/wp\/v2\/pages\/7546"}],"wp:attachment":[{"href":"https:\/\/digitalhistory.unite.it\/es\/wp-json\/wp\/v2\/media?parent=6688"}],"curies":[{"name":"wp","href":"https:\/\/api.w.org\/{rel}","templated":true}]}}