{"id":6689,"date":"2021-08-20T00:03:52","date_gmt":"2021-08-19T22:03:52","guid":{"rendered":"https:\/\/digitalhistory.unite.it\/la-plaza-mayor-de-madrid\/"},"modified":"2021-11-23T17:45:14","modified_gmt":"2021-11-23T16:45:14","slug":"la-plaza-mayor-de-madrid","status":"publish","type":"page","link":"https:\/\/digitalhistory.unite.it\/es\/territorios\/itinerarios-regionales\/plazas-mayores\/la-plaza-mayor-de-madrid\/","title":{"rendered":"La Plaza Mayor de Madrid"},"content":{"rendered":"<h1>La Plaza Mayor de Madrid <\/h1>\n<div class=\"testo\">\n<p style=\"text-align: justify\"><img loading=\"lazy\" decoding=\"async\" src=\"https:\/\/digitalhistory.unite.it\/wp-content\/uploads\/2021\/08\/img_0954_252x168.jpg\" width=\"252\" height=\"168\" alt=\"Plaza Mayor di Madrid\" align=\"left\">Al igual que en el caso de <a href=\"\/es\/territorios\/itinerarios-urbanos\/valladolid\/iglesia-de-san-pablo\/valladolid\/\" title=\"Valladolid\">Valladolid<\/a>, tambi\u00e9n en <a href=\"\/es\/territorios\/itinerarios-urbanos\/valladolid\/iglesia-de-san-pablo\/madrid\/\" title=\"Madrid\">Madrid<\/a>, el terreno donde hoy se encuentra la Plaza Mayor se situaba, en la Edad Media, fuera del primer per\u00edmetro de muralla. A partir del siglo XIII, cuando Madrid ten\u00eda unos pocos miles de habitantes, hab\u00eda noticias de un espacio generado por el proceso de secado de una laguna preexistente. La Plaza del Arrabal, como se llamaba en ese momento, era de dimensiones reducidas y de forma irregular, y fue la sede del mercado de la ciudad. Ya durante el siglo XVI, la expansi\u00f3n territorial y el crecimiento demogr\u00e1fico de la ciudad, a consecuencia de la llegada de la <a href=\"\/es\/territorios\/itinerarios-urbanos\/valladolid\/iglesia-de-san-pablo\/corte\/\" title=\"Corte\">corte<\/a>, oblig\u00f3 a las autoridades municipales a repensar y remodelar la plaza. Este proyecto, sin embargo, se llev\u00f3 a cabo s\u00f3lo en la fase final del reinado de <a href=\"\/es\/territorios\/itinerarios-urbanos\/valladolid\/iglesia-de-san-pablo\/felipe-iii\/\" title=\"Felipe III\">Felipe III<\/a>. <a href=\"\/es\/territorios\/itinerarios-urbanos\/alcala\/universidad-complutense\/juan-gomez-de-mora\/\" title=\"Juan G\u00f3mez de Mora\">Juan G\u00f3mez de Mora<\/a>&nbsp;fue el arquitecto encargado de dar a Madrid esa imagen monumental fiel reflejo del poder del soberano, que se deseaba. Trabaj\u00f3, por lo tanto, en la realizaci\u00f3n de algunas de las obras m\u00e1s representativas de la capital espa\u00f1ola en la \u00e9poca barroca. Entre 1617 y 1619 fue construida la Plaza Mayor, claramente inspirada en la de Valladolid. La versi\u00f3n promovida y ejecutada por el gran arquitecto incluy\u00f3 una planta rectangular con nueve entradas, tres bajo los arcos y las otras seis descubiertas, cuatro pin\u00e1culos y 477 balcones. La plaza en el periodo barroco fue dise\u00f1ada para dar cabida a ceremonias o actos p\u00fablicos; en el caso de la de Madrid se enriqueci\u00f3 a\u00fan m\u00e1s con las casas de la Panader\u00eda en el lado norte, y de la Carnicer\u00eda, en el lado sur. La primera, en particular, presenta habitaciones reales en la planta superior y p\u00f3rticos con arcos a la altura del suelo. Ambas casas est\u00e1n adornadas con peque\u00f1as torres con tejados de pizarra, un legado del modelo de flamenco y elemento caracter\u00edstico de la arquitectura civil de la monarqu\u00eda de los Austrias. La construcci\u00f3n original de la plaza, en ladrillo y madera, fue da\u00f1ada en varias ocasiones por los incendios. En 1672, <a href=\"#\" class=\"tooltip yellow-tooltip\">Tom\u00e1s Rom\u00e1n<span>Arquitecto espa\u00f1ol activo en el siglo XVII, Tom\u00e1s Rom\u00e1n es famoso, sobre todo, por haber restaurado la Casa de la Panader\u00eda en la Plaza Mayor de Madrid despu\u00e9s del incendio de 1672.<\/span><\/a> repar\u00f3 la casa de Panader\u00eda, dot\u00e1ndola del estilo actual m\u00e1s decorativo. En 1790, <a href=\"#\" class=\"tooltip yellow-tooltip\">Juan de Villanueva<span>Juan de Villanueva (1739-1811) es considerado el m\u00e1ximo exponente de la arquitectura neocl\u00e1sica en Espa\u00f1a. Trabaj\u00f3 durante mucho tiempo para la casa real borb\u00f3nica, sobre todo en el sitio real de El Escorial. Fue suya la restauraci\u00f3n y la parcial reconstrucci\u00f3n de la Plaza Mayor de Madrid tras el incendio de 1790. M\u00e1s activo en Madrid, su ciudad natal, realiz\u00f3 tambi\u00e9n el Oratorio del Caballero de Gracia y el Observatorio Astron\u00f3mico, ambos situados en los jardines del Retiro.<\/span><\/a> dio a la Plaza Mayor su aspecto actual, respetando el dise\u00f1o original de G\u00f3mez de Mora: plaza cerrada, cubriendo las calles descubiertas que daban acceso y reduciendo la altura de los edificios.<\/p>\n<p style=\"text-align: justify\"><a href=\"\/es\/territorios\/itinerarios-regionales\/plazas-mayores\/la-reconstruccion-de-la-plaza-mayor-de-valladolid\/\" title=\"La reconstrucci\u00f3n de la Plaza Mayor de Valladolid\">&lt;&lt;&lt;&#8212;p\u00e1gina precedente<\/a>&nbsp;&nbsp; <a href=\"\/es\/territorios\/itinerarios-regionales\/plazas-mayores\/la-plaza-de-la-corredera-de-cordoba\/\" title=\"La Plaza de la Corredera de C\u00f3rdoba\">p\u00e1gina siguiente&#8212;&gt;&gt;&gt;<\/a><\/p>\n<\/p><\/div>\n<p><\/p>\n","protected":false},"excerpt":{"rendered":"<p>La Plaza Mayor de Madrid Al igual que en el caso de Valladolid, tambi\u00e9n en Madrid, el terreno donde hoy se encuentra la Plaza Mayor se situaba, en la Edad Media, fuera del primer per\u00edmetro de muralla. A partir del siglo XIII, cuando Madrid ten\u00eda&hellip;<\/p>\n","protected":false},"author":1,"featured_media":0,"parent":7546,"menu_order":0,"comment_status":"closed","ping_status":"closed","template":"","meta":{"footnotes":""},"class_list":["post-6689","page","type-page","status-publish","hentry"],"_links":{"self":[{"href":"https:\/\/digitalhistory.unite.it\/es\/wp-json\/wp\/v2\/pages\/6689","targetHints":{"allow":["GET"]}}],"collection":[{"href":"https:\/\/digitalhistory.unite.it\/es\/wp-json\/wp\/v2\/pages"}],"about":[{"href":"https:\/\/digitalhistory.unite.it\/es\/wp-json\/wp\/v2\/types\/page"}],"author":[{"embeddable":true,"href":"https:\/\/digitalhistory.unite.it\/es\/wp-json\/wp\/v2\/users\/1"}],"replies":[{"embeddable":true,"href":"https:\/\/digitalhistory.unite.it\/es\/wp-json\/wp\/v2\/comments?post=6689"}],"version-history":[{"count":2,"href":"https:\/\/digitalhistory.unite.it\/es\/wp-json\/wp\/v2\/pages\/6689\/revisions"}],"predecessor-version":[{"id":12069,"href":"https:\/\/digitalhistory.unite.it\/es\/wp-json\/wp\/v2\/pages\/6689\/revisions\/12069"}],"up":[{"embeddable":true,"href":"https:\/\/digitalhistory.unite.it\/es\/wp-json\/wp\/v2\/pages\/7546"}],"wp:attachment":[{"href":"https:\/\/digitalhistory.unite.it\/es\/wp-json\/wp\/v2\/media?parent=6689"}],"curies":[{"name":"wp","href":"https:\/\/api.w.org\/{rel}","templated":true}]}}