{"id":6690,"date":"2021-08-20T00:03:52","date_gmt":"2021-08-19T22:03:52","guid":{"rendered":"https:\/\/digitalhistory.unite.it\/la-plaza-de-la-corredera-de-cordoba\/"},"modified":"2021-11-23T15:29:05","modified_gmt":"2021-11-23T14:29:05","slug":"la-plaza-de-la-corredera-de-cordoba","status":"publish","type":"page","link":"https:\/\/digitalhistory.unite.it\/es\/territorios\/itinerarios-regionales\/plazas-mayores\/la-plaza-de-la-corredera-de-cordoba\/","title":{"rendered":"La Plaza de la Corredera de C\u00f3rdoba"},"content":{"rendered":"<h1>La Plaza de la Corredera de C\u00f3rdoba <\/h1>\n<div class=\"testo\">\n<p style=\"text-align: justify\"><img loading=\"lazy\" decoding=\"async\" src=\"https:\/\/digitalhistory.unite.it\/wp-content\/uploads\/2021\/08\/plaza_cordoba_343x152.jpg\" width=\"343\" height=\"152\" alt=\"Plaza Cordoba\" align=\"left\">Otro ejemplo famoso de plaza mayor en el siglo XVII, se encuentra en la Plaza de la Corredera de <a href=\"\/es\/territorios\/itinerarios-regionales\/plazas-mayores\/la-plaza-de-la-corredera-de-cordoba\/cordoba\/\" title=\"C\u00f3rdoba\">C\u00f3rdoba<\/a>. \u00danica plaza mayor cuadrangular de toda Andaluc\u00eda, su construcci\u00f3n se concluy\u00f3 en 1683 bajo la direcci\u00f3n del arquitecto Antonio Ramos Vald\u00e9s. Actualmente se encuentra en el centro de la ciudad y utiliza los llamados &#8220;Arco Alto&#8221; y &#8220;Arco Bajo&#8221; como v\u00edas de entrada y salida. En la Edad Media, sin embargo, el lugar donde se encontraba era fuera de las murallas, que rodeaban la parte alta de la ciudad. Se remonta al siglo XVI el proyecto de construir una plaza cuadrangular en la zona que hab\u00eda servido como escenario de importantes actividades comerciales de C\u00f3rdoba. Tras el decreto del rey Carlos I (emperador <a href=\"\/es\/territorios\/itinerarios-urbanos\/lecce\/otros-restos\/carlos-v-de-habsburgo\/\" title=\"Carlos V de Habsburgo\">Carlos V<\/a>), que autorizaba la celebraci\u00f3n de un mercado semanal (1526), la plaza se utiliz\u00f3 como sede de este mercado. Tambi\u00e9n fue utilizada para celebraciones especiales, como fue el caso de las celebraciones por la victoria de la flota espa\u00f1ola en Lepanto (7 de octubre 1571), o con motivo de los <a href=\"\/es\/territorios\/itinerarios-regionales\/plazas-mayores\/el-origen-y-las-funciones-de-las-plazas-mayores\/autos-de-fe\/\" title=\"Autos de fe\">autos de fe<\/a> del 2 de diciembre de 1625, del 21 de diciembre de 1627 y del 3 de mayo de 1655. En nombre del corregidor Francisco Ronquillo Brice\u00f1o, en 1683 la plaza fue remodelada de acuerdo con el tama\u00f1o de un rect\u00e1ngulo de 113 metros de largo y 55 metros de ancho. A pesar del alto costo de las obras, a\u00fan no se complet\u00f3 y del per\u00edmetro de los edificios fueron s\u00f3lo construidas las fachadas. Sujeta a varios cambios a lo largo de los siglos, la Plaza de la Corredera se mantuvo hasta el siglo XX, como centro de las actividades comerciales de la ciudad y fue utilizada, ocasionalmente, como lugar de ejecuciones p\u00fablicas. Sin embargo, fue la celebraci\u00f3n de las corridas de toros (la primera de las cuales sabemos que es de 1513) las que caracterizaron este espacio urbano, como lo demuestra el mismo nombre. Asimismo se coloc\u00f3 el Mercado de S\u00e1nchez Pe\u00f1a, utilizado en el pasado como palacio municipal y como prisi\u00f3n, y las Casas de Do\u00f1a Ana Jacinta (siglos XVI-XVII). En cambio, fueron derribados tanto el P\u00f3sito, el antiguo granero p\u00fablico en el que se mantuvieron diversas reservas para el abastecimiento de la ciudad, como el edificio que acog\u00eda las funciones, construido a finales del siglo XIX y luego destruido en 1959.<\/p>\n<p style=\"text-align: justify\"><a href=\"\/es\/territorios\/itinerarios-regionales\/plazas-mayores\/la-plaza-mayor-de-madrid\/\" title=\"La Plaza Mayor de Madrid\">&lt;&lt;&lt;&#8212;p\u00e1gina precedente<\/a>&nbsp;&nbsp; <a href=\"\/es\/territorios\/itinerarios-regionales\/plazas-mayores\/la-plaza-mayor-de-salamanca\/\" title=\"La Plaza Mayor de Salamanca\">p\u00e1gina siguiente&#8212;&gt;&gt;&gt;<\/a><\/p>\n<\/p><\/div>\n<p><\/p>\n","protected":false},"excerpt":{"rendered":"<p>La Plaza de la Corredera de C\u00f3rdoba Otro ejemplo famoso de plaza mayor en el siglo XVII, se encuentra en la Plaza de la Corredera de C\u00f3rdoba. \u00danica plaza mayor cuadrangular de toda Andaluc\u00eda, su construcci\u00f3n se concluy\u00f3 en 1683 bajo la direcci\u00f3n del arquitecto&hellip;<\/p>\n","protected":false},"author":1,"featured_media":0,"parent":7546,"menu_order":0,"comment_status":"closed","ping_status":"closed","template":"","meta":{"footnotes":""},"class_list":["post-6690","page","type-page","status-publish","hentry"],"_links":{"self":[{"href":"https:\/\/digitalhistory.unite.it\/es\/wp-json\/wp\/v2\/pages\/6690","targetHints":{"allow":["GET"]}}],"collection":[{"href":"https:\/\/digitalhistory.unite.it\/es\/wp-json\/wp\/v2\/pages"}],"about":[{"href":"https:\/\/digitalhistory.unite.it\/es\/wp-json\/wp\/v2\/types\/page"}],"author":[{"embeddable":true,"href":"https:\/\/digitalhistory.unite.it\/es\/wp-json\/wp\/v2\/users\/1"}],"replies":[{"embeddable":true,"href":"https:\/\/digitalhistory.unite.it\/es\/wp-json\/wp\/v2\/comments?post=6690"}],"version-history":[{"count":2,"href":"https:\/\/digitalhistory.unite.it\/es\/wp-json\/wp\/v2\/pages\/6690\/revisions"}],"predecessor-version":[{"id":12068,"href":"https:\/\/digitalhistory.unite.it\/es\/wp-json\/wp\/v2\/pages\/6690\/revisions\/12068"}],"up":[{"embeddable":true,"href":"https:\/\/digitalhistory.unite.it\/es\/wp-json\/wp\/v2\/pages\/7546"}],"wp:attachment":[{"href":"https:\/\/digitalhistory.unite.it\/es\/wp-json\/wp\/v2\/media?parent=6690"}],"curies":[{"name":"wp","href":"https:\/\/api.w.org\/{rel}","templated":true}]}}