{"id":6691,"date":"2021-08-20T00:03:52","date_gmt":"2021-08-19T22:03:52","guid":{"rendered":"https:\/\/digitalhistory.unite.it\/la-plaza-mayor-de-salamanca\/"},"modified":"2021-11-23T15:29:05","modified_gmt":"2021-11-23T14:29:05","slug":"la-plaza-mayor-de-salamanca","status":"publish","type":"page","link":"https:\/\/digitalhistory.unite.it\/es\/territorios\/itinerarios-regionales\/plazas-mayores\/la-plaza-mayor-de-salamanca\/","title":{"rendered":"La Plaza Mayor de Salamanca"},"content":{"rendered":"<h1>La Plaza Mayor de Salamanca <\/h1>\n<div class=\"testo\">\n<p style=\"text-align: justify\"><img loading=\"lazy\" decoding=\"async\" src=\"https:\/\/digitalhistory.unite.it\/wp-content\/uploads\/2021\/08\/salamanca_plaza_mayor_por_la_tarde_251x157.jpg\" width=\"251\" height=\"157\" alt=\"Plaza Mayor Salamanca\" align=\"left\">La Plaza Mayor de <a href=\"\/es\/territorios\/itinerarios-urbanos\/valladolid\/universidad\/salamanca\/\" title=\"Salamanca\">Salamanca<\/a> es una de las mayores expresiones del arte barroco en Espa\u00f1a. En este caso, la plaza se encuentra en un espacio utilizado desde la Edad Media para el comercio urbano y situado cerca de las murallas de la ciudad. Este lugar, conocido desde el siglo XV como la Plaza de San Mart\u00edn (porque el que daba a la iglesia de San Mart\u00edn), sin embargo, era mucho m\u00e1s grande que la actual Plaza Mayor (casi cuatro veces mayor) y alojaba, adem\u00e1s del mercado, a numerosas festividades y ceremonias religiosas. Por iniciativa del corregidor <a href=\"#\" class=\"tooltip yellow-tooltip\">Rodrigo Caballero<span>Rodrigo Caballero y Llanes (1663-?) fue corregidor de la ciudad de Salamanca, pero tambi\u00e9n gobernador, alcalde y juez en otras localidades (Valencia, Barcelona y La Coru\u00f1a) durante el reinado de Felipe V (1683-1746). Tras apoyar a los Borbones durante la Guerra de Sucesi\u00f3n, entr\u00f3 en el cargo de Salamanca en 1726. Tres a\u00f1os despu\u00e9s comenzaron, bajo su propuesta, los trabajos que transformaron la Plaza Mayor salmantina. Su imagen se reproduce en uno de los medallones que adornan la plaza.<\/span><\/a>, fue completamente remodelada a partir de 1729, en consonancia con las teor\u00edas urbanas de la \u00e9poca y en el modelo de plazas mayores ya construidas en Espa\u00f1a en las d\u00e9cadas anteriores. La primera fase de trabajo (1729-1735) fue dirigida por el arquitecto <a href=\"#\" class=\"tooltip yellow-tooltip\">Alberto de Churriguera<span>Alberto de Churriguera (1676-1750) era miembro de la familia que mejor ha representado la arquitectura barroca en Espa\u00f1a. Maestro Mayor de la Catedral Nueva de Salamanca, en la misma ciudad dirigi\u00f3 las obras de la construcci\u00f3n de la Plaza Mayor. A menudo junto a sus hermanos y sobrinos, trabaj\u00f3 en la catedral de Palencia, en la fachada de la catedral de Valladolid y en muchos otros proyectos, tambi\u00e9n en Madrid.<\/span><\/a>, que hizo dos de los cuatro lados de la plaza, adem\u00e1s del Pabell\u00f3n Real y el Pabell\u00f3n Real de San Mart\u00edn. Despu\u00e9s de un per\u00edodo de interrupci\u00f3n de los trabajos, debido a las peleas entre la ciudad y los propietarios de las casas (1735-1750), la obra se complet\u00f3 con los dos lados restantes, el Pabell\u00f3n de Petrineros y el Pabell\u00f3n Consistorial, por <a href=\"#\" class=\"tooltip yellow-tooltip\">Andr\u00e9s Garc\u00eda de Qui\u00f1ones<span>Naci\u00f3 en Santiago de Compostela, Andr\u00e9s Garc\u00eda de Qui\u00f1ones fue un arquitecto y escultor que trabaj\u00f3 sobre todo en Salamanca. La direcci\u00f3n de la \u00faltima fase de los trabajos de construcci\u00f3n de la Plaza Mayor constitu\u00eda su contribuci\u00f3n m\u00e1s importante&nbsp;a la historia de la ciudad.<\/span><\/a> (1750-1755). El arquitecto, sin embargo, nunca acab\u00f3 el proyecto del edificio municipal, que inclu\u00eda la construcci\u00f3n de dos torres laterales: ya que, por temor a que la estructura no pudiera soportarlo, se qued\u00f3 s\u00f3lo en una maqueta de 1745. En los siglos posteriores, la plaza ha vivido varios cambios, pero no se ha modificado la estructura original: durante el siglo XX, por ejemplo, han sido retirados el jard\u00edn y un quiosco que ocupaba el centro. En su aspecto actual, la Plaza Mayor de Salamanca tiene la forma de un cuadril\u00e1tero irregular, con 88 arcos. Entre ellos se incluyen una serie de medallones que representan algunos personajes famosos de la historia espa\u00f1ola: en el dise\u00f1o original, s\u00f3lo parcialmente respetado, los Reyes de Espa\u00f1a ten\u00eda que estar representados sobre el Pabell\u00f3n real, los comandantes y soldados sobre el de San Mart\u00edn, mientras que los sabios y santos de la historia espa\u00f1ola m\u00e1s importantes se reservaron, respectivamente, para el Pabell\u00f3n de Petrineros y el Pabell\u00f3n Consistorial. Los primeros medallones fueron dise\u00f1ados en el siglo XVIII por Rodrigo Caballero y esculpidos por <a href=\"#\" class=\"tooltip yellow-tooltip\">Alejandro Carnicero<span>Alejandro Carnicero (1693-1756) fue uno de los principales escultores espa\u00f1oles de la primera mitad del siglo XVIII, a caballo entre el Barroco y el Neoclasicismo. Algunas de sus obras se conservan en la Catedral Nueva y en la Plaza Mayor de Salamanca, en las catedrales de Oviedo y Le\u00f3n, en el Real Monasterio de Nuestra Se\u00f1ora de Guadalupe y en el Palacio Real de Madrid.<\/span><\/a>, muchos otros se han a\u00f1adido en los \u00faltimos siglos, incluidos los que representan las personalidades que tomaron y llevaron a cabo la construcci\u00f3n de la plaza.<\/p>\n<p style=\"text-align: justify\"><a href=\"\/es\/territorios\/itinerarios-regionales\/plazas-mayores\/la-plaza-de-la-corredera-de-cordoba\/\" title=\"La Plaza de la Corredera de C\u00f3rdoba\">&lt;&lt;&lt;&#8212;p\u00e1gina precedente<\/a>&nbsp;&nbsp; <a href=\"\/es\/territorios\/itinerarios-regionales\/plazas-mayores\/otros-ejemplos-burgos-y-plasencia\/\" title=\"Otros ejemplos: Burgos y Plasencia\">p\u00e1gina siguiente&#8212;&gt;&gt;&gt;<\/a><\/p>\n<\/p><\/div>\n<p><\/p>\n","protected":false},"excerpt":{"rendered":"<p>La Plaza Mayor de Salamanca La Plaza Mayor de Salamanca es una de las mayores expresiones del arte barroco en Espa\u00f1a. En este caso, la plaza se encuentra en un espacio utilizado desde la Edad Media para el comercio urbano y situado cerca de las&hellip;<\/p>\n","protected":false},"author":1,"featured_media":0,"parent":7546,"menu_order":0,"comment_status":"closed","ping_status":"closed","template":"","meta":{"footnotes":""},"class_list":["post-6691","page","type-page","status-publish","hentry"],"_links":{"self":[{"href":"https:\/\/digitalhistory.unite.it\/es\/wp-json\/wp\/v2\/pages\/6691","targetHints":{"allow":["GET"]}}],"collection":[{"href":"https:\/\/digitalhistory.unite.it\/es\/wp-json\/wp\/v2\/pages"}],"about":[{"href":"https:\/\/digitalhistory.unite.it\/es\/wp-json\/wp\/v2\/types\/page"}],"author":[{"embeddable":true,"href":"https:\/\/digitalhistory.unite.it\/es\/wp-json\/wp\/v2\/users\/1"}],"replies":[{"embeddable":true,"href":"https:\/\/digitalhistory.unite.it\/es\/wp-json\/wp\/v2\/comments?post=6691"}],"version-history":[{"count":2,"href":"https:\/\/digitalhistory.unite.it\/es\/wp-json\/wp\/v2\/pages\/6691\/revisions"}],"predecessor-version":[{"id":12070,"href":"https:\/\/digitalhistory.unite.it\/es\/wp-json\/wp\/v2\/pages\/6691\/revisions\/12070"}],"up":[{"embeddable":true,"href":"https:\/\/digitalhistory.unite.it\/es\/wp-json\/wp\/v2\/pages\/7546"}],"wp:attachment":[{"href":"https:\/\/digitalhistory.unite.it\/es\/wp-json\/wp\/v2\/media?parent=6691"}],"curies":[{"name":"wp","href":"https:\/\/api.w.org\/{rel}","templated":true}]}}