{"id":6692,"date":"2021-08-20T00:03:52","date_gmt":"2021-08-19T22:03:52","guid":{"rendered":"https:\/\/digitalhistory.unite.it\/otros-ejemplos-burgos-y-plasencia\/"},"modified":"2021-11-23T15:29:05","modified_gmt":"2021-11-23T14:29:05","slug":"otros-ejemplos-burgos-y-plasencia","status":"publish","type":"page","link":"https:\/\/digitalhistory.unite.it\/es\/territorios\/itinerarios-regionales\/plazas-mayores\/otros-ejemplos-burgos-y-plasencia\/","title":{"rendered":"Otros ejemplos: Burgos y Plasencia"},"content":{"rendered":"<h1>Otros ejemplos: Burgos y Plasencia <\/h1>\n<div class=\"testo\">\n<p style=\"text-align: justify\"><img loading=\"lazy\" decoding=\"async\" src=\"https:\/\/digitalhistory.unite.it\/wp-content\/uploads\/2021\/08\/plaza_mayor_de_burgos._252x167.jpg\" width=\"252\" height=\"167\" alt=\"Plaza Mayor Burgos\" align=\"left\">Entre las plazas mayores espa\u00f1olas construidas o remodeladas en la \u00e9poca barroca, digna de nota es la Plaza Mayor de <a href=\"\/es\/territorios\/itinerarios-regionales\/plazas-mayores\/otros-ejemplos-burgos-y-plasencia\/burgos\/\" title=\"Burgos\">Burgos<\/a>. A trav\u00e9s de los siglos, a menudo ha cambiado su nombre, en relaci\u00f3n con los acontecimientos hist\u00f3ricos que involucraron a la ciudad, pero su papel como sede del mercado semanal, a pocos pasos de las murallas de la ciudad, est\u00e1 atestiguada ya desde la Baja Edad Media. En la \u00e9poca Moderna, tambi\u00e9n se convirti\u00f3 en el escenario de las ceremonias y celebraciones p\u00fablicas, as\u00ed como de numerosas corridas de toros. En una de ellas, en 1660, asisti\u00f3 el rey <a href=\"\/es\/territorios\/itinerarios-urbanos\/valladolid\/iglesia-de-san-pablo\/felipe-iv\/\" title=\"Felipe IV\">Felipe IV<\/a> (1605-1665). A partir de 1791, sin embargo, la plaza se enfrent\u00f3 a una reforma radical, despu\u00e9s de la cual se convirti\u00f3 en la sede del gobierno municipal, pero perdi\u00f3 el papel del principal mercado de la ciudad en favor de la Plaza del Mercado Mayor (y es por eso que tambi\u00e9n se llama Plaza del Mercado Menor). Unos a\u00f1os antes, en 1784, se inaugur\u00f3 la gran estatua de <a href=\"\/es\/territorios\/itinerarios-urbanos\/napoles-y-el-cardinal-ascanio-filomarino\/el-palacio-real\/carlos-iii-de-borbon\/\" title=\"Carlos III de Borb\u00f3n\">Carlos III<\/a>. Durante el siglo XX, la plaza ha sufrido cambios significativos, perdiendo aquella simetr\u00eda que caracteriza a las otras plazas mayores de Espa\u00f1a. Destaca su forma irregular y los edificios que la rodean, que son diferentes los unos de los otros tanto en estructura como en altura.<\/p>\n<p style=\"text-align: justify\"><img loading=\"lazy\" decoding=\"async\" src=\"https:\/\/digitalhistory.unite.it\/wp-content\/uploads\/2021\/08\/plasencia-plazamayor-2_255x191.jpg\" width=\"255\" height=\"191\" alt=\"Plaza Mayor Plasencia\" align=\"left\">Tambi\u00e9n la Plaza Mayor de <a href=\"\/es\/territorios\/itinerarios-regionales\/plazas-mayores\/otros-ejemplos-burgos-y-plasencia\/plasencia\/\" title=\"Plasencia\">Plasencia<\/a> tiene caracter\u00edsticas comunes a muchas otras plazas espa\u00f1olas: en realidad era la sede tanto del mercado semanal de la ciudad, ya a finales de la Edad Media, como del gobierno municipal. Al lado del palacio municipal, que data del siglo XVI, se encuentra la antigua c\u00e1rcel, que se remonta al siglo XVII por el escudo del rey Felipe IV. A diferencia de la colocaci\u00f3n habitual de las plazas mayores espa\u00f1olas, la de Plasencia no se encuentra fuera de la ciudad vieja, pero en el centro de la misma.<\/p>\n<p style=\"text-align: justify\"><a href=\"\/es\/territorios\/itinerarios-regionales\/plazas-mayores\/la-plaza-mayor-de-salamanca\/\" title=\"La Plaza Mayor de Salamanca\">&lt;&lt;&lt;&#8212;p\u00e1gina precedente<\/a>&nbsp;&nbsp; <a href=\"\/es\/territorios\/itinerarios-regionales\/\" title=\"Itinerarios regionales\">\u00cdndice&#8212;&gt;&gt;&gt;<\/a><\/p>\n<\/p><\/div>\n<p><\/p>\n","protected":false},"excerpt":{"rendered":"<p>Otros ejemplos: Burgos y Plasencia Entre las plazas mayores espa\u00f1olas construidas o remodeladas en la \u00e9poca barroca, digna de nota es la Plaza Mayor de Burgos. A trav\u00e9s de los siglos, a menudo ha cambiado su nombre, en relaci\u00f3n con los acontecimientos hist\u00f3ricos que involucraron&hellip;<\/p>\n","protected":false},"author":1,"featured_media":0,"parent":7546,"menu_order":0,"comment_status":"closed","ping_status":"closed","template":"","meta":{"footnotes":""},"class_list":["post-6692","page","type-page","status-publish","hentry"],"_links":{"self":[{"href":"https:\/\/digitalhistory.unite.it\/es\/wp-json\/wp\/v2\/pages\/6692","targetHints":{"allow":["GET"]}}],"collection":[{"href":"https:\/\/digitalhistory.unite.it\/es\/wp-json\/wp\/v2\/pages"}],"about":[{"href":"https:\/\/digitalhistory.unite.it\/es\/wp-json\/wp\/v2\/types\/page"}],"author":[{"embeddable":true,"href":"https:\/\/digitalhistory.unite.it\/es\/wp-json\/wp\/v2\/users\/1"}],"replies":[{"embeddable":true,"href":"https:\/\/digitalhistory.unite.it\/es\/wp-json\/wp\/v2\/comments?post=6692"}],"version-history":[{"count":2,"href":"https:\/\/digitalhistory.unite.it\/es\/wp-json\/wp\/v2\/pages\/6692\/revisions"}],"predecessor-version":[{"id":12073,"href":"https:\/\/digitalhistory.unite.it\/es\/wp-json\/wp\/v2\/pages\/6692\/revisions\/12073"}],"up":[{"embeddable":true,"href":"https:\/\/digitalhistory.unite.it\/es\/wp-json\/wp\/v2\/pages\/7546"}],"wp:attachment":[{"href":"https:\/\/digitalhistory.unite.it\/es\/wp-json\/wp\/v2\/media?parent=6692"}],"curies":[{"name":"wp","href":"https:\/\/api.w.org\/{rel}","templated":true}]}}