{"id":6693,"date":"2021-08-20T00:03:52","date_gmt":"2021-08-19T22:03:52","guid":{"rendered":"https:\/\/digitalhistory.unite.it\/diferentes-tipos\/"},"modified":"2021-11-23T15:29:06","modified_gmt":"2021-11-23T14:29:06","slug":"diferentes-tipos","status":"publish","type":"page","link":"https:\/\/digitalhistory.unite.it\/es\/territorios\/itinerarios-regionales\/organos\/diferentes-tipos\/","title":{"rendered":"Diferentes tipos de \u00f3rganos barrocos en la villa y corte de Madrid"},"content":{"rendered":"<h1>Diferentes tipos de \u00f3rganos barrocos en la villa y corte de Madrid <\/h1>\n<div class=\"testo\">\n<p style=\"text-align: justify\"><img loading=\"lazy\" decoding=\"async\" src=\"https:\/\/digitalhistory.unite.it\/wp-content\/uploads\/2021\/08\/diferentes_tipos_1_227x342.jpg\" width=\"227\" height=\"342\" alt=\"Diferentes tipos 1\" align=\"left\">El \u00f3rgano es un instrumento musical que hoy asociamos exclusivamente al espacio de una Iglesia o una Catedral. Esta dimensi\u00f3n religiosa del \u00f3rgano se data a partir de la Edad Media. No obstante, las innovaciones que trajo la Edad Moderna con el florecimiento de las distintas <a href=\"\/es\/territorios\/itinerarios-urbanos\/valladolid\/iglesia-de-san-pablo\/corte\/\" title=\"Corte\">cortes<\/a> europeas, introduciendo un nuevo ceremonial m\u00e1s pomposo y lujoso, hicieron del \u00f3rgano un instrumento imprescindible en todas las celebraciones religiosas y reales llevadas a cabo en los templos. Ciertamente, es a partir del siglo XVI cuando se pueden diferenciar con claridad los distintos tipos de \u00f3rganos que exist\u00edan en Europa. En el caso de las caracter\u00edsticas del \u00f3rgano espa\u00f1ol, ya de \u00e9poca barroca, destaca la utilizaci\u00f3n del &#8220;registro partido&#8221;, dividiendo en dos partes los <a href=\"#\" class=\"tooltip yellow-tooltip\">tiradores<span>Pomos de las terminaciones de unas barras que mueven los distintos registros, y que se sit\u00faan junto a los teclados.<\/span><\/a> o <a href=\"#\" class=\"tooltip yellow-tooltip\">&#8220;registros&#8221;<span>Se refiere a cada juego o serie completa de tubos del \u00f3rgano. Hace referencia a la entonaci\u00f3n.<\/span><\/a> que permit\u00edan realizar sonidos suaves o m\u00e1s graves, modificando los timbres y las intensidades, lo que enriqueci\u00f3 notablemente los matices musicales del \u00f3rgano y aument\u00f3 el efecto que produc\u00eda en el p\u00fablico que lo escuchaba (foto 1). Otra caracter\u00edstica com\u00fan al \u00f3rgano espa\u00f1ol de \u00e9poca barroca fue la capacidad de unir varios teclados en uno, con lo que el organista pod\u00eda a\u00f1adir distintas sonoridades utilizando tan s\u00f3lo un teclado. Y por \u00faltimo, es preciso destacar la &#8220;trompeter\u00eda en batalla&#8221;, cuyo conjunto de tubos se colocaban en la fachada del \u00f3rgano en forma de artiller\u00eda, propia del \u00f3rgano barroco espa\u00f1ol (foto 2).<\/p>\n<p style=\"text-align: justify\"><img loading=\"lazy\" decoding=\"async\" src=\"https:\/\/digitalhistory.unite.it\/wp-content\/uploads\/2021\/08\/diferentes_tipos_2_248x165.jpg\" width=\"248\" height=\"165\" alt=\"Diferentes tipos 2\" align=\"left\">Respecto al itinerario de \u00f3rganos que presentamos, podr\u00eda parecer que esta villa y corte de \u00e9poca barroca no ten\u00eda importantes instrumentos dado que no existi\u00f3 catedral en <a href=\"\/es\/territorios\/itinerarios-urbanos\/valladolid\/iglesia-de-san-pablo\/madrid\/\" title=\"Madrid\">Madrid<\/a> hasta el siglo XX. Muy al contrario, nos encontramos con un conjunto de \u00f3rganos repartidos por distintas Iglesias de la Comunidad que dan testimonio de la importancia del \u00f3rgano en la corte y alrededores, siendo el barroco su momento de apogeo y \u00e9poca dorada tanto en int\u00e9rpretes como en compositores y organeros. A lo largo de este recorrido que presentamos se ir\u00e1n conociendo las caracter\u00edsticas particulares de los \u00f3rganos barrocos madrile\u00f1os con un estilo com\u00fan, pero tambi\u00e9n con sus influencias italianas y francesas, tanto en el campo de la composici\u00f3n musical como en el de la construcci\u00f3n de la caja y las tuber\u00edas que componen el instrumento.<\/p>\n<p style=\"text-align: justify\"><a href=\"\/es\/territorios\/itinerarios-regionales\/\" title=\"Itinerarios regionales\">&lt;&lt;&lt;&#8212;\u00cdndice<\/a>&nbsp;&nbsp; <a href=\"\/es\/territorios\/itinerarios-regionales\/organos\/organo-de-santa-barbara\/\" title=\"\u00d3rgano de Santa B\u00e1rbara\">p\u00e1gina siguiente&#8212;&gt;&gt;&gt;<\/a><\/p>\n<\/p><\/div>\n<p><\/p>\n","protected":false},"excerpt":{"rendered":"<p>Diferentes tipos de \u00f3rganos barrocos en la villa y corte de Madrid El \u00f3rgano es un instrumento musical que hoy asociamos exclusivamente al espacio de una Iglesia o una Catedral. Esta dimensi\u00f3n religiosa del \u00f3rgano se data a partir de la Edad Media. No obstante,&hellip;<\/p>\n","protected":false},"author":1,"featured_media":0,"parent":7551,"menu_order":0,"comment_status":"closed","ping_status":"closed","template":"","meta":{"footnotes":""},"class_list":["post-6693","page","type-page","status-publish","hentry"],"_links":{"self":[{"href":"https:\/\/digitalhistory.unite.it\/es\/wp-json\/wp\/v2\/pages\/6693","targetHints":{"allow":["GET"]}}],"collection":[{"href":"https:\/\/digitalhistory.unite.it\/es\/wp-json\/wp\/v2\/pages"}],"about":[{"href":"https:\/\/digitalhistory.unite.it\/es\/wp-json\/wp\/v2\/types\/page"}],"author":[{"embeddable":true,"href":"https:\/\/digitalhistory.unite.it\/es\/wp-json\/wp\/v2\/users\/1"}],"replies":[{"embeddable":true,"href":"https:\/\/digitalhistory.unite.it\/es\/wp-json\/wp\/v2\/comments?post=6693"}],"version-history":[{"count":2,"href":"https:\/\/digitalhistory.unite.it\/es\/wp-json\/wp\/v2\/pages\/6693\/revisions"}],"predecessor-version":[{"id":12077,"href":"https:\/\/digitalhistory.unite.it\/es\/wp-json\/wp\/v2\/pages\/6693\/revisions\/12077"}],"up":[{"embeddable":true,"href":"https:\/\/digitalhistory.unite.it\/es\/wp-json\/wp\/v2\/pages\/7551"}],"wp:attachment":[{"href":"https:\/\/digitalhistory.unite.it\/es\/wp-json\/wp\/v2\/media?parent=6693"}],"curies":[{"name":"wp","href":"https:\/\/api.w.org\/{rel}","templated":true}]}}