{"id":6694,"date":"2021-08-20T00:03:52","date_gmt":"2021-08-19T22:03:52","guid":{"rendered":"https:\/\/digitalhistory.unite.it\/organo-de-santa-barbara\/"},"modified":"2021-11-23T15:29:06","modified_gmt":"2021-11-23T14:29:06","slug":"organo-de-santa-barbara","status":"publish","type":"page","link":"https:\/\/digitalhistory.unite.it\/es\/territorios\/itinerarios-regionales\/organos\/organo-de-santa-barbara\/","title":{"rendered":"El barroco &#8220;napolitano&#8221; en la corte de los Borbones: el \u00f3rgano de Santa B\u00e1rbara"},"content":{"rendered":"<h1>El barroco &#8220;napolitano&#8221; en la corte de los Borbones: el \u00f3rgano de Santa B\u00e1rbara <\/h1>\n<div class=\"testo\">\n<p style=\"text-align: justify\">La reina <a href=\"\/es\/territorios\/itinerarios-regionales\/organos\/organo-de-santa-barbara\/barbara-de-braganza\/\" title=\"B\u00e1rbara de Braganza\">B\u00e1rbara de Braganza<\/a>, fundadora de la Iglesia de Santa B\u00e1rbara en 1748, se empe\u00f1\u00f3 para que este templo gozase de una buena ac\u00fastica a la que acompa\u00f1ar\u00eda un \u00f3rgano imponente. Encarg\u00f3 la adquisici\u00f3n de este instrumento a <a href=\"\/es\/territorios\/itinerarios-regionales\/organos\/organo-de-santa-barbara\/carlo-broschi-farinelli\/\" title=\"Carlo Broschi Farinelli\">Carlo Broschi Farinelli<\/a>, cantante <a href=\"#\" class=\"tooltip yellow-tooltip\"><em>castrato<\/em><span>Los <em>Castrati<\/em> eran cantantes que siendo ni\u00f1os se les somet\u00eda a una castraci\u00f3n para poder mantener un tono alto y agudo de voz, que les permit\u00eda actuar en papeles femeninos.<\/span><\/a>, quien a su vez encomend\u00f3 la construcci\u00f3n del mismo al organero napolitano Fr. Jos\u00e9 de Monticelli en los a\u00f1os 1758 y 1759. Se realiz\u00f3, por tanto, en <a href=\"\/es\/territorios\/itinerarios-urbanos\/lecce\/plaza-de-san-oronzo\/napoles\/\" title=\"N\u00e1poles\">N\u00e1poles<\/a>, haciendo el viaje en barco hasta Valencia y siendo llevado despu\u00e9s en varios carros hasta la <a href=\"\/es\/territorios\/itinerarios-urbanos\/valladolid\/iglesia-de-san-pablo\/corte\/\" title=\"Corte\">corte<\/a> de <a href=\"\/es\/territorios\/itinerarios-urbanos\/valladolid\/iglesia-de-san-pablo\/madrid\/\" title=\"Madrid\">Madrid<\/a>. Durante este largo trayecto sufri\u00f3 muchos desperfectos que fueron arreglados a su llegada a Madrid. Tanto la construcci\u00f3n como el traslado fueron pagados directamente por la Reina.<\/p>\n<p style=\"text-align: justify\"><img loading=\"lazy\" decoding=\"async\" src=\"https:\/\/digitalhistory.unite.it\/wp-content\/uploads\/2021\/08\/santa_barbara1_250x164.jpg\" width=\"250\" height=\"164\" alt=\"Santa Barbara1\" align=\"left\">En cuanto a la descripci\u00f3n del \u00f3rgano que hoy contemplamos, presenta una caja con tres caras. Es de estilo barroco con adornos dorados sobre un fondo blanco. En la parte superior lo remata dos figuras de \u00e1ngeles m\u00fasicos y los escudos de armas reales (foto 1). La cara central, ahora vac\u00eda por sus obras de restauraci\u00f3n y limpieza, comprender\u00eda tres <a href=\"#\" class=\"tooltip yellow-tooltip\">castillos de tubos<span>Se denomina as\u00ed a la forma de colocar los tubos en las ventanas del mueble, siempre de manera geom\u00e9trica y en simetr\u00eda. Recuerda a las torres de los castillos.<\/span><\/a> que corresponder\u00edan al flautado sobre un friso de trompetas. Las de los laterales siguen el mismo modelo con un solo castillo sobre un ala de trompeter\u00eda tendida en entonaci\u00f3n de ocho pies. En el cuerpo inferior se encuentran las celos\u00edas del \u00f3rgano bajo. La parte mec\u00e1nica, es mezcla de \u00f3rgano barroco y rom\u00e1ntico, conservando los <a href=\"#\" class=\"tooltip yellow-tooltip\">secretos<span>Es el caj\u00f3n de mecanismos para la distribuci\u00f3n del viento a los tubos.<\/span><\/a> y la disposici\u00f3n de <a href=\"#\" class=\"tooltip yellow-tooltip\">registros<span>Se refiere a cada juego o serie completa de tubos del \u00f3rgano. Hace referencia a la entonaci\u00f3n.<\/span><\/a> original.<\/p>\n<p style=\"text-align: justify\"><img loading=\"lazy\" decoding=\"async\" src=\"https:\/\/digitalhistory.unite.it\/wp-content\/uploads\/2021\/08\/santa_barbara2_251x163.jpg\" width=\"251\" height=\"163\" alt=\"Santa Barbara2\" align=\"left\">Es el \u00f3rgano que, de este itinerario, contiene m\u00e1s mezcla de tradiciones italianas y de otros lugares de Europa. Por ejemplo, entre sus registros originales ten\u00eda la flauta italiana, y su antigua <a href=\"#\" class=\"tooltip yellow-tooltip\">consola<span>Lugar que ocupa el organista, donde se sit\u00faa el teclado.<\/span><\/a> &#8211; hoy sustituida por una con mandos pneum\u00e1ticos y unos nuevos teclado y pedal &#8211; ten\u00eda caracter\u00edsticas de los \u00f3rganos del sur de Alemania y Suiza.<\/p>\n<p style=\"text-align: justify\">Este magn\u00edfico \u00f3rgano presentaba un grave estado de conservaci\u00f3n, de ah\u00ed que actualmente, tal y como se muestra en la fotograf\u00eda (foto 2) se encuentre vac\u00edo de los tubos y trompetas, para restaurar todo el instrumento y la caja de \u00e9ste.<\/p>\n<p style=\"text-align: justify\">Datos t\u00e9cnicos:<\/p>\n<ul>\n<li>\n<div style=\"text-align: justify\">Dos teclados manuales de 54 notas, C-f'&#8221;.<\/div>\n<\/li>\n<li>\n<div style=\"text-align: justify\">Pedal de 30 notas.<\/div>\n<\/li>\n<li>\n<div style=\"text-align: justify\">37 registros.<\/div>\n<\/li>\n<li>\n<div style=\"text-align: justify\">Transmisi\u00f3n mec\u00e1nico-pneum\u00e1tica.<\/div>\n<\/li>\n<\/ul>\n<p style=\"text-align: justify\"><a href=\"\/es\/territorios\/itinerarios-regionales\/organos\/diferentes-tipos\/\" title=\"Diferentes tipos\">&lt;&lt;&lt;&#8212;p\u00e1gina precedente<\/a>&nbsp;&nbsp; <a href=\"\/es\/territorios\/itinerarios-regionales\/organos\/organo-echevarria\/\" title=\"\u00d3rgano Echevarr\u00eda\">p\u00e1gina siguiente&#8212;&gt;&gt;&gt;<\/a><\/p>\n<\/p><\/div>\n<p><\/p>\n","protected":false},"excerpt":{"rendered":"<p>El barroco &#8220;napolitano&#8221; en la corte de los Borbones: el \u00f3rgano de Santa B\u00e1rbara La reina B\u00e1rbara de Braganza, fundadora de la Iglesia de Santa B\u00e1rbara en 1748, se empe\u00f1\u00f3 para que este templo gozase de una buena ac\u00fastica a la que acompa\u00f1ar\u00eda un \u00f3rgano&hellip;<\/p>\n","protected":false},"author":1,"featured_media":0,"parent":7551,"menu_order":0,"comment_status":"closed","ping_status":"closed","template":"","meta":{"footnotes":""},"class_list":["post-6694","page","type-page","status-publish","hentry"],"_links":{"self":[{"href":"https:\/\/digitalhistory.unite.it\/es\/wp-json\/wp\/v2\/pages\/6694","targetHints":{"allow":["GET"]}}],"collection":[{"href":"https:\/\/digitalhistory.unite.it\/es\/wp-json\/wp\/v2\/pages"}],"about":[{"href":"https:\/\/digitalhistory.unite.it\/es\/wp-json\/wp\/v2\/types\/page"}],"author":[{"embeddable":true,"href":"https:\/\/digitalhistory.unite.it\/es\/wp-json\/wp\/v2\/users\/1"}],"replies":[{"embeddable":true,"href":"https:\/\/digitalhistory.unite.it\/es\/wp-json\/wp\/v2\/comments?post=6694"}],"version-history":[{"count":2,"href":"https:\/\/digitalhistory.unite.it\/es\/wp-json\/wp\/v2\/pages\/6694\/revisions"}],"predecessor-version":[{"id":12081,"href":"https:\/\/digitalhistory.unite.it\/es\/wp-json\/wp\/v2\/pages\/6694\/revisions\/12081"}],"up":[{"embeddable":true,"href":"https:\/\/digitalhistory.unite.it\/es\/wp-json\/wp\/v2\/pages\/7551"}],"wp:attachment":[{"href":"https:\/\/digitalhistory.unite.it\/es\/wp-json\/wp\/v2\/media?parent=6694"}],"curies":[{"name":"wp","href":"https:\/\/api.w.org\/{rel}","templated":true}]}}