{"id":6695,"date":"2021-08-20T00:03:52","date_gmt":"2021-08-19T22:03:52","guid":{"rendered":"https:\/\/digitalhistory.unite.it\/organo-echevarria\/"},"modified":"2021-11-23T15:29:07","modified_gmt":"2021-11-23T14:29:07","slug":"organo-echevarria","status":"publish","type":"page","link":"https:\/\/digitalhistory.unite.it\/es\/territorios\/itinerarios-regionales\/organos\/organo-echevarria\/","title":{"rendered":"El \u00f3rgano &#8220;Echevarr\u00eda&#8221; de la catedral de Santa Mar\u00eda Magdalena (Getafe, Madrid)"},"content":{"rendered":"<h1>El \u00f3rgano &#8220;Echevarr\u00eda&#8221; de la catedral de Santa Mar\u00eda Magdalena (Getafe, Madrid) <\/h1>\n<div class=\"testo\">\n<p style=\"text-align: justify\"><img loading=\"lazy\" decoding=\"async\" src=\"https:\/\/digitalhistory.unite.it\/wp-content\/uploads\/2021\/08\/echevarria1_203x306.jpg\" width=\"203\" height=\"306\" alt=\"Echevarria1\" align=\"left\">La Iglesia de Santa Mar\u00eda Magdalena, hoy <a href=\"\/es\/temas\/iglesias\/catedral-de-getafe\/\" title=\"Catedral de Getafe\">Catedral de Getafe<\/a>, siempre cont\u00f3 con \u00f3rganos de una alta calidad por ser un templo muy transitado siendo <a href=\"#\" class=\"tooltip yellow-tooltip\">Getafe<span>Ciudad situada en la parte sur de la Comunidad de Madrid, que forma parte del \u00e1rea metropolitana de la capital. A pesar de los testimonios de presencia humana sobre el territorio desde \u00e9poca prehist\u00f3rica, el origen del actual Getafe se remonta al siglo XIV. De \u00e9poca moderna fue, sin embargo, construida la iglesia de Nuestra Se\u00f1ora de la Magdalena, actual catedral.<\/span><\/a> un importante paso mercantil, justo en el cruce de caminos entre Toledo y <a href=\"\/es\/territorios\/itinerarios-urbanos\/valladolid\/iglesia-de-san-pablo\/madrid\/\" title=\"Madrid\">Madrid<\/a>. En 1639 hubo un \u00f3rgano realizado por el maestro organero Mateo de \u00c1vila Salazar, sin embargo, este instrumento fue sustituido en el siglo XVIII por otro \u00f3rgano barroco que es el que hoy se puede admirar y escuchar durante las ceremonias (foto 1).<\/p>\n<p style=\"text-align: justify\">Este \u00f3rgano se comenz\u00f3 a construir en el a\u00f1o 1726 y se termin\u00f3 en el a\u00f1o 1728, quedando la caja de madera de pino sin dorar ni policromar. Se desconoce el nombre del organero que lo llev\u00f3 a cabo, pero los \u00faltimos estudios apuntan que, muy posiblemente, fue obra de un organero vinculado a una familia de gran tradici\u00f3n en este \u00e1mbito: <a href=\"#\" class=\"tooltip yellow-tooltip\">los Echevarr\u00eda<span>Fue una de las sagas de constructores de \u00f3rganos m\u00e1s importantes de Espa\u00f1a en \u00e9poca barroca, llegando a ser organeros del Rey y de su Capilla Real. De la familia destacaban, sobre todo, Pedro Echevarr\u00eda (1689-1724) por su gran n\u00famero de instrumentos construidos y tambi\u00e9n su hijo Pedro Liborna Echevarr\u00eda (1724-1771) por el prestigio como organero del rey.<\/span><\/a>.<\/p>\n<p style=\"text-align: justify\">&nbsp;<\/p>\n<p style=\"text-align: justify\">&nbsp;<\/p>\n<p style=\"text-align: justify\"><img loading=\"lazy\" decoding=\"async\" src=\"https:\/\/digitalhistory.unite.it\/wp-content\/uploads\/2021\/08\/echevarria2_250x166.jpg\" width=\"250\" height=\"166\" alt=\"Echevarria2\" align=\"left\">Los sucesos posteriores, entre ellos, la guerra civil espa\u00f1ola (1936-1939) acabaron por deteriorar la tuber\u00eda y los componentes t\u00e9cnicos del instrumento, que en buena parte desaparecieron por el expolio de la guerra, no as\u00ed la caja barroca que se mantiene intacta a la que se le a\u00f1adi\u00f3 una capa de protecci\u00f3n de barniz. Son actuales, por tanto, siguiendo fielmente el modelo barroco, la <a href=\"#\" class=\"tooltip yellow-tooltip\">consola<span>Lugar que ocupa el organista, donde se sit\u00faa el teclado.<\/span><\/a>, el teclado y los <a href=\"#\" class=\"tooltip yellow-tooltip\">tiradores de registros<span>Pomos de las terminaciones de unas barras que mueven los distintos registros, y que se sit\u00faan junto a los teclados.<\/span><\/a>, as\u00ed como toda la tuber\u00eda. De hecho, ya en el siglo XX, al desmontar el instrumento para restaurarlo, se encontraron peque\u00f1os trozos de metal que han permitido conocer el material de los tubos desaparecidos para reconstruir toda la tuber\u00eda con la precisi\u00f3n de las aleaciones de esta\u00f1o y plomo que pose\u00eda el original (foto 2).<\/p>\n<p style=\"text-align: justify\"><img loading=\"lazy\" decoding=\"async\" src=\"https:\/\/digitalhistory.unite.it\/wp-content\/uploads\/2021\/08\/echevarria3_204x306.jpg\" width=\"204\" height=\"306\" alt=\"Echevarria3\" align=\"left\">Los ornamentos de la caja son propios del primer tercio del siglo XVIII. Se trata de una caja en tres cuerpos: el primero decorado con m\u00e9nsulas laterales, donde se sit\u00faa la consola (foto 3), sobre \u00e9ste se coloca un segundo cuerpo, que ser\u00eda el principal, con tres caras decoradas con est\u00edpites o columnas, cinco ventanas en la frontal y una en cada lateral. En el cuerpo superior, un front\u00f3n curvo con tres ventanas para las <a href=\"#\" class=\"tooltip yellow-tooltip\">tuber\u00edas can\u00f3nigas<span>Tubos sin sonido que se colocan en la fachada de un \u00f3rgano para ornamentar y mantener la simetr\u00eda.<\/span><\/a>.<\/p>\n<p style=\"text-align: justify\">Datos t\u00e9cnicos:<\/p>\n<ul>\n<li>\n<div style=\"text-align: justify\">Teclado manual de 45 notas, C-c'&#8221;<\/div>\n<\/li>\n<li>\n<div style=\"text-align: justify\">Octava corta<\/div>\n<\/li>\n<li>\n<div style=\"text-align: justify\">12 peanas de Pedal<\/div>\n<\/li>\n<li>\n<div style=\"text-align: justify\">26 medios registros<\/div>\n<\/li>\n<li>\n<div style=\"text-align: justify\">Transmisi\u00f3n mec\u00e1nica<\/div>\n<\/li>\n<li>\n<div style=\"text-align: justify\">Secretos de corredera<\/div>\n<\/li>\n<\/ul>\n<p style=\"text-align: justify\">&nbsp;<\/p>\n<p style=\"text-align: justify\">&nbsp;<\/p>\n<p style=\"text-align: justify\"><a href=\"\/es\/territorios\/itinerarios-regionales\/organos\/organo-de-santa-barbara\/\" title=\"\u00d3rgano de Santa B\u00e1rbara\">&lt;&lt;&lt;&#8212;p\u00e1gina precedente<\/a>&nbsp;&nbsp; <a href=\"\/es\/territorios\/itinerarios-regionales\/organos\/organo-churrigueresco\/\" title=\"\u00d3rgano Churrigueresco\">p\u00e1gina siguiente&#8212;&gt;&gt;&gt;<\/a><\/p>\n<\/p><\/div>\n<p><\/p>\n","protected":false},"excerpt":{"rendered":"<p>El \u00f3rgano &#8220;Echevarr\u00eda&#8221; de la catedral de Santa Mar\u00eda Magdalena (Getafe, Madrid) La Iglesia de Santa Mar\u00eda Magdalena, hoy Catedral de Getafe, siempre cont\u00f3 con \u00f3rganos de una alta calidad por ser un templo muy transitado siendo GetafeCiudad situada en la parte sur de la&hellip;<\/p>\n","protected":false},"author":1,"featured_media":0,"parent":7551,"menu_order":0,"comment_status":"closed","ping_status":"closed","template":"","meta":{"footnotes":""},"class_list":["post-6695","page","type-page","status-publish","hentry"],"_links":{"self":[{"href":"https:\/\/digitalhistory.unite.it\/es\/wp-json\/wp\/v2\/pages\/6695","targetHints":{"allow":["GET"]}}],"collection":[{"href":"https:\/\/digitalhistory.unite.it\/es\/wp-json\/wp\/v2\/pages"}],"about":[{"href":"https:\/\/digitalhistory.unite.it\/es\/wp-json\/wp\/v2\/types\/page"}],"author":[{"embeddable":true,"href":"https:\/\/digitalhistory.unite.it\/es\/wp-json\/wp\/v2\/users\/1"}],"replies":[{"embeddable":true,"href":"https:\/\/digitalhistory.unite.it\/es\/wp-json\/wp\/v2\/comments?post=6695"}],"version-history":[{"count":2,"href":"https:\/\/digitalhistory.unite.it\/es\/wp-json\/wp\/v2\/pages\/6695\/revisions"}],"predecessor-version":[{"id":12086,"href":"https:\/\/digitalhistory.unite.it\/es\/wp-json\/wp\/v2\/pages\/6695\/revisions\/12086"}],"up":[{"embeddable":true,"href":"https:\/\/digitalhistory.unite.it\/es\/wp-json\/wp\/v2\/pages\/7551"}],"wp:attachment":[{"href":"https:\/\/digitalhistory.unite.it\/es\/wp-json\/wp\/v2\/media?parent=6695"}],"curies":[{"name":"wp","href":"https:\/\/api.w.org\/{rel}","templated":true}]}}