{"id":6696,"date":"2021-08-20T00:03:52","date_gmt":"2021-08-19T22:03:52","guid":{"rendered":"https:\/\/digitalhistory.unite.it\/organo-churrigueresco\/"},"modified":"2021-11-23T15:29:06","modified_gmt":"2021-11-23T14:29:06","slug":"organo-churrigueresco","status":"publish","type":"page","link":"https:\/\/digitalhistory.unite.it\/es\/territorios\/itinerarios-regionales\/organos\/organo-churrigueresco\/","title":{"rendered":"El \u00f3rgano &#8220;Churrigueresco&#8221; de la Iglesia de San Salvador (Legan\u00e9s, Madrid)"},"content":{"rendered":"<h1>El \u00f3rgano &#8220;Churrigueresco&#8221; de la Iglesia de San Salvador (Legan\u00e9s, Madrid) <\/h1>\n<div class=\"testo\">\n<p style=\"text-align: justify\"><img loading=\"lazy\" decoding=\"async\" src=\"https:\/\/digitalhistory.unite.it\/wp-content\/uploads\/2021\/08\/churriguero1_204x307.jpg\" width=\"204\" height=\"307\" alt=\"Churrigueresco1\" align=\"left\">La Iglesia de San Salvador de <a href=\"#\" class=\"tooltip yellow-tooltip\">Legan\u00e9s<span>Situado a pocos kil\u00f3metros de Madrid, ahora forma parte de la zona metropolitana de la capital. Legan\u00e9s fue fundada en el siglo XIII, durante el reinado de Alfonso X el Sabio. All\u00ed se aloj\u00f3 por un breve per\u00edodo (1550-1554) Don Juan de Austria, hijo ileg\u00edtimo de Carlos V, cuando era un ni\u00f1o. En 1627 se convirti\u00f3 en &#8220;Villa de se\u00f1or\u00edo&#8221; y Diego Mex\u00eda Felipe de Guzm\u00e1n fue nombrado por Felipe IV el primer marqu\u00e9s de Legan\u00e9s. En la actualidad, tiene su sede en esta localidad la Universidad Carlos III de Madrid.<\/span><\/a> contaba con un \u00f3rgano del siglo XVII, cuya caja fue reconstruida por <a href=\"\/es\/territorios\/itinerarios-regionales\/organos\/organo-churrigueresco\/jose-benito-de-churriguera\/\" title=\"Jos\u00e9 Benito de Churriguera\">Jos\u00e9 Benito de Churriguera<\/a>, c\u00e9lebre retablista. En 1735 aparece terminado con doce registros a la derecha y once a la izquierda. En 1790 se cambi\u00f3 la parte instrumental dejando la caja de Churriguera, siendo el organero <a href=\"#\" class=\"tooltip yellow-tooltip\">Jos\u00e9 de Verdalonga<span>Organero m\u00e1s reconocido de finales del siglo XIX, ten\u00eda el t\u00edtulo de organero del Monasterio de San Lorenzo de El Escorial por haber restaurado el instrumento de este templo.<\/span><\/a> el encargado de realizar esta tarea. Este \u00f3rgano es el \u00fanico testigo del trabajo de Verdalonga que se conserva en <a href=\"\/es\/territorios\/itinerarios-urbanos\/valladolid\/iglesia-de-san-pablo\/madrid\/\" title=\"Madrid\">Madrid<\/a>.<\/p>\n<p style=\"text-align: justify\">Su caja, como la de cualquier \u00f3rgano barroco espa\u00f1ol, se compone de tres cuerpos. En la parte inferior se encuentra la <a href=\"#\" class=\"tooltip yellow-tooltip\">consola<span>Lugar que ocupa el organista, donde se sit\u00faa el teclado.<\/span><\/a> con los <a href=\"#\" class=\"tooltip yellow-tooltip\">tiradores<span>Pomos de las terminaciones de unas barras que mueven los distintos registros, y que se sit\u00faan junto a los teclados..<\/span><\/a> a los lados. Mantiene el teclado original realizado con incrustaciones de hueso y \u00e9bano. El cuerpo central con el friso de trompetas, contiene a su vez el <a href=\"#\" class=\"tooltip yellow-tooltip\">secreto<span>Es el caj\u00f3n de mecanismos para la distribuci\u00f3n del viento a los tubos.<\/span><\/a> y las tuber\u00edas. Cinco ventanas con <a href=\"#\" class=\"tooltip yellow-tooltip\">castillos de tubos<span>Se denomina as\u00ed a la forma de colocar los tubos en las ventanas del mueble, siempre de manera geom\u00e9trica y en simetr\u00eda. Recuerda a las torres de los castillos.<\/span><\/a> redondeados. En este cuerpo la ornamentaci\u00f3n destaca por su fantas\u00eda que se remata con una cornisa ondulada. En la parte superior un medall\u00f3n de <a href=\"#\" class=\"tooltip yellow-tooltip\">tubos can\u00f3nigos<span>Tubos sin sonido que se colocan en la fachada de un \u00f3rgano para ornamentar y mantener la simetr\u00eda.<\/span><\/a> que terminan en un front\u00f3n curvo adornado por una cabeza de querub\u00edn dorado. El material del mueble es de m\u00e1rmol rojo y verde con incrustaciones doradas.<\/p>\n<p style=\"text-align: justify\"><img loading=\"lazy\" decoding=\"async\" src=\"https:\/\/digitalhistory.unite.it\/wp-content\/uploads\/2021\/08\/churriguero2_206x137.jpg\" width=\"206\" height=\"137\" alt=\"Churrigueresco2\" align=\"left\">El estado de este instrumento a finales del siglo XX era muy deteriorado por lo que el proceso de restauraci\u00f3n busc\u00f3 la manera de mantener el instrumento de Verdalonga, no obstante, hubo que renovar buena parte de la tuber\u00eda y restaurar la caja del \u00f3rgano.<\/p>\n<p style=\"text-align: justify\">&nbsp;<\/p>\n<p style=\"text-align: justify\">&nbsp;<\/p>\n<p style=\"text-align: justify\">&nbsp;Datos t\u00e9cnicos:<\/p>\n<ul>\n<li>\n<div style=\"text-align: justify\">Teclado de 28 notas, C-c'&#8221;<\/div>\n<\/li>\n<li>\n<div style=\"text-align: justify\">Octava corta<\/div>\n<\/li>\n<li>\n<div style=\"text-align: justify\">9 peanas de Contras<\/div>\n<\/li>\n<li>\n<div style=\"text-align: justify\">Trasnmisi\u00f3n mec\u00e1nica a tiro y secreto de corredera<\/div>\n<\/li>\n<\/ul>\n<p style=\"text-align: justify\"><a href=\"\/es\/territorios\/itinerarios-regionales\/organos\/organo-echevarria\/\" title=\"\u00d3rgano Echevarr\u00eda\">&lt;&lt;&lt;&#8212;p\u00e1gina precedente<\/a>&nbsp;&nbsp; <a href=\"\/es\/territorios\/itinerarios-regionales\/organos\/organo-de-la-iglesia-de-ntra-sra-de-los-angeles\/\" title=\"\u00d3rgano de la Iglesia de Ntra. Sra. de los \u00c1ngeles\">p\u00e1gina siguiente&#8212;&gt;&gt;&gt;<\/a><\/p>\n<\/p><\/div>\n<p><\/p>\n","protected":false},"excerpt":{"rendered":"<p>El \u00f3rgano &#8220;Churrigueresco&#8221; de la Iglesia de San Salvador (Legan\u00e9s, Madrid) La Iglesia de San Salvador de Legan\u00e9sSituado a pocos kil\u00f3metros de Madrid, ahora forma parte de la zona metropolitana de la capital. Legan\u00e9s fue fundada en el siglo XIII, durante el reinado de Alfonso&hellip;<\/p>\n","protected":false},"author":1,"featured_media":0,"parent":7551,"menu_order":0,"comment_status":"closed","ping_status":"closed","template":"","meta":{"footnotes":""},"class_list":["post-6696","page","type-page","status-publish","hentry"],"_links":{"self":[{"href":"https:\/\/digitalhistory.unite.it\/es\/wp-json\/wp\/v2\/pages\/6696","targetHints":{"allow":["GET"]}}],"collection":[{"href":"https:\/\/digitalhistory.unite.it\/es\/wp-json\/wp\/v2\/pages"}],"about":[{"href":"https:\/\/digitalhistory.unite.it\/es\/wp-json\/wp\/v2\/types\/page"}],"author":[{"embeddable":true,"href":"https:\/\/digitalhistory.unite.it\/es\/wp-json\/wp\/v2\/users\/1"}],"replies":[{"embeddable":true,"href":"https:\/\/digitalhistory.unite.it\/es\/wp-json\/wp\/v2\/comments?post=6696"}],"version-history":[{"count":2,"href":"https:\/\/digitalhistory.unite.it\/es\/wp-json\/wp\/v2\/pages\/6696\/revisions"}],"predecessor-version":[{"id":12084,"href":"https:\/\/digitalhistory.unite.it\/es\/wp-json\/wp\/v2\/pages\/6696\/revisions\/12084"}],"up":[{"embeddable":true,"href":"https:\/\/digitalhistory.unite.it\/es\/wp-json\/wp\/v2\/pages\/7551"}],"wp:attachment":[{"href":"https:\/\/digitalhistory.unite.it\/es\/wp-json\/wp\/v2\/media?parent=6696"}],"curies":[{"name":"wp","href":"https:\/\/api.w.org\/{rel}","templated":true}]}}