{"id":6698,"date":"2021-08-20T00:03:53","date_gmt":"2021-08-19T22:03:53","guid":{"rendered":"https:\/\/digitalhistory.unite.it\/organo-de-ntra-sra-de-los-remedios\/"},"modified":"2021-11-23T15:29:06","modified_gmt":"2021-11-23T14:29:06","slug":"organo-de-ntra-sra-de-los-remedios","status":"publish","type":"page","link":"https:\/\/digitalhistory.unite.it\/es\/territorios\/itinerarios-regionales\/organos\/organo-de-ntra-sra-de-los-remedios\/","title":{"rendered":"El antiguo \u00f3rgano de Ntra. Sra. de los Remedios en Estremera (Madrid)"},"content":{"rendered":"<h1>El antiguo \u00f3rgano de Ntra. Sra. de los Remedios en Estremera (Madrid) <\/h1>\n<div class=\"testo\">\n<p style=\"text-align: justify\"><img loading=\"lazy\" decoding=\"async\" src=\"https:\/\/digitalhistory.unite.it\/wp-content\/uploads\/2021\/08\/estremera1_203x306.jpg\" width=\"203\" height=\"306\" alt=\"Estremera1\" align=\"left\">Es uno de los \u00f3rganos m\u00e1s antiguos que se conservan en las iglesias de <a href=\"\/es\/territorios\/itinerarios-urbanos\/valladolid\/iglesia-de-san-pablo\/madrid\/\" title=\"Madrid\">Madrid<\/a>. Data de 1716, y su construcci\u00f3n fue obra de uno de los organeros m\u00e1s reconocidos de la \u00e9poca barroca: <a href=\"#\" class=\"tooltip yellow-tooltip\">Pedro de Liborna Echevarr\u00eda<span>Organero de tradici\u00f3n familiar, realiz\u00f3 los \u00f3rganos m\u00e1s importantes de las catedrales espa\u00f1olas a principios del siglo XVIII, tales como la de Toledo, C\u00f3rdoba o Segovia. En Madrid realiz\u00f3 el \u00f3rgano de la bas\u00edlica de San Lorenzo de El Escorial. Pedro de Liborna fue enseguida llamado por los monarcas, siendo nombrado organero de la Real Capilla y luego despu\u00e9s sus hijos continuaron en este mismo cargo.<\/span><\/a>. Resulta extra\u00f1o encontrar en <a href=\"#\" class=\"tooltip yellow-tooltip\">Estremera<span>Se trata de un peque\u00f1o municipio de la Comunidad de Madrid, situado en la frontera con la Comunidad Aut\u00f3noma de Castilla-La Mancha.<\/span><\/a> un \u00f3rgano realizado por el organero oficial de la Real Capilla de los Reyes de Espa\u00f1a, seguramente sea el \u00fanico que realiz\u00f3 fuera del \u00e1mbito real o catedralicio que caracteriz\u00f3 el trabajo de este organero.<\/p>\n<p style=\"text-align: justify\">Aunque se termin\u00f3 en el siglo XVIII su forma y estructura son id\u00e9nticas a los \u00f3rganos que caracterizaban el siglo anterior (foto 1). El mueble tiene tres caras y est\u00e1 realizado en madera de pino, con adornos de talla policromada. Se compone de dos cuerpos: una base con la ventana de la <a href=\"#\" class=\"tooltip yellow-tooltip\">consola<span>Lugar que ocupa el organista, donde se sit\u00faa el teclado.<\/span><\/a> con el teclado realizado en hueso y \u00e9bano, y con los <a href=\"#\" class=\"tooltip yellow-tooltip\">tiradores<span>Pomos de las terminaciones de unas barras que mueven los distintos registros, y que se sit\u00faan junto a los teclados.<\/span><\/a> a ambos lados. Debajo del teclado las rodilleras y el tecladito de pisas. Encima de la consola el segundo cuerpo, con el friso de trompeter\u00eda, y sobre \u00e9ste, se sit\u00faan las cinco ventanas con <a href=\"#\" class=\"tooltip yellow-tooltip\">castillos<span>Se denomina as\u00ed a la forma de colocar los tubos en las ventanas del mueble, siempre de manera geom\u00e9trica y en simetr\u00eda. Recuerda a las torres de los castillos.<\/span><\/a> donde se pueden contemplar la tuber\u00eda del flautado decorada con mascarones, cuyas bocas emiten el sonido (foto 2). En este cuerpo, en el lateral izquierdo, se encuentra la figura de un &#8220;angelito&#8221; que se apoya en una sierpe. Un elemento muy interesante de este instrumento barroco es el fuelle que presenta detr\u00e1s del mueble, que es el original pero a\u00f1adiendo un sistema de funcionamiento m\u00e1s moderno de turboventilador.<\/p>\n<p style=\"text-align: justify\"><img loading=\"lazy\" decoding=\"async\" src=\"https:\/\/digitalhistory.unite.it\/wp-content\/uploads\/2021\/08\/estremera2_201x133.jpg\" width=\"201\" height=\"133\" alt=\"Estremera2\" align=\"left\">En el a\u00f1o 1994 fue restaurado respetando las caracter\u00edsticas originales, si bien se tuvieron que reconstruir un buen n\u00famero de tubos que se hab\u00edan perdido. Hoy sigue funcionando, como la mayor\u00eda de \u00f3rganos barrocos que se han tratado en este itinerario.<\/p>\n<p style=\"text-align: justify\">&nbsp;<\/p>\n<p style=\"text-align: justify\">&nbsp;<\/p>\n<p style=\"text-align: justify\">&nbsp;<\/p>\n<p style=\"text-align: justify\"><a href=\"\/es\/territorios\/itinerarios-regionales\/organos\/organo-de-la-iglesia-de-ntra-sra-de-los-angeles\/\" title=\"\u00d3rgano de la Iglesia de Ntra. Sra. de los \u00c1ngeles\">&lt;&lt;&lt;&#8212;p\u00e1gina precedente<\/a>&nbsp;&nbsp; <a href=\"\/es\/territorios\/itinerarios-regionales\/\" title=\"Itinerarios regionales\">\u00cdndice&#8212;&gt;&gt;&gt;<\/a><\/p>\n<\/p><\/div>\n<p><\/p>\n","protected":false},"excerpt":{"rendered":"<p>El antiguo \u00f3rgano de Ntra. Sra. de los Remedios en Estremera (Madrid) Es uno de los \u00f3rganos m\u00e1s antiguos que se conservan en las iglesias de Madrid. Data de 1716, y su construcci\u00f3n fue obra de uno de los organeros m\u00e1s reconocidos de la \u00e9poca&hellip;<\/p>\n","protected":false},"author":1,"featured_media":0,"parent":7551,"menu_order":0,"comment_status":"closed","ping_status":"closed","template":"","meta":{"footnotes":""},"class_list":["post-6698","page","type-page","status-publish","hentry"],"_links":{"self":[{"href":"https:\/\/digitalhistory.unite.it\/es\/wp-json\/wp\/v2\/pages\/6698","targetHints":{"allow":["GET"]}}],"collection":[{"href":"https:\/\/digitalhistory.unite.it\/es\/wp-json\/wp\/v2\/pages"}],"about":[{"href":"https:\/\/digitalhistory.unite.it\/es\/wp-json\/wp\/v2\/types\/page"}],"author":[{"embeddable":true,"href":"https:\/\/digitalhistory.unite.it\/es\/wp-json\/wp\/v2\/users\/1"}],"replies":[{"embeddable":true,"href":"https:\/\/digitalhistory.unite.it\/es\/wp-json\/wp\/v2\/comments?post=6698"}],"version-history":[{"count":2,"href":"https:\/\/digitalhistory.unite.it\/es\/wp-json\/wp\/v2\/pages\/6698\/revisions"}],"predecessor-version":[{"id":12078,"href":"https:\/\/digitalhistory.unite.it\/es\/wp-json\/wp\/v2\/pages\/6698\/revisions\/12078"}],"up":[{"embeddable":true,"href":"https:\/\/digitalhistory.unite.it\/es\/wp-json\/wp\/v2\/pages\/7551"}],"wp:attachment":[{"href":"https:\/\/digitalhistory.unite.it\/es\/wp-json\/wp\/v2\/media?parent=6698"}],"curies":[{"name":"wp","href":"https:\/\/api.w.org\/{rel}","templated":true}]}}