{"id":6699,"date":"2021-08-20T00:03:53","date_gmt":"2021-08-19T22:03:53","guid":{"rendered":"https:\/\/digitalhistory.unite.it\/religiosidad-conflictiva\/"},"modified":"2021-11-23T15:29:04","modified_gmt":"2021-11-23T14:29:04","slug":"religiosidad-conflictiva","status":"publish","type":"page","link":"https:\/\/digitalhistory.unite.it\/es\/territorios\/itinerarios-regionales\/guerra-de-santos\/religiosidad-conflictiva\/","title":{"rendered":"Una religiosidad conflictiva"},"content":{"rendered":"<h1>Una religiosidad conflictiva <\/h1>\n<div class=\"testo\">\n<p style=\"text-align: justify\">Un aspecto significativo de la religiosidad siciliana entre los siglos XVI y XVIII proven\u00eda del alto \u00edndice de conflictividad interna en las <a href=\"\/es\/territorios\/itinerarios-urbanos\/lecce\/plaza-de-san-oronzo\/ordenes-religiosas\/\" title=\"\u00d3rdenes religiosas\">\u00d3rdenes religiosas<\/a>, en el clero regular, en las cofrad\u00edas y las iglesias.<\/p>\n<p style=\"text-align: justify\"><img loading=\"lazy\" decoding=\"async\" src=\"https:\/\/digitalhistory.unite.it\/wp-content\/uploads\/2021\/08\/san_giorgio_a_modica_226x342.jpg\" width=\"226\" height=\"342\" alt=\"San Giorgio a Modica\" align=\"left\">Estos conflictos se manifestaron con especial violencia en las ceremonias sagradas, dentro de las iglesias, pero especialmente durante las festividades, las procesiones, y los ritos externos. Una especie de &#8220;guerra de Santos&#8221; que Giovanni Verga narr\u00f3 en una de sus novelas. (foto 1, la Fiesta de San Jorge en M\u00f3dica; foto 2, la Fiesta de San Juan en Ragusa).<\/p>\n<p style=\"text-align: justify\">El fen\u00f3meno se manifiesta particularmente en la di\u00f3cesis de <a href=\"\/es\/territorios\/itinerarios-regionales\/guerra-de-santos\/religiosidad-conflictiva\/siracusa\/\" title=\"Siracusa\">Siracusa<\/a>, que en el 1774 el obispo Alagona defini\u00f3 como la &#8220;Di\u00f3cesis de la discordia&#8221; y escribi\u00f3 al rey: &#8220;cada pueblo, incluso peque\u00f1o, se divide en dos o tres facciones que, en alguna festividad deben hacer en su iglesia procesi\u00f3n fuera de \u00e9sta, y por alg\u00fan motivo que ellos llaman jurisdiccional, a menudo vienen a las manos, o si no destrozan la fama, disipan las sustancias de la iglesia, en diversas disputas, fomentan enemistades y odios, incluso entre parientes cercanos, y en los claustros sagrados aumentan siempre los esc\u00e1ndalos y degradan lo que es sagrado y lo profano, estallando en blasfemias her\u00e9ticas y todo ello por devoci\u00f3n&#8221;.<\/p>\n<p style=\"text-align: justify\"><img loading=\"lazy\" decoding=\"async\" src=\"https:\/\/digitalhistory.unite.it\/wp-content\/uploads\/2021\/08\/festa_di_san_giovanni_a_ragusa_jpg_226x308.jpg\" width=\"226\" height=\"308\" alt=\"San Giovanni a Ragusa\" align=\"left\">Una explicaci\u00f3n de esto puede ser rastreada en el terremoto de 1693 que hizo estallar conflictos hasta ese momento latentes. Las ciudades, casi totalmente destruidas, a menudo &#8220;se desdoblaban&#8221; y se reconstru\u00edan con una distribuci\u00f3n diferente del espacio: clases aristocr\u00e1ticas y populares, al interno de las cuales se comenzaba a reclamar un nuevo y mayor protagonismo pol\u00edtico, se situaron en dos partes separadas de la ciudad, una &#8220;alta&#8221; y una &#8220;baja&#8221;, y cada una de ellas ten\u00eda su propia iglesia de referencia, su santo, sus rituales, sus propias fiestas. Las razones de la controversia fueron, principalmente, el papel de &#8220;matricidad&#8221; que reivindicaba la propia iglesia y la elecci\u00f3n del santo patr\u00f3n que se impon\u00eda a toda la ciudad.<\/p>\n<p style=\"text-align: justify\">La ruta aqu\u00ed propuesta pasa por algunas de las ciudades del sur-este de <a href=\"\/es\/territorios\/itinerarios-regionales\/guerra-de-santos\/religiosidad-conflictiva\/reino-de-sicilia\/\" title=\"Reino de Sicilia\">Sicilia<\/a> destruidas y reconstruidas despu\u00e9s del terremoto de 1693 y donde m\u00e1s encendido estuvo el conflicto entre Iglesias, santos y fieles, que todav\u00eda hoy siguen manteniendo ceremonias grandiosas barrocas en honor de los dos santos &#8220;patrones&#8221;, donde la competencia entre las dos iglesias se convierte en una parte del rito, perdiendo el car\u00e1cter original del conflicto social y pol\u00edtico en el interior de la comunidad.<\/p>\n<p style=\"text-align: justify\"><a href=\"\/es\/territorios\/itinerarios-regionales\/\" title=\"Itinerarios regionales\">&lt;&lt;&lt;&#8212;\u00cdndice<\/a>&nbsp;&nbsp; <a href=\"\/es\/territorios\/itinerarios-regionales\/guerra-de-santos\/palazzolo-acreide\/\" title=\"Palazzolo Acreide\">p\u00e1gina siguiente&#8212;&gt;&gt;&gt;<\/a><\/p>\n<\/p><\/div>\n<p><\/p>\n","protected":false},"excerpt":{"rendered":"<p>Una religiosidad conflictiva Un aspecto significativo de la religiosidad siciliana entre los siglos XVI y XVIII proven\u00eda del alto \u00edndice de conflictividad interna en las \u00d3rdenes religiosas, en el clero regular, en las cofrad\u00edas y las iglesias. Estos conflictos se manifestaron con especial violencia en&hellip;<\/p>\n","protected":false},"author":1,"featured_media":0,"parent":7557,"menu_order":0,"comment_status":"closed","ping_status":"closed","template":"","meta":{"footnotes":""},"class_list":["post-6699","page","type-page","status-publish","hentry"],"_links":{"self":[{"href":"https:\/\/digitalhistory.unite.it\/es\/wp-json\/wp\/v2\/pages\/6699","targetHints":{"allow":["GET"]}}],"collection":[{"href":"https:\/\/digitalhistory.unite.it\/es\/wp-json\/wp\/v2\/pages"}],"about":[{"href":"https:\/\/digitalhistory.unite.it\/es\/wp-json\/wp\/v2\/types\/page"}],"author":[{"embeddable":true,"href":"https:\/\/digitalhistory.unite.it\/es\/wp-json\/wp\/v2\/users\/1"}],"replies":[{"embeddable":true,"href":"https:\/\/digitalhistory.unite.it\/es\/wp-json\/wp\/v2\/comments?post=6699"}],"version-history":[{"count":2,"href":"https:\/\/digitalhistory.unite.it\/es\/wp-json\/wp\/v2\/pages\/6699\/revisions"}],"predecessor-version":[{"id":12062,"href":"https:\/\/digitalhistory.unite.it\/es\/wp-json\/wp\/v2\/pages\/6699\/revisions\/12062"}],"up":[{"embeddable":true,"href":"https:\/\/digitalhistory.unite.it\/es\/wp-json\/wp\/v2\/pages\/7557"}],"wp:attachment":[{"href":"https:\/\/digitalhistory.unite.it\/es\/wp-json\/wp\/v2\/media?parent=6699"}],"curies":[{"name":"wp","href":"https:\/\/api.w.org\/{rel}","templated":true}]}}