{"id":6700,"date":"2021-08-20T00:03:53","date_gmt":"2021-08-19T22:03:53","guid":{"rendered":"https:\/\/digitalhistory.unite.it\/palazzolo-acreide\/"},"modified":"2021-11-23T17:45:13","modified_gmt":"2021-11-23T16:45:13","slug":"palazzolo-acreide","status":"publish","type":"page","link":"https:\/\/digitalhistory.unite.it\/es\/territorios\/itinerarios-regionales\/guerra-de-santos\/palazzolo-acreide\/","title":{"rendered":"Palazzolo Acreide"},"content":{"rendered":"<h1>Palazzolo Acreide <\/h1>\n<div class=\"testo\">\n<p style=\"text-align: justify\"><img loading=\"lazy\" decoding=\"async\" src=\"https:\/\/digitalhistory.unite.it\/wp-content\/uploads\/2021\/08\/palazzolo_a._chiesa_madre.0010-0-__fileminimizer__226x328.jpg\" width=\"226\" height=\"328\" alt=\"Palazzolo, chiesa madre\" align=\"left\">En Palazzolo Acreide, en la provincia de <a href=\"\/es\/territorios\/itinerarios-regionales\/guerra-de-santos\/religiosidad-conflictiva\/siracusa\/\" title=\"Siracusa\">Siracusa<\/a>, el conflicto se polariz\u00f3 entre el barrio medieval de San Paulo, reconstruido casi fielmente despu\u00e9s del terremoto, donde viv\u00edan las familias de las <em>\u00e9lites<\/em> que se sent\u00edan depositarias de la tradici\u00f3n, y los nuevos barrios que se construyeron alrededor de la iglesia de San Sebasti\u00e1n (foto), y que fueron pobladas principalmente por las clases bajas que no aceptaron ser &#8220;subordinadas&#8221; a la primera y reivindicaban su propio liderazgo.<\/p>\n<p style=\"text-align: justify\">Los enfrentamientos violentos y sangrientos entre los devotos de San Sebasti\u00e1n y entre los de San Paulo se produc\u00edan sobre todo con motivo de las procesiones y, a\u00fan hoy, los seguidores de los dos santos rivalizan &#8211; afortunadamente s\u00f3lo de manera simb\u00f3lica &#8211; con motivo de sus grandiosas fiestas, que conservan el estilo barroco tradicional, con la importancia que se le atribuye a la &#8220;sciuta&#8221;, que es el momento en el que el Santo, llevado por los devotos, sale fuera de la iglesia para la procesi\u00f3n. (San Sebasti\u00e1n se celebra el 10 de agosto, San Paulo el 28-29 de junio).<\/p>\n<p style=\"text-align: justify\"><a href=\"\/es\/territorios\/itinerarios-regionales\/guerra-de-santos\/religiosidad-conflictiva\/\" title=\"Religiosidad conflictiva\">&lt;&lt;&lt;&#8212;p\u00e1gina precedente<\/a>&nbsp;&nbsp; <a href=\"\/es\/territorios\/itinerarios-regionales\/guerra-de-santos\/vizzini\/\" title=\"Vizzini\">p\u00e1gina siguiente&#8212;&gt;&gt;&gt;<\/a><\/p>\n<\/p><\/div>\n<p><\/p>\n","protected":false},"excerpt":{"rendered":"<p>Palazzolo Acreide En Palazzolo Acreide, en la provincia de Siracusa, el conflicto se polariz\u00f3 entre el barrio medieval de San Paulo, reconstruido casi fielmente despu\u00e9s del terremoto, donde viv\u00edan las familias de las \u00e9lites que se sent\u00edan depositarias de la tradici\u00f3n, y los nuevos barrios&hellip;<\/p>\n","protected":false},"author":1,"featured_media":0,"parent":7557,"menu_order":0,"comment_status":"closed","ping_status":"closed","template":"","meta":{"footnotes":""},"class_list":["post-6700","page","type-page","status-publish","hentry"],"_links":{"self":[{"href":"https:\/\/digitalhistory.unite.it\/es\/wp-json\/wp\/v2\/pages\/6700","targetHints":{"allow":["GET"]}}],"collection":[{"href":"https:\/\/digitalhistory.unite.it\/es\/wp-json\/wp\/v2\/pages"}],"about":[{"href":"https:\/\/digitalhistory.unite.it\/es\/wp-json\/wp\/v2\/types\/page"}],"author":[{"embeddable":true,"href":"https:\/\/digitalhistory.unite.it\/es\/wp-json\/wp\/v2\/users\/1"}],"replies":[{"embeddable":true,"href":"https:\/\/digitalhistory.unite.it\/es\/wp-json\/wp\/v2\/comments?post=6700"}],"version-history":[{"count":2,"href":"https:\/\/digitalhistory.unite.it\/es\/wp-json\/wp\/v2\/pages\/6700\/revisions"}],"predecessor-version":[{"id":12060,"href":"https:\/\/digitalhistory.unite.it\/es\/wp-json\/wp\/v2\/pages\/6700\/revisions\/12060"}],"up":[{"embeddable":true,"href":"https:\/\/digitalhistory.unite.it\/es\/wp-json\/wp\/v2\/pages\/7557"}],"wp:attachment":[{"href":"https:\/\/digitalhistory.unite.it\/es\/wp-json\/wp\/v2\/media?parent=6700"}],"curies":[{"name":"wp","href":"https:\/\/api.w.org\/{rel}","templated":true}]}}