{"id":6701,"date":"2021-08-20T00:03:53","date_gmt":"2021-08-19T22:03:53","guid":{"rendered":"https:\/\/digitalhistory.unite.it\/vizzini\/"},"modified":"2021-11-23T17:45:13","modified_gmt":"2021-11-23T16:45:13","slug":"vizzini","status":"publish","type":"page","link":"https:\/\/digitalhistory.unite.it\/es\/territorios\/itinerarios-regionales\/guerra-de-santos\/vizzini\/","title":{"rendered":"Vizzini"},"content":{"rendered":"<h1>Vizzini <\/h1>\n<div class=\"testo\">\n<p style=\"text-align: justify\"><img loading=\"lazy\" decoding=\"async\" src=\"https:\/\/digitalhistory.unite.it\/wp-content\/uploads\/2021\/08\/vizzini_chiesa_di_san_gregorio_pg_251x181.jpg\" width=\"251\" height=\"181\" alt=\"San Gregorio a Vizzini\" align=\"left\">En Vizzini, hoy en la provincia de <a href=\"\/es\/territorios\/itinerarios-regionales\/guerra-de-santos\/vizzini\/catania\/\" title=\"Catania\">Catania<\/a>, pero hasta principios del siglo XIX perteneciente a la di\u00f3cesis de <a href=\"\/es\/territorios\/itinerarios-regionales\/guerra-de-santos\/religiosidad-conflictiva\/siracusa\/\" title=\"Siracusa\">Siracusa<\/a>, el conflicto era mucho m\u00e1s encendido, incluso antes del terremoto, entre los devotos de San Gregorio (foto 1, la iglesia de San Gregorio), el santo patr\u00f3n la ciudad, y los de las clases m\u00e1s bajas, de San Juan (foto 2, estatua de San Juan).<\/p>\n<p style=\"text-align: justify\">&nbsp;<\/p>\n<p style=\"text-align: justify\">&nbsp;<\/p>\n<p style=\"text-align: justify\">&nbsp;<\/p>\n<p style=\"text-align: justify\"><img loading=\"lazy\" decoding=\"async\" src=\"https:\/\/digitalhistory.unite.it\/wp-content\/uploads\/2021\/08\/s__giovanni_a_vizzini_jpg_226x301.jpg\" width=\"226\" height=\"301\" alt=\"San Giovanni a Vizzini\" align=\"left\">Despu\u00e9s del terremoto, el barrio de la Iglesia Madre tuvo un papel m\u00e1s perif\u00e9rico, mientras se fue desarrollando un nuevo centro de la ciudad que se revelaba en la iglesia de San Vito, dependiente de la Iglesia Madre, la nueva iglesia de la &#8220;nobleza&#8221; y en la que se consolidaba la hermandad del Esp\u00edritu Santo, en contraposici\u00f3n a la de San Juan, hermandad &#8220;popular&#8221; que contribuy\u00f3 financieramente a la reconstrucci\u00f3n de la iglesia que se convirti\u00f3 en la iglesia m\u00e1s grande y majestuosa de Vizzini. Las procesiones y rituales eran, por lo tanto, motivo de conflictos violentos, y a menudo, sangrientos. (San Gregorio se celebra el 3 de septiembre, San Juan el 28-29 de agosto).<\/p>\n<p style=\"text-align: justify\">&nbsp;<\/p>\n<p style=\"text-align: justify\">&nbsp;<\/p>\n<p style=\"text-align: justify\">&nbsp;<\/p>\n<p style=\"text-align: justify\"><a href=\"\/es\/territorios\/itinerarios-regionales\/guerra-de-santos\/palazzolo-acreide\/\" title=\"Palazzolo Acreide\">&lt;&lt;&lt;&#8212;p\u00e1gina precedente<\/a>&nbsp;&nbsp; <a href=\"\/es\/territorios\/itinerarios-regionales\/guerra-de-santos\/ragusa\/\" title=\"Ragusa\">p\u00e1gina siguiente&#8212;&gt;&gt;&gt;<\/a><\/p>\n<\/p><\/div>\n<p><\/p>\n","protected":false},"excerpt":{"rendered":"<p>Vizzini En Vizzini, hoy en la provincia de Catania, pero hasta principios del siglo XIX perteneciente a la di\u00f3cesis de Siracusa, el conflicto era mucho m\u00e1s encendido, incluso antes del terremoto, entre los devotos de San Gregorio (foto 1, la iglesia de San Gregorio), el&hellip;<\/p>\n","protected":false},"author":1,"featured_media":0,"parent":7557,"menu_order":0,"comment_status":"closed","ping_status":"closed","template":"","meta":{"footnotes":""},"class_list":["post-6701","page","type-page","status-publish","hentry"],"_links":{"self":[{"href":"https:\/\/digitalhistory.unite.it\/es\/wp-json\/wp\/v2\/pages\/6701","targetHints":{"allow":["GET"]}}],"collection":[{"href":"https:\/\/digitalhistory.unite.it\/es\/wp-json\/wp\/v2\/pages"}],"about":[{"href":"https:\/\/digitalhistory.unite.it\/es\/wp-json\/wp\/v2\/types\/page"}],"author":[{"embeddable":true,"href":"https:\/\/digitalhistory.unite.it\/es\/wp-json\/wp\/v2\/users\/1"}],"replies":[{"embeddable":true,"href":"https:\/\/digitalhistory.unite.it\/es\/wp-json\/wp\/v2\/comments?post=6701"}],"version-history":[{"count":2,"href":"https:\/\/digitalhistory.unite.it\/es\/wp-json\/wp\/v2\/pages\/6701\/revisions"}],"predecessor-version":[{"id":12063,"href":"https:\/\/digitalhistory.unite.it\/es\/wp-json\/wp\/v2\/pages\/6701\/revisions\/12063"}],"up":[{"embeddable":true,"href":"https:\/\/digitalhistory.unite.it\/es\/wp-json\/wp\/v2\/pages\/7557"}],"wp:attachment":[{"href":"https:\/\/digitalhistory.unite.it\/es\/wp-json\/wp\/v2\/media?parent=6701"}],"curies":[{"name":"wp","href":"https:\/\/api.w.org\/{rel}","templated":true}]}}