{"id":6702,"date":"2021-08-20T00:03:53","date_gmt":"2021-08-19T22:03:53","guid":{"rendered":"https:\/\/digitalhistory.unite.it\/ragusa\/"},"modified":"2021-11-23T17:45:13","modified_gmt":"2021-11-23T16:45:13","slug":"ragusa","status":"publish","type":"page","link":"https:\/\/digitalhistory.unite.it\/es\/territorios\/itinerarios-regionales\/guerra-de-santos\/ragusa\/","title":{"rendered":"Ragusa"},"content":{"rendered":"<h1>Ragusa <\/h1>\n<div class=\"testo\">\n<p style=\"text-align: justify\"><img loading=\"lazy\" decoding=\"async\" src=\"https:\/\/digitalhistory.unite.it\/wp-content\/uploads\/2021\/08\/la-festa-di-san-giorgio-a-ragusa_252x189.jpg\" width=\"252\" height=\"189\" alt=\"San Giorgio a Ragusa\" align=\"left\">Ragusa, despu\u00e9s del terremoto, se desdobl\u00f3 en la antigua Ibla y en la ciudad moderna; la primera se reconoc\u00eda en el culto de su propio patr\u00f3n antiguo San Jorge (foto); en la nueva ciudad se consolid\u00f3, en cambio, el culto de San Juan que fue reconocido, por sus seguidores, como un nuevo patr\u00f3n. Los conflictos crueles duraron hasta el siglo XIX, y s\u00f3lo a finales del siglo XIX San Juan Bautista fue reconocido como el santo patr\u00f3n de &#8220;Ragusa superior&#8221;. En los \u00faltimos a\u00f1os, como un signo de la paz, el ritual se ha actualizado y se honra al santo de los dem\u00e1s con la &#8220;visita&#8221; de su propia estatua a la otra iglesia. (San Jorge se celebra el \u00faltimo domingo de mayo, San Juan el 29 de agosto).<\/p>\n<p style=\"text-align: justify\"><a href=\"\/es\/territorios\/itinerarios-regionales\/guerra-de-santos\/vizzini\/\" title=\"Vizzini\">&lt;&lt;&lt;&#8212;p\u00e1gina precedente<\/a>&nbsp;&nbsp; <a href=\"\/es\/territorios\/itinerarios-regionales\/guerra-de-santos\/modica\/\" title=\"Modica\">p\u00e1gina siguiente&#8212;&gt;&gt;&gt;<\/a><\/p>\n<\/p><\/div>\n<p><\/p>\n","protected":false},"excerpt":{"rendered":"<p>Ragusa Ragusa, despu\u00e9s del terremoto, se desdobl\u00f3 en la antigua Ibla y en la ciudad moderna; la primera se reconoc\u00eda en el culto de su propio patr\u00f3n antiguo San Jorge (foto); en la nueva ciudad se consolid\u00f3, en cambio, el culto de San Juan que&hellip;<\/p>\n","protected":false},"author":1,"featured_media":0,"parent":7557,"menu_order":0,"comment_status":"closed","ping_status":"closed","template":"","meta":{"footnotes":""},"class_list":["post-6702","page","type-page","status-publish","hentry"],"_links":{"self":[{"href":"https:\/\/digitalhistory.unite.it\/es\/wp-json\/wp\/v2\/pages\/6702","targetHints":{"allow":["GET"]}}],"collection":[{"href":"https:\/\/digitalhistory.unite.it\/es\/wp-json\/wp\/v2\/pages"}],"about":[{"href":"https:\/\/digitalhistory.unite.it\/es\/wp-json\/wp\/v2\/types\/page"}],"author":[{"embeddable":true,"href":"https:\/\/digitalhistory.unite.it\/es\/wp-json\/wp\/v2\/users\/1"}],"replies":[{"embeddable":true,"href":"https:\/\/digitalhistory.unite.it\/es\/wp-json\/wp\/v2\/comments?post=6702"}],"version-history":[{"count":2,"href":"https:\/\/digitalhistory.unite.it\/es\/wp-json\/wp\/v2\/pages\/6702\/revisions"}],"predecessor-version":[{"id":12061,"href":"https:\/\/digitalhistory.unite.it\/es\/wp-json\/wp\/v2\/pages\/6702\/revisions\/12061"}],"up":[{"embeddable":true,"href":"https:\/\/digitalhistory.unite.it\/es\/wp-json\/wp\/v2\/pages\/7557"}],"wp:attachment":[{"href":"https:\/\/digitalhistory.unite.it\/es\/wp-json\/wp\/v2\/media?parent=6702"}],"curies":[{"name":"wp","href":"https:\/\/api.w.org\/{rel}","templated":true}]}}