{"id":6703,"date":"2021-08-20T00:03:53","date_gmt":"2021-08-19T22:03:53","guid":{"rendered":"https:\/\/digitalhistory.unite.it\/modica\/"},"modified":"2021-11-23T17:45:09","modified_gmt":"2021-11-23T16:45:09","slug":"modica","status":"publish","type":"page","link":"https:\/\/digitalhistory.unite.it\/es\/modica\/","title":{"rendered":"M\u00f3dica"},"content":{"rendered":"<h1>M\u00f3dica <\/h1>\n<div class=\"testo\">\n<p style=\"text-align: justify\"><img loading=\"lazy\" decoding=\"async\" src=\"https:\/\/digitalhistory.unite.it\/wp-content\/uploads\/2021\/08\/san_pietro_a_modica_jpg_251x190.jpg\" width=\"251\" height=\"190\" alt=\"San Pietro a Modica\" align=\"left\">M\u00f3dica tambi\u00e9n se desarroll\u00f3 principalmente en torno a dos \u00e1reas, la de M\u00f3dica Baja y la de M\u00f3dica Alta, cada una de las cuales ten\u00eda su propia iglesia de referencia y su propio santo: San Jorge para M\u00f3dica Alta y San Pedro (foto) para la Baja. La lucha aqu\u00ed fue provocada sobre todo por el reconocimiento del santo patr\u00f3n. Entre los &#8220;susari&#8221;, pertenecientes a las <em>\u00e9lites<\/em> urbanas del antiguo r\u00e9gimen y los &#8220;iusari&#8221;, clases populares emergentes, existi\u00f3 una fuerte rivalidad, combatida adem\u00e1s a golpe de milagros y en la lucha por la supremac\u00eda en las ceremonias y rituales de las fiestas. Para evitar los problemas que surgieron durante las procesiones, debido a las invasiones territoriales, se marc\u00f3 el l\u00edmite de las dos \u00e1reas, el llamado &#8220;l\u00edmite de dos matrices&#8221;, colocado detr\u00e1s del Duomo de San Pedro, en una v\u00eda barroca que conduc\u00eda a M\u00f3dica Alta. (San Jorge se celebra el 23 de abril, San Pedro el 29 de junio).<\/p>\n<p style=\"text-align: justify\"><a href=\"\/es\/territorios\/itinerarios-regionales\/guerra-de-santos\/ragusa\/\" title=\"Ragusa\">&lt;&lt;&lt;&#8212;p\u00e1gina precedente<\/a>&nbsp;&nbsp; <a href=\"\/es\/territorios\/itinerarios-regionales\/\" title=\"Itinerarios regionales\">\u00cdndice&#8212;&gt;&gt;&gt;<\/a><\/p>\n<\/p><\/div>\n<p><\/p>\n","protected":false},"excerpt":{"rendered":"<p>M\u00f3dica M\u00f3dica tambi\u00e9n se desarroll\u00f3 principalmente en torno a dos \u00e1reas, la de M\u00f3dica Baja y la de M\u00f3dica Alta, cada una de las cuales ten\u00eda su propia iglesia de referencia y su propio santo: San Jorge para M\u00f3dica Alta y San Pedro (foto) para&hellip;<\/p>\n","protected":false},"author":1,"featured_media":0,"parent":0,"menu_order":0,"comment_status":"closed","ping_status":"closed","template":"","meta":{"footnotes":""},"class_list":["post-6703","page","type-page","status-publish","hentry"],"_links":{"self":[{"href":"https:\/\/digitalhistory.unite.it\/es\/wp-json\/wp\/v2\/pages\/6703","targetHints":{"allow":["GET"]}}],"collection":[{"href":"https:\/\/digitalhistory.unite.it\/es\/wp-json\/wp\/v2\/pages"}],"about":[{"href":"https:\/\/digitalhistory.unite.it\/es\/wp-json\/wp\/v2\/types\/page"}],"author":[{"embeddable":true,"href":"https:\/\/digitalhistory.unite.it\/es\/wp-json\/wp\/v2\/users\/1"}],"replies":[{"embeddable":true,"href":"https:\/\/digitalhistory.unite.it\/es\/wp-json\/wp\/v2\/comments?post=6703"}],"version-history":[{"count":2,"href":"https:\/\/digitalhistory.unite.it\/es\/wp-json\/wp\/v2\/pages\/6703\/revisions"}],"predecessor-version":[{"id":11849,"href":"https:\/\/digitalhistory.unite.it\/es\/wp-json\/wp\/v2\/pages\/6703\/revisions\/11849"}],"wp:attachment":[{"href":"https:\/\/digitalhistory.unite.it\/es\/wp-json\/wp\/v2\/media?parent=6703"}],"curies":[{"name":"wp","href":"https:\/\/api.w.org\/{rel}","templated":true}]}}