{"id":6704,"date":"2021-08-20T00:03:53","date_gmt":"2021-08-19T22:03:53","guid":{"rendered":"https:\/\/digitalhistory.unite.it\/las-estatuas-ecuestres-y-la-monarquia-espanola\/"},"modified":"2021-11-23T15:28:56","modified_gmt":"2021-11-23T14:28:56","slug":"las-estatuas-ecuestres-y-la-monarquia-espanola","status":"publish","type":"page","link":"https:\/\/digitalhistory.unite.it\/es\/territorios\/itinerarios-internacionales\/estatuas-ecuestres-de-reyes-espanoles\/las-estatuas-ecuestres-y-la-monarquia-espanola\/","title":{"rendered":"Las estatuas ecuestres y la Monarqu\u00eda espa\u00f1ola"},"content":{"rendered":"<h1>Las estatuas ecuestres y la Monarqu\u00eda espa\u00f1ola <\/h1>\n<div class=\"testo\">\n<p style=\"text-align: justify\"><img loading=\"lazy\" decoding=\"async\" src=\"https:\/\/digitalhistory.unite.it\/wp-content\/uploads\/2021\/08\/img_0972_251x167.jpg\" width=\"251\" height=\"167\" alt=\"Statua equestre generico\" align=\"left\">Expresi\u00f3n de un tema recurrente en el arte occidental desde tiempos de la antigua Grecia, el retrato ecuestre tambi\u00e9n se impuso en el per\u00edodo barroco, con motivo de celebrar e inmortalizar la vida y obra de personajes famosos, especialmente los monarcas. Siguiendo el modelo romano de la estatua de Marco Aurelio y el monumento del Renacimiento el Gattamelata de Donatello, muchos artistas se empe\u00f1aron en realizar dicha tarea. En el per\u00edodo barroco, se pueden se\u00f1alar los ejemplos de la estatua ecuestre que representa al rey <a href=\"\/es\/territorios\/itinerarios-internacionales\/estatuas-ecuestres-de-reyes-espanoles\/las-estatuas-ecuestres-y-la-monarquia-espanola\/luis-xiv\/\" title=\"Luis XIV\">Luis XIV de Francia<\/a>, obra de <a href=\"\/es\/temas\/residencias-nobiliarias\/ruffo\/el-paso-a-napoles\/gian-lorenzo-bernini\/\" title=\"Gian Lorenzo Bernini\">Gian Lorenzo Bernini<\/a>, o las famosas esculturas con las que el florentino <a href=\"#\" class=\"tooltip yellow-tooltip\">Francesco Mochi<span>Francesco Mochi (1580-1654) puede ser considerado entre los iniciadores del Barroco en Italia. De formaci\u00f3n manierista, el escultor toscano estuvo, a menudo, en contraposici\u00f3n a Bernini. Entre sus obras, destacan el grupo de la Anunciaci\u00f3n en la catedral de Orvieto, los monumentos ecuestres de Ranuccio y Alessandro Farnese y la Santa Veronica en la Bas\u00edlica de San Pedro en Roma.<\/span><\/a> retrat\u00f3 en Piacenza las semblanzas de <a href=\"\/es\/territorios\/itinerarios-internacionales\/estatuas-ecuestres-de-reyes-espanoles\/las-estatuas-ecuestres-y-la-monarquia-espanola\/alejandro-farnese\/\" title=\"Alejandro Farnese\">Alejandro<\/a> y <a href=\"\/es\/territorios\/itinerarios-internacionales\/estatuas-ecuestres-de-reyes-espanoles\/las-estatuas-ecuestres-y-la-monarquia-espanola\/ranuccio-i-farnese\/\" title=\"Ranuccio I Farnese\">Ranuccio Farnese<\/a>. En este contexto, un lugar especial viene reservado a las estatuas ecuestres que representaban a los reyes de Espa\u00f1a de los siglos XVII y XVIII.<\/p>\n<p style=\"text-align: justify\">Las <a href=\"\/es\/territorios\/itinerarios-internacionales\/estatuas-ecuestres-de-reyes-espanoles\/las-estatuas-ecuestres-y-la-monarquia-espanola\/reino-de-castilla\/\" title=\"Reino de Castilla\">Coronas de Castilla<\/a> y <a href=\"\/es\/territorios\/itinerarios-regionales\/duque-de-lerma\/denia\/reino-de-aragon\/\" title=\"Reino de Arag\u00f3n\">de Arag\u00f3n<\/a>, unidas por el matrimonio (1469) de los <a href=\"\/es\/territorios\/itinerarios-urbanos\/valladolid\/el-museo-nacional-de-escultura\/reyes-catolicos\/\" title=\"Reyes Cat\u00f3licos\">Reyes Cat\u00f3licos Fernando e Isabel<\/a>, fueron gobernadas por casi doscientos a\u00f1os por los soberanos de la dinast\u00eda de los Habsburgo. Despu\u00e9s de <a href=\"\/es\/territorios\/itinerarios-internacionales\/estatuas-ecuestres-de-reyes-espanoles\/las-estatuas-ecuestres-y-la-monarquia-espanola\/felipe-i-de-habsburgo\/\" title=\"Felipe I de Habsburgo\">Felipe I &#8220;el Hermoso&#8221;<\/a>, marido de la hija de los Reyes Cat\u00f3licos <a href=\"\/es\/territorios\/itinerarios-internacionales\/estatuas-ecuestres-de-reyes-espanoles\/las-estatuas-ecuestres-y-la-monarquia-espanola\/juana-i-de-castilla\/\" title=\"Juana I de Castilla\">Juana &#8220;la Loca&#8221;<\/a>, fue <a href=\"\/es\/territorios\/itinerarios-urbanos\/lecce\/otros-restos\/carlos-v-de-habsburgo\/\" title=\"Carlos V de Habsburgo\">Carlos V<\/a> (1500-1558) el primer monarca Habsburgo que llev\u00f3 a Espa\u00f1a a ser la principal potencia de la \u00e9poca. Cuando decidi\u00f3 abdicar (1556), determin\u00f3 dividir sus vastas posesiones entre su hermano <a href=\"\/es\/territorios\/itinerarios-internacionales\/estatuas-ecuestres-de-reyes-espanoles\/las-estatuas-ecuestres-y-la-monarquia-espanola\/fernando-i-de-habsburgo\/\" title=\"Fernando I de Habsburgo\">Fernando<\/a>, quien hered\u00f3 el Imperio, y su hijo <a href=\"\/es\/territorios\/itinerarios-urbanos\/valladolid\/iglesia-de-san-pablo\/felipe-ii\/\" title=\"Felipe II\">Felipe II<\/a> (1527-1598), quien le sucedi\u00f3 como dirigente de una monarqu\u00eda que inclu\u00eda, fuera de la pen\u00ednsula Ib\u00e9rica, hasta los <a href=\"\/es\/territorios\/itinerarios-urbanos\/lecce\/otros-restos\/reino-de-napoles\/\" title=\"Reino de N\u00e1poles\">reinos de N\u00e1poles<\/a>, <a href=\"\/es\/territorios\/itinerarios-regionales\/guerra-de-santos\/religiosidad-conflictiva\/reino-de-sicilia\/\" title=\"Reino de Sicilia\">Sicilia<\/a>, <a href=\"\/es\/territorios\/itinerarios-internacionales\/estatuas-ecuestres-de-reyes-espanoles\/las-estatuas-ecuestres-y-la-monarquia-espanola\/reino-de-cerdena\/\" title=\"Reino de Cerde\u00f1a\">Cerde\u00f1a<\/a>, el <a href=\"\/es\/territorios\/itinerarios-internacionales\/estatuas-ecuestres-de-reyes-espanoles\/las-estatuas-ecuestres-y-la-monarquia-espanola\/el-ducado-de-milan\/\" title=\"El ducado de Mil\u00e1n\">ducado de Mil\u00e1n<\/a>, los <a href=\"\/es\/territorios\/itinerarios-internacionales\/estatuas-ecuestres-de-reyes-espanoles\/las-estatuas-ecuestres-y-la-monarquia-espanola\/los-paises-bajos\/\" title=\"Los Pa\u00edses Bajos\">Pa\u00edses Bajos<\/a> y las colonias americanas. Durante el siglo XVII se sucedieron en el trono Felipe III (1578-1621), Felipe IV (1605-1665) y Carlos II (1661-1700). A la muerte sin herederos de este \u00faltimo, y despu\u00e9s de la <a href=\"\/es\/territorios\/itinerarios-internacionales\/estatuas-ecuestres-de-reyes-espanoles\/las-estatuas-ecuestres-y-la-monarquia-espanola\/la-guerra-de-sucesion-espanola\/\" title=\"La Guerra de Sucesi\u00f3n espa\u00f1ola\">Guerra de Sucesi\u00f3n Espa\u00f1ola<\/a>, se estableci\u00f3 una nueva dinast\u00eda, los <a href=\"\/es\/territorios\/itinerarios-urbanos\/napoles-y-el-cardinal-ascanio-filomarino\/el-cardenal-en-napoles-palacio-filomarino\/los-borbones\/\" title=\"Los Borbones\">Borbones<\/a>, cuyo iniciador fue Felipe V (1683-1746).<\/p>\n<p style=\"text-align: justify\"><a href=\"\/es\/territorios\/itinerarios-internacionales\/\" title=\"Itinerarios internacionales\">&lt;&lt;&lt;&#8212;\u00cdndice<\/a><span>&nbsp;&nbsp;&nbsp;<\/span> <a href=\"\/es\/territorios\/itinerarios-internacionales\/estatuas-ecuestres-de-reyes-espanoles\/felipe-iii-y-la-plaza-mayor-de-madrid\/\" title=\"Felipe III y la Plaza Mayor de Madrid\">p\u00e1gina siguiente&#8212;&gt;&gt;&gt;<\/a><a href=\"\/es\/territorios\/itinerarios-internacionales\/belenes\/via-san-gregorio-armeno-y-el-belen-napolitano\/\" title=\"V\u00eda San Gregorio Armeno y el Bel\u00e9n napolitano\"><\/a><\/p>\n<\/p><\/div>\n<p><\/p>\n","protected":false},"excerpt":{"rendered":"<p>Las estatuas ecuestres y la Monarqu\u00eda espa\u00f1ola Expresi\u00f3n de un tema recurrente en el arte occidental desde tiempos de la antigua Grecia, el retrato ecuestre tambi\u00e9n se impuso en el per\u00edodo barroco, con motivo de celebrar e inmortalizar la vida y obra de personajes famosos,&hellip;<\/p>\n","protected":false},"author":1,"featured_media":0,"parent":7561,"menu_order":0,"comment_status":"closed","ping_status":"closed","template":"","meta":{"footnotes":""},"class_list":["post-6704","page","type-page","status-publish","hentry"],"_links":{"self":[{"href":"https:\/\/digitalhistory.unite.it\/es\/wp-json\/wp\/v2\/pages\/6704","targetHints":{"allow":["GET"]}}],"collection":[{"href":"https:\/\/digitalhistory.unite.it\/es\/wp-json\/wp\/v2\/pages"}],"about":[{"href":"https:\/\/digitalhistory.unite.it\/es\/wp-json\/wp\/v2\/types\/page"}],"author":[{"embeddable":true,"href":"https:\/\/digitalhistory.unite.it\/es\/wp-json\/wp\/v2\/users\/1"}],"replies":[{"embeddable":true,"href":"https:\/\/digitalhistory.unite.it\/es\/wp-json\/wp\/v2\/comments?post=6704"}],"version-history":[{"count":2,"href":"https:\/\/digitalhistory.unite.it\/es\/wp-json\/wp\/v2\/pages\/6704\/revisions"}],"predecessor-version":[{"id":11978,"href":"https:\/\/digitalhistory.unite.it\/es\/wp-json\/wp\/v2\/pages\/6704\/revisions\/11978"}],"up":[{"embeddable":true,"href":"https:\/\/digitalhistory.unite.it\/es\/wp-json\/wp\/v2\/pages\/7561"}],"wp:attachment":[{"href":"https:\/\/digitalhistory.unite.it\/es\/wp-json\/wp\/v2\/media?parent=6704"}],"curies":[{"name":"wp","href":"https:\/\/api.w.org\/{rel}","templated":true}]}}